{"id":71325,"date":"2025-03-11T14:35:37","date_gmt":"2025-03-11T17:35:37","guid":{"rendered":"https:\/\/wpclub.pro\/?post_type=product&#038;p=71325"},"modified":"2026-04-12T13:56:43","modified_gmt":"2026-04-12T17:56:43","slug":"maquin-construction-elementor-template-kit","status":"publish","type":"product","link":"https:\/\/wpclub.pro\/en\/item\/maquin-construction-elementor-template-kit\/","title":{"rendered":"Maquin Construction Elementor Template Kit"},"content":{"rendered":"<div data-elementor-type=\"product-post\" data-elementor-id=\"71325\" class=\"elementor elementor-71325\" data-elementor-post-type=\"product\">\n\t\t\t\t<div class=\"wd-negative-gap elementor-element elementor-element-78259038 e-flex e-con-boxed e-con e-parent\" data-id=\"78259038\" data-element_type=\"container\" data-e-type=\"container\">\n\t\t\t\t\t<div class=\"e-con-inner\">\n\t\t\t\t<div class=\"elementor-element elementor-element-27d9a33e color-scheme-inherit text-left elementor-widget elementor-widget-text-editor\" data-id=\"27d9a33e\" data-element_type=\"widget\" data-e-type=\"widget\" data-widget_type=\"text-editor.default\">\n\t\t\t\t<div class=\"elementor-widget-container\">\n\t\t\t\t\t\t\t\t\t<h2 data-start=\"182\" data-end=\"284\"><strong data-start=\"186\" data-end=\"282\">Maquin Construction Elementor Template Kit<\/strong><\/h2><h3 data-start=\"182\" data-end=\"284\"><strong data-start=\"186\" data-end=\"282\"> Dise\u00f1o profesional para empresas de construcci\u00f3n<\/strong><\/h3><p data-start=\"286\" data-end=\"564\">Maquin Construction Elementor Template Kit es un conjunto de plantillas dise\u00f1adas espec\u00edficamente para empresas de construcci\u00f3n, arquitectura, ingenier\u00eda y contratistas que desean crear un sitio web moderno y funcional sin necesidad de conocimientos avanzados de programaci\u00f3n.<\/p><h3 data-start=\"566\" data-end=\"649\"><strong data-start=\"570\" data-end=\"647\">Caracter\u00edsticas principales de Maquin Construction Elementor Template Kit<\/strong><\/h3><ul data-start=\"651\" data-end=\"1748\"><li data-start=\"651\" data-end=\"798\"><strong data-start=\"653\" data-end=\"685\">Dise\u00f1o profesional y moderno<\/strong>: Plantillas dise\u00f1adas con un enfoque limpio y estructurado, adaptado a empresas del sector de la construcci\u00f3n.<\/li><li data-start=\"799\" data-end=\"955\"><strong data-start=\"801\" data-end=\"834\">100% compatible con Elementor<\/strong>: No requiere conocimientos de c\u00f3digo, permitiendo una personalizaci\u00f3n sencilla mediante el editor visual de Elementor.<\/li><li data-start=\"956\" data-end=\"1126\"><strong data-start=\"958\" data-end=\"1001\">Dise\u00f1o responsivo y optimizado para SEO<\/strong>: Adaptado para ofrecer una experiencia \u00f3ptima en dispositivos m\u00f3viles y mejorar el posicionamiento en motores de b\u00fasqueda.<\/li><li data-start=\"1127\" data-end=\"1289\"><strong data-start=\"1129\" data-end=\"1163\">M\u00faltiples p\u00e1ginas predise\u00f1adas<\/strong>: Incluye p\u00e1ginas como Inicio, Servicios, Proyectos, Sobre Nosotros, Contacto y m\u00e1s, facilitando la configuraci\u00f3n del sitio.<\/li><li data-start=\"1290\" data-end=\"1437\"><strong data-start=\"1292\" data-end=\"1328\">Formulario de contacto funcional<\/strong>: Integraci\u00f3n con formularios personalizables para recibir consultas y solicitudes de clientes potenciales.<\/li><li data-start=\"1438\" data-end=\"1594\"><strong data-start=\"1440\" data-end=\"1477\">Galer\u00eda y portafolio de proyectos<\/strong>: Secci\u00f3n dise\u00f1ada para mostrar trabajos previos y proyectos en desarrollo con im\u00e1genes y descripciones atractivas.<\/li><li data-start=\"1595\" data-end=\"1748\"><strong data-start=\"1597\" data-end=\"1631\">WooCommerce Compatibility<\/strong>: Permite la integraci\u00f3n con tiendas en l\u00ednea en caso de que la empresa ofrezca productos o servicios relacionados.<\/li><\/ul><h3 data-start=\"1750\" data-end=\"1825\"><strong data-start=\"1754\" data-end=\"1823\">Beneficios de utilizar Maquin Construction Elementor Template Kit<\/strong><\/h3><ul data-start=\"1827\" data-end=\"2517\"><li data-start=\"1827\" data-end=\"1999\"><strong data-start=\"1829\" data-end=\"1858\">Ahorro de tiempo y dinero<\/strong>: Al contar con un dise\u00f1o preconstruido, se reduce el tiempo de desarrollo y los costos asociados a la creaci\u00f3n de un sitio web desde cero.<\/li><li data-start=\"2000\" data-end=\"2173\"><strong data-start=\"2002\" data-end=\"2027\">Easy customization<\/strong>: Gracias a Elementor, cualquier usuario puede modificar colores, tipograf\u00edas, im\u00e1genes y contenido sin necesidad de contratar un desarrollador.<\/li><li data-start=\"2174\" data-end=\"2342\"><strong data-start=\"2176\" data-end=\"2212\">Mejor presentaci\u00f3n de la empresa<\/strong>: La estructura del dise\u00f1o ayuda a transmitir profesionalismo y confianza, impactando positivamente en los visitantes del sitio.<\/li><li data-start=\"2343\" data-end=\"2517\"><strong data-start=\"2345\" data-end=\"2379\">Optimizaci\u00f3n para conversiones<\/strong>: Dise\u00f1o enfocado en generar m\u00e1s contactos y clientes potenciales mediante formularios y llamadas a la acci\u00f3n estrat\u00e9gicamente ubicadas.<\/li><\/ul><p data-start=\"2519\" data-end=\"2772\">En resumen, Maquin Construction Elementor Template Kit es una soluci\u00f3n ideal para empresas de construcci\u00f3n y arquitectura que buscan una presencia en l\u00ednea atractiva, funcional y optimizada sin necesidad de invertir grandes recursos en desarrollo web.<\/p><h3>Required Plugins<\/h3><ul><li>ElementsKit Lite<\/li><li>Skyboot Icons<\/li><\/ul><h3>How to Use This Elementor Kit<\/h3><ul><li>Download the &quot;Envato Elements&quot; or &quot;Template Kit Import&quot; plugin from the WordPress repository.<\/li><li>Import your purchased Elementor Template Kit.<\/li><li>Load the global styles and use everything as you wish when creating a new page.<\/li><\/ul>\t\t\t\t\t\t\t\t<\/div>\n\t\t\t\t<\/div>\n\t\t\t\t\t<\/div>\n\t\t\t\t<\/div>\n\t\t\t\t<\/div>","protected":false},"excerpt":{"rendered":"<p>Maquin Construction Elementor Template Kit Dise\u00f1o profesional para empresas de construcci\u00f3n Maquin Construction Elementor Template Kit es un conjunto de<\/p>","protected":false},"featured_media":71329,"comment_status":"closed","ping_status":"closed","template":"","meta":{"_acf_changed":false},"product_brand":[],"product_cat":[457],"product_tag":[553],"class_list":{"0":"post-71325","1":"product","2":"type-product","3":"status-publish","4":"has-post-thumbnail","6":"product_cat-elementor-template-kit","7":"product_tag-temas-para-construccion-y-bienes-raices","8":"pa_autores-themeforest","10":"first","11":"instock","12":"sale","13":"downloadable","14":"virtual","15":"sold-individually","16":"purchasable","17":"product-type-simple"},"acf":[],"_links":{"self":[{"href":"https:\/\/wpclub.pro\/en\/wp-json\/wp\/v2\/product\/71325","targetHints":{"allow":["GET"]}}],"collection":[{"href":"https:\/\/wpclub.pro\/en\/wp-json\/wp\/v2\/product"}],"about":[{"href":"https:\/\/wpclub.pro\/en\/wp-json\/wp\/v2\/types\/product"}],"replies":[{"embeddable":true,"href":"https:\/\/wpclub.pro\/en\/wp-json\/wp\/v2\/comments?post=71325"}],"version-history":[{"count":0,"href":"https:\/\/wpclub.pro\/en\/wp-json\/wp\/v2\/product\/71325\/revisions"}],"wp:featuredmedia":[{"embeddable":true,"href":"https:\/\/wpclub.pro\/en\/wp-json\/wp\/v2\/media\/71329"}],"wp:attachment":[{"href":"https:\/\/wpclub.pro\/en\/wp-json\/wp\/v2\/media?parent=71325"}],"wp:term":[{"taxonomy":"product_brand","embeddable":true,"href":"https:\/\/wpclub.pro\/en\/wp-json\/wp\/v2\/product_brand?post=71325"},{"taxonomy":"product_cat","embeddable":true,"href":"https:\/\/wpclub.pro\/en\/wp-json\/wp\/v2\/product_cat?post=71325"},{"taxonomy":"product_tag","embeddable":true,"href":"https:\/\/wpclub.pro\/en\/wp-json\/wp\/v2\/product_tag?post=71325"}],"curies":[{"name":"wp","href":"https:\/\/api.w.org\/{rel}","templated":true}]}}