{"id":78764,"date":"2025-05-20T17:42:07","date_gmt":"2025-05-20T21:42:07","guid":{"rendered":"https:\/\/wpclub.pro\/?post_type=product&#038;p=78764"},"modified":"2025-05-20T17:46:45","modified_gmt":"2025-05-20T21:46:45","slug":"syrius-seo-digital-agency-joomla-template","status":"publish","type":"product","link":"https:\/\/wpclub.pro\/en\/item\/syrius-seo-digital-agency-joomla-template\/","title":{"rendered":"Syrius SEO Digital Agency Joomla Template 2024.12"},"content":{"rendered":"<div data-elementor-type=\"product-post\" data-elementor-id=\"78764\" class=\"elementor elementor-78764\" data-elementor-post-type=\"product\">\n\t\t\t\t<div class=\"wd-negative-gap elementor-element elementor-element-31f37c0e e-flex e-con-boxed e-con e-parent\" data-id=\"31f37c0e\" data-element_type=\"container\" data-e-type=\"container\">\n\t\t\t\t\t<div class=\"e-con-inner\">\n\t\t\t\t<div class=\"elementor-element elementor-element-f4f563e color-scheme-inherit text-left elementor-widget elementor-widget-text-editor\" data-id=\"f4f563e\" data-element_type=\"widget\" data-e-type=\"widget\" data-widget_type=\"text-editor.default\">\n\t\t\t\t<div class=\"elementor-widget-container\">\n\t\t\t\t\t\t\t\t\t<h2 data-start=\"339\" data-end=\"397\"><strong data-start=\"343\" data-end=\"397\">Syrius SEO Digital Agency Joomla Template<\/strong><\/h2><p class=\"\" data-start=\"399\" data-end=\"884\">Syrius SEO Digital Agency Joomla Template es una plantilla profesional dise\u00f1ada especialmente para agencias de marketing digital, empresas de SEO, consultoras de posicionamiento web, agencias de publicidad online y freelancers del mundo digital. Desarrollada sobre la plataforma Joomla, esta plantilla combina una est\u00e9tica moderna, funcionalidad avanzada y una estructura pensada para captar clientes y destacar servicios digitales en l\u00ednea de forma clara, atractiva y convincente.<\/p><p class=\"\" data-start=\"886\" data-end=\"1144\">Con un dise\u00f1o limpio, 100% responsive y enfocado en conversiones, Syrius SEO Digital Agency Joomla Template permite a las agencias mostrar sus casos de \u00e9xito, servicios, metodolog\u00edas, equipo y propuestas de valor con total facilidad y estilo profesional.<\/p><h3 class=\"\" data-start=\"1146\" data-end=\"1212\"><strong data-start=\"1150\" data-end=\"1212\">\u00bfPara qu\u00e9 sirve Syrius SEO Digital Agency Joomla Template?<\/strong><\/h3><p class=\"\" data-start=\"1214\" data-end=\"1715\">Syrius SEO Digital Agency Joomla Template sirve para crear sitios web corporativos de alto impacto visual para agencias SEO y de marketing digital. Est\u00e1 pensada para comunicar de forma estrat\u00e9gica servicios como posicionamiento web, SEM, dise\u00f1o web, email marketing, anal\u00edtica digital, branding y campa\u00f1as publicitarias. Incluye secciones predise\u00f1adas para mostrar procesos, resultados, precios y testimonios, todo con un dise\u00f1o visual alineado con los est\u00e1ndares del sector tecnol\u00f3gico y digital.<\/p><p class=\"\" data-start=\"1717\" data-end=\"1873\">Es ideal para agencias que buscan diferenciarse frente a la competencia, generar confianza desde la primera visita y captar nuevos leads de forma eficiente.<\/p><h3 class=\"\" data-start=\"1875\" data-end=\"1943\"><strong data-start=\"1879\" data-end=\"1943\">Beneficios de usar Syrius SEO Digital Agency Joomla Template<\/strong><\/h3><ul data-start=\"1945\" data-end=\"2839\"><li class=\"\" data-start=\"1945\" data-end=\"2043\"><p class=\"\" data-start=\"1947\" data-end=\"2043\"><strong data-start=\"1947\" data-end=\"1979\">Dise\u00f1o moderno y corporativo<\/strong>: Proyecta profesionalismo y experiencia desde el primer clic.<\/p><\/li><li class=\"\" data-start=\"2044\" data-end=\"2175\"><p class=\"\" data-start=\"2046\" data-end=\"2175\"><strong data-start=\"2046\" data-end=\"2079\">Optimizada para la conversi\u00f3n<\/strong>: Incluye llamadas a la acci\u00f3n claras, formularios accesibles y dise\u00f1o enfocado en resultados.<\/p><\/li><li class=\"\" data-start=\"2176\" data-end=\"2276\"><p class=\"\" data-start=\"2178\" data-end=\"2276\"><strong data-start=\"2178\" data-end=\"2222\">Ideal para presentar servicios digitales<\/strong>: SEO, PPC, automatizaci\u00f3n, dise\u00f1o, anal\u00edtica y m\u00e1s.<\/p><\/li><li class=\"\" data-start=\"2277\" data-end=\"2386\"><p class=\"\" data-start=\"2279\" data-end=\"2386\"><strong data-start=\"2279\" data-end=\"2313\">100% responsive y retina-ready<\/strong>: Sitio web adaptado a m\u00f3viles, tablets y pantallas de alta resoluci\u00f3n.<\/p><\/li><li class=\"\" data-start=\"2387\" data-end=\"2499\"><p class=\"\" data-start=\"2389\" data-end=\"2499\"><strong data-start=\"2389\" data-end=\"2414\">Compatible con Joomla<\/strong>: F\u00e1cil de administrar, escalable y con acceso a extensiones \u00fatiles para marketing.<\/p><\/li><li class=\"\" data-start=\"2500\" data-end=\"2598\"><p class=\"\" data-start=\"2502\" data-end=\"2598\"><strong data-start=\"2502\" data-end=\"2534\">Carga r\u00e1pida y c\u00f3digo limpio<\/strong>: Optimizado para SEO t\u00e9cnico y posicionamiento en buscadores.<\/p><\/li><li class=\"\" data-start=\"2599\" data-end=\"2732\"><p class=\"\" data-start=\"2601\" data-end=\"2732\"><strong data-start=\"2601\" data-end=\"2660\">Dise\u00f1o editable sin necesidad de conocimientos t\u00e9cnicos<\/strong>: Colores, secciones, textos e im\u00e1genes modificables desde el backend.<\/p><\/li><li class=\"\" data-start=\"2733\" data-end=\"2839\"><p class=\"\" data-start=\"2735\" data-end=\"2839\"><strong data-start=\"2735\" data-end=\"2793\">Atractiva para clientes corporativos, pymes o startups<\/strong>: Enfocada en captar y convencer con claridad.<\/p><\/li><\/ul><h3 class=\"\" data-start=\"2841\" data-end=\"2921\"><strong data-start=\"2845\" data-end=\"2921\">Caracter\u00edsticas principales de Syrius SEO Digital Agency Joomla Template<\/strong><\/h3><ul data-start=\"2923\" data-end=\"3636\"><li class=\"\" data-start=\"2923\" data-end=\"3002\"><p class=\"\" data-start=\"2925\" data-end=\"3002\"><strong data-start=\"2925\" data-end=\"3000\">P\u00e1gina de inicio con sliders, m\u00e9tricas destacadas y servicios resumidos<\/strong><\/p><\/li><li class=\"\" data-start=\"3003\" data-end=\"3104\"><p class=\"\" data-start=\"3005\" data-end=\"3104\"><strong data-start=\"3005\" data-end=\"3102\">Secciones predise\u00f1adas para mostrar procesos de trabajo, auditor\u00edas SEO y resultados logrados<\/strong><\/p><\/li><li class=\"\" data-start=\"3105\" data-end=\"3163\"><p class=\"\" data-start=\"3107\" data-end=\"3163\"><strong data-start=\"3107\" data-end=\"3161\">Portafolio y casos de \u00e9xito con testimonios reales<\/strong><\/p><\/li><li class=\"\" data-start=\"3164\" data-end=\"3244\"><p class=\"\" data-start=\"3166\" data-end=\"3244\"><strong data-start=\"3166\" data-end=\"3242\">Blog profesional para marketing de contenidos y posicionamiento org\u00e1nico<\/strong><\/p><\/li><li class=\"\" data-start=\"3245\" data-end=\"3337\"><p class=\"\" data-start=\"3247\" data-end=\"3337\"><strong data-start=\"3247\" data-end=\"3335\">Formularios de contacto optimizados y compatibles con sistemas de captaci\u00f3n de leads<\/strong><\/p><\/li><li class=\"\" data-start=\"3338\" data-end=\"3416\"><p class=\"\" data-start=\"3340\" data-end=\"3416\"><strong data-start=\"3340\" data-end=\"3414\">Integraci\u00f3n con mapas, horarios de atenci\u00f3n y enlaces a redes sociales<\/strong><\/p><\/li><li class=\"\" data-start=\"3417\" data-end=\"3488\"><p class=\"\" data-start=\"3419\" data-end=\"3488\"><strong data-start=\"3419\" data-end=\"3486\">Dise\u00f1o basado en Bootstrap para compatibilidad t\u00e9cnica y visual<\/strong><\/p><\/li><li class=\"\" data-start=\"3489\" data-end=\"3566\"><p class=\"\" data-start=\"3491\" data-end=\"3566\"><strong data-start=\"3491\" data-end=\"3564\">Multilenguaje y preparado para tiendas o landing pages especializadas<\/strong><\/p><\/li><li class=\"\" data-start=\"3567\" data-end=\"3636\"><p class=\"\" data-start=\"3569\" data-end=\"3636\"><strong data-start=\"3569\" data-end=\"3636\">Soporte t\u00e9cnico especializado y documentaci\u00f3n completa incluida<\/strong><\/p><\/li><\/ul><h3 class=\"\" data-start=\"3638\" data-end=\"3728\"><strong data-start=\"3642\" data-end=\"3728\">\u00bfPor qu\u00e9 elegir Syrius SEO Digital Agency Joomla Template para tu agencia digital?<\/strong><\/h3><p class=\"\" data-start=\"3730\" data-end=\"4102\">Porque fue creada pensando espec\u00edficamente en las necesidades de agencias SEO y empresas digitales que desean destacar en un mercado altamente competitivo. Syrius SEO Digital Agency Joomla Template no solo embellece tu presencia online, sino que te ayuda a estructurar tu mensaje de forma estrat\u00e9gica, impulsar la captaci\u00f3n de leads y proyectar autoridad y resultados.<\/p><p class=\"\" data-start=\"4104\" data-end=\"4338\">Adem\u00e1s, al estar desarrollada en Joomla, te permite escalar y personalizar tu sitio con facilidad, integrando herramientas de marketing, formularios inteligentes y contenidos optimizados sin comprometer la velocidad ni la estabilidad.<\/p><h3 class=\"\" data-start=\"4340\" data-end=\"4358\"><strong data-start=\"4344\" data-end=\"4358\">Conclusion<\/strong><\/h3><p class=\"\" data-start=\"4360\" data-end=\"4744\">Syrius SEO Digital Agency Joomla Template es la plantilla perfecta para agencias de marketing digital, SEO y publicidad que desean construir una presencia online fuerte, profesional y orientada a generar resultados. Su dise\u00f1o moderno, su estructura pensada para convencer y su rendimiento t\u00e9cnico la convierten en una inversi\u00f3n estrat\u00e9gica para cualquier agencia que busca crecer.<\/p><p class=\"\" data-start=\"4746\" data-end=\"4970\">Si tu objetivo es destacar en internet y transmitir una imagen de alto nivel, Syrius SEO Digital Agency Joomla Template es la herramienta ideal para posicionarte frente a tus clientes potenciales desde el primer segundo.<\/p><p class=\"\" data-start=\"4972\" data-end=\"5124\">\u00bfNecesitas esta descripci\u00f3n adaptada a una p\u00e1gina de ventas, ficha comercial o presentaci\u00f3n para inversores? Estoy listo para ayudarte con lo que sigue.<\/p>\t\t\t\t\t\t\t\t<\/div>\n\t\t\t\t<\/div>\n\t\t\t\t\t<\/div>\n\t\t\t\t<\/div>\n\t\t\t\t<\/div>","protected":false},"excerpt":{"rendered":"<p>Syrius SEO Digital Agency Joomla Template Syrius SEO Digital Agency Joomla Template es una plantilla profesional dise\u00f1ada especialmente para agencias<\/p>","protected":false},"featured_media":78768,"comment_status":"closed","ping_status":"closed","template":"","meta":{"_acf_changed":false},"product_brand":[],"product_cat":[604],"product_tag":[75,420],"class_list":{"0":"post-78764","1":"product","2":"type-product","3":"status-publish","4":"has-post-thumbnail","6":"product_cat-joomla-themes","7":"product_tag-plugins-para-seo-y-cache","8":"product_tag-temas-para-agencias-digitales-y-creativas","9":"pa_autores-templatemonster","11":"first","12":"instock","13":"sale","14":"downloadable","15":"virtual","16":"sold-individually","17":"purchasable","18":"product-type-simple"},"acf":[],"_links":{"self":[{"href":"https:\/\/wpclub.pro\/en\/wp-json\/wp\/v2\/product\/78764","targetHints":{"allow":["GET"]}}],"collection":[{"href":"https:\/\/wpclub.pro\/en\/wp-json\/wp\/v2\/product"}],"about":[{"href":"https:\/\/wpclub.pro\/en\/wp-json\/wp\/v2\/types\/product"}],"replies":[{"embeddable":true,"href":"https:\/\/wpclub.pro\/en\/wp-json\/wp\/v2\/comments?post=78764"}],"version-history":[{"count":0,"href":"https:\/\/wpclub.pro\/en\/wp-json\/wp\/v2\/product\/78764\/revisions"}],"wp:featuredmedia":[{"embeddable":true,"href":"https:\/\/wpclub.pro\/en\/wp-json\/wp\/v2\/media\/78768"}],"wp:attachment":[{"href":"https:\/\/wpclub.pro\/en\/wp-json\/wp\/v2\/media?parent=78764"}],"wp:term":[{"taxonomy":"product_brand","embeddable":true,"href":"https:\/\/wpclub.pro\/en\/wp-json\/wp\/v2\/product_brand?post=78764"},{"taxonomy":"product_cat","embeddable":true,"href":"https:\/\/wpclub.pro\/en\/wp-json\/wp\/v2\/product_cat?post=78764"},{"taxonomy":"product_tag","embeddable":true,"href":"https:\/\/wpclub.pro\/en\/wp-json\/wp\/v2\/product_tag?post=78764"}],"curies":[{"name":"wp","href":"https:\/\/api.w.org\/{rel}","templated":true}]}}