{"id":79409,"date":"2025-05-23T12:11:04","date_gmt":"2025-05-23T16:11:04","guid":{"rendered":"https:\/\/wpclub.pro\/?post_type=product&#038;p=79409"},"modified":"2025-08-25T12:56:30","modified_gmt":"2025-08-25T16:56:30","slug":"pawpals-pet-food-and-pet-nutrition-store","status":"publish","type":"product","link":"https:\/\/wpclub.pro\/en\/item\/pawpals-pet-food-and-pet-nutrition-store\/","title":{"rendered":"Pawpals Pet Food and Pet Nutrition Store Shopify Theme 1.1.4"},"content":{"rendered":"<div data-elementor-type=\"product-post\" data-elementor-id=\"79409\" class=\"elementor elementor-79409\" data-elementor-post-type=\"product\">\n\t\t\t\t<div class=\"wd-negative-gap elementor-element elementor-element-31f37c0e e-flex e-con-boxed e-con e-parent\" data-id=\"31f37c0e\" data-element_type=\"container\" data-e-type=\"container\">\n\t\t\t\t\t<div class=\"e-con-inner\">\n\t\t\t\t<div class=\"elementor-element elementor-element-f4f563e color-scheme-inherit text-left elementor-widget elementor-widget-text-editor\" data-id=\"f4f563e\" data-element_type=\"widget\" data-e-type=\"widget\" data-widget_type=\"text-editor.default\">\n\t\t\t\t<div class=\"elementor-widget-container\">\n\t\t\t\t\t\t\t\t\t<h2 data-start=\"358\" data-end=\"429\"><strong data-start=\"362\" data-end=\"429\">Pawpals Pet Food and Pet Nutrition Store Shopify Theme<\/strong><\/h2><p data-start=\"431\" data-end=\"885\">Pawpals Pet Food and Pet Nutrition Store Shopify Theme es una plantilla premium para tiendas Shopify dise\u00f1ada espec\u00edficamente para negocios enfocados en alimentos para mascotas, nutrici\u00f3n animal y productos de bienestar pet friendly. Con un dise\u00f1o amigable, visualmente atractivo y 100% responsivo, esta plantilla permite construir una tienda online profesional, emocionalmente conectada con due\u00f1os de mascotas y pensada para maximizar la conversi\u00f3n.<\/p><p data-start=\"887\" data-end=\"1151\">Perfecta para marcas de comida natural, snacks funcionales, suplementos y alimentos balanceados, Pawpals Pet Food and Pet Nutrition Store Shopify Theme ofrece una experiencia de compra optimizada para usuarios que buscan lo mejor para sus animales de compa\u00f1\u00eda.<\/p><h3 data-start=\"1153\" data-end=\"1232\"><strong data-start=\"1157\" data-end=\"1232\">\u00bfPara qu\u00e9 sirve Pawpals Pet Food and Pet Nutrition Store Shopify Theme?<\/strong><\/h3><p data-start=\"1234\" data-end=\"1653\">Pawpals Pet Food and Pet Nutrition Store Shopify Theme sirve como base para crear un ecommerce especializado en la venta de alimentos para perros, gatos y otras mascotas. Esta plantilla permite destacar productos por tipo de mascota, edad, condici\u00f3n de salud, ingredientes o formato de alimento, facilitando la navegaci\u00f3n y ayudando al usuario a tomar decisiones informadas para el bienestar de su compa\u00f1ero animal.<\/p><p data-start=\"1655\" data-end=\"1892\">Es ideal para tiendas online de alimentos premium, marcas de nutrici\u00f3n veterinaria, emprendedores pet lovers, distribuidores de snacks naturales o suplementos para mascotas, as\u00ed como tambi\u00e9n para marketplaces especializados en el sector.<\/p><h3 data-start=\"1894\" data-end=\"1975\"><strong data-start=\"1898\" data-end=\"1975\">Beneficios de usar Pawpals Pet Food and Pet Nutrition Store Shopify Theme<\/strong><\/h3><ul data-start=\"1977\" data-end=\"2682\"><li data-start=\"1977\" data-end=\"2067\"><p data-start=\"1979\" data-end=\"2067\"><strong data-start=\"1979\" data-end=\"2065\">Dise\u00f1o visual c\u00e1lido y tem\u00e1tico, pensado para conectar con amantes de los animales<\/strong><\/p><\/li><li data-start=\"2068\" data-end=\"2122\"><p data-start=\"2070\" data-end=\"2122\"><strong data-start=\"2070\" data-end=\"2120\">100% responsive y adaptado a m\u00f3viles y tablets<\/strong><\/p><\/li><li data-start=\"2123\" data-end=\"2241\"><p data-start=\"2125\" data-end=\"2241\"><strong data-start=\"2125\" data-end=\"2168\">Compatible con Shopify Online Store 2.0<\/strong>: secciones editables, mayor flexibilidad y velocidad de carga mejorada<\/p><\/li><li data-start=\"2242\" data-end=\"2313\"><p data-start=\"2244\" data-end=\"2313\"><strong data-start=\"2244\" data-end=\"2311\">Optimizado para SEO t\u00e9cnico, im\u00e1genes y estructura de contenido<\/strong><\/p><\/li><li data-start=\"2314\" data-end=\"2419\"><p data-start=\"2316\" data-end=\"2419\"><strong data-start=\"2316\" data-end=\"2417\">Facilita la organizaci\u00f3n de productos por tipo de animal, ingredientes o beneficios nutricionales<\/strong><\/p><\/li><li data-start=\"2420\" data-end=\"2505\"><p data-start=\"2422\" data-end=\"2505\"><strong data-start=\"2422\" data-end=\"2503\">Compatible con rese\u00f1as, suscripciones, ventas cruzadas y apps de fidelizaci\u00f3n<\/strong><\/p><\/li><li data-start=\"2506\" data-end=\"2601\"><p data-start=\"2508\" data-end=\"2601\"><strong data-start=\"2508\" data-end=\"2599\">Ideal para cat\u00e1logos con variantes como sabor, tama\u00f1o, peso o presentaci\u00f3n del producto<\/strong><\/p><\/li><li data-start=\"2602\" data-end=\"2682\"><p data-start=\"2604\" data-end=\"2682\"><strong data-start=\"2604\" data-end=\"2682\">Soporte multilenguaje y multimoneda para tiendas con alcance internacional<\/strong><\/p><\/li><\/ul><h3 data-start=\"2684\" data-end=\"2777\"><strong data-start=\"2688\" data-end=\"2777\">Caracter\u00edsticas principales de Pawpals Pet Food and Pet Nutrition Store Shopify Theme<\/strong><\/h3><ul data-start=\"2779\" data-end=\"3878\"><li data-start=\"2779\" data-end=\"2922\"><p data-start=\"2781\" data-end=\"2922\"><strong data-start=\"2781\" data-end=\"2920\">P\u00e1gina de inicio con sliders de productos destacados, banners promocionales y acceso r\u00e1pido a categor\u00edas por especie o tipo de alimento<\/strong><\/p><\/li><li data-start=\"2923\" data-end=\"3017\"><p data-start=\"2925\" data-end=\"3017\"><strong data-start=\"2925\" data-end=\"3015\">Men\u00fas organizados por tipo de mascota (perros, gatos, aves, peces, peque\u00f1os mam\u00edferos)<\/strong><\/p><\/li><li data-start=\"3018\" data-end=\"3154\"><p data-start=\"3020\" data-end=\"3154\"><strong data-start=\"3020\" data-end=\"3152\">Fichas de producto con im\u00e1genes de alta resoluci\u00f3n, zoom, descripci\u00f3n completa, beneficios nutricionales, ingredientes y rese\u00f1as<\/strong><\/p><\/li><li data-start=\"3155\" data-end=\"3275\"><p data-start=\"3157\" data-end=\"3275\"><strong data-start=\"3157\" data-end=\"3273\">Filtros inteligentes por edad del animal, condici\u00f3n de salud, tipo de dieta (grain free, vegano, org\u00e1nico, etc.)<\/strong><\/p><\/li><li data-start=\"3276\" data-end=\"3415\"><p data-start=\"3278\" data-end=\"3415\"><strong data-start=\"3278\" data-end=\"3413\">Secciones predise\u00f1adas para contenido informativo como \u201cRecomendado por veterinarios\u201d, \u201cGu\u00eda de alimentaci\u00f3n\u201d o \u201cBlog de nutrici\u00f3n\u201d<\/strong><\/p><\/li><li data-start=\"3416\" data-end=\"3508\"><p data-start=\"3418\" data-end=\"3508\"><strong data-start=\"3418\" data-end=\"3506\">Carrito de compras flotante y proceso de checkout simplificado para mayor conversi\u00f3n<\/strong><\/p><\/li><li data-start=\"3509\" data-end=\"3604\"><p data-start=\"3511\" data-end=\"3604\"><strong data-start=\"3511\" data-end=\"3602\">Blog integrado para consejos de cuidado, recetas naturales, educaci\u00f3n alimentaria y m\u00e1s<\/strong><\/p><\/li><li data-start=\"3605\" data-end=\"3677\"><p data-start=\"3607\" data-end=\"3677\"><strong data-start=\"3607\" data-end=\"3675\">Dise\u00f1o limpio, con colores suaves y elementos gr\u00e1ficos amigables<\/strong><\/p><\/li><li data-start=\"3678\" data-end=\"3777\"><p data-start=\"3680\" data-end=\"3777\"><strong data-start=\"3680\" data-end=\"3775\">P\u00e1ginas internas para contacto, pol\u00edticas de env\u00edo, devoluciones y programa de fidelizaci\u00f3n<\/strong><\/p><\/li><li data-start=\"3778\" data-end=\"3878\"><p data-start=\"3780\" data-end=\"3878\"><strong data-start=\"3780\" data-end=\"3878\">Incluye documentaci\u00f3n t\u00e9cnica y soporte profesional para una implementaci\u00f3n sin complicaciones<\/strong><\/p><\/li><\/ul><h3 data-start=\"3880\" data-end=\"3974\"><strong data-start=\"3884\" data-end=\"3974\">\u00bfPor qu\u00e9 elegir Pawpals Pet Food and Pet Nutrition Store Shopify Theme para tu tienda?<\/strong><\/h3><p data-start=\"3976\" data-end=\"4467\">Porque est\u00e1 cuidadosamente dise\u00f1ada para cumplir con las expectativas de un p\u00fablico que valora la salud y bienestar de sus mascotas. Pawpals Pet Food and Pet Nutrition Store Shopify Theme ofrece todas las herramientas necesarias para construir una tienda atractiva, funcional y emocionalmente efectiva. Adem\u00e1s, su compatibilidad con las \u00faltimas funciones de Shopify permite escalar f\u00e1cilmente, agregar nuevas colecciones o integrar estrategias de marketing digital sin barreras t\u00e9cnicas.<\/p><p data-start=\"4469\" data-end=\"4604\">Es una soluci\u00f3n ideal para crear una experiencia de compra que inspire confianza, fidelice clientes y destaque frente a la competencia.<\/p><h3 data-start=\"4606\" data-end=\"4624\"><strong data-start=\"4610\" data-end=\"4624\">Conclusion<\/strong><\/h3><p data-start=\"4626\" data-end=\"4986\">Pawpals Pet Food and Pet Nutrition Store Shopify Theme es la plantilla perfecta para marcas y tiendas online dedicadas a la alimentaci\u00f3n y nutrici\u00f3n de mascotas. Su dise\u00f1o orientado al usuario, su estructura bien pensada y sus funcionalidades modernas la convierten en la opci\u00f3n ideal para lanzar o escalar un ecommerce exitoso en el creciente mercado pet.<\/p><p data-start=\"4988\" data-end=\"5168\">Si tu misi\u00f3n es entregar salud, amor y confianza a trav\u00e9s de tus productos para animales, Pawpals Pet Food and Pet Nutrition Store Shopify Theme es la base ideal para lograrlo.<\/p><p data-start=\"5170\" data-end=\"5311\" data-is-last-node=\"\" data-is-only-node=\"\">\u00bfTe gustar\u00eda esta descripci\u00f3n adaptada para una ficha de producto, comparativa de themes o presentaci\u00f3n comercial? Estoy listo para ayudarte.<\/p>\t\t\t\t\t\t\t\t<\/div>\n\t\t\t\t<\/div>\n\t\t\t\t\t<\/div>\n\t\t\t\t<\/div>\n\t\t\t\t<\/div>","protected":false},"excerpt":{"rendered":"<p>Pawpals Pet Food and Pet Nutrition Store Shopify Theme Pawpals Pet Food and Pet Nutrition Store Shopify Theme es una<\/p>","protected":false},"featured_media":79385,"comment_status":"closed","ping_status":"closed","template":"","meta":{"_acf_changed":false},"product_brand":[],"product_cat":[606],"product_tag":[621],"class_list":{"0":"post-79409","1":"product","2":"type-product","3":"status-publish","4":"has-post-thumbnail","6":"product_cat-shopify-themes","7":"product_tag-temas-para-mascotas","8":"pa_autores-templatemonster","10":"first","11":"instock","12":"sale","13":"downloadable","14":"virtual","15":"sold-individually","16":"purchasable","17":"product-type-simple"},"acf":[],"_links":{"self":[{"href":"https:\/\/wpclub.pro\/en\/wp-json\/wp\/v2\/product\/79409","targetHints":{"allow":["GET"]}}],"collection":[{"href":"https:\/\/wpclub.pro\/en\/wp-json\/wp\/v2\/product"}],"about":[{"href":"https:\/\/wpclub.pro\/en\/wp-json\/wp\/v2\/types\/product"}],"replies":[{"embeddable":true,"href":"https:\/\/wpclub.pro\/en\/wp-json\/wp\/v2\/comments?post=79409"}],"version-history":[{"count":0,"href":"https:\/\/wpclub.pro\/en\/wp-json\/wp\/v2\/product\/79409\/revisions"}],"wp:featuredmedia":[{"embeddable":true,"href":"https:\/\/wpclub.pro\/en\/wp-json\/wp\/v2\/media\/79385"}],"wp:attachment":[{"href":"https:\/\/wpclub.pro\/en\/wp-json\/wp\/v2\/media?parent=79409"}],"wp:term":[{"taxonomy":"product_brand","embeddable":true,"href":"https:\/\/wpclub.pro\/en\/wp-json\/wp\/v2\/product_brand?post=79409"},{"taxonomy":"product_cat","embeddable":true,"href":"https:\/\/wpclub.pro\/en\/wp-json\/wp\/v2\/product_cat?post=79409"},{"taxonomy":"product_tag","embeddable":true,"href":"https:\/\/wpclub.pro\/en\/wp-json\/wp\/v2\/product_tag?post=79409"}],"curies":[{"name":"wp","href":"https:\/\/api.w.org\/{rel}","templated":true}]}}