{"id":79427,"date":"2025-05-23T12:22:06","date_gmt":"2025-05-23T16:22:06","guid":{"rendered":"https:\/\/wpclub.pro\/?post_type=product&#038;p=79427"},"modified":"2025-08-21T13:55:08","modified_gmt":"2025-08-21T17:55:08","slug":"plandolo-construction-company-joomla-template","status":"publish","type":"product","link":"https:\/\/wpclub.pro\/en\/item\/plandolo-construction-company-joomla-template\/","title":{"rendered":"Plandolo Construction Company Joomla Template 1.0.0"},"content":{"rendered":"<div data-elementor-type=\"wp-post\" data-elementor-id=\"79427\" class=\"elementor elementor-79427\">\n\t\t\t\t<div class=\"wd-negative-gap elementor-element elementor-element-31f37c0e e-flex e-con-boxed e-con e-parent\" data-id=\"31f37c0e\" data-element_type=\"container\" data-e-type=\"container\">\n\t\t\t\t\t<div class=\"e-con-inner\">\n\t\t\t\t<div class=\"elementor-element elementor-element-f4f563e color-scheme-inherit text-left elementor-widget elementor-widget-text-editor\" data-id=\"f4f563e\" data-element_type=\"widget\" data-e-type=\"widget\" data-widget_type=\"text-editor.default\">\n\t\t\t\t<div class=\"elementor-widget-container\">\n\t\t\t\t\t\t\t\t\t<h2 data-start=\"349\" data-end=\"411\"><strong data-start=\"353\" data-end=\"411\">Plandolo Construction Company Joomla Template<\/strong><\/h2><p data-start=\"413\" data-end=\"825\">Plandolo Construction Company Joomla Template es una plantilla premium dise\u00f1ada espec\u00edficamente para empresas del rubro de la construcci\u00f3n, ingenier\u00eda, arquitectura, obras civiles y servicios industriales. Desarrollada sobre el CMS Joomla, esta plantilla ofrece un dise\u00f1o profesional, estructurado y completamente responsivo, ideal para proyectar una imagen s\u00f3lida, confiable y moderna en el entorno digital.<\/p><p data-start=\"827\" data-end=\"1147\">Gracias a su enfoque visual t\u00e9cnico y a sus funcionalidades pensadas para presentar servicios, proyectos, certificaciones y personal especializado, Plandolo Construction Company Joomla Template es perfecta para constructoras que desean atraer nuevos clientes, mostrar experiencia y consolidar su reputaci\u00f3n en l\u00ednea.<\/p><h3 data-start=\"1149\" data-end=\"1219\"><strong data-start=\"1153\" data-end=\"1219\">\u00bfPara qu\u00e9 sirve Plandolo Construction Company Joomla Template?<\/strong><\/h3><p data-start=\"1221\" data-end=\"1644\">Plandolo Construction Company Joomla Template sirve para crear un sitio web completo y funcional que represente profesionalmente a empresas constructoras y firmas de ingenier\u00eda. Permite mostrar el portafolio de proyectos realizados, los distintos servicios ofrecidos, la historia de la empresa, los valores corporativos y canales de contacto directo, todo dentro de un entorno visual claro, atractivo y bien optimizado.<\/p><p data-start=\"1646\" data-end=\"1870\">Es ideal para constructoras, empresas de infraestructura, compa\u00f1\u00edas de remodelaci\u00f3n, estudios de arquitectura, contratistas generales y firmas de consultor\u00eda t\u00e9cnica que necesiten una plataforma digital efectiva y adaptable.<\/p><h3 data-start=\"1872\" data-end=\"1944\"><strong data-start=\"1876\" data-end=\"1944\">Beneficios de usar Plandolo Construction Company Joomla Template<\/strong><\/h3><ul data-start=\"1946\" data-end=\"2568\"><li data-start=\"1946\" data-end=\"2019\"><p data-start=\"1948\" data-end=\"2019\"><strong data-start=\"1948\" data-end=\"2017\">Dise\u00f1o profesional y t\u00e9cnico, alineado con el sector construcci\u00f3n<\/strong><\/p><\/li><li data-start=\"2020\" data-end=\"2092\"><p data-start=\"2022\" data-end=\"2092\"><strong data-start=\"2022\" data-end=\"2090\">100% responsive y optimizado para dispositivos m\u00f3viles y tablets<\/strong><\/p><\/li><li data-start=\"2093\" data-end=\"2163\"><p data-start=\"2095\" data-end=\"2163\"><strong data-start=\"2095\" data-end=\"2161\">Basado en Joomla: CMS robusto, seguro y de f\u00e1cil escalabilidad<\/strong><\/p><\/li><li data-start=\"2164\" data-end=\"2245\"><p data-start=\"2166\" data-end=\"2245\"><strong data-start=\"2166\" data-end=\"2243\">Estructura pensada para destacar experiencia, confiabilidad y trayectoria<\/strong><\/p><\/li><li data-start=\"2246\" data-end=\"2302\"><p data-start=\"2248\" data-end=\"2302\"><strong data-start=\"2248\" data-end=\"2300\">Optimizado para SEO t\u00e9cnico y velocidad de carga<\/strong><\/p><\/li><li data-start=\"2303\" data-end=\"2387\"><p data-start=\"2305\" data-end=\"2387\"><strong data-start=\"2305\" data-end=\"2385\">Facilita la generaci\u00f3n de contactos comerciales y solicitudes de presupuesto<\/strong><\/p><\/li><li data-start=\"2388\" data-end=\"2481\"><p data-start=\"2390\" data-end=\"2481\"><strong data-start=\"2390\" data-end=\"2479\">Compatible con extensiones para formularios, galer\u00edas, testimonios, Google Maps y m\u00e1s<\/strong><\/p><\/li><li data-start=\"2482\" data-end=\"2568\"><p data-start=\"2484\" data-end=\"2568\"><strong data-start=\"2484\" data-end=\"2568\">F\u00e1cil personalizaci\u00f3n desde el backend, sin necesidad de conocimientos avanzados<\/strong><\/p><\/li><\/ul><h3 data-start=\"2570\" data-end=\"2654\"><strong data-start=\"2574\" data-end=\"2654\">Caracter\u00edsticas principales de Plandolo Construction Company Joomla Template<\/strong><\/h3><ul data-start=\"2656\" data-end=\"3692\"><li data-start=\"2656\" data-end=\"2772\"><p data-start=\"2658\" data-end=\"2772\"><strong data-start=\"2658\" data-end=\"2770\">P\u00e1gina de inicio con slider principal, presentaci\u00f3n de servicios, llamados a la acci\u00f3n y resumen corporativo<\/strong><\/p><\/li><li data-start=\"2773\" data-end=\"2884\"><p data-start=\"2775\" data-end=\"2884\"><strong data-start=\"2775\" data-end=\"2882\">Secci\u00f3n de proyectos con galer\u00edas filtrables, descripciones t\u00e9cnicas, ubicaciones y fechas de ejecuci\u00f3n<\/strong><\/p><\/li><li data-start=\"2885\" data-end=\"3012\"><p data-start=\"2887\" data-end=\"3012\"><strong data-start=\"2887\" data-end=\"3010\">Bloques predise\u00f1ados para mostrar \u00e1reas de especializaci\u00f3n: construcci\u00f3n residencial, comercial, vial, industrial, etc.<\/strong><\/p><\/li><li data-start=\"3013\" data-end=\"3115\"><p data-start=\"3015\" data-end=\"3115\"><strong data-start=\"3015\" data-end=\"3113\">P\u00e1gina \u201cSobre nosotros\u201d con historia de la empresa, misi\u00f3n, visi\u00f3n, valores y equipo directivo<\/strong><\/p><\/li><li data-start=\"3116\" data-end=\"3228\"><p data-start=\"3118\" data-end=\"3228\"><strong data-start=\"3118\" data-end=\"3226\">Formulario de contacto con integraci\u00f3n a correo o CRM, y m\u00f3dulo de solicitud de cotizaci\u00f3n personalizada<\/strong><\/p><\/li><li data-start=\"3229\" data-end=\"3335\"><p data-start=\"3231\" data-end=\"3335\"><strong data-start=\"3231\" data-end=\"3333\">Blog integrado para publicar novedades de obras, licitaciones, art\u00edculos t\u00e9cnicos y casos de \u00e9xito<\/strong><\/p><\/li><li data-start=\"3336\" data-end=\"3428\"><p data-start=\"3338\" data-end=\"3428\"><strong data-start=\"3338\" data-end=\"3426\">Soporte multiling\u00fce y multimoneda para empresas con alcance internacional o regional<\/strong><\/p><\/li><li data-start=\"3429\" data-end=\"3522\"><p data-start=\"3431\" data-end=\"3522\"><strong data-start=\"3431\" data-end=\"3520\">Dise\u00f1o limpio con tipograf\u00eda sobria, \u00edconos t\u00e9cnicos y paleta de colores corporativos<\/strong><\/p><\/li><li data-start=\"3523\" data-end=\"3605\"><p data-start=\"3525\" data-end=\"3605\"><strong data-start=\"3525\" data-end=\"3603\">Integraci\u00f3n con Google Maps para mostrar ubicaci\u00f3n de oficinas o proyectos<\/strong><\/p><\/li><li data-start=\"3606\" data-end=\"3692\"><p data-start=\"3608\" data-end=\"3692\"><strong data-start=\"3608\" data-end=\"3692\">Documentaci\u00f3n completa y soporte t\u00e9cnico incluido para una implementaci\u00f3n fluida<\/strong><\/p><\/li><\/ul><h3 data-start=\"3694\" data-end=\"3780\"><strong data-start=\"3698\" data-end=\"3780\">\u00bfPor qu\u00e9 elegir Plandolo Construction Company Joomla Template para tu empresa?<\/strong><\/h3><p data-start=\"3782\" data-end=\"4173\">Porque est\u00e1 dise\u00f1ada con enfoque t\u00e9cnico y comercial, pensada para empresas que desean destacar su experiencia, su capacidad operativa y sus valores corporativos. Plandolo Construction Company Joomla Template ofrece las herramientas necesarias para presentar servicios de forma profesional, generar confianza y captar nuevos clientes a trav\u00e9s de un sitio optimizado y visualmente fuerte.<\/p><p data-start=\"4175\" data-end=\"4330\">Adem\u00e1s, al estar desarrollada en Joomla, se garantiza una base estable, segura y preparada para crecer junto a tu empresa, sin complicaciones innecesarias.<\/p><h3 data-start=\"4332\" data-end=\"4350\"><strong data-start=\"4336\" data-end=\"4350\">Conclusion<\/strong><\/h3><p data-start=\"4352\" data-end=\"4759\">Plandolo Construction Company Joomla Template es la plantilla ideal para constructoras, ingenieros y empresas del sector construcci\u00f3n que buscan una presencia online profesional, clara y orientada a la captaci\u00f3n de nuevos proyectos. Su dise\u00f1o t\u00e9cnico, su funcionalidad completa y su capacidad de personalizaci\u00f3n la convierten en una herramienta poderosa para posicionar tu negocio en el entorno digital.<\/p><p data-start=\"4761\" data-end=\"4952\">Si tu objetivo es transmitir confianza, experiencia y liderazgo desde el primer clic, Plandolo Construction Company Joomla Template es la base perfecta para construir tu presencia online.<\/p><p data-start=\"4954\" data-end=\"5090\" data-is-last-node=\"\" data-is-only-node=\"\">\u00bfDeseas esta descripci\u00f3n adaptada para marketplaces, fichas de venta, cat\u00e1logos o presentaciones comerciales? Estoy listo para ayudarte.<\/p>\t\t\t\t\t\t\t\t<\/div>\n\t\t\t\t<\/div>\n\t\t\t\t\t<\/div>\n\t\t\t\t<\/div>\n\t\t\t\t<\/div>","protected":false},"excerpt":{"rendered":"<p>Plandolo Construction Company Joomla Template Plandolo Construction Company Joomla Template es una plantilla premium dise\u00f1ada espec\u00edficamente para empresas del rubro<\/p>","protected":false},"featured_media":79382,"comment_status":"closed","ping_status":"closed","template":"","meta":{"_acf_changed":false},"product_brand":[],"product_cat":[604],"product_tag":[553],"class_list":{"0":"post-79427","1":"product","2":"type-product","3":"status-publish","4":"has-post-thumbnail","6":"product_cat-joomla-themes","7":"product_tag-temas-para-construccion-y-bienes-raices","8":"pa_autores-templatemonster","10":"first","11":"instock","12":"sale","13":"downloadable","14":"virtual","15":"sold-individually","16":"purchasable","17":"product-type-simple"},"acf":[],"_links":{"self":[{"href":"https:\/\/wpclub.pro\/en\/wp-json\/wp\/v2\/product\/79427","targetHints":{"allow":["GET"]}}],"collection":[{"href":"https:\/\/wpclub.pro\/en\/wp-json\/wp\/v2\/product"}],"about":[{"href":"https:\/\/wpclub.pro\/en\/wp-json\/wp\/v2\/types\/product"}],"replies":[{"embeddable":true,"href":"https:\/\/wpclub.pro\/en\/wp-json\/wp\/v2\/comments?post=79427"}],"version-history":[{"count":0,"href":"https:\/\/wpclub.pro\/en\/wp-json\/wp\/v2\/product\/79427\/revisions"}],"wp:featuredmedia":[{"embeddable":true,"href":"https:\/\/wpclub.pro\/en\/wp-json\/wp\/v2\/media\/79382"}],"wp:attachment":[{"href":"https:\/\/wpclub.pro\/en\/wp-json\/wp\/v2\/media?parent=79427"}],"wp:term":[{"taxonomy":"product_brand","embeddable":true,"href":"https:\/\/wpclub.pro\/en\/wp-json\/wp\/v2\/product_brand?post=79427"},{"taxonomy":"product_cat","embeddable":true,"href":"https:\/\/wpclub.pro\/en\/wp-json\/wp\/v2\/product_cat?post=79427"},{"taxonomy":"product_tag","embeddable":true,"href":"https:\/\/wpclub.pro\/en\/wp-json\/wp\/v2\/product_tag?post=79427"}],"curies":[{"name":"wp","href":"https:\/\/api.w.org\/{rel}","templated":true}]}}