{"id":79705,"date":"2025-05-26T17:29:22","date_gmt":"2025-05-26T21:29:22","guid":{"rendered":"https:\/\/wpclub.pro\/?post_type=product&#038;p=79705"},"modified":"2025-08-25T13:00:18","modified_gmt":"2025-08-25T17:00:18","slug":"teessilk-t-shirt-printing-fashion-store","status":"publish","type":"product","link":"https:\/\/wpclub.pro\/en\/item\/teessilk-t-shirt-printing-fashion-store\/","title":{"rendered":"TeesSilk T-Shirt Printing Fashion Store Shopify Theme 1.1.4"},"content":{"rendered":"<div data-elementor-type=\"product-post\" data-elementor-id=\"79705\" class=\"elementor elementor-79705\" data-elementor-post-type=\"product\">\n\t\t\t\t<div class=\"wd-negative-gap elementor-element elementor-element-31f37c0e e-flex e-con-boxed e-con e-parent\" data-id=\"31f37c0e\" data-element_type=\"container\" data-e-type=\"container\">\n\t\t\t\t\t<div class=\"e-con-inner\">\n\t\t\t\t<div class=\"elementor-element elementor-element-f4f563e color-scheme-inherit text-left elementor-widget elementor-widget-text-editor\" data-id=\"f4f563e\" data-element_type=\"widget\" data-e-type=\"widget\" data-widget_type=\"text-editor.default\">\n\t\t\t\t<div class=\"elementor-widget-container\">\n\t\t\t\t\t\t\t\t\t<h2 data-start=\"357\" data-end=\"427\"><strong data-start=\"361\" data-end=\"427\">TeesSilk T-Shirt Printing Fashion Store Shopify Theme<\/strong><\/h2><p data-start=\"429\" data-end=\"858\">TeesSilk T-Shirt Printing Fashion Store Shopify Theme es una plantilla premium desarrollada para tiendas Shopify enfocadas en la venta de poleras personalizadas, ropa estampada y moda urbana. Su dise\u00f1o moderno, din\u00e1mico y totalmente responsive permite mostrar cat\u00e1logos de prendas con variantes, estilos y dise\u00f1os \u00fanicos, ideal para marcas de ropa que ofrecen personalizaci\u00f3n, impresi\u00f3n bajo demanda o colecciones exclusivas.<\/p><p data-start=\"860\" data-end=\"1101\">Pensado para conectar con audiencias j\u00f3venes, creativas y orientadas a la autoexpresi\u00f3n, TeesSilk T-Shirt Printing Fashion Store Shopify Theme brinda una experiencia de compra atractiva, intuitiva y adaptable a distintos estilos de moda.<\/p><h3 data-start=\"1103\" data-end=\"1181\"><strong data-start=\"1107\" data-end=\"1181\">\u00bfPara qu\u00e9 sirve TeesSilk T-Shirt Printing Fashion Store Shopify Theme?<\/strong><\/h3><p data-start=\"1183\" data-end=\"1572\">TeesSilk T-Shirt Printing Fashion Store Shopify Theme sirve para crear un ecommerce de ropa personalizado, especialmente camisetas, poleras, sudaderas, ropa casual y accesorios de moda impresos. La plantilla est\u00e1 pensada para mostrar dise\u00f1os gr\u00e1ficos, organizar colecciones por estilo o tem\u00e1tica y ofrecer una navegaci\u00f3n fluida que facilita la exploraci\u00f3n de productos y la conversi\u00f3n.<\/p><p data-start=\"1574\" data-end=\"1769\">Es ideal para marcas de streetwear, emprendimientos de impresi\u00f3n bajo demanda (POD), tiendas de ropa personalizada, proyectos de merchandising o colecciones c\u00e1psula de dise\u00f1adores independientes.<\/p><h3 data-start=\"1771\" data-end=\"1851\"><strong data-start=\"1775\" data-end=\"1851\">Beneficios de usar TeesSilk T-Shirt Printing Fashion Store Shopify Theme<\/strong><\/h3><ul data-start=\"1853\" data-end=\"2508\"><li data-start=\"1853\" data-end=\"1936\"><p data-start=\"1855\" data-end=\"1936\"><strong data-start=\"1855\" data-end=\"1934\">Dise\u00f1o moderno y juvenil, ideal para moda urbana y productos personalizados<\/strong><\/p><\/li><li data-start=\"1937\" data-end=\"2001\"><p data-start=\"1939\" data-end=\"2001\"><strong data-start=\"1939\" data-end=\"1999\">100% responsive y optimizado para todos los dispositivos<\/strong><\/p><\/li><li data-start=\"2002\" data-end=\"2103\"><p data-start=\"2004\" data-end=\"2103\"><strong data-start=\"2004\" data-end=\"2101\">Compatible con Shopify Online Store 2.0: personalizaci\u00f3n de secciones sin necesidad de c\u00f3digo<\/strong><\/p><\/li><li data-start=\"2104\" data-end=\"2170\"><p data-start=\"2106\" data-end=\"2170\"><strong data-start=\"2106\" data-end=\"2168\">Optimizaci\u00f3n SEO para posicionamiento r\u00e1pido en buscadores<\/strong><\/p><\/li><li data-start=\"2171\" data-end=\"2272\"><p data-start=\"2173\" data-end=\"2272\"><strong data-start=\"2173\" data-end=\"2270\">Ideal para tiendas con productos personalizables y m\u00faltiples variantes (color, talla, dise\u00f1o)<\/strong><\/p><\/li><li data-start=\"2273\" data-end=\"2358\"><p data-start=\"2275\" data-end=\"2358\"><strong data-start=\"2275\" data-end=\"2356\">Perfecta para cat\u00e1logos de camisetas, poleras, sudaderas y accesorios de moda<\/strong><\/p><\/li><li data-start=\"2359\" data-end=\"2444\"><p data-start=\"2361\" data-end=\"2444\"><strong data-start=\"2361\" data-end=\"2442\">F\u00e1cil integraci\u00f3n con apps de impresi\u00f3n bajo demanda, rese\u00f1as, y fidelizaci\u00f3n<\/strong><\/p><\/li><li data-start=\"2445\" data-end=\"2508\"><p data-start=\"2447\" data-end=\"2508\"><strong data-start=\"2447\" data-end=\"2508\">Multilingual and multi-currency support for global stores<\/strong><\/p><\/li><\/ul><h3 data-start=\"2510\" data-end=\"2602\"><strong data-start=\"2514\" data-end=\"2602\">Caracter\u00edsticas principales de TeesSilk T-Shirt Printing Fashion Store Shopify Theme<\/strong><\/h3><ul data-start=\"2604\" data-end=\"3728\"><li data-start=\"2604\" data-end=\"2759\"><p data-start=\"2606\" data-end=\"2759\"><strong data-start=\"2606\" data-end=\"2757\">Homepage con sliders animados, banners promocionales y acceso directo a colecciones destacadas o tem\u00e1ticas (humor, arte, frases, cultura pop, etc.)<\/strong><\/p><\/li><li data-start=\"2760\" data-end=\"2904\"><p data-start=\"2762\" data-end=\"2904\"><strong data-start=\"2762\" data-end=\"2902\">Fichas de producto con im\u00e1genes de alta resoluci\u00f3n, zoom, opciones de color y talla, y dise\u00f1o visual atractivo para destacar cada prenda<\/strong><\/p><\/li><li data-start=\"2905\" data-end=\"3007\"><p data-start=\"2907\" data-end=\"3007\"><strong data-start=\"2907\" data-end=\"3005\">Men\u00fa intuitivo y mega men\u00fa con organizaci\u00f3n por tipo de producto, estilo, g\u00e9nero o promociones<\/strong><\/p><\/li><li data-start=\"3008\" data-end=\"3118\"><p data-start=\"3010\" data-end=\"3118\"><strong data-start=\"3010\" data-end=\"3116\">Secciones para productos en tendencia, best sellers, nuevos lanzamientos y ofertas por tiempo limitado<\/strong><\/p><\/li><li data-start=\"3119\" data-end=\"3247\"><p data-start=\"3121\" data-end=\"3247\"><strong data-start=\"3121\" data-end=\"3245\">Blog integrado para contenido sobre moda, lanzamientos, colaboraciones, dise\u00f1o gr\u00e1fico o historias detr\u00e1s de cada prenda<\/strong><\/p><\/li><li data-start=\"3248\" data-end=\"3350\"><p data-start=\"3250\" data-end=\"3350\"><strong data-start=\"3250\" data-end=\"3348\">Carrito flotante, proceso de compra simplificado y llamado a la acci\u00f3n enfocados en conversi\u00f3n<\/strong><\/p><\/li><li data-start=\"3351\" data-end=\"3443\"><p data-start=\"3353\" data-end=\"3443\"><strong data-start=\"3353\" data-end=\"3441\">Dise\u00f1o limpio, colores personalizables, tipograf\u00eda moderna y estilo visual adaptable<\/strong><\/p><\/li><li data-start=\"3444\" data-end=\"3570\"><p data-start=\"3446\" data-end=\"3570\"><strong data-start=\"3446\" data-end=\"3568\">P\u00e1ginas predise\u00f1adas para \u201cSobre la marca\u201d, \u201cPreguntas frecuentes\u201d, \u201cGu\u00eda de tallas\u201d, \u201cPol\u00edtica de devoluciones\u201d y m\u00e1s<\/strong><\/p><\/li><li data-start=\"3571\" data-end=\"3660\"><p data-start=\"3573\" data-end=\"3660\"><strong data-start=\"3573\" data-end=\"3658\">Integraci\u00f3n con redes sociales, pop-ups de bienvenida y cupones de primera compra<\/strong><\/p><\/li><li data-start=\"3661\" data-end=\"3728\"><p data-start=\"3663\" data-end=\"3728\"><strong data-start=\"3663\" data-end=\"3728\">Incluye documentaci\u00f3n detallada y soporte t\u00e9cnico profesional<\/strong><\/p><\/li><\/ul><h3 data-start=\"3730\" data-end=\"3823\"><strong data-start=\"3734\" data-end=\"3823\">\u00bfPor qu\u00e9 elegir TeesSilk T-Shirt Printing Fashion Store Shopify Theme para tu tienda?<\/strong><\/h3><p data-start=\"3825\" data-end=\"4184\">Porque est\u00e1 dise\u00f1ado para negocios modernos que entienden el poder de la personalizaci\u00f3n y el dise\u00f1o gr\u00e1fico en la moda. TeesSilk T-Shirt Printing Fashion Store Shopify Theme facilita mostrar cada dise\u00f1o de forma clara, destacar colecciones creativas y conectar emocionalmente con el p\u00fablico objetivo a trav\u00e9s de una experiencia visual fuerte y funcional.<\/p><p data-start=\"4186\" data-end=\"4383\">Adem\u00e1s, su compatibilidad con Shopify 2.0 y su dise\u00f1o adaptable lo convierten en la soluci\u00f3n ideal para lanzar, escalar y gestionar una marca de ropa que busca destacarse en un mercado competitivo.<\/p><h3 data-start=\"4385\" data-end=\"4403\"><strong data-start=\"4389\" data-end=\"4403\">Conclusion<\/strong><\/h3><p data-start=\"4405\" data-end=\"4769\">TeesSilk T-Shirt Printing Fashion Store Shopify Theme es la plantilla perfecta para tiendas de camisetas y ropa personalizada que desean combinar estilo visual, funcionalidad t\u00e9cnica y facilidad de gesti\u00f3n. Su enfoque en el dise\u00f1o gr\u00e1fico, su estructura optimizada y su est\u00e9tica moderna lo convierten en una herramienta poderosa para vender moda con identidad.<\/p><p data-start=\"4771\" data-end=\"4987\">Si tu tienda busca destacarse por la originalidad y conectar con una comunidad creativa, TeesSilk T-Shirt Printing Fashion Store Shopify Theme es la base ideal para construir una marca con impacto y personalidad.<\/p>\t\t\t\t\t\t\t\t<\/div>\n\t\t\t\t<\/div>\n\t\t\t\t\t<\/div>\n\t\t\t\t<\/div>\n\t\t\t\t<\/div>","protected":false},"excerpt":{"rendered":"<p>TeesSilk T-Shirt Printing Fashion Store Shopify Theme TeesSilk T-Shirt Printing Fashion Store Shopify Theme es una plantilla premium desarrollada para<\/p>","protected":false},"featured_media":79628,"comment_status":"closed","ping_status":"closed","template":"","meta":{"_acf_changed":false},"product_brand":[],"product_cat":[606],"product_tag":[622],"class_list":{"0":"post-79705","1":"product","2":"type-product","3":"status-publish","4":"has-post-thumbnail","6":"product_cat-shopify-themes","7":"product_tag-temas-para-ropa-y-accesorios","8":"pa_autores-templatemonster","10":"first","11":"instock","12":"sale","13":"downloadable","14":"virtual","15":"sold-individually","16":"purchasable","17":"product-type-simple"},"acf":[],"_links":{"self":[{"href":"https:\/\/wpclub.pro\/en\/wp-json\/wp\/v2\/product\/79705","targetHints":{"allow":["GET"]}}],"collection":[{"href":"https:\/\/wpclub.pro\/en\/wp-json\/wp\/v2\/product"}],"about":[{"href":"https:\/\/wpclub.pro\/en\/wp-json\/wp\/v2\/types\/product"}],"replies":[{"embeddable":true,"href":"https:\/\/wpclub.pro\/en\/wp-json\/wp\/v2\/comments?post=79705"}],"version-history":[{"count":0,"href":"https:\/\/wpclub.pro\/en\/wp-json\/wp\/v2\/product\/79705\/revisions"}],"wp:featuredmedia":[{"embeddable":true,"href":"https:\/\/wpclub.pro\/en\/wp-json\/wp\/v2\/media\/79628"}],"wp:attachment":[{"href":"https:\/\/wpclub.pro\/en\/wp-json\/wp\/v2\/media?parent=79705"}],"wp:term":[{"taxonomy":"product_brand","embeddable":true,"href":"https:\/\/wpclub.pro\/en\/wp-json\/wp\/v2\/product_brand?post=79705"},{"taxonomy":"product_cat","embeddable":true,"href":"https:\/\/wpclub.pro\/en\/wp-json\/wp\/v2\/product_cat?post=79705"},{"taxonomy":"product_tag","embeddable":true,"href":"https:\/\/wpclub.pro\/en\/wp-json\/wp\/v2\/product_tag?post=79705"}],"curies":[{"name":"wp","href":"https:\/\/api.w.org\/{rel}","templated":true}]}}