{"id":79723,"date":"2025-05-26T17:45:10","date_gmt":"2025-05-26T21:45:10","guid":{"rendered":"https:\/\/wpclub.pro\/?post_type=product&#038;p=79723"},"modified":"2025-05-26T17:51:20","modified_gmt":"2025-05-26T21:51:20","slug":"abluqser-software-and-app-joomla-templates","status":"publish","type":"product","link":"https:\/\/wpclub.pro\/en\/item\/abluqser-software-and-app-joomla-templates\/","title":{"rendered":"Abluqser Software And App Joomla Templates 1.4.2"},"content":{"rendered":"<div data-elementor-type=\"product-post\" data-elementor-id=\"79723\" class=\"elementor elementor-79723\" data-elementor-post-type=\"product\">\n\t\t\t\t<div class=\"wd-negative-gap elementor-element elementor-element-31f37c0e e-flex e-con-boxed e-con e-parent\" data-id=\"31f37c0e\" data-element_type=\"container\" data-e-type=\"container\">\n\t\t\t\t\t<div class=\"e-con-inner\">\n\t\t\t\t<div class=\"elementor-element elementor-element-f4f563e color-scheme-inherit text-left elementor-widget elementor-widget-text-editor\" data-id=\"f4f563e\" data-element_type=\"widget\" data-e-type=\"widget\" data-widget_type=\"text-editor.default\">\n\t\t\t\t<div class=\"elementor-widget-container\">\n\t\t\t\t\t\t\t\t\t<h2 data-start=\"346\" data-end=\"405\"><strong data-start=\"350\" data-end=\"405\">Abluqser Software And App Joomla Templates<\/strong><\/h2><p data-start=\"407\" data-end=\"832\">Abluqser Software And App Joomla Templates es una plantilla premium dise\u00f1ada espec\u00edficamente para empresas de software, startups tecnol\u00f3gicas, desarrolladores de aplicaciones, soluciones SaaS y negocios digitales. Basada en el robusto CMS Joomla, esta plantilla ofrece un dise\u00f1o moderno, limpio y completamente responsive que permite presentar productos digitales de forma profesional, visual y orientada a la conversi\u00f3n.<\/p><p data-start=\"834\" data-end=\"1096\">Con una estructura flexible y visualmente atractiva, Abluqser Software And App Joomla Templates facilita la creaci\u00f3n de un sitio web que comunica claramente las ventajas de una app, software o plataforma tecnol\u00f3gica, generando confianza desde el primer clic.<\/p><h3 data-start=\"1098\" data-end=\"1165\"><strong data-start=\"1102\" data-end=\"1165\">\u00bfPara qu\u00e9 sirve Abluqser Software And App Joomla Templates?<\/strong><\/h3><p data-start=\"1167\" data-end=\"1602\">Abluqser Software And App Joomla Templates sirve como base para construir un sitio web corporativo enfocado en promocionar aplicaciones m\u00f3viles, programas inform\u00e1ticos, servicios digitales, plataformas basadas en la nube o productos tecnol\u00f3gicos innovadores. Permite mostrar funcionalidades, integrar videos de demostraci\u00f3n, ofrecer descargas, mostrar precios por plan y captar leads mediante formularios de contacto o suscripci\u00f3n.<\/p><p data-start=\"1604\" data-end=\"1789\">Es ideal para empresas de software, agencias de desarrollo, startups, creadores de apps m\u00f3viles, servicios de gesti\u00f3n digital o compa\u00f1\u00edas que ofrecen soluciones tecnol\u00f3gicas en la nube.<\/p><h3 data-start=\"1791\" data-end=\"1860\"><strong data-start=\"1795\" data-end=\"1860\">Beneficios de usar Abluqser Software And App Joomla Templates<\/strong><\/h3><ul data-start=\"1862\" data-end=\"2509\"><li data-start=\"1862\" data-end=\"1936\"><p data-start=\"1864\" data-end=\"1936\"><strong data-start=\"1864\" data-end=\"1934\">Dise\u00f1o profesional, moderno y completamente adaptado al mundo tech<\/strong><\/p><\/li><li data-start=\"1937\" data-end=\"2003\"><p data-start=\"1939\" data-end=\"2003\"><strong data-start=\"1939\" data-end=\"2001\">100% responsive y adaptado a m\u00f3viles, tablets y escritorio<\/strong><\/p><\/li><li data-start=\"2004\" data-end=\"2085\"><p data-start=\"2006\" data-end=\"2085\"><strong data-start=\"2006\" data-end=\"2083\">Basado en Joomla: plataforma segura, escalable y altamente personalizable<\/strong><\/p><\/li><li data-start=\"2086\" data-end=\"2168\"><p data-start=\"2088\" data-end=\"2168\"><strong data-start=\"2088\" data-end=\"2166\">Optimizaci\u00f3n SEO y de velocidad para mejorar posicionamiento en buscadores<\/strong><\/p><\/li><li data-start=\"2169\" data-end=\"2256\"><p data-start=\"2171\" data-end=\"2256\"><strong data-start=\"2171\" data-end=\"2254\">Ideal para mostrar productos digitales con estilo, claridad y enfoque comercial<\/strong><\/p><\/li><li data-start=\"2257\" data-end=\"2340\"><p data-start=\"2259\" data-end=\"2340\"><strong data-start=\"2259\" data-end=\"2338\">Facilita la generaci\u00f3n de leads, demostraciones y ventas de software o apps<\/strong><\/p><\/li><li data-start=\"2341\" data-end=\"2432\"><p data-start=\"2343\" data-end=\"2432\"><strong data-start=\"2343\" data-end=\"2430\">Compatible con extensiones de Joomla para formularios, animaciones, sliders y blogs<\/strong><\/p><\/li><li data-start=\"2433\" data-end=\"2509\"><p data-start=\"2435\" data-end=\"2509\"><strong data-start=\"2435\" data-end=\"2509\">F\u00e1cil de administrar sin necesidad de conocimientos t\u00e9cnicos avanzados<\/strong><\/p><\/li><\/ul><h3 data-start=\"2511\" data-end=\"2592\"><strong data-start=\"2515\" data-end=\"2592\">Caracter\u00edsticas principales de Abluqser Software And App Joomla Templates<\/strong><\/h3><ul data-start=\"2594\" data-end=\"3632\"><li data-start=\"2594\" data-end=\"2703\"><p data-start=\"2596\" data-end=\"2703\"><strong data-start=\"2596\" data-end=\"2701\">Homepage con hero section animado, beneficios clave, llamado a la acci\u00f3n y bloques de funcionalidades<\/strong><\/p><\/li><li data-start=\"2704\" data-end=\"2819\"><p data-start=\"2706\" data-end=\"2819\"><strong data-start=\"2706\" data-end=\"2817\">Secciones dedicadas para mostrar caracter\u00edsticas del software, ventajas competitivas y capturas de pantalla<\/strong><\/p><\/li><li data-start=\"2820\" data-end=\"2907\"><p data-start=\"2822\" data-end=\"2907\"><strong data-start=\"2822\" data-end=\"2905\">Integraci\u00f3n con videos promocionales, demos o recorridos virtuales de productos<\/strong><\/p><\/li><li data-start=\"2908\" data-end=\"3008\"><p data-start=\"2910\" data-end=\"3008\"><strong data-start=\"2910\" data-end=\"3006\">P\u00e1gina de precios con tablas comparativas, planes mensuales\/anuales y botones de suscripci\u00f3n<\/strong><\/p><\/li><li data-start=\"3009\" data-end=\"3092\"><p data-start=\"3011\" data-end=\"3092\"><strong data-start=\"3011\" data-end=\"3090\">Formulario de contacto y formulario de prueba gratuita o demo personalizada<\/strong><\/p><\/li><li data-start=\"3093\" data-end=\"3197\"><p data-start=\"3095\" data-end=\"3197\"><strong data-start=\"3095\" data-end=\"3195\">Blog t\u00e9cnico para publicar noticias de la industria, tutoriales, actualizaciones y contenido SEO<\/strong><\/p><\/li><li data-start=\"3198\" data-end=\"3289\"><p data-start=\"3200\" data-end=\"3289\"><strong data-start=\"3200\" data-end=\"3287\">Dise\u00f1o limpio, con colores personalizables, tipograf\u00eda moderna y estructura modular<\/strong><\/p><\/li><li data-start=\"3290\" data-end=\"3385\"><p data-start=\"3292\" data-end=\"3385\"><strong data-start=\"3292\" data-end=\"3383\">Men\u00fa intuitivo con navegaci\u00f3n fluida entre p\u00e1ginas de producto, soporte, contacto y m\u00e1s<\/strong><\/p><\/li><li data-start=\"3386\" data-end=\"3483\"><p data-start=\"3388\" data-end=\"3483\"><strong data-start=\"3388\" data-end=\"3481\">Soporte para testimonios, logos de clientes y secciones de casos de \u00e9xito o integraciones<\/strong><\/p><\/li><li data-start=\"3484\" data-end=\"3562\"><p data-start=\"3486\" data-end=\"3562\"><strong data-start=\"3486\" data-end=\"3560\">Compatibilidad multilinguaje para soluciones con alcance internacional<\/strong><\/p><\/li><li data-start=\"3563\" data-end=\"3632\"><p data-start=\"3565\" data-end=\"3632\"><strong data-start=\"3565\" data-end=\"3632\">Incluye documentaci\u00f3n detallada y soporte t\u00e9cnico especializado<\/strong><\/p><\/li><\/ul><h3 data-start=\"3634\" data-end=\"3715\"><strong data-start=\"3638\" data-end=\"3715\">\u00bfPor qu\u00e9 elegir Abluqser Software And App Joomla Templates para tu sitio?<\/strong><\/h3><p data-start=\"3717\" data-end=\"4122\">Porque fue creado pensando en las necesidades reales de las empresas tecnol\u00f3gicas: explicar funcionalidades complejas de forma sencilla, captar leads desde el sitio, generar confianza y escalar digitalmente. Abluqser Software And App Joomla Templates permite comunicar el valor de tu producto con dise\u00f1o profesional, navegaci\u00f3n clara y una experiencia optimizada para convertir visitantes en usuarios.<\/p><p data-start=\"4124\" data-end=\"4263\">Adem\u00e1s, Joomla ofrece una base s\u00f3lida, segura y escalable para proyectos que crecen r\u00e1pido y necesitan flexibilidad sin perder estabilidad.<\/p><h3 data-start=\"4265\" data-end=\"4283\"><strong data-start=\"4269\" data-end=\"4283\">Conclusion<\/strong><\/h3><p data-start=\"4285\" data-end=\"4641\">Abluqser Software And App Joomla Templates es la elecci\u00f3n ideal para negocios tecnol\u00f3gicos que desean posicionarse como l\u00edderes en innovaci\u00f3n digital. Su dise\u00f1o moderno, funcionalidades espec\u00edficas para productos tech y capacidad de personalizaci\u00f3n lo convierten en una herramienta estrat\u00e9gica para crear un sitio web que informa, convence y convierte.<\/p><p data-start=\"4643\" data-end=\"4833\">Si tu empresa desarrolla software, apps o soluciones digitales, Abluqser Software And App Joomla Templates es la base perfecta para mostrar tu propuesta al mundo con estilo y eficiencia.<\/p>\t\t\t\t\t\t\t\t<\/div>\n\t\t\t\t<\/div>\n\t\t\t\t\t<\/div>\n\t\t\t\t<\/div>\n\t\t\t\t<\/div>","protected":false},"excerpt":{"rendered":"<p>Abluqser Software And App Joomla Templates Abluqser Software And App Joomla Templates es una plantilla premium dise\u00f1ada espec\u00edficamente para empresas<\/p>","protected":false},"featured_media":79625,"comment_status":"closed","ping_status":"closed","template":"","meta":{"_acf_changed":false},"product_brand":[],"product_cat":[604],"product_tag":[177,461],"class_list":{"0":"post-79723","1":"product","2":"type-product","3":"status-publish","4":"has-post-thumbnail","6":"product_cat-joomla-themes","7":"product_tag-otros-productos-miscelaneos","8":"product_tag-temas-para-tecnologia-y-webhosting","9":"pa_autores-templatemonster","11":"first","12":"instock","13":"sale","14":"downloadable","15":"virtual","16":"sold-individually","17":"purchasable","18":"product-type-simple"},"acf":[],"_links":{"self":[{"href":"https:\/\/wpclub.pro\/en\/wp-json\/wp\/v2\/product\/79723","targetHints":{"allow":["GET"]}}],"collection":[{"href":"https:\/\/wpclub.pro\/en\/wp-json\/wp\/v2\/product"}],"about":[{"href":"https:\/\/wpclub.pro\/en\/wp-json\/wp\/v2\/types\/product"}],"replies":[{"embeddable":true,"href":"https:\/\/wpclub.pro\/en\/wp-json\/wp\/v2\/comments?post=79723"}],"version-history":[{"count":0,"href":"https:\/\/wpclub.pro\/en\/wp-json\/wp\/v2\/product\/79723\/revisions"}],"wp:featuredmedia":[{"embeddable":true,"href":"https:\/\/wpclub.pro\/en\/wp-json\/wp\/v2\/media\/79625"}],"wp:attachment":[{"href":"https:\/\/wpclub.pro\/en\/wp-json\/wp\/v2\/media?parent=79723"}],"wp:term":[{"taxonomy":"product_brand","embeddable":true,"href":"https:\/\/wpclub.pro\/en\/wp-json\/wp\/v2\/product_brand?post=79723"},{"taxonomy":"product_cat","embeddable":true,"href":"https:\/\/wpclub.pro\/en\/wp-json\/wp\/v2\/product_cat?post=79723"},{"taxonomy":"product_tag","embeddable":true,"href":"https:\/\/wpclub.pro\/en\/wp-json\/wp\/v2\/product_tag?post=79723"}],"curies":[{"name":"wp","href":"https:\/\/api.w.org\/{rel}","templated":true}]}}