{"id":79766,"date":"2025-05-27T11:15:11","date_gmt":"2025-05-27T15:15:11","guid":{"rendered":"https:\/\/wpclub.pro\/?post_type=product&#038;p=79766"},"modified":"2025-08-25T13:53:30","modified_gmt":"2025-08-25T17:53:30","slug":"wc-vendors-woocommerce-simple-auctions","status":"publish","type":"product","link":"https:\/\/wpclub.pro\/en\/item\/wc-vendors-woocommerce-simple-auctions\/","title":{"rendered":"WC Vendors WooCommerce Simple Auctions 1.2.4.1"},"content":{"rendered":"<div data-elementor-type=\"product-post\" data-elementor-id=\"79766\" class=\"elementor elementor-79766\" data-elementor-post-type=\"product\">\n\t\t\t\t<div class=\"wd-negative-gap elementor-element elementor-element-6c2b601a e-flex e-con-boxed e-con e-parent\" data-id=\"6c2b601a\" data-element_type=\"container\" data-e-type=\"container\">\n\t\t\t\t\t<div class=\"e-con-inner\">\n\t\t\t\t<div class=\"elementor-element elementor-element-79e6ac9e color-scheme-inherit text-left elementor-widget elementor-widget-text-editor\" data-id=\"79e6ac9e\" data-element_type=\"widget\" data-e-type=\"widget\" data-widget_type=\"text-editor.default\">\n\t\t\t\t<div class=\"elementor-widget-container\">\n\t\t\t\t\t\t\t\t\t<h2 data-start=\"342\" data-end=\"397\"><strong data-start=\"346\" data-end=\"397\">WC Vendors WooCommerce Simple Auctions<\/strong><\/h2><p data-start=\"399\" data-end=\"811\">WC Vendors WooCommerce Simple Auctions es un complemento que integra las funciones de subastas del plugin WooCommerce Simple Auctions con la potente plataforma de marketplace multivendedor WC Vendors. Esta integraci\u00f3n permite que cada vendedor dentro del marketplace pueda crear, gestionar y controlar sus propias subastas directamente desde su panel, sin necesidad de acceso al backend de WordPress.<\/p><p data-start=\"813\" data-end=\"1026\">Gracias a WC Vendors WooCommerce Simple Auctions, es posible transformar una tienda WooCommerce en un marketplace de subastas profesional, donde m\u00faltiples vendedores compiten por atraer ofertas en tiempo real.<\/p><h3 data-start=\"1028\" data-end=\"1091\"><strong data-start=\"1032\" data-end=\"1091\">\u00bfPara qu\u00e9 sirve WC Vendors WooCommerce Simple Auctions?<\/strong><\/h3><p data-start=\"1093\" data-end=\"1415\">WC Vendors WooCommerce Simple Auctions sirve para habilitar subastas multivendedor en tu sitio WooCommerce. Con esta extensi\u00f3n, cada vendedor puede crear productos tipo subasta, configurar precios iniciales, incrementos m\u00ednimos, precios de compra inmediata, duraci\u00f3n de la subasta, y m\u00e1s, todo desde su panel frontend.<\/p><p data-start=\"1417\" data-end=\"1707\">Es ideal para marketplaces de coleccionistas, tiendas de antig\u00fcedades, ecommerce de art\u00edculos \u00fanicos, productos de segunda mano, obras de arte, subastas ben\u00e9ficas, o cualquier plataforma que busque generar interacci\u00f3n din\u00e1mica entre vendedores y compradores mediante ofertas en tiempo real.<\/p><h3 data-start=\"1709\" data-end=\"1774\"><strong data-start=\"1713\" data-end=\"1774\">Beneficios de usar WC Vendors WooCommerce Simple Auctions<\/strong><\/h3><ul data-start=\"1776\" data-end=\"2399\"><li data-start=\"1776\" data-end=\"1864\"><p data-start=\"1778\" data-end=\"1864\"><strong data-start=\"1778\" data-end=\"1862\">Permite a m\u00faltiples vendedores crear y gestionar sus propias subastas f\u00e1cilmente<\/strong><\/p><\/li><li data-start=\"1865\" data-end=\"1945\"><p data-start=\"1867\" data-end=\"1945\"><strong data-start=\"1867\" data-end=\"1943\">Total integraci\u00f3n con el sistema de comisiones y pagos de WC Vendors Pro<\/strong><\/p><\/li><li data-start=\"1946\" data-end=\"2032\"><p data-start=\"1948\" data-end=\"2032\"><strong data-start=\"1948\" data-end=\"2030\">Ofrece una experiencia de usuario tipo eBay o MercadoLibre para tu marketplace<\/strong><\/p><\/li><li data-start=\"2033\" data-end=\"2103\"><p data-start=\"2035\" data-end=\"2103\"><strong data-start=\"2035\" data-end=\"2101\">Impulsa la competitividad y el dinamismo en tu sitio de ventas<\/strong><\/p><\/li><li data-start=\"2104\" data-end=\"2173\"><p data-start=\"2106\" data-end=\"2173\"><strong data-start=\"2106\" data-end=\"2171\">F\u00e1cil de usar tanto para administradores como para vendedores<\/strong><\/p><\/li><li data-start=\"2174\" data-end=\"2249\"><p data-start=\"2176\" data-end=\"2249\"><strong data-start=\"2176\" data-end=\"2247\">Compatible con m\u00e9todos de pago de WooCommerce y pasarelas populares<\/strong><\/p><\/li><li data-start=\"2250\" data-end=\"2319\"><p data-start=\"2252\" data-end=\"2319\"><strong data-start=\"2252\" data-end=\"2317\">Ideal para productos \u00fanicos, usados o con valor coleccionable<\/strong><\/p><\/li><li data-start=\"2320\" data-end=\"2399\"><p data-start=\"2322\" data-end=\"2399\"><strong data-start=\"2322\" data-end=\"2399\">Mejora la tasa de participaci\u00f3n de usuarios mediante pujas en tiempo real<\/strong><\/p><\/li><\/ul><h3 data-start=\"2401\" data-end=\"2478\"><strong data-start=\"2405\" data-end=\"2478\">Caracter\u00edsticas principales de WC Vendors WooCommerce Simple Auctions<\/strong><\/h3><ul data-start=\"2480\" data-end=\"3324\"><li data-start=\"2480\" data-end=\"2564\"><p data-start=\"2482\" data-end=\"2564\"><strong data-start=\"2482\" data-end=\"2562\">Permite a los vendedores crear subastas directamente desde su panel frontend<\/strong><\/p><\/li><li data-start=\"2565\" data-end=\"2623\"><p data-start=\"2567\" data-end=\"2623\"><strong data-start=\"2567\" data-end=\"2621\">Soporte para subastas est\u00e1ndar y subastas reversas<\/strong><\/p><\/li><li data-start=\"2624\" data-end=\"2729\"><p data-start=\"2626\" data-end=\"2729\"><strong data-start=\"2626\" data-end=\"2727\">Configuraci\u00f3n de precio inicial, incremento m\u00ednimo, precio de compra inmediata y precio reservado<\/strong><\/p><\/li><li data-start=\"2730\" data-end=\"2810\"><p data-start=\"2732\" data-end=\"2810\"><strong data-start=\"2732\" data-end=\"2808\">Programaci\u00f3n de fechas de inicio y fin de subasta por parte del vendedor<\/strong><\/p><\/li><li data-start=\"2811\" data-end=\"2899\"><p data-start=\"2813\" data-end=\"2899\"><strong data-start=\"2813\" data-end=\"2897\">Sistema automatizado de pujas con notificaciones para los usuarios participantes<\/strong><\/p><\/li><li data-start=\"2900\" data-end=\"2993\"><p data-start=\"2902\" data-end=\"2993\"><strong data-start=\"2902\" data-end=\"2991\">Compatible con comisiones por venta o subasta ganada, seg\u00fan el modelo del marketplace<\/strong><\/p><\/li><li data-start=\"2994\" data-end=\"3104\"><p data-start=\"2996\" data-end=\"3104\"><strong data-start=\"2996\" data-end=\"3102\">Panel de control intuitivo para que los vendedores vean sus subastas activas, finalizadas y pendientes<\/strong><\/p><\/li><li data-start=\"3105\" data-end=\"3186\"><p data-start=\"3107\" data-end=\"3186\"><strong data-start=\"3107\" data-end=\"3184\">Sistema de gesti\u00f3n de ganadores, pagos y env\u00edos integrado con WooCommerce<\/strong><\/p><\/li><li data-start=\"3187\" data-end=\"3242\"><p data-start=\"3189\" data-end=\"3242\"><strong data-start=\"3189\" data-end=\"3240\">Compatible con WC Vendors Free y WC Vendors Pro<\/strong><\/p><\/li><li data-start=\"3243\" data-end=\"3324\"><p data-start=\"3245\" data-end=\"3324\"><strong data-start=\"3245\" data-end=\"3324\">Dise\u00f1o adaptable y compatible con temas modernos y populares de WooCommerce<\/strong><\/p><\/li><\/ul><h3 data-start=\"3326\" data-end=\"3409\"><strong data-start=\"3330\" data-end=\"3409\">\u00bfPor qu\u00e9 elegir WC Vendors WooCommerce Simple Auctions para tu marketplace?<\/strong><\/h3><p data-start=\"3411\" data-end=\"3861\">Porque a\u00f1ade una funcionalidad poderosa y diferenciadora a tu marketplace: la posibilidad de vender mediante subastas. WC Vendors WooCommerce Simple Auctions convierte tu sitio WooCommerce multivendedor en una plataforma din\u00e1mica donde los productos pueden generar m\u00e1s valor a trav\u00e9s de la competencia entre compradores. Adem\u00e1s, otorga a cada vendedor control total sobre sus subastas, sin comprometer la seguridad ni la administraci\u00f3n del sitio.<\/p><p data-start=\"3863\" data-end=\"4078\">Ya sea que gestiones un sitio de arte, objetos de colecci\u00f3n, tecnolog\u00eda reacondicionada o productos \u00fanicos, esta integraci\u00f3n te ofrece todas las herramientas necesarias para llevar tu marketplace al siguiente nivel.<\/p><h3 data-start=\"4080\" data-end=\"4098\"><strong data-start=\"4084\" data-end=\"4098\">Conclusion<\/strong><\/h3><p data-start=\"4100\" data-end=\"4484\">WC Vendors WooCommerce Simple Auctions es la soluci\u00f3n ideal para marketplaces que desean combinar el poder de las subastas con un entorno multivendedor profesional. Su integraci\u00f3n fluida, panel intuitivo y enfoque en la experiencia del usuario hacen de este plugin una herramienta indispensable para sitios que buscan dinamismo, exclusividad y una comunidad de compradores activa.<\/p><p data-start=\"4486\" data-end=\"4685\">Si deseas ofrecer a tus vendedores una forma innovadora de vender y a tus compradores una experiencia emocionante, WC Vendors WooCommerce Simple Auctions es la herramienta perfecta para lograrlo.<\/p>\t\t\t\t\t\t\t\t<\/div>\n\t\t\t\t<\/div>\n\t\t\t\t\t<\/div>\n\t\t\t\t<\/div>\n\t\t\t\t<\/div>","protected":false},"excerpt":{"rendered":"<p>WC Vendors WooCommerce Simple Auctions WC Vendors WooCommerce Simple Auctions es un complemento que integra las funciones de subastas del<\/p>","protected":false},"featured_media":79770,"comment_status":"closed","ping_status":"closed","template":"","meta":{"_acf_changed":false},"product_brand":[],"product_cat":[67],"product_tag":[623],"class_list":{"0":"post-79766","1":"product","2":"type-product","3":"status-publish","4":"has-post-thumbnail","6":"product_cat-wordpress-plugins","7":"product_tag-plugins-para-marketplace","8":"pa_autores-wc-vendors","10":"first","11":"instock","12":"sale","13":"downloadable","14":"virtual","15":"sold-individually","16":"purchasable","17":"product-type-simple"},"acf":[],"_links":{"self":[{"href":"https:\/\/wpclub.pro\/en\/wp-json\/wp\/v2\/product\/79766","targetHints":{"allow":["GET"]}}],"collection":[{"href":"https:\/\/wpclub.pro\/en\/wp-json\/wp\/v2\/product"}],"about":[{"href":"https:\/\/wpclub.pro\/en\/wp-json\/wp\/v2\/types\/product"}],"replies":[{"embeddable":true,"href":"https:\/\/wpclub.pro\/en\/wp-json\/wp\/v2\/comments?post=79766"}],"version-history":[{"count":0,"href":"https:\/\/wpclub.pro\/en\/wp-json\/wp\/v2\/product\/79766\/revisions"}],"wp:featuredmedia":[{"embeddable":true,"href":"https:\/\/wpclub.pro\/en\/wp-json\/wp\/v2\/media\/79770"}],"wp:attachment":[{"href":"https:\/\/wpclub.pro\/en\/wp-json\/wp\/v2\/media?parent=79766"}],"wp:term":[{"taxonomy":"product_brand","embeddable":true,"href":"https:\/\/wpclub.pro\/en\/wp-json\/wp\/v2\/product_brand?post=79766"},{"taxonomy":"product_cat","embeddable":true,"href":"https:\/\/wpclub.pro\/en\/wp-json\/wp\/v2\/product_cat?post=79766"},{"taxonomy":"product_tag","embeddable":true,"href":"https:\/\/wpclub.pro\/en\/wp-json\/wp\/v2\/product_tag?post=79766"}],"curies":[{"name":"wp","href":"https:\/\/api.w.org\/{rel}","templated":true}]}}