{"id":79773,"date":"2025-05-27T11:22:00","date_gmt":"2025-05-27T15:22:00","guid":{"rendered":"https:\/\/wpclub.pro\/?post_type=product&#038;p=79773"},"modified":"2025-08-25T13:53:30","modified_gmt":"2025-08-25T17:53:30","slug":"wc-vendors-membership","status":"publish","type":"product","link":"https:\/\/wpclub.pro\/en\/item\/wc-vendors-membership\/","title":{"rendered":"WC Vendors Membership 1.2.2"},"content":{"rendered":"<div data-elementor-type=\"product-post\" data-elementor-id=\"79773\" class=\"elementor elementor-79773\" data-elementor-post-type=\"product\">\n\t\t\t\t<div class=\"wd-negative-gap elementor-element elementor-element-6c2b601a e-flex e-con-boxed e-con e-parent\" data-id=\"6c2b601a\" data-element_type=\"container\" data-e-type=\"container\">\n\t\t\t\t\t<div class=\"e-con-inner\">\n\t\t\t\t<div class=\"elementor-element elementor-element-79e6ac9e color-scheme-inherit text-left elementor-widget elementor-widget-text-editor\" data-id=\"79e6ac9e\" data-element_type=\"widget\" data-e-type=\"widget\" data-widget_type=\"text-editor.default\">\n\t\t\t\t<div class=\"elementor-widget-container\">\n\t\t\t\t\t\t\t\t\t<h2 data-start=\"325\" data-end=\"363\"><strong data-start=\"329\" data-end=\"363\">WC Vendors Membership<\/strong><\/h2><p data-start=\"365\" data-end=\"788\">WC Vendors Membership es una extensi\u00f3n premium dise\u00f1ada para a\u00f1adir funcionalidades de suscripci\u00f3n y control de acceso dentro de un marketplace construido con WC Vendors y WooCommerce. Este complemento permite al administrador del sitio crear planes de membres\u00eda para vendedores, establecer tarifas recurrentes o \u00fanicas, y definir qu\u00e9 caracter\u00edsticas o permisos estar\u00e1n disponibles en cada nivel de suscripci\u00f3n.<\/p><p data-start=\"790\" data-end=\"1041\">Gracias a WC Vendors Membership, puedes transformar tu marketplace en una plataforma basada en planes pagos, generando ingresos recurrentes mientras gestionas el acceso de los vendedores a herramientas, productos y secciones espec\u00edficas del sitio.<\/p><h3 data-start=\"1043\" data-end=\"1089\"><strong data-start=\"1047\" data-end=\"1089\">\u00bfPara qu\u00e9 sirve WC Vendors Membership?<\/strong><\/h3><p data-start=\"1091\" data-end=\"1452\">WC Vendors Membership sirve para controlar qu\u00e9 vendedores pueden unirse a tu marketplace y qu\u00e9 funcionalidades pueden utilizar, en funci\u00f3n del plan de membres\u00eda al que se suscriban. Puedes ofrecer diferentes niveles con distintas ventajas: n\u00famero de productos permitidos, comisiones preferenciales, acceso a funcionalidades exclusivas o soporte prioritario.<\/p><p data-start=\"1454\" data-end=\"1656\">Es ideal para marketplaces que desean monetizar la participaci\u00f3n de los vendedores mediante suscripciones, filtrar el tipo de vendedores que se registran y profesionalizar el entorno de ventas en l\u00ednea.<\/p><h3 data-start=\"1658\" data-end=\"1706\"><strong data-start=\"1662\" data-end=\"1706\">Beneficios de usar WC Vendors Membership<\/strong><\/h3><ul data-start=\"1708\" data-end=\"2387\"><li data-start=\"1708\" data-end=\"1795\"><p data-start=\"1710\" data-end=\"1795\"><strong data-start=\"1710\" data-end=\"1793\">Genera ingresos recurrentes cobrando por el acceso de vendedores al marketplace<\/strong><\/p><\/li><li data-start=\"1796\" data-end=\"1872\"><p data-start=\"1798\" data-end=\"1872\"><strong data-start=\"1798\" data-end=\"1870\">Control total sobre lo que cada plan de membres\u00eda puede o no ofrecer<\/strong><\/p><\/li><li data-start=\"1873\" data-end=\"1977\"><p data-start=\"1875\" data-end=\"1977\"><strong data-start=\"1875\" data-end=\"1975\">Mejora la calidad de tu marketplace limitando el acceso solo a vendedores serios o comprometidos<\/strong><\/p><\/li><li data-start=\"1978\" data-end=\"2074\"><p data-start=\"1980\" data-end=\"2074\"><strong data-start=\"1980\" data-end=\"2072\">F\u00e1cil integraci\u00f3n con WooCommerce Subscriptions y pasarelas de pago como Stripe o PayPal<\/strong><\/p><\/li><li data-start=\"2075\" data-end=\"2166\"><p data-start=\"2077\" data-end=\"2166\"><strong data-start=\"2077\" data-end=\"2164\">Aumenta la profesionalizaci\u00f3n del sitio al ofrecer niveles escalables de beneficios<\/strong><\/p><\/li><li data-start=\"2167\" data-end=\"2250\"><p data-start=\"2169\" data-end=\"2250\"><strong data-start=\"2169\" data-end=\"2248\">Automatiza el proceso de aprobaci\u00f3n, renovaci\u00f3n y cancelaci\u00f3n de membres\u00edas<\/strong><\/p><\/li><li data-start=\"2251\" data-end=\"2306\"><p data-start=\"2253\" data-end=\"2306\"><strong data-start=\"2253\" data-end=\"2304\">Compatible con WC Vendors Free y WC Vendors Pro<\/strong><\/p><\/li><li data-start=\"2307\" data-end=\"2387\"><p data-start=\"2309\" data-end=\"2387\"><strong data-start=\"2309\" data-end=\"2387\">Mejora la gesti\u00f3n de usuarios y reduce el spam de registros no calificados<\/strong><\/p><\/li><\/ul><h3 data-start=\"2389\" data-end=\"2449\"><strong data-start=\"2393\" data-end=\"2449\">Caracter\u00edsticas principales de WC Vendors Membership<\/strong><\/h3><ul data-start=\"2451\" data-end=\"3315\"><li data-start=\"2451\" data-end=\"2553\"><p data-start=\"2453\" data-end=\"2553\"><strong data-start=\"2453\" data-end=\"2498\">Creaci\u00f3n ilimitada de planes de membres\u00eda<\/strong>: gratuitos o pagos, con tarifas \u00fanicas o recurrentes<\/p><\/li><li data-start=\"2554\" data-end=\"2657\"><p data-start=\"2556\" data-end=\"2657\"><strong data-start=\"2556\" data-end=\"2582\">Restricciones por plan<\/strong>: n\u00famero de productos, tipos de productos, visibilidad de funciones y m\u00e1s<\/p><\/li><li data-start=\"2658\" data-end=\"2733\"><p data-start=\"2660\" data-end=\"2733\"><strong data-start=\"2660\" data-end=\"2731\">Compatibilidad con WooCommerce Subscriptions para pagos autom\u00e1ticos<\/strong><\/p><\/li><li data-start=\"2734\" data-end=\"2811\"><p data-start=\"2736\" data-end=\"2811\"><strong data-start=\"2736\" data-end=\"2809\">Proceso de registro simplificado y automatizado seg\u00fan el plan elegido<\/strong><\/p><\/li><li data-start=\"2812\" data-end=\"2908\"><p data-start=\"2814\" data-end=\"2908\"><strong data-start=\"2814\" data-end=\"2906\">P\u00e1ginas dedicadas para mostrar planes de membres\u00eda con descripci\u00f3n, precios y beneficios<\/strong><\/p><\/li><li data-start=\"2909\" data-end=\"2999\"><p data-start=\"2911\" data-end=\"2999\"><strong data-start=\"2911\" data-end=\"2997\">Cancelaci\u00f3n, renovaci\u00f3n y cambio de plan gestionado autom\u00e1ticamente por el sistema<\/strong><\/p><\/li><li data-start=\"3000\" data-end=\"3086\"><p data-start=\"3002\" data-end=\"3086\"><strong data-start=\"3002\" data-end=\"3084\">Panel del vendedor con vista clara del estado de su membres\u00eda y sus beneficios<\/strong><\/p><\/li><li data-start=\"3087\" data-end=\"3162\"><p data-start=\"3089\" data-end=\"3162\"><strong data-start=\"3089\" data-end=\"3160\">Integraci\u00f3n con el sistema de comisiones y reglas de WC Vendors Pro<\/strong><\/p><\/li><li data-start=\"3163\" data-end=\"3239\"><p data-start=\"3165\" data-end=\"3239\"><strong data-start=\"3165\" data-end=\"3237\">Soporte para upgrades y downgrades de planes con ajustes autom\u00e1ticos<\/strong><\/p><\/li><li data-start=\"3240\" data-end=\"3315\"><p data-start=\"3242\" data-end=\"3315\"><strong data-start=\"3242\" data-end=\"3315\">Dise\u00f1o adaptable y funcional con los principales temas de WooCommerce<\/strong><\/p><\/li><\/ul><h3 data-start=\"3317\" data-end=\"3383\"><strong data-start=\"3321\" data-end=\"3383\">\u00bfPor qu\u00e9 elegir WC Vendors Membership para tu marketplace?<\/strong><\/h3><p data-start=\"3385\" data-end=\"3816\">Porque te permite monetizar tu plataforma de forma sostenible y profesional. WC Vendors Membership no solo te ayuda a generar ingresos mediante suscripciones, sino que tambi\u00e9n mejora el control sobre qui\u00e9n publica productos, cu\u00e1nto pueden publicar y qu\u00e9 herramientas tienen disponibles. Esto te da la capacidad de escalar tu negocio y atraer vendedores de calidad, ofreciendo beneficios diferenciados y ajustados a cada perfil.<\/p><p data-start=\"3818\" data-end=\"3936\">Adem\u00e1s, su integraci\u00f3n con WooCommerce y su flexibilidad lo hacen ideal para marketplaces de cualquier tama\u00f1o o nicho.<\/p><h3 data-start=\"3938\" data-end=\"3956\"><strong data-start=\"3942\" data-end=\"3956\">Conclusion<\/strong><\/h3><p data-start=\"3958\" data-end=\"4295\">WC Vendors Membership es la herramienta perfecta para marketplaces que buscan implementar un modelo de membres\u00eda escalable, rentable y controlado. Su compatibilidad total con WooCommerce y WC Vendors lo convierte en una soluci\u00f3n integral para limitar acceso, definir beneficios por plan y profesionalizar tu ecosistema de vendedores.<\/p><p data-start=\"4297\" data-end=\"4482\">Si est\u00e1s listo para transformar tu marketplace en una plataforma de suscripci\u00f3n inteligente, WC Vendors Membership es la extensi\u00f3n que necesitas para hacerlo con eficacia y control.<\/p>\t\t\t\t\t\t\t\t<\/div>\n\t\t\t\t<\/div>\n\t\t\t\t\t<\/div>\n\t\t\t\t<\/div>\n\t\t\t\t<\/div>","protected":false},"excerpt":{"rendered":"<p>WC Vendors Membership WC Vendors Membership es una extensi\u00f3n premium dise\u00f1ada para a\u00f1adir funcionalidades de suscripci\u00f3n y control de acceso<\/p>","protected":false},"featured_media":79777,"comment_status":"closed","ping_status":"closed","template":"","meta":{"_acf_changed":false},"product_brand":[],"product_cat":[67],"product_tag":[623],"class_list":{"0":"post-79773","1":"product","2":"type-product","3":"status-publish","4":"has-post-thumbnail","6":"product_cat-wordpress-plugins","7":"product_tag-plugins-para-marketplace","8":"pa_autores-wc-vendors","10":"first","11":"instock","12":"sale","13":"downloadable","14":"virtual","15":"sold-individually","16":"purchasable","17":"product-type-simple"},"acf":[],"_links":{"self":[{"href":"https:\/\/wpclub.pro\/en\/wp-json\/wp\/v2\/product\/79773","targetHints":{"allow":["GET"]}}],"collection":[{"href":"https:\/\/wpclub.pro\/en\/wp-json\/wp\/v2\/product"}],"about":[{"href":"https:\/\/wpclub.pro\/en\/wp-json\/wp\/v2\/types\/product"}],"replies":[{"embeddable":true,"href":"https:\/\/wpclub.pro\/en\/wp-json\/wp\/v2\/comments?post=79773"}],"version-history":[{"count":0,"href":"https:\/\/wpclub.pro\/en\/wp-json\/wp\/v2\/product\/79773\/revisions"}],"wp:featuredmedia":[{"embeddable":true,"href":"https:\/\/wpclub.pro\/en\/wp-json\/wp\/v2\/media\/79777"}],"wp:attachment":[{"href":"https:\/\/wpclub.pro\/en\/wp-json\/wp\/v2\/media?parent=79773"}],"wp:term":[{"taxonomy":"product_brand","embeddable":true,"href":"https:\/\/wpclub.pro\/en\/wp-json\/wp\/v2\/product_brand?post=79773"},{"taxonomy":"product_cat","embeddable":true,"href":"https:\/\/wpclub.pro\/en\/wp-json\/wp\/v2\/product_cat?post=79773"},{"taxonomy":"product_tag","embeddable":true,"href":"https:\/\/wpclub.pro\/en\/wp-json\/wp\/v2\/product_tag?post=79773"}],"curies":[{"name":"wp","href":"https:\/\/api.w.org\/{rel}","templated":true}]}}