{"id":79794,"date":"2026-05-13T11:33:23","date_gmt":"2026-05-13T15:33:23","guid":{"rendered":"https:\/\/wpclub.pro\/?post_type=product&#038;p=79794"},"modified":"2026-05-13T11:34:30","modified_gmt":"2026-05-13T15:34:30","slug":"wc-vendors-woocommerce-subscriptions","status":"publish","type":"product","link":"https:\/\/wpclub.pro\/en\/item\/wc-vendors-woocommerce-subscriptions\/","title":{"rendered":"WC Vendors WooCommerce Subscriptions 1.1.6"},"content":{"rendered":"<div data-elementor-type=\"product-post\" data-elementor-id=\"79794\" class=\"elementor elementor-79794\" data-elementor-post-type=\"product\">\n\t\t\t\t<div class=\"wd-negative-gap elementor-element elementor-element-6c2b601a e-flex e-con-boxed e-con e-parent\" data-id=\"6c2b601a\" data-element_type=\"container\" data-e-type=\"container\">\n\t\t\t\t\t<div class=\"e-con-inner\">\n\t\t\t\t<div class=\"elementor-element elementor-element-79e6ac9e color-scheme-inherit text-left elementor-widget elementor-widget-text-editor\" data-id=\"79e6ac9e\" data-element_type=\"widget\" data-e-type=\"widget\" data-widget_type=\"text-editor.default\">\n\t\t\t\t<div class=\"elementor-widget-container\">\n\t\t\t\t\t\t\t\t\t<h2 data-start=\"340\" data-end=\"393\"><strong data-start=\"344\" data-end=\"393\">WC Vendors WooCommerce Subscriptions<\/strong><\/h2><p data-start=\"395\" data-end=\"886\">WC Vendors WooCommerce Subscriptions es una extensi\u00f3n avanzada que permite integrar el potente plugin WooCommerce Subscriptions con WC Vendors, habilitando as\u00ed que los vendedores de un marketplace puedan ofrecer productos y servicios por suscripci\u00f3n directamente desde su propio panel. Esta integraci\u00f3n convierte cualquier sitio WooCommerce multivendedor en una plataforma capaz de vender membres\u00edas, cajas por suscripci\u00f3n, servicios recurrentes, contenido exclusivo y mucho m\u00e1s.<\/p><p data-start=\"888\" data-end=\"1123\">Con WC Vendors WooCommerce Subscriptions, cada vendedor puede crear y gestionar sus propias suscripciones, establecer precios recurrentes, definir periodos de facturaci\u00f3n y administrar renovaciones, todo desde la interfaz frontend.<\/p><h3 data-start=\"1125\" data-end=\"1186\"><strong data-start=\"1129\" data-end=\"1186\">\u00bfPara qu\u00e9 sirve WC Vendors WooCommerce Subscriptions?<\/strong><\/h3><p data-start=\"1188\" data-end=\"1585\">WC Vendors WooCommerce Subscriptions sirve para permitir a m\u00faltiples vendedores ofrecer productos o servicios con pagos recurrentes en un marketplace WooCommerce. Gracias a esta extensi\u00f3n, los vendedores pueden monetizar a largo plazo a trav\u00e9s de modelos como suscripci\u00f3n mensual, anual, semanal o personalizada, y brindar acceso continuo a productos f\u00edsicos, digitales o servicios exclusivos.<\/p><p data-start=\"1587\" data-end=\"1792\">Es ideal para marketplaces de contenido premium, productos en cajas mensuales, cursos online, clubes de membres\u00eda, licencias de software, servicios de mantenimiento, o suscripciones a asesor\u00edas y coaching.<\/p><h3 data-start=\"1794\" data-end=\"1857\"><strong data-start=\"1798\" data-end=\"1857\">Beneficios de usar WC Vendors WooCommerce Subscriptions<\/strong><\/h3><ul data-start=\"1859\" data-end=\"2542\"><li data-start=\"1859\" data-end=\"1948\"><p data-start=\"1861\" data-end=\"1948\"><strong data-start=\"1861\" data-end=\"1946\">Permite a cada vendedor ofrecer sus propios productos o servicios por suscripci\u00f3n<\/strong><\/p><\/li><li data-start=\"1949\" data-end=\"2029\"><p data-start=\"1951\" data-end=\"2029\"><strong data-start=\"1951\" data-end=\"2027\">Total integraci\u00f3n con el sistema de comisiones y pagos de WC Vendors Pro<\/strong><\/p><\/li><li data-start=\"2030\" data-end=\"2125\"><p data-start=\"2032\" data-end=\"2125\"><strong data-start=\"2032\" data-end=\"2123\">F\u00e1cil de usar desde el frontend: sin necesidad de que los vendedores accedan al backend<\/strong><\/p><\/li><li data-start=\"2126\" data-end=\"2210\"><p data-start=\"2128\" data-end=\"2210\"><strong data-start=\"2128\" data-end=\"2208\">Incrementa el valor de vida del cliente con ingresos recurrentes predecibles<\/strong><\/p><\/li><li data-start=\"2211\" data-end=\"2296\"><p data-start=\"2213\" data-end=\"2296\"><strong data-start=\"2213\" data-end=\"2294\">Ideal para negocios basados en fidelizaci\u00f3n, membres\u00edas o entregas peri\u00f3dicas<\/strong><\/p><\/li><li data-start=\"2297\" data-end=\"2383\"><p data-start=\"2299\" data-end=\"2383\"><strong data-start=\"2299\" data-end=\"2381\">Compatible con Stripe, PayPal y otras pasarelas que soportan pagos recurrentes<\/strong><\/p><\/li><li data-start=\"2384\" data-end=\"2459\"><p data-start=\"2386\" data-end=\"2459\"><strong data-start=\"2386\" data-end=\"2457\">Administra renovaciones, cancelaciones y pausas de forma autom\u00e1tica<\/strong><\/p><\/li><li data-start=\"2460\" data-end=\"2542\"><p data-start=\"2462\" data-end=\"2542\"><strong data-start=\"2462\" data-end=\"2542\">Mejora la escalabilidad de tu marketplace con modelos de negocio sostenibles<\/strong><\/p><\/li><\/ul><h3 data-start=\"2544\" data-end=\"2619\"><strong data-start=\"2548\" data-end=\"2619\">Caracter\u00edsticas principales de WC Vendors WooCommerce Subscriptions<\/strong><\/h3><ul data-start=\"2621\" data-end=\"3549\"><li data-start=\"2621\" data-end=\"2709\"><p data-start=\"2623\" data-end=\"2709\"><strong data-start=\"2623\" data-end=\"2707\">Creaci\u00f3n de productos por suscripci\u00f3n desde el panel del vendedor en el frontend<\/strong><\/p><\/li><li data-start=\"2710\" data-end=\"2797\"><p data-start=\"2712\" data-end=\"2797\"><strong data-start=\"2712\" data-end=\"2795\">Soporte para periodos de facturaci\u00f3n flexibles: diario, semanal, mensual, anual<\/strong><\/p><\/li><li data-start=\"2798\" data-end=\"2911\"><p data-start=\"2800\" data-end=\"2911\"><strong data-start=\"2800\" data-end=\"2909\">Opciones para periodo de prueba gratuito, tarifas de activaci\u00f3n, cancelaciones y renovaciones autom\u00e1ticas<\/strong><\/p><\/li><li data-start=\"2912\" data-end=\"3020\"><p data-start=\"2914\" data-end=\"3020\"><strong data-start=\"2914\" data-end=\"3018\">Vista detallada para cada vendedor con lista de suscriptores, estado de las suscripciones e ingresos<\/strong><\/p><\/li><li data-start=\"3021\" data-end=\"3101\"><p data-start=\"3023\" data-end=\"3101\"><strong data-start=\"3023\" data-end=\"3099\">Configuraci\u00f3n de productos simples o variables en formato de suscripci\u00f3n<\/strong><\/p><\/li><li data-start=\"3102\" data-end=\"3182\"><p data-start=\"3104\" data-end=\"3182\"><strong data-start=\"3104\" data-end=\"3180\">Historial de pagos recurrentes visible para vendedores y administradores<\/strong><\/p><\/li><li data-start=\"3183\" data-end=\"3281\"><p data-start=\"3185\" data-end=\"3281\"><strong data-start=\"3185\" data-end=\"3279\">Compatible con las reglas de comisiones de WC Vendors (por venta, porcentaje, tarifa fija)<\/strong><\/p><\/li><li data-start=\"3282\" data-end=\"3381\"><p data-start=\"3284\" data-end=\"3381\"><strong data-start=\"3284\" data-end=\"3379\">Soporte para suscripciones f\u00edsicas (ej. cajas sorpresa) y digitales (ej. contenido premium)<\/strong><\/p><\/li><li data-start=\"3382\" data-end=\"3478\"><p data-start=\"3384\" data-end=\"3478\"><strong data-start=\"3384\" data-end=\"3476\">Notificaciones autom\u00e1ticas por renovaci\u00f3n, expiraci\u00f3n, cancelaci\u00f3n y nuevos suscriptores<\/strong><\/p><\/li><li data-start=\"3479\" data-end=\"3549\"><p data-start=\"3481\" data-end=\"3549\"><strong data-start=\"3481\" data-end=\"3549\">Dise\u00f1o responsive y compatible con temas modernos de WooCommerce<\/strong><\/p><\/li><\/ul><h3 data-start=\"3551\" data-end=\"3632\"><strong data-start=\"3555\" data-end=\"3632\">\u00bfPor qu\u00e9 elegir WC Vendors WooCommerce Subscriptions para tu marketplace?<\/strong><\/h3><p data-start=\"3634\" data-end=\"3991\">Porque es la forma m\u00e1s efectiva de transformar tu marketplace en un negocio con ingresos recurrentes. WC Vendors WooCommerce Subscriptions abre la posibilidad de ofrecer modelos de membres\u00eda y suscripci\u00f3n en todos los niveles, permitiendo a los vendedores crecer de forma sostenible y a los compradores acceder a contenido o productos de forma continua.<\/p><p data-start=\"3993\" data-end=\"4170\">Adem\u00e1s, su integraci\u00f3n completa con WooCommerce y WC Vendors Pro asegura una experiencia fluida, segura y completamente automatizada para administradores, vendedores y clientes.<\/p><h3 data-start=\"4172\" data-end=\"4190\"><strong data-start=\"4176\" data-end=\"4190\">Conclusion<\/strong><\/h3><p data-start=\"4192\" data-end=\"4674\">WC Vendors WooCommerce Subscriptions es la soluci\u00f3n ideal para marketplaces que buscan incorporar modelos de negocio por suscripci\u00f3n sin perder el control multivendedor. Con su interfaz amigable, funcionalidades robustas y compatibilidad total con el ecosistema WooCommerce, esta extensi\u00f3n se convierte en una herramienta imprescindible para emprendedores digitales que desean generar ingresos predecibles, fidelizar clientes y ofrecer servicios o productos de forma recurrente.<\/p><p data-start=\"4676\" data-end=\"4833\">Si quieres llevar tu marketplace al siguiente nivel con suscripciones inteligentes, WC Vendors WooCommerce Subscriptions es la pieza clave que necesitas.<\/p>\t\t\t\t\t\t\t\t<\/div>\n\t\t\t\t<\/div>\n\t\t\t\t\t<\/div>\n\t\t\t\t<\/div>\n\t\t\t\t<\/div>","protected":false},"excerpt":{"rendered":"<p>WC Vendors WooCommerce Subscriptions WC Vendors WooCommerce Subscriptions es una extensi\u00f3n avanzada que permite integrar el potente plugin WooCommerce Subscriptions<\/p>","protected":false},"featured_media":79799,"comment_status":"closed","ping_status":"closed","template":"","meta":{"_acf_changed":false},"product_brand":[],"product_cat":[67],"product_tag":[623],"class_list":{"0":"post-79794","1":"product","2":"type-product","3":"status-publish","4":"has-post-thumbnail","6":"product_cat-wordpress-plugins","7":"product_tag-plugins-para-marketplace","8":"pa_autores-wc-vendors","10":"first","11":"instock","12":"sale","13":"downloadable","14":"virtual","15":"sold-individually","16":"purchasable","17":"product-type-simple"},"acf":[],"_links":{"self":[{"href":"https:\/\/wpclub.pro\/en\/wp-json\/wp\/v2\/product\/79794","targetHints":{"allow":["GET"]}}],"collection":[{"href":"https:\/\/wpclub.pro\/en\/wp-json\/wp\/v2\/product"}],"about":[{"href":"https:\/\/wpclub.pro\/en\/wp-json\/wp\/v2\/types\/product"}],"replies":[{"embeddable":true,"href":"https:\/\/wpclub.pro\/en\/wp-json\/wp\/v2\/comments?post=79794"}],"version-history":[{"count":1,"href":"https:\/\/wpclub.pro\/en\/wp-json\/wp\/v2\/product\/79794\/revisions"}],"predecessor-version":[{"id":126612,"href":"https:\/\/wpclub.pro\/en\/wp-json\/wp\/v2\/product\/79794\/revisions\/126612"}],"wp:featuredmedia":[{"embeddable":true,"href":"https:\/\/wpclub.pro\/en\/wp-json\/wp\/v2\/media\/79799"}],"wp:attachment":[{"href":"https:\/\/wpclub.pro\/en\/wp-json\/wp\/v2\/media?parent=79794"}],"wp:term":[{"taxonomy":"product_brand","embeddable":true,"href":"https:\/\/wpclub.pro\/en\/wp-json\/wp\/v2\/product_brand?post=79794"},{"taxonomy":"product_cat","embeddable":true,"href":"https:\/\/wpclub.pro\/en\/wp-json\/wp\/v2\/product_cat?post=79794"},{"taxonomy":"product_tag","embeddable":true,"href":"https:\/\/wpclub.pro\/en\/wp-json\/wp\/v2\/product_tag?post=79794"}],"curies":[{"name":"wp","href":"https:\/\/api.w.org\/{rel}","templated":true}]}}