{"id":79963,"date":"2025-05-27T16:48:11","date_gmt":"2025-05-27T20:48:11","guid":{"rendered":"https:\/\/wpclub.pro\/?post_type=product&#038;p=79963"},"modified":"2025-08-25T12:56:30","modified_gmt":"2025-08-25T16:56:30","slug":"petzy-pet-food-and-pet-store-multipurpose","status":"publish","type":"product","link":"https:\/\/wpclub.pro\/en\/item\/petzy-pet-food-and-pet-store-multipurpose\/","title":{"rendered":"Petzy Pet Food and Pet Store Multipurpose Shopify Theme 1.1.4"},"content":{"rendered":"<div data-elementor-type=\"product-post\" data-elementor-id=\"79963\" class=\"elementor elementor-79963\" data-elementor-post-type=\"product\">\n\t\t\t\t<div class=\"wd-negative-gap elementor-element elementor-element-31f37c0e e-flex e-con-boxed e-con e-parent\" data-id=\"31f37c0e\" data-element_type=\"container\" data-e-type=\"container\">\n\t\t\t\t\t<div class=\"e-con-inner\">\n\t\t\t\t<div class=\"elementor-element elementor-element-f4f563e color-scheme-inherit text-left elementor-widget elementor-widget-text-editor\" data-id=\"f4f563e\" data-element_type=\"widget\" data-e-type=\"widget\" data-widget_type=\"text-editor.default\">\n\t\t\t\t<div class=\"elementor-widget-container\">\n\t\t\t\t\t\t\t\t\t<h2 data-start=\"328\" data-end=\"400\"><strong data-start=\"332\" data-end=\"400\">Petzy Pet Food and Pet Store Multipurpose Shopify Theme<\/strong><\/h2><p data-start=\"402\" data-end=\"777\">Petzy Pet Food and Pet Store Multipurpose Shopify Theme es una plantilla premium para Shopify dise\u00f1ada espec\u00edficamente para tiendas online relacionadas con mascotas. Con un dise\u00f1o tierno, atractivo y altamente funcional, esta theme multiprop\u00f3sito est\u00e1 pensada para negocios que venden alimentos, accesorios, juguetes, productos de higiene, ropa para mascotas y mucho m\u00e1s.<\/p><p data-start=\"779\" data-end=\"1036\">Gracias a su estructura visual amigable, su navegaci\u00f3n intuitiva y su enfoque centrado en el usuario, Petzy Pet Food and Pet Store Multipurpose Shopify Theme permite construir una tienda que transmite confianza, cari\u00f1o y profesionalismo al mismo tiempo.<\/p><h3 data-start=\"1038\" data-end=\"1118\"><strong data-start=\"1042\" data-end=\"1118\">\u00bfPara qu\u00e9 sirve Petzy Pet Food and Pet Store Multipurpose Shopify Theme?<\/strong><\/h3><p data-start=\"1120\" data-end=\"1446\">Petzy Pet Food and Pet Store Multipurpose Shopify Theme sirve para crear una tienda online centrada en la venta de productos para perros, gatos, aves, peces y otras mascotas. Es perfecta para vender alimentos balanceados, golosinas, camas, collares, ropa, productos veterinarios, juguetes, acuarios, transportadoras y m\u00e1s.<\/p><p data-start=\"1448\" data-end=\"1639\">Adem\u00e1s, su dise\u00f1o vers\u00e1til la convierte en una excelente opci\u00f3n tanto para tiendas f\u00edsicas que buscan digitalizarse, como para emprendimientos online 100% enfocados en el ecommerce pet lover.<\/p><h3 data-start=\"1641\" data-end=\"1723\"><strong data-start=\"1645\" data-end=\"1723\">Beneficios de usar Petzy Pet Food and Pet Store Multipurpose Shopify Theme<\/strong><\/h3><ul data-start=\"1725\" data-end=\"2301\"><li data-start=\"1725\" data-end=\"1792\"><p data-start=\"1727\" data-end=\"1792\"><strong data-start=\"1727\" data-end=\"1790\">Dise\u00f1o visual atractivo y pensado para el nicho de mascotas<\/strong><\/p><\/li><li data-start=\"1793\" data-end=\"1868\"><p data-start=\"1795\" data-end=\"1868\"><strong data-start=\"1795\" data-end=\"1866\">Completamente responsive y adaptado a m\u00f3viles, tablets y escritorio<\/strong><\/p><\/li><li data-start=\"1869\" data-end=\"1946\"><p data-start=\"1871\" data-end=\"1946\"><strong data-start=\"1871\" data-end=\"1944\">Optimizaci\u00f3n SEO incluida para un mejor posicionamiento en buscadores<\/strong><\/p><\/li><li data-start=\"1947\" data-end=\"2027\"><p data-start=\"1949\" data-end=\"2027\"><strong data-start=\"1949\" data-end=\"2025\">F\u00e1cil personalizaci\u00f3n desde el editor de Shopify sin necesidad de c\u00f3digo<\/strong><\/p><\/li><li data-start=\"2028\" data-end=\"2132\"><p data-start=\"2030\" data-end=\"2132\"><strong data-start=\"2030\" data-end=\"2130\">Integraci\u00f3n con Shopify Apps para automatizar marketing, rese\u00f1as, ventas cruzadas y fidelizaci\u00f3n<\/strong><\/p><\/li><li data-start=\"2133\" data-end=\"2220\"><p data-start=\"2135\" data-end=\"2220\"><strong data-start=\"2135\" data-end=\"2218\">Perfecto para productos con variantes como tama\u00f1os, sabores o razas espec\u00edficas<\/strong><\/p><\/li><li data-start=\"2221\" data-end=\"2301\"><p data-start=\"2223\" data-end=\"2301\"><strong data-start=\"2223\" data-end=\"2301\">Estilo amigable que conecta emocionalmente con los amantes de los animales<\/strong><\/p><\/li><\/ul><h3 data-start=\"2303\" data-end=\"2397\"><strong data-start=\"2307\" data-end=\"2397\">Caracter\u00edsticas principales de Petzy Pet Food and Pet Store Multipurpose Shopify Theme<\/strong><\/h3><ul data-start=\"2399\" data-end=\"3402\"><li data-start=\"2399\" data-end=\"2500\"><p data-start=\"2401\" data-end=\"2500\"><strong data-start=\"2401\" data-end=\"2498\">Homepage con banners visuales, carrusel de productos, categor\u00edas destacadas y ofertas del d\u00eda<\/strong><\/p><\/li><li data-start=\"2501\" data-end=\"2612\"><p data-start=\"2503\" data-end=\"2612\"><strong data-start=\"2503\" data-end=\"2610\">Dise\u00f1o basado en colores suaves, \u00edconos amigables y tipograf\u00edas legibles que evocan ternura y confianza<\/strong><\/p><\/li><li data-start=\"2613\" data-end=\"2747\"><p data-start=\"2615\" data-end=\"2747\"><strong data-start=\"2615\" data-end=\"2745\">Fichas de producto detalladas con im\u00e1genes de alta calidad, variantes de tama\u00f1o\/sabor\/color, rese\u00f1as y descripciones completas<\/strong><\/p><\/li><li data-start=\"2748\" data-end=\"2860\"><p data-start=\"2750\" data-end=\"2860\"><strong data-start=\"2750\" data-end=\"2858\">Mega men\u00fa para navegar f\u00e1cilmente por categor\u00edas como perros, gatos, alimentaci\u00f3n, juguetes, salud, etc.<\/strong><\/p><\/li><li data-start=\"2861\" data-end=\"2962\"><p data-start=\"2863\" data-end=\"2962\"><strong data-start=\"2863\" data-end=\"2960\">Blog integrado para compartir consejos sobre cuidado animal, nutrici\u00f3n, razas y entrenamiento<\/strong><\/p><\/li><li data-start=\"2963\" data-end=\"3074\"><p data-start=\"2965\" data-end=\"3074\"><strong data-start=\"2965\" data-end=\"3072\">Carrito flotante y proceso de checkout optimizado para convertir m\u00e1s ventas desde cualquier dispositivo<\/strong><\/p><\/li><li data-start=\"3075\" data-end=\"3213\"><p data-start=\"3077\" data-end=\"3213\"><strong data-start=\"3077\" data-end=\"3211\">P\u00e1ginas internas listas como \u201cSobre nosotros\u201d, \u201cNuestra tienda\u201d, \u201cPreguntas frecuentes\u201d, \u201cPol\u00edticas de devoluci\u00f3n\u201d y \u201cCont\u00e1ctanos\u201d<\/strong><\/p><\/li><li data-start=\"3214\" data-end=\"3289\"><p data-start=\"3216\" data-end=\"3289\"><strong data-start=\"3216\" data-end=\"3287\">Compatible con multidioma y multimoneda para ventas internacionales<\/strong><\/p><\/li><li data-start=\"3290\" data-end=\"3402\"><p data-start=\"3292\" data-end=\"3402\"><strong data-start=\"3292\" data-end=\"3402\">Sistema de promociones y descuentos adaptado a campa\u00f1as como Navidad, Black Friday o adopciones especiales<\/strong><\/p><\/li><\/ul><h3 data-start=\"3404\" data-end=\"3511\"><strong data-start=\"3408\" data-end=\"3511\">\u00bfPor qu\u00e9 elegir Petzy Pet Food and Pet Store Multipurpose Shopify Theme para tu tienda de mascotas?<\/strong><\/h3><p data-start=\"3513\" data-end=\"3928\">Porque es una plantilla pensada con amor por las mascotas y con visi\u00f3n de negocio. Petzy Pet Food and Pet Store Multipurpose Shopify Theme combina dise\u00f1o emocional y funcionalidad robusta para atraer clientes, mejorar su experiencia de compra y aumentar las conversiones. Adem\u00e1s, su estructura est\u00e1 optimizada tanto para SEO como para velocidad de carga, dos factores clave para destacar en el ecommerce actual.<\/p><p data-start=\"3930\" data-end=\"4072\">Es ideal para quienes buscan una tienda tierna, moderna, profesional y lista para crecer en el competitivo mercado de productos para mascotas.<\/p><h3 data-start=\"4074\" data-end=\"4092\"><strong data-start=\"4078\" data-end=\"4092\">Conclusion<\/strong><\/h3><p data-start=\"4094\" data-end=\"4477\">Petzy Pet Food and Pet Store Multipurpose Shopify Theme es la soluci\u00f3n perfecta para crear una tienda online enfocada en el amor por los animales. Su dise\u00f1o c\u00e1lido, sus funcionalidades avanzadas y su enfoque en el cliente la convierten en una herramienta ideal para pet shops, distribuidores de alimentos para mascotas, marcas de productos veterinarios y emprendedores del rubro.<\/p><p data-start=\"4479\" data-end=\"4672\">Si tu negocio gira en torno al bienestar animal y deseas ofrecer una experiencia de compra excepcional, Petzy Pet Food and Pet Store Multipurpose Shopify Theme es el punto de partida ideal.<\/p>\t\t\t\t\t\t\t\t<\/div>\n\t\t\t\t<\/div>\n\t\t\t\t\t<\/div>\n\t\t\t\t<\/div>\n\t\t\t\t<\/div>","protected":false},"excerpt":{"rendered":"<p>Petzy Pet Food and Pet Store Multipurpose Shopify Theme Petzy Pet Food and Pet Store Multipurpose Shopify Theme es una<\/p>","protected":false},"featured_media":79897,"comment_status":"closed","ping_status":"closed","template":"","meta":{"_acf_changed":false},"product_brand":[],"product_cat":[606],"product_tag":[621],"class_list":{"0":"post-79963","1":"product","2":"type-product","3":"status-publish","4":"has-post-thumbnail","6":"product_cat-shopify-themes","7":"product_tag-temas-para-mascotas","8":"pa_autores-templatemonster","10":"first","11":"instock","12":"sale","13":"downloadable","14":"virtual","15":"sold-individually","16":"purchasable","17":"product-type-simple"},"acf":[],"_links":{"self":[{"href":"https:\/\/wpclub.pro\/en\/wp-json\/wp\/v2\/product\/79963","targetHints":{"allow":["GET"]}}],"collection":[{"href":"https:\/\/wpclub.pro\/en\/wp-json\/wp\/v2\/product"}],"about":[{"href":"https:\/\/wpclub.pro\/en\/wp-json\/wp\/v2\/types\/product"}],"replies":[{"embeddable":true,"href":"https:\/\/wpclub.pro\/en\/wp-json\/wp\/v2\/comments?post=79963"}],"version-history":[{"count":0,"href":"https:\/\/wpclub.pro\/en\/wp-json\/wp\/v2\/product\/79963\/revisions"}],"wp:featuredmedia":[{"embeddable":true,"href":"https:\/\/wpclub.pro\/en\/wp-json\/wp\/v2\/media\/79897"}],"wp:attachment":[{"href":"https:\/\/wpclub.pro\/en\/wp-json\/wp\/v2\/media?parent=79963"}],"wp:term":[{"taxonomy":"product_brand","embeddable":true,"href":"https:\/\/wpclub.pro\/en\/wp-json\/wp\/v2\/product_brand?post=79963"},{"taxonomy":"product_cat","embeddable":true,"href":"https:\/\/wpclub.pro\/en\/wp-json\/wp\/v2\/product_cat?post=79963"},{"taxonomy":"product_tag","embeddable":true,"href":"https:\/\/wpclub.pro\/en\/wp-json\/wp\/v2\/product_tag?post=79963"}],"curies":[{"name":"wp","href":"https:\/\/api.w.org\/{rel}","templated":true}]}}