{"id":80217,"date":"2025-05-28T15:27:30","date_gmt":"2025-05-28T19:27:30","guid":{"rendered":"https:\/\/wpclub.pro\/?post_type=product&#038;p=80217"},"modified":"2025-08-21T13:59:41","modified_gmt":"2025-08-21T17:59:41","slug":"dreamhouse-architecture-and-interior-design","status":"publish","type":"product","link":"https:\/\/wpclub.pro\/en\/item\/dreamhouse-architecture-and-interior-design\/","title":{"rendered":"Dreamhouse Architecture and Interior Design Joomla Template 2.0"},"content":{"rendered":"<div data-elementor-type=\"wp-post\" data-elementor-id=\"80217\" class=\"elementor elementor-80217\">\n\t\t\t\t<div class=\"wd-negative-gap elementor-element elementor-element-31f37c0e e-flex e-con-boxed e-con e-parent\" data-id=\"31f37c0e\" data-element_type=\"container\" data-e-type=\"container\">\n\t\t\t\t\t<div class=\"e-con-inner\">\n\t\t\t\t<div class=\"elementor-element elementor-element-f4f563e color-scheme-inherit text-left elementor-widget elementor-widget-text-editor\" data-id=\"f4f563e\" data-element_type=\"widget\" data-e-type=\"widget\" data-widget_type=\"text-editor.default\">\n\t\t\t\t<div class=\"elementor-widget-container\">\n\t\t\t\t\t\t\t\t\t<h2 data-start=\"354\" data-end=\"430\"><strong data-start=\"358\" data-end=\"430\">Dreamhouse Architecture and Interior Design Joomla Template<\/strong><\/h2><p data-start=\"432\" data-end=\"929\">Dreamhouse Architecture and Interior Design Joomla Template es una plantilla profesional especialmente dise\u00f1ada para estudios de arquitectura, interiorismo, dise\u00f1o de espacios, constructoras y empresas del rubro inmobiliario que buscan una presencia online s\u00f3lida, est\u00e9tica y funcional. Basada en el sistema Joomla, esta plantilla destaca por su dise\u00f1o elegante, limpio y contempor\u00e1neo, ideal para mostrar proyectos, servicios, portafolios e informaci\u00f3n de contacto de forma clara y atractiva.<\/p><p data-start=\"931\" data-end=\"1195\">Dreamhouse Architecture and Interior Design Joomla Template permite construir un sitio web profesional con total facilidad, brindando herramientas visuales impactantes y opciones de personalizaci\u00f3n completas, sin necesidad de escribir una sola l\u00ednea de c\u00f3digo.<\/p><h3 data-start=\"1197\" data-end=\"1281\"><strong data-start=\"1201\" data-end=\"1281\">\u00bfPara qu\u00e9 sirve Dreamhouse Architecture and Interior Design Joomla Template?<\/strong><\/h3><p data-start=\"1283\" data-end=\"1782\">Dreamhouse Architecture and Interior Design Joomla Template sirve para crear sitios web orientados a profesionales y empresas del sector arquitectura e interiorismo que necesiten mostrar su portafolio de trabajos, servicios, valores diferenciadores y generar contactos con potenciales clientes. Esta plantilla est\u00e1 dise\u00f1ada para maximizar la experiencia visual del usuario y transmitir una imagen de profesionalismo y confianza, elementos clave en rubros creativos como el dise\u00f1o arquitect\u00f3nico.<\/p><p data-start=\"1784\" data-end=\"1908\">Es perfecta para quienes buscan captar nuevos clientes, exhibir proyectos en alta calidad y fortalecer su presencia digital.<\/p><h3 data-start=\"1910\" data-end=\"1996\"><strong data-start=\"1914\" data-end=\"1996\">Beneficios de usar Dreamhouse Architecture and Interior Design Joomla Template<\/strong><\/h3><ul data-start=\"1998\" data-end=\"2601\"><li data-start=\"1998\" data-end=\"2055\"><p data-start=\"2000\" data-end=\"2055\"><strong data-start=\"2000\" data-end=\"2053\">Dise\u00f1o visualmente impactante, moderno y elegante<\/strong><\/p><\/li><li data-start=\"2056\" data-end=\"2142\"><p data-start=\"2058\" data-end=\"2142\"><strong data-start=\"2058\" data-end=\"2140\">Plantilla responsive adaptada a todos los dispositivos m\u00f3viles y de escritorio<\/strong><\/p><\/li><li data-start=\"2143\" data-end=\"2234\"><p data-start=\"2145\" data-end=\"2234\"><strong data-start=\"2145\" data-end=\"2232\">Ideal para arquitectos, dise\u00f1adores de interiores, constructoras y firmas de dise\u00f1o<\/strong><\/p><\/li><li data-start=\"2235\" data-end=\"2299\"><p data-start=\"2237\" data-end=\"2299\"><strong data-start=\"2237\" data-end=\"2297\">Compatible con Joomla, de f\u00e1cil gesti\u00f3n y administraci\u00f3n<\/strong><\/p><\/li><li data-start=\"2300\" data-end=\"2378\"><p data-start=\"2302\" data-end=\"2378\"><strong data-start=\"2302\" data-end=\"2376\">Optimizaci\u00f3n SEO integrada para lograr mejor posicionamiento en Google<\/strong><\/p><\/li><li data-start=\"2379\" data-end=\"2433\"><p data-start=\"2381\" data-end=\"2433\"><strong data-start=\"2381\" data-end=\"2431\">Experiencia de navegaci\u00f3n fluida y profesional<\/strong><\/p><\/li><li data-start=\"2434\" data-end=\"2517\"><p data-start=\"2436\" data-end=\"2517\"><strong data-start=\"2436\" data-end=\"2515\">Carga r\u00e1pida que mejora la retenci\u00f3n de usuarios y reduce la tasa de rebote<\/strong><\/p><\/li><li data-start=\"2518\" data-end=\"2601\"><p data-start=\"2520\" data-end=\"2601\"><strong data-start=\"2520\" data-end=\"2601\">Dise\u00f1ada para potenciar la imagen corporativa y destacar portafolios visuales<\/strong><\/p><\/li><\/ul><h3 data-start=\"2603\" data-end=\"2701\"><strong data-start=\"2607\" data-end=\"2701\">Caracter\u00edsticas principales de Dreamhouse Architecture and Interior Design Joomla Template<\/strong><\/h3><ul data-start=\"2703\" data-end=\"3564\"><li data-start=\"2703\" data-end=\"2793\"><p data-start=\"2705\" data-end=\"2793\"><strong data-start=\"2705\" data-end=\"2791\">Dise\u00f1o estructurado para mostrar servicios, equipo, testimonios y casos de estudio<\/strong><\/p><\/li><li data-start=\"2794\" data-end=\"2885\"><p data-start=\"2796\" data-end=\"2885\"><strong data-start=\"2796\" data-end=\"2883\">Portafolio visual filtrable con im\u00e1genes de alta resoluci\u00f3n y galer\u00edas interactivas<\/strong><\/p><\/li><li data-start=\"2886\" data-end=\"2989\"><p data-start=\"2888\" data-end=\"2989\"><strong data-start=\"2888\" data-end=\"2987\">P\u00e1ginas predise\u00f1adas: inicio, sobre nosotros, proyectos, servicios, contacto, blog, entre otras<\/strong><\/p><\/li><li data-start=\"2990\" data-end=\"3060\"><p data-start=\"2992\" data-end=\"3060\"><strong data-start=\"2992\" data-end=\"3058\">Integraci\u00f3n con mapas y formularios de contacto personalizados<\/strong><\/p><\/li><li data-start=\"3061\" data-end=\"3144\"><p data-start=\"3063\" data-end=\"3144\"><strong data-start=\"3063\" data-end=\"3142\">Opciones de tipograf\u00eda profesional y paletas de colores sobrias y elegantes<\/strong><\/p><\/li><li data-start=\"3145\" data-end=\"3228\"><p data-start=\"3147\" data-end=\"3228\"><strong data-start=\"3147\" data-end=\"3226\">Compatible con extensiones populares de Joomla para mejorar funcionalidades<\/strong><\/p><\/li><li data-start=\"3229\" data-end=\"3311\"><p data-start=\"3231\" data-end=\"3311\"><strong data-start=\"3231\" data-end=\"3309\">Animaciones suaves y secciones en scroll parallax para un dise\u00f1o atractivo<\/strong><\/p><\/li><li data-start=\"3312\" data-end=\"3392\"><p data-start=\"3314\" data-end=\"3392\"><strong data-start=\"3314\" data-end=\"3390\">Blog integrado para compartir art\u00edculos, novedades o noticias del sector<\/strong><\/p><\/li><li data-start=\"3393\" data-end=\"3478\"><p data-start=\"3395\" data-end=\"3478\"><strong data-start=\"3395\" data-end=\"3476\">Soporte multilenguaje para empresas que trabajan con clientes internacionales<\/strong><\/p><\/li><li data-start=\"3479\" data-end=\"3564\"><p data-start=\"3481\" data-end=\"3564\"><strong data-start=\"3481\" data-end=\"3564\">Actualizaciones y soporte continuo para garantizar estabilidad y compatibilidad<\/strong><\/p><\/li><\/ul><h3 data-start=\"3566\" data-end=\"3668\"><strong data-start=\"3570\" data-end=\"3668\">\u00bfPor qu\u00e9 elegir Dreamhouse Architecture and Interior Design Joomla Template para tu sitio web?<\/strong><\/h3><p data-start=\"3670\" data-end=\"4050\">Porque Dreamhouse Architecture and Interior Design Joomla Template es una plantilla pensada para potenciar el impacto visual de tu marca, transmitir confianza y posicionarte como referente en el rubro del dise\u00f1o arquitect\u00f3nico. Su dise\u00f1o sobrio pero moderno comunica profesionalismo, mientras que su estructura facilita la navegaci\u00f3n y la conversi\u00f3n de visitantes en clientes.<\/p><p data-start=\"4052\" data-end=\"4212\">Adem\u00e1s, al estar desarrollada sobre Joomla, tendr\u00e1s un sistema de gesti\u00f3n confiable, escalable y f\u00e1cil de mantener, ideal para proyectos de corto y largo plazo.<\/p><h3 data-start=\"4214\" data-end=\"4232\"><strong data-start=\"4218\" data-end=\"4232\">Conclusion<\/strong><\/h3><p data-start=\"4234\" data-end=\"4578\">Dreamhouse Architecture and Interior Design Joomla Template es la elecci\u00f3n perfecta para arquitectos y dise\u00f1adores que desean destacar en el entorno digital. Ya sea que est\u00e9s iniciando tu estudio o que quieras renovar la imagen de tu firma de dise\u00f1o, esta plantilla te ofrece las herramientas, estructura y est\u00e9tica necesaria para lograrlo.<\/p><p data-start=\"4580\" data-end=\"4816\" data-is-last-node=\"\" data-is-only-node=\"\">Impulsa tu marca, muestra tu creatividad y genera nuevas oportunidades con Dreamhouse Architecture and Interior Design Joomla Template, una soluci\u00f3n web profesional dise\u00f1ada para quienes entienden el valor de una buena presentaci\u00f3n.<\/p>\t\t\t\t\t\t\t\t<\/div>\n\t\t\t\t<\/div>\n\t\t\t\t\t<\/div>\n\t\t\t\t<\/div>\n\t\t\t\t<\/div>","protected":false},"excerpt":{"rendered":"<p>Dreamhouse Architecture and Interior Design Joomla Template Dreamhouse Architecture and Interior Design Joomla Template es una plantilla profesional especialmente dise\u00f1ada<\/p>","protected":false},"featured_media":80171,"comment_status":"closed","ping_status":"closed","template":"","meta":{"_acf_changed":false},"product_brand":[],"product_cat":[604],"product_tag":[553],"class_list":{"0":"post-80217","1":"product","2":"type-product","3":"status-publish","4":"has-post-thumbnail","6":"product_cat-joomla-themes","7":"product_tag-temas-para-construccion-y-bienes-raices","8":"pa_autores-templatemonster","10":"first","11":"instock","12":"sale","13":"downloadable","14":"virtual","15":"sold-individually","16":"purchasable","17":"product-type-simple"},"acf":[],"_links":{"self":[{"href":"https:\/\/wpclub.pro\/en\/wp-json\/wp\/v2\/product\/80217","targetHints":{"allow":["GET"]}}],"collection":[{"href":"https:\/\/wpclub.pro\/en\/wp-json\/wp\/v2\/product"}],"about":[{"href":"https:\/\/wpclub.pro\/en\/wp-json\/wp\/v2\/types\/product"}],"replies":[{"embeddable":true,"href":"https:\/\/wpclub.pro\/en\/wp-json\/wp\/v2\/comments?post=80217"}],"version-history":[{"count":0,"href":"https:\/\/wpclub.pro\/en\/wp-json\/wp\/v2\/product\/80217\/revisions"}],"wp:featuredmedia":[{"embeddable":true,"href":"https:\/\/wpclub.pro\/en\/wp-json\/wp\/v2\/media\/80171"}],"wp:attachment":[{"href":"https:\/\/wpclub.pro\/en\/wp-json\/wp\/v2\/media?parent=80217"}],"wp:term":[{"taxonomy":"product_brand","embeddable":true,"href":"https:\/\/wpclub.pro\/en\/wp-json\/wp\/v2\/product_brand?post=80217"},{"taxonomy":"product_cat","embeddable":true,"href":"https:\/\/wpclub.pro\/en\/wp-json\/wp\/v2\/product_cat?post=80217"},{"taxonomy":"product_tag","embeddable":true,"href":"https:\/\/wpclub.pro\/en\/wp-json\/wp\/v2\/product_tag?post=80217"}],"curies":[{"name":"wp","href":"https:\/\/api.w.org\/{rel}","templated":true}]}}