{"id":81074,"date":"2025-05-30T13:36:53","date_gmt":"2025-05-30T17:36:53","guid":{"rendered":"https:\/\/wpclub.pro\/?post_type=product&#038;p=81074"},"modified":"2025-08-22T19:47:42","modified_gmt":"2025-08-22T23:47:42","slug":"alumetro-personal-cv-joomla-template","status":"publish","type":"product","link":"https:\/\/wpclub.pro\/en\/item\/alumetro-personal-cv-joomla-template\/","title":{"rendered":"Alumetro Personal CV Joomla Template 1.0.0"},"content":{"rendered":"<div data-elementor-type=\"product-post\" data-elementor-id=\"81074\" class=\"elementor elementor-81074\" data-elementor-post-type=\"product\">\n\t\t\t\t<div class=\"wd-negative-gap elementor-element elementor-element-31f37c0e e-flex e-con-boxed e-con e-parent\" data-id=\"31f37c0e\" data-element_type=\"container\" data-e-type=\"container\">\n\t\t\t\t\t<div class=\"e-con-inner\">\n\t\t\t\t<div class=\"elementor-element elementor-element-f4f563e color-scheme-inherit text-left elementor-widget elementor-widget-text-editor\" data-id=\"f4f563e\" data-element_type=\"widget\" data-e-type=\"widget\" data-widget_type=\"text-editor.default\">\n\t\t\t\t<div class=\"elementor-widget-container\">\n\t\t\t\t\t\t\t\t\t<h2 data-start=\"363\" data-end=\"416\"><strong data-start=\"367\" data-end=\"416\">Alumetro Personal CV Joomla Template<\/strong><\/h2><p data-start=\"418\" data-end=\"847\">Alumetro Personal CV Joomla Template es una plantilla profesional para Joomla dise\u00f1ada espec\u00edficamente para crear curr\u00edculums online, portafolios personales, perfiles profesionales y sitios de presentaci\u00f3n individual. Est\u00e1 pensada para freelancers, desarrolladores, dise\u00f1adores, creativos, consultores, o cualquier persona que necesite mostrar su experiencia, habilidades y trayectoria de forma elegante, moderna y funcional.<\/p><p data-start=\"849\" data-end=\"1101\">Gracias a su dise\u00f1o limpio y responsive, Alumetro Personal CV Joomla Template permite construir una marca personal fuerte, presentando la informaci\u00f3n de forma ordenada y profesional, lo que es clave en procesos de selecci\u00f3n y promoci\u00f3n profesional.<\/p><h3 data-start=\"1103\" data-end=\"1164\"><strong data-start=\"1107\" data-end=\"1164\">\u00bfPara qu\u00e9 sirve Alumetro Personal CV Joomla Template?<\/strong><\/h3><p data-start=\"1166\" data-end=\"1538\">Alumetro Personal CV Joomla Template sirve para construir una presencia web personalizada que represente qui\u00e9n eres y qu\u00e9 haces. Es ideal para destacar tu perfil profesional en Internet, ya sea para buscar empleo, captar nuevos clientes, conseguir colaboraciones o simplemente tener una tarjeta de presentaci\u00f3n digital completa y accesible desde cualquier dispositivo.<\/p><p data-start=\"1540\" data-end=\"1755\">Con esta plantilla puedes crear una p\u00e1gina que refleje tu personalidad y profesionalismo, integrando tu experiencia laboral, educaci\u00f3n, habilidades, servicios, contacto y m\u00e1s, en una estructura amigable y atractiva.<\/p><h3 data-start=\"1757\" data-end=\"1820\"><strong data-start=\"1761\" data-end=\"1820\">Beneficios de usar Alumetro Personal CV Joomla Template<\/strong><\/h3><ul data-start=\"1822\" data-end=\"2444\"><li data-start=\"1822\" data-end=\"1891\"><p data-start=\"1824\" data-end=\"1891\"><strong data-start=\"1824\" data-end=\"1889\">Presentaci\u00f3n profesional e impactante de tu curr\u00edculum online<\/strong><\/p><\/li><li data-start=\"1892\" data-end=\"1971\"><p data-start=\"1894\" data-end=\"1971\"><strong data-start=\"1894\" data-end=\"1921\">Dise\u00f1o limpio y moderno<\/strong>, enfocado en la legibilidad y el enfoque visual<\/p><\/li><li data-start=\"1972\" data-end=\"2081\"><p data-start=\"1974\" data-end=\"2081\"><strong data-start=\"1974\" data-end=\"2034\">Ideal para atraer reclutadores, clientes o colaboradores<\/strong>, mostrando tu perfil de forma diferenciadora<\/p><\/li><li data-start=\"2082\" data-end=\"2170\"><p data-start=\"2084\" data-end=\"2170\"><strong data-start=\"2084\" data-end=\"2109\">Totalmente responsive<\/strong>, compatible con m\u00f3viles, tablets y pantallas de escritorio<\/p><\/li><li data-start=\"2171\" data-end=\"2265\"><p data-start=\"2173\" data-end=\"2265\"><strong data-start=\"2173\" data-end=\"2198\">Easy to customize<\/strong>, sin necesidad de conocimientos avanzados en dise\u00f1o o desarrollo<\/p><\/li><li data-start=\"2266\" data-end=\"2360\"><p data-start=\"2268\" data-end=\"2360\"><strong data-start=\"2268\" data-end=\"2310\">Optimizaci\u00f3n SEO lista desde el inicio<\/strong>, para que tu perfil personal aparezca en Google<\/p><\/li><li data-start=\"2361\" data-end=\"2444\"><p data-start=\"2363\" data-end=\"2444\"><strong data-start=\"2363\" data-end=\"2379\">Fast charging<\/strong>, lo que mejora la experiencia del usuario y el posicionamiento<\/p><\/li><\/ul><h3 data-start=\"2446\" data-end=\"2521\"><strong data-start=\"2450\" data-end=\"2521\">Caracter\u00edsticas principales de Alumetro Personal CV Joomla Template<\/strong><\/h3><ul data-start=\"2523\" data-end=\"3129\"><li data-start=\"2523\" data-end=\"2607\"><p data-start=\"2525\" data-end=\"2607\"><strong data-start=\"2525\" data-end=\"2605\">Secciones predise\u00f1adas para experiencia, habilidades, educaci\u00f3n y portafolio<\/strong><\/p><\/li><li data-start=\"2608\" data-end=\"2700\"><p data-start=\"2610\" data-end=\"2700\"><strong data-start=\"2610\" data-end=\"2630\">Timeline animado<\/strong>, ideal para mostrar tu trayectoria profesional de forma cronol\u00f3gica<\/p><\/li><li data-start=\"2701\" data-end=\"2773\"><p data-start=\"2703\" data-end=\"2773\"><strong data-start=\"2703\" data-end=\"2738\">Galer\u00eda de trabajos y proyectos<\/strong>, con efectos visuales atractivos<\/p><\/li><li data-start=\"2774\" data-end=\"2854\"><p data-start=\"2776\" data-end=\"2854\"><strong data-start=\"2776\" data-end=\"2816\">Dise\u00f1o de una sola p\u00e1gina (one-page)<\/strong> o multip\u00e1gina, seg\u00fan tu preferencia<\/p><\/li><li data-start=\"2855\" data-end=\"2915\"><p data-start=\"2857\" data-end=\"2915\"><strong data-start=\"2857\" data-end=\"2893\">Formulario de contacto integrado<\/strong>, simple y funcional<\/p><\/li><li data-start=\"2916\" data-end=\"2974\"><p data-start=\"2918\" data-end=\"2974\"><strong data-start=\"2918\" data-end=\"2972\">Compatibilidad con extensiones populares de Joomla<\/strong><\/p><\/li><li data-start=\"2975\" data-end=\"3059\"><p data-start=\"2977\" data-end=\"3059\"><strong data-start=\"2977\" data-end=\"3015\">Dise\u00f1o modular basado en Bootstrap<\/strong>, garantizando rendimiento y escalabilidad<\/p><\/li><li data-start=\"3060\" data-end=\"3129\"><p data-start=\"3062\" data-end=\"3129\"><strong data-start=\"3062\" data-end=\"3087\">Soporte multilenguaje<\/strong>, perfecto para perfiles internacionales<\/p><\/li><\/ul><h3 data-start=\"3131\" data-end=\"3192\"><strong data-start=\"3135\" data-end=\"3192\">\u00bfPor qu\u00e9 elegir Alumetro Personal CV Joomla Template?<\/strong><\/h3><p data-start=\"3194\" data-end=\"3502\">Porque Alumetro Personal CV Joomla Template es una soluci\u00f3n lista para ayudarte a destacar profesionalmente en el entorno digital. Su dise\u00f1o ha sido cuidadosamente elaborado para combinar est\u00e9tica, funcionalidad y claridad, factores clave a la hora de causar una buena impresi\u00f3n en quien visita tu sitio.<\/p><p data-start=\"3504\" data-end=\"3811\">Adem\u00e1s, est\u00e1 optimizada para que Google indexe correctamente tu perfil, permiti\u00e9ndote aparecer en b\u00fasquedas relevantes con tu nombre, profesi\u00f3n o especialidad. En un mundo donde la identidad digital es tan importante como la experiencia real, contar con una herramienta como esta es una ventaja estrat\u00e9gica.<\/p><h3 data-start=\"3813\" data-end=\"3831\"><strong data-start=\"3817\" data-end=\"3831\">Conclusion<\/strong><\/h3><p data-start=\"3833\" data-end=\"4186\">Alumetro Personal CV Joomla Template es la plantilla ideal para profesionales que desean construir una identidad digital potente y bien presentada. Ya sea que est\u00e9s buscando empleo, quieras mostrar tu portafolio o simplemente desees tener un CV online impecable, esta plantilla te ofrece todas las herramientas para lograrlo con estilo y eficiencia.<\/p><p data-start=\"4188\" data-end=\"4366\" data-is-last-node=\"\" data-is-only-node=\"\">Si buscas una forma moderna, r\u00e1pida y efectiva de presentar qui\u00e9n eres y qu\u00e9 haces, Alumetro Personal CV Joomla Template es tu mejor aliado para destacar en el mundo digital.<\/p>\t\t\t\t\t\t\t\t<\/div>\n\t\t\t\t<\/div>\n\t\t\t\t\t<\/div>\n\t\t\t\t<\/div>\n\t\t\t\t<\/div>","protected":false},"excerpt":{"rendered":"<p>Alumetro Personal CV Joomla Template Alumetro Personal CV Joomla Template es una plantilla profesional para Joomla dise\u00f1ada espec\u00edficamente para crear<\/p>","protected":false},"featured_media":81030,"comment_status":"closed","ping_status":"closed","template":"","meta":{"_acf_changed":false},"product_brand":[],"product_cat":[604],"product_tag":[146],"class_list":{"0":"post-81074","1":"product","2":"type-product","3":"status-publish","4":"has-post-thumbnail","6":"product_cat-joomla-themes","7":"product_tag-temas-para-portafolios-y-cv","8":"pa_autores-templatemonster","10":"first","11":"instock","12":"sale","13":"downloadable","14":"virtual","15":"sold-individually","16":"purchasable","17":"product-type-simple"},"acf":[],"_links":{"self":[{"href":"https:\/\/wpclub.pro\/en\/wp-json\/wp\/v2\/product\/81074","targetHints":{"allow":["GET"]}}],"collection":[{"href":"https:\/\/wpclub.pro\/en\/wp-json\/wp\/v2\/product"}],"about":[{"href":"https:\/\/wpclub.pro\/en\/wp-json\/wp\/v2\/types\/product"}],"replies":[{"embeddable":true,"href":"https:\/\/wpclub.pro\/en\/wp-json\/wp\/v2\/comments?post=81074"}],"version-history":[{"count":0,"href":"https:\/\/wpclub.pro\/en\/wp-json\/wp\/v2\/product\/81074\/revisions"}],"wp:featuredmedia":[{"embeddable":true,"href":"https:\/\/wpclub.pro\/en\/wp-json\/wp\/v2\/media\/81030"}],"wp:attachment":[{"href":"https:\/\/wpclub.pro\/en\/wp-json\/wp\/v2\/media?parent=81074"}],"wp:term":[{"taxonomy":"product_brand","embeddable":true,"href":"https:\/\/wpclub.pro\/en\/wp-json\/wp\/v2\/product_brand?post=81074"},{"taxonomy":"product_cat","embeddable":true,"href":"https:\/\/wpclub.pro\/en\/wp-json\/wp\/v2\/product_cat?post=81074"},{"taxonomy":"product_tag","embeddable":true,"href":"https:\/\/wpclub.pro\/en\/wp-json\/wp\/v2\/product_tag?post=81074"}],"curies":[{"name":"wp","href":"https:\/\/api.w.org\/{rel}","templated":true}]}}