{"id":81262,"date":"2025-06-02T12:37:41","date_gmt":"2025-06-02T16:37:41","guid":{"rendered":"https:\/\/wpclub.pro\/?post_type=product&#038;p=81262"},"modified":"2025-08-25T13:41:16","modified_gmt":"2025-08-25T17:41:16","slug":"yaymail-toilet-vendors-marketplace-addon","status":"publish","type":"product","link":"https:\/\/wpclub.pro\/en\/item\/yaymail-wc-vendors-marketplace-addon\/","title":{"rendered":"YayMail WC Vendors Marketplace Addon 4.0"},"content":{"rendered":"<div data-elementor-type=\"product-post\" data-elementor-id=\"81262\" class=\"elementor elementor-81262\" data-elementor-post-type=\"product\">\n\t\t\t\t<div class=\"wd-negative-gap elementor-element elementor-element-6ef7abe0 e-flex e-con-boxed e-con e-parent\" data-id=\"6ef7abe0\" data-element_type=\"container\" data-e-type=\"container\">\n\t\t\t\t\t<div class=\"e-con-inner\">\n\t\t\t\t<div class=\"elementor-element elementor-element-675cc936 color-scheme-inherit text-left elementor-widget elementor-widget-text-editor\" data-id=\"675cc936\" data-element_type=\"widget\" data-e-type=\"widget\" data-widget_type=\"text-editor.default\">\n\t\t\t\t<div class=\"elementor-widget-container\">\n\t\t\t\t\t\t\t\t\t<h2 data-start=\"153\" data-end=\"206\"><strong data-start=\"157\" data-end=\"206\">YayMail WC Vendors Marketplace Addon<\/strong><\/h2><p data-start=\"208\" data-end=\"622\">YayMail WC Vendors Marketplace Addon es un complemento premium que permite personalizar visualmente los correos electr\u00f3nicos autom\u00e1ticos generados por WC Vendors Marketplace utilizando el editor drag &amp; drop de YayMail Pro. Esta integraci\u00f3n est\u00e1 dise\u00f1ada espec\u00edficamente para sitios WooCommerce que operan como marketplaces, donde m\u00faltiples vendedores gestionan sus propios productos, pedidos y cuentas.<\/p><p data-start=\"624\" data-end=\"861\">Con este addon, puedes editar los correos transaccionales que se env\u00edan tanto a los vendedores como a los administradores del sitio, garantizando una experiencia profesional, coherente y alineada con la identidad visual de tu plataforma.<\/p><h3 data-start=\"863\" data-end=\"924\"><strong data-start=\"867\" data-end=\"924\">\u00bfPara qu\u00e9 sirve YayMail WC Vendors Marketplace Addon?<\/strong><\/h3><p data-start=\"926\" data-end=\"1205\">YayMail WC Vendors Marketplace Addon sirve para personalizar todos los correos electr\u00f3nicos enviados por WC Vendors Marketplace, incluyendo notificaciones de nuevos pedidos para los vendedores, solicitudes de retiro, cambios de estado, registros de cuentas de vendedor y m\u00e1s.<\/p><p data-start=\"1207\" data-end=\"1515\">Gracias al poder visual de YayMail Pro, puedes crear plantillas atractivas, claras y personalizadas sin necesidad de programaci\u00f3n. Esto no solo mejora la comunicaci\u00f3n con los vendedores, sino que tambi\u00e9n refuerza la imagen de tu marketplace y mejora la experiencia general de todos los usuarios involucrados.<\/p><h3 data-start=\"1517\" data-end=\"1587\"><strong data-start=\"1521\" data-end=\"1587\">Principales beneficios de YayMail WC Vendors Marketplace Addon<\/strong><\/h3><ul data-start=\"1589\" data-end=\"2345\"><li data-start=\"1589\" data-end=\"1753\"><p data-start=\"1591\" data-end=\"1753\"><strong data-start=\"1591\" data-end=\"1649\">Correos visualmente profesionales para tu marketplace:<\/strong> Ofrece una experiencia de comunicaci\u00f3n de alto nivel tanto para vendedores como para administradores.<\/p><\/li><li data-start=\"1754\" data-end=\"1879\"><p data-start=\"1756\" data-end=\"1879\"><strong data-start=\"1756\" data-end=\"1802\">Mayor claridad en los procesos operativos:<\/strong> Notificaciones m\u00e1s comprensibles reducen errores y consultas innecesarias.<\/p><\/li><li data-start=\"1880\" data-end=\"1989\"><p data-start=\"1882\" data-end=\"1989\"><strong data-start=\"1882\" data-end=\"1916\">Fortalece la imagen del sitio:<\/strong> Cada correo personalizado refleja el profesionalismo de tu plataforma.<\/p><\/li><li data-start=\"1990\" data-end=\"2126\"><p data-start=\"1992\" data-end=\"2126\"><strong data-start=\"1992\" data-end=\"2034\">Mejor experiencia para los vendedores:<\/strong> Facilita la gesti\u00f3n de pedidos, retiros y cuentas con comunicaciones claras y coherentes.<\/p><\/li><li data-start=\"2127\" data-end=\"2237\"><p data-start=\"2129\" data-end=\"2237\"><strong data-start=\"2129\" data-end=\"2161\">Ahorro de tiempo en soporte:<\/strong> Correos bien estructurados disminuyen la necesidad de asistencia directa.<\/p><\/li><li data-start=\"2238\" data-end=\"2345\"><p data-start=\"2240\" data-end=\"2345\"><strong data-start=\"2240\" data-end=\"2277\">F\u00e1cil personalizaci\u00f3n sin c\u00f3digo:<\/strong> Todo se gestiona desde el editor visual drag &amp; drop de YayMail Pro.<\/p><\/li><\/ul><h3 data-start=\"2347\" data-end=\"2421\"><strong data-start=\"2351\" data-end=\"2421\">Caracter\u00edsticas destacadas de YayMail WC Vendors Marketplace Addon<\/strong><\/h3><ul data-start=\"2423\" data-end=\"3029\"><li data-start=\"2423\" data-end=\"2485\"><p data-start=\"2425\" data-end=\"2485\">Integraci\u00f3n total con WC Vendors Marketplace y YayMail Pro<\/p><\/li><li data-start=\"2486\" data-end=\"2614\"><p data-start=\"2488\" data-end=\"2614\">Plantillas editables para: notificaciones de pedidos, pagos, retiros, cambios de estado, registros de cuenta, rechazos, etc.<\/p><\/li><li data-start=\"2615\" data-end=\"2741\"><p data-start=\"2617\" data-end=\"2741\">Inserci\u00f3n de campos din\u00e1micos como: nombre del vendedor, ID del pedido, monto del retiro, productos vendidos, fechas clave<\/p><\/li><li data-start=\"2742\" data-end=\"2798\"><p data-start=\"2744\" data-end=\"2798\">Compatibilidad con roles de vendedor y administrador<\/p><\/li><li data-start=\"2799\" data-end=\"2848\"><p data-start=\"2801\" data-end=\"2848\">Correos responsive y optimizados para m\u00f3viles<\/p><\/li><li data-start=\"2849\" data-end=\"2913\"><p data-start=\"2851\" data-end=\"2913\">Soporte multilenguaje y compatible con plugins de traducci\u00f3n<\/p><\/li><li data-start=\"2914\" data-end=\"2976\"><p data-start=\"2916\" data-end=\"2976\">Actualizaciones frecuentes y soporte t\u00e9cnico especializado<\/p><\/li><li data-start=\"2977\" data-end=\"3029\"><p data-start=\"2979\" data-end=\"3029\">Compatible con otros addons del ecosistema YayMail<\/p><\/li><\/ul><h3 data-start=\"3031\" data-end=\"3096\"><strong data-start=\"3035\" data-end=\"3096\">\u00bfQui\u00e9n deber\u00eda usar YayMail WC Vendors Marketplace Addon?<\/strong><\/h3><p data-start=\"3098\" data-end=\"3254\">YayMail WC Vendors Marketplace Addon es ideal para administradores de marketplaces construidos con WooCommerce y WC Vendors. Es especialmente \u00fatil para:<\/p><ul data-start=\"3256\" data-end=\"3706\"><li data-start=\"3256\" data-end=\"3330\"><p data-start=\"3258\" data-end=\"3330\">Marketplaces de productos f\u00edsicos o digitales con m\u00faltiples vendedores<\/p><\/li><li data-start=\"3331\" data-end=\"3385\"><p data-start=\"3333\" data-end=\"3385\">Plataformas de comercio colaborativo o comunitario<\/p><\/li><li data-start=\"3386\" data-end=\"3455\"><p data-start=\"3388\" data-end=\"3455\">Sitios con alta rotaci\u00f3n de productos y notificaciones constantes<\/p><\/li><li data-start=\"3456\" data-end=\"3526\"><p data-start=\"3458\" data-end=\"3526\">Marketplaces que desean mejorar la comunicaci\u00f3n con sus vendedores<\/p><\/li><li data-start=\"3527\" data-end=\"3618\"><p data-start=\"3529\" data-end=\"3618\">Administradores que buscan profesionalizar todos los aspectos del contacto automatizado<\/p><\/li><li data-start=\"3619\" data-end=\"3706\"><p data-start=\"3621\" data-end=\"3706\">Negocios que desean ofrecer una experiencia diferenciadora a sus partners comerciales<\/p><\/li><\/ul><h3 data-start=\"3708\" data-end=\"3769\"><strong data-start=\"3712\" data-end=\"3769\">\u00bfPor qu\u00e9 elegir YayMail WC Vendors Marketplace Addon?<\/strong><\/h3><p data-start=\"3771\" data-end=\"4135\">Porque los marketplaces requieren una comunicaci\u00f3n clara, profesional y eficiente entre la plataforma, los vendedores y los administradores. Con YayMail WC Vendors Marketplace Addon, puedes controlar completamente el dise\u00f1o, el contenido y el tono de cada correo enviado, evitando malentendidos y fortaleciendo la confianza entre todas las partes involucradas.<\/p><p data-start=\"4137\" data-end=\"4319\">Adem\u00e1s, te permite ofrecer una experiencia de usuario coherente con la identidad visual de tu marketplace, desde el registro del vendedor hasta la confirmaci\u00f3n de cada pago recibido.<\/p><h3 data-start=\"4321\" data-end=\"4339\"><strong data-start=\"4325\" data-end=\"4339\">Conclusion<\/strong><\/h3><p data-start=\"4341\" data-end=\"4718\">YayMail WC Vendors Marketplace Addon es una herramienta imprescindible para cualquier marketplace basado en WooCommerce y WC Vendors que desee ofrecer una comunicaci\u00f3n m\u00e1s profesional, clara y adaptada a su marca. Este addon eleva la experiencia de usuarios y vendedores por igual, asegurando que cada mensaje autom\u00e1tico refleje el compromiso y la calidad de tu plataforma.<\/p><p data-start=\"4720\" data-end=\"4834\">Con YayMail WC Vendors Marketplace Addon, conviertes cada correo en una extensi\u00f3n confiable de tu marketplace.<\/p>\t\t\t\t\t\t\t\t<\/div>\n\t\t\t\t<\/div>\n\t\t\t\t\t<\/div>\n\t\t\t\t<\/div>\n\t\t\t\t<\/div>","protected":false},"excerpt":{"rendered":"<p>YayMail WC Vendors Marketplace Addon YayMail WC Vendors Marketplace Addon es un complemento premium que permite personalizar visualmente los correos<\/p>","protected":false},"featured_media":81266,"comment_status":"closed","ping_status":"closed","template":"","meta":{"_acf_changed":false},"product_brand":[],"product_cat":[67],"product_tag":[623],"class_list":{"0":"post-81262","1":"product","2":"type-product","3":"status-publish","4":"has-post-thumbnail","6":"product_cat-wordpress-plugins","7":"product_tag-plugins-para-marketplace","8":"pa_autores-yaymail-pro","10":"first","11":"instock","12":"sale","13":"downloadable","14":"virtual","15":"sold-individually","16":"purchasable","17":"product-type-simple"},"acf":[],"_links":{"self":[{"href":"https:\/\/wpclub.pro\/en\/wp-json\/wp\/v2\/product\/81262","targetHints":{"allow":["GET"]}}],"collection":[{"href":"https:\/\/wpclub.pro\/en\/wp-json\/wp\/v2\/product"}],"about":[{"href":"https:\/\/wpclub.pro\/en\/wp-json\/wp\/v2\/types\/product"}],"replies":[{"embeddable":true,"href":"https:\/\/wpclub.pro\/en\/wp-json\/wp\/v2\/comments?post=81262"}],"version-history":[{"count":0,"href":"https:\/\/wpclub.pro\/en\/wp-json\/wp\/v2\/product\/81262\/revisions"}],"wp:featuredmedia":[{"embeddable":true,"href":"https:\/\/wpclub.pro\/en\/wp-json\/wp\/v2\/media\/81266"}],"wp:attachment":[{"href":"https:\/\/wpclub.pro\/en\/wp-json\/wp\/v2\/media?parent=81262"}],"wp:term":[{"taxonomy":"product_brand","embeddable":true,"href":"https:\/\/wpclub.pro\/en\/wp-json\/wp\/v2\/product_brand?post=81262"},{"taxonomy":"product_cat","embeddable":true,"href":"https:\/\/wpclub.pro\/en\/wp-json\/wp\/v2\/product_cat?post=81262"},{"taxonomy":"product_tag","embeddable":true,"href":"https:\/\/wpclub.pro\/en\/wp-json\/wp\/v2\/product_tag?post=81262"}],"curies":[{"name":"wp","href":"https:\/\/api.w.org\/{rel}","templated":true}]}}