{"id":82822,"date":"2025-06-10T16:24:59","date_gmt":"2025-06-10T20:24:59","guid":{"rendered":"https:\/\/wpclub.pro\/?post_type=product&#038;p=82822"},"modified":"2025-06-10T16:47:00","modified_gmt":"2025-06-10T20:47:00","slug":"plyxico-sports-gaming-and-fitness-store","status":"publish","type":"product","link":"https:\/\/wpclub.pro\/en\/item\/plyxico-sports-gaming-and-fitness-store\/","title":{"rendered":"Plyxico Sports Gaming and Fitness Store Prestashop Theme 1.0.0"},"content":{"rendered":"<div data-elementor-type=\"product-post\" data-elementor-id=\"82822\" class=\"elementor elementor-82822\" data-elementor-post-type=\"product\">\n\t\t\t\t<div class=\"wd-negative-gap elementor-element elementor-element-31f37c0e e-flex e-con-boxed e-con e-parent\" data-id=\"31f37c0e\" data-element_type=\"container\" data-e-type=\"container\">\n\t\t\t\t\t<div class=\"e-con-inner\">\n\t\t\t\t<div class=\"elementor-element elementor-element-f4f563e color-scheme-inherit text-left elementor-widget elementor-widget-text-editor\" data-id=\"f4f563e\" data-element_type=\"widget\" data-e-type=\"widget\" data-widget_type=\"text-editor.default\">\n\t\t\t\t<div class=\"elementor-widget-container\">\n\t\t\t\t\t\t\t\t\t<h2 data-start=\"294\" data-end=\"367\"><strong data-start=\"298\" data-end=\"367\">Plyxico Sports Gaming and Fitness Store Prestashop Theme<\/strong><\/h2><p data-start=\"369\" data-end=\"851\">Plyxico Sports Gaming and Fitness Store Prestashop Theme es un tema profesional y vers\u00e1til dise\u00f1ado espec\u00edficamente para tiendas en l\u00ednea enfocadas en deportes, fitness, gaming y productos electr\u00f3nicos. Compatible con la plataforma PrestaShop, este theme ofrece una experiencia de usuario fluida, r\u00e1pida y totalmente responsive, ideal para quienes desean vender productos deportivos, equipamiento de gimnasio, ropa fitness o art\u00edculos para gamers en un entorno moderno y optimizado.<\/p><p data-start=\"853\" data-end=\"1130\">Plyxico Sports Gaming and Fitness Store Prestashop Theme ha sido desarrollado pensando en la conversi\u00f3n, velocidad de carga y facilidad de personalizaci\u00f3n, convirti\u00e9ndose en una opci\u00f3n ideal para emprendedores y marcas que desean destacar en el competitivo mundo del ecommerce.<\/p><h3 data-start=\"1132\" data-end=\"1213\"><strong data-start=\"1136\" data-end=\"1213\">\u00bfPara qu\u00e9 sirve Plyxico Sports Gaming and Fitness Store Prestashop Theme?<\/strong><\/h3><p data-start=\"1215\" data-end=\"1399\">Plyxico Sports Gaming and Fitness Store Prestashop Theme sirve para crear una tienda en l\u00ednea impactante y profesional sin necesidad de conocimientos de programaci\u00f3n. Es perfecto para:<\/p><ul data-start=\"1401\" data-end=\"1688\"><li data-start=\"1401\" data-end=\"1454\"><p data-start=\"1403\" data-end=\"1454\">Tiendas de productos deportivos y de entrenamiento.<\/p><\/li><li data-start=\"1455\" data-end=\"1535\"><p data-start=\"1457\" data-end=\"1535\">Negocios que venden art\u00edculos de gaming, consolas, sillas gamers o accesorios.<\/p><\/li><li data-start=\"1536\" data-end=\"1592\"><p data-start=\"1538\" data-end=\"1592\">Ecommerce de ropa deportiva, zapatillas o suplementos.<\/p><\/li><li data-start=\"1593\" data-end=\"1688\"><p data-start=\"1595\" data-end=\"1688\">Comercios electr\u00f3nicos que quieren una plantilla moderna y adaptada a m\u00faltiples dispositivos.<\/p><\/li><\/ul><p data-start=\"1690\" data-end=\"1845\">Este tema permite montar un ecommerce completo en PrestaShop, con dise\u00f1o atractivo, funcionalidades pr\u00e1cticas y total compatibilidad con m\u00f3dulos populares.<\/p><h3 data-start=\"1847\" data-end=\"1930\"><strong data-start=\"1851\" data-end=\"1930\">Beneficios de usar Plyxico Sports Gaming and Fitness Store Prestashop Theme<\/strong><\/h3><p data-start=\"1932\" data-end=\"2071\">Al instalar Plyxico Sports Gaming and Fitness Store Prestashop Theme obtienes una serie de ventajas claves para potenciar tu tienda online:<\/p><ul data-start=\"2073\" data-end=\"2932\"><li data-start=\"2073\" data-end=\"2141\"><p data-start=\"2075\" data-end=\"2141\"><strong data-start=\"2075\" data-end=\"2107\">Dise\u00f1o moderno y profesional<\/strong> que inspira confianza al usuario.<\/p><\/li><li data-start=\"2142\" data-end=\"2237\"><p data-start=\"2144\" data-end=\"2237\"><strong data-start=\"2144\" data-end=\"2163\">100% responsive<\/strong>: se adapta perfectamente a m\u00f3viles, tablets y computadoras de escritorio.<\/p><\/li><li data-start=\"2238\" data-end=\"2362\"><p data-start=\"2240\" data-end=\"2362\"><strong data-start=\"2240\" data-end=\"2275\">Optimizado para SEO y velocidad<\/strong>: pensado para mejorar el posicionamiento en buscadores y reducir los tiempos de carga.<\/p><\/li><li data-start=\"2363\" data-end=\"2456\"><p data-start=\"2365\" data-end=\"2456\"><strong data-start=\"2365\" data-end=\"2411\">Compatibilidad total con PrestaShop 1.7.x+<\/strong>, garantizando estabilidad y actualizaciones.<\/p><\/li><li data-start=\"2457\" data-end=\"2574\"><p data-start=\"2459\" data-end=\"2574\"><strong data-start=\"2459\" data-end=\"2484\">F\u00e1cil de personalizar<\/strong>: incluye opciones de colores, tipograf\u00edas y distribuci\u00f3n de m\u00f3dulos desde el back office.<\/p><\/li><li data-start=\"2575\" data-end=\"2719\"><p data-start=\"2577\" data-end=\"2719\"><strong data-start=\"2577\" data-end=\"2610\">Ideal para productos visuales<\/strong>: galer\u00edas, sliders y bloques destacados para mejorar la presentaci\u00f3n de productos deportivos o electr\u00f3nicos.<\/p><\/li><li data-start=\"2720\" data-end=\"2848\"><p data-start=\"2722\" data-end=\"2848\"><strong data-start=\"2722\" data-end=\"2752\">Dise\u00f1ado para conversiones<\/strong>: navegaci\u00f3n intuitiva, llamada a la acci\u00f3n destacada y dise\u00f1o pensado para facilitar la compra.<\/p><\/li><li data-start=\"2849\" data-end=\"2932\"><p data-start=\"2851\" data-end=\"2932\"><strong data-start=\"2851\" data-end=\"2895\">Soporte para m\u00faltiples idiomas y monedas<\/strong>: ideal para tiendas internacionales.<\/p><\/li><\/ul><h3 data-start=\"2934\" data-end=\"3029\"><strong data-start=\"2938\" data-end=\"3029\">Caracter\u00edsticas principales de Plyxico Sports Gaming and Fitness Store Prestashop Theme<\/strong><\/h3><p data-start=\"3031\" data-end=\"3197\">Plyxico Sports Gaming and Fitness Store Prestashop Theme viene equipado con m\u00faltiples funcionalidades que lo convierten en una plantilla completa y lista para vender:<\/p><ul data-start=\"3199\" data-end=\"3839\"><li data-start=\"3199\" data-end=\"3274\"><p data-start=\"3201\" data-end=\"3274\"><strong data-start=\"3201\" data-end=\"3273\">Dise\u00f1o limpio y profesional orientado a ecommerce deportivo y gaming<\/strong>.<\/p><\/li><li data-start=\"3275\" data-end=\"3374\"><p data-start=\"3277\" data-end=\"3374\"><strong data-start=\"3277\" data-end=\"3326\">Deslizadores din\u00e1micos en la p\u00e1gina principal<\/strong> para destacar promociones o productos estrella.<\/p><\/li><li data-start=\"3375\" data-end=\"3448\"><p data-start=\"3377\" data-end=\"3448\"><strong data-start=\"3377\" data-end=\"3405\">Mega men\u00fa personalizable<\/strong> para mejorar la navegaci\u00f3n por categor\u00edas.<\/p><\/li><li data-start=\"3449\" data-end=\"3520\"><p data-start=\"3451\" data-end=\"3520\"><strong data-start=\"3451\" data-end=\"3519\">M\u00f3dulo de productos destacados, nuevos, m\u00e1s vendidos y en oferta<\/strong>.<\/p><\/li><li data-start=\"3521\" data-end=\"3594\"><p data-start=\"3523\" data-end=\"3594\"><strong data-start=\"3523\" data-end=\"3593\">P\u00e1gina de producto moderna con zoom de imagen, rese\u00f1as y variantes<\/strong>.<\/p><\/li><li data-start=\"3595\" data-end=\"3664\"><p data-start=\"3597\" data-end=\"3664\"><strong data-start=\"3597\" data-end=\"3615\">Integrated blog<\/strong> para potenciar la estrategia de contenido y SEO.<\/p><\/li><li data-start=\"3665\" data-end=\"3721\"><p data-start=\"3667\" data-end=\"3721\"><strong data-start=\"3667\" data-end=\"3720\">Compatibilidad con todos los navegadores modernos<\/strong>.<\/p><\/li><li data-start=\"3722\" data-end=\"3785\"><p data-start=\"3724\" data-end=\"3785\"><strong data-start=\"3724\" data-end=\"3784\">Optimizaci\u00f3n para velocidad de carga y rendimiento m\u00f3vil<\/strong>.<\/p><\/li><li data-start=\"3786\" data-end=\"3839\"><p data-start=\"3788\" data-end=\"3839\"><strong data-start=\"3788\" data-end=\"3838\">Plantillas de correo y carrito personalizables<\/strong>.<\/p><\/li><\/ul><h3 data-start=\"3841\" data-end=\"3926\"><strong data-start=\"3845\" data-end=\"3926\">\u00bfQui\u00e9n deber\u00eda usar Plyxico Sports Gaming and Fitness Store Prestashop Theme?<\/strong><\/h3><p data-start=\"3928\" data-end=\"3999\">Plyxico Sports Gaming and Fitness Store Prestashop Theme es ideal para:<\/p><ul data-start=\"4001\" data-end=\"4386\"><li data-start=\"4001\" data-end=\"4071\"><p data-start=\"4003\" data-end=\"4071\">Emprendedores que venden art\u00edculos deportivos o para entrenamientos.<\/p><\/li><li data-start=\"4072\" data-end=\"4150\"><p data-start=\"4074\" data-end=\"4150\">Marcas que comercializan accesorios de videojuegos o productos tecnol\u00f3gicos.<\/p><\/li><li data-start=\"4151\" data-end=\"4193\"><p data-start=\"4153\" data-end=\"4193\">Tiendas de suplementos o ropa deportiva.<\/p><\/li><li data-start=\"4194\" data-end=\"4287\"><p data-start=\"4196\" data-end=\"4287\">Agencias de ecommerce que buscan una base s\u00f3lida y personalizable para tiendas de clientes.<\/p><\/li><li data-start=\"4288\" data-end=\"4386\"><p data-start=\"4290\" data-end=\"4386\">Negocios digitales que buscan un dise\u00f1o profesional con enfoque en conversi\u00f3n y posicionamiento.<\/p><\/li><\/ul><p data-start=\"4388\" data-end=\"4553\">En resumen, cualquier negocio en el sector fitness, deportes o tecnolog\u00eda puede beneficiarse de las funcionalidades y el dise\u00f1o de este potente tema para PrestaShop.<\/p><h3 data-start=\"4555\" data-end=\"4636\"><strong data-start=\"4559\" data-end=\"4636\">\u00bfPor qu\u00e9 elegir Plyxico Sports Gaming and Fitness Store Prestashop Theme?<\/strong><\/h3><p data-start=\"4638\" data-end=\"4980\">Elegir Plyxico Sports Gaming and Fitness Store Prestashop Theme es optar por una plantilla moderna, optimizada y pensada para vender desde el primer momento. Su dise\u00f1o vers\u00e1til y enfocado en experiencias visuales hace que cada producto luzca profesional, mientras que su estructura t\u00e9cnica garantiza velocidad y posicionamiento en buscadores.<\/p><p data-start=\"4982\" data-end=\"5243\">Adem\u00e1s, es una soluci\u00f3n flexible y escalable, lo que permite crecer junto con tu negocio sin necesidad de redise\u00f1ar el sitio constantemente. La integraci\u00f3n sencilla con m\u00f3dulos adicionales de PrestaShop tambi\u00e9n facilita expandir funciones seg\u00fan tus necesidades.<\/p><h3 data-start=\"5245\" data-end=\"5263\"><strong data-start=\"5249\" data-end=\"5263\">Conclusion<\/strong><\/h3><p data-start=\"5265\" data-end=\"5682\">Plyxico Sports Gaming and Fitness Store Prestashop Theme es mucho m\u00e1s que un simple dise\u00f1o: es una soluci\u00f3n integral para construir una tienda online potente, visualmente atractiva y completamente funcional. Si buscas una plantilla que combine est\u00e9tica, rendimiento y flexibilidad en el mundo del ecommerce deportivo o gaming, entonces Plyxico Sports Gaming and Fitness Store Prestashop Theme es la elecci\u00f3n perfecta.<\/p>\t\t\t\t\t\t\t\t<\/div>\n\t\t\t\t<\/div>\n\t\t\t\t\t<\/div>\n\t\t\t\t<\/div>\n\t\t\t\t<\/div>","protected":false},"excerpt":{"rendered":"<p>Plyxico Sports Gaming and Fitness Store Prestashop Theme Plyxico Sports Gaming and Fitness Store Prestashop Theme es un tema profesional<\/p>","protected":false},"featured_media":82826,"comment_status":"closed","ping_status":"closed","template":"","meta":{"_acf_changed":false},"product_brand":[],"product_cat":[603],"product_tag":[475,136],"class_list":{"0":"post-82822","1":"product","2":"type-product","3":"status-publish","4":"has-post-thumbnail","6":"product_cat-prestashop-themes","7":"product_tag-temas-para-deportes-y-gimnasios","8":"product_tag-temas-para-tiendas-ecommerce","9":"pa_autores-templatemonster","11":"first","12":"instock","13":"sale","14":"downloadable","15":"virtual","16":"sold-individually","17":"purchasable","18":"product-type-simple"},"acf":[],"_links":{"self":[{"href":"https:\/\/wpclub.pro\/en\/wp-json\/wp\/v2\/product\/82822","targetHints":{"allow":["GET"]}}],"collection":[{"href":"https:\/\/wpclub.pro\/en\/wp-json\/wp\/v2\/product"}],"about":[{"href":"https:\/\/wpclub.pro\/en\/wp-json\/wp\/v2\/types\/product"}],"replies":[{"embeddable":true,"href":"https:\/\/wpclub.pro\/en\/wp-json\/wp\/v2\/comments?post=82822"}],"version-history":[{"count":0,"href":"https:\/\/wpclub.pro\/en\/wp-json\/wp\/v2\/product\/82822\/revisions"}],"wp:featuredmedia":[{"embeddable":true,"href":"https:\/\/wpclub.pro\/en\/wp-json\/wp\/v2\/media\/82826"}],"wp:attachment":[{"href":"https:\/\/wpclub.pro\/en\/wp-json\/wp\/v2\/media?parent=82822"}],"wp:term":[{"taxonomy":"product_brand","embeddable":true,"href":"https:\/\/wpclub.pro\/en\/wp-json\/wp\/v2\/product_brand?post=82822"},{"taxonomy":"product_cat","embeddable":true,"href":"https:\/\/wpclub.pro\/en\/wp-json\/wp\/v2\/product_cat?post=82822"},{"taxonomy":"product_tag","embeddable":true,"href":"https:\/\/wpclub.pro\/en\/wp-json\/wp\/v2\/product_tag?post=82822"}],"curies":[{"name":"wp","href":"https:\/\/api.w.org\/{rel}","templated":true}]}}