{"id":82940,"date":"2025-06-10T18:19:53","date_gmt":"2025-06-10T22:19:53","guid":{"rendered":"https:\/\/wpclub.pro\/?post_type=product&#038;p=82940"},"modified":"2025-08-21T14:43:11","modified_gmt":"2025-08-21T18:43:11","slug":"kinggo-hotel-booking-joomla-template","status":"publish","type":"product","link":"https:\/\/wpclub.pro\/en\/item\/kinggo-hotel-booking-joomla-template\/","title":{"rendered":"KingGO Hotel Booking Joomla Template 2.0.18"},"content":{"rendered":"<div data-elementor-type=\"product-post\" data-elementor-id=\"82940\" class=\"elementor elementor-82940\" data-elementor-post-type=\"product\">\n\t\t\t\t<div class=\"wd-negative-gap elementor-element elementor-element-31f37c0e e-flex e-con-boxed e-con e-parent\" data-id=\"31f37c0e\" data-element_type=\"container\" data-e-type=\"container\">\n\t\t\t\t\t<div class=\"e-con-inner\">\n\t\t\t\t<div class=\"elementor-element elementor-element-f4f563e color-scheme-inherit text-left elementor-widget elementor-widget-text-editor\" data-id=\"f4f563e\" data-element_type=\"widget\" data-e-type=\"widget\" data-widget_type=\"text-editor.default\">\n\t\t\t\t<div class=\"elementor-widget-container\">\n\t\t\t\t\t\t\t\t\t<h2 data-start=\"264\" data-end=\"317\"><strong data-start=\"268\" data-end=\"317\">KingGO Hotel Booking Joomla Template<\/strong><\/h2><p data-start=\"319\" data-end=\"756\">KingGO Hotel Booking Joomla Template es una plantilla profesional desarrollada para Joomla que est\u00e1 espec\u00edficamente dise\u00f1ada para hoteles, hostales, resorts, casas de hu\u00e9spedes, alojamientos tur\u00edsticos y negocios del rubro hotelero. Esta plantilla combina elegancia visual, funcionalidades orientadas a la conversi\u00f3n y una arquitectura t\u00e9cnica moderna para ofrecer una experiencia de usuario superior tanto en m\u00f3viles como en escritorio.<\/p><p data-start=\"758\" data-end=\"997\">KingGO Hotel Booking Joomla Template facilita la creaci\u00f3n de sitios web que no solo informan, sino que tambi\u00e9n venden: desde la exhibici\u00f3n de habitaciones hasta la reserva directa en l\u00ednea, pasando por servicios, rese\u00f1as y promociones.<\/p><h3 data-start=\"999\" data-end=\"1060\"><strong data-start=\"1003\" data-end=\"1060\">\u00bfPara qu\u00e9 sirve KingGO Hotel Booking Joomla Template?<\/strong><\/h3><p data-start=\"1062\" data-end=\"1194\">KingGO Hotel Booking Joomla Template sirve para dise\u00f1ar sitios web profesionales e intuitivos que permiten a hoteles y alojamientos:<\/p><ul data-start=\"1196\" data-end=\"1606\"><li data-start=\"1196\" data-end=\"1265\"><p data-start=\"1198\" data-end=\"1265\">Mostrar habitaciones y servicios con galer\u00edas visuales impactantes.<\/p><\/li><li data-start=\"1266\" data-end=\"1315\"><p data-start=\"1268\" data-end=\"1315\">Gestionar reservas directamente desde el sitio.<\/p><\/li><li data-start=\"1316\" data-end=\"1395\"><p data-start=\"1318\" data-end=\"1395\">Informar sobre instalaciones, ubicaciones, promociones y paquetes especiales.<\/p><\/li><li data-start=\"1396\" data-end=\"1525\"><p data-start=\"1398\" data-end=\"1525\">Conectar con los clientes a trav\u00e9s de formularios de contacto, integraci\u00f3n con redes sociales y botones de llamada a la acci\u00f3n.<\/p><\/li><li data-start=\"1526\" data-end=\"1606\"><p data-start=\"1528\" data-end=\"1606\">Aumentar las conversiones y reducir la dependencia de plataformas de terceros.<\/p><\/li><\/ul><p data-start=\"1608\" data-end=\"1745\">Est\u00e1 pensada para brindar a los visitantes una experiencia clara, visual y fluida que los motive a reservar directamente desde tu p\u00e1gina.<\/p><h3 data-start=\"1747\" data-end=\"1810\"><strong data-start=\"1751\" data-end=\"1810\">Beneficios de usar KingGO Hotel Booking Joomla Template<\/strong><\/h3><p data-start=\"1812\" data-end=\"1958\">Al implementar KingGO Hotel Booking Joomla Template, obtienes ventajas competitivas clave para destacar tu negocio hotelero en el entorno digital:<\/p><ul data-start=\"1960\" data-end=\"2576\"><li data-start=\"1960\" data-end=\"2052\"><p data-start=\"1962\" data-end=\"2052\"><strong data-start=\"1962\" data-end=\"2000\">Dise\u00f1o moderno, limpio y atractivo<\/strong>, ideal para captar la atenci\u00f3n y generar confianza.<\/p><\/li><li data-start=\"2053\" data-end=\"2155\"><p data-start=\"2055\" data-end=\"2155\"><strong data-start=\"2055\" data-end=\"2089\">100% responsive y mobile-first<\/strong>, lo que garantiza una navegaci\u00f3n fluida en cualquier dispositivo.<\/p><\/li><li data-start=\"2156\" data-end=\"2280\"><p data-start=\"2158\" data-end=\"2280\"><strong data-start=\"2158\" data-end=\"2193\">Optimizada para SEO y velocidad<\/strong>, favoreciendo el posicionamiento en buscadores y mejorando la experiencia del usuario.<\/p><\/li><li data-start=\"2281\" data-end=\"2396\"><p data-start=\"2283\" data-end=\"2396\"><strong data-start=\"2283\" data-end=\"2322\">Integraci\u00f3n con sistemas de reserva<\/strong>, permitiendo gestionar disponibilidad, tarifas y reservas desde el sitio.<\/p><\/li><li data-start=\"2397\" data-end=\"2481\"><p data-start=\"2399\" data-end=\"2481\"><strong data-start=\"2399\" data-end=\"2424\">Easy to customize<\/strong>, incluso sin conocimientos t\u00e9cnicos avanzados de Joomla.<\/p><\/li><li data-start=\"2482\" data-end=\"2576\"><p data-start=\"2484\" data-end=\"2576\"><strong data-start=\"2484\" data-end=\"2512\">Compatible con Joomla 4+<\/strong>, lo que asegura estabilidad, rendimiento y soporte actualizado.<\/p><\/li><\/ul><h3 data-start=\"2578\" data-end=\"2653\"><strong data-start=\"2582\" data-end=\"2653\">Caracter\u00edsticas principales de KingGO Hotel Booking Joomla Template<\/strong><\/h3><p data-start=\"2655\" data-end=\"2777\">KingGO Hotel Booking Joomla Template incluye una variedad de funcionalidades esenciales para cualquier sitio web de hotel:<\/p><ul data-start=\"2779\" data-end=\"3540\"><li data-start=\"2779\" data-end=\"2879\"><p data-start=\"2781\" data-end=\"2879\"><strong data-start=\"2781\" data-end=\"2878\">Dise\u00f1o multip\u00e1gina con p\u00e1ginas dedicadas a habitaciones, servicios, sobre nosotros y contacto<\/strong>.<\/p><\/li><li data-start=\"2880\" data-end=\"3000\"><p data-start=\"2882\" data-end=\"3000\"><strong data-start=\"2882\" data-end=\"2915\">Secci\u00f3n de reservas integrada<\/strong>, con formularios inteligentes para fechas, n\u00famero de hu\u00e9spedes y tipo de habitaci\u00f3n.<\/p><\/li><li data-start=\"3001\" data-end=\"3105\"><p data-start=\"3003\" data-end=\"3105\"><strong data-start=\"3003\" data-end=\"3046\">Galer\u00edas de im\u00e1genes en alta resoluci\u00f3n<\/strong>, ideales para mostrar interiores, exteriores y amenidades.<\/p><\/li><li data-start=\"3106\" data-end=\"3200\"><p data-start=\"3108\" data-end=\"3200\"><strong data-start=\"3108\" data-end=\"3171\">P\u00e1ginas para mostrar testimonios de clientes y valoraciones<\/strong>, lo que aporta credibilidad.<\/p><\/li><li data-start=\"3201\" data-end=\"3287\"><p data-start=\"3203\" data-end=\"3287\"><strong data-start=\"3203\" data-end=\"3220\">Blog incluido<\/strong> para compartir noticias, promociones, consejos de viaje o eventos.<\/p><\/li><li data-start=\"3288\" data-end=\"3373\"><p data-start=\"3290\" data-end=\"3373\"><strong data-start=\"3290\" data-end=\"3372\">Secci\u00f3n de contacto con formulario, mapa y datos completos del establecimiento<\/strong>.<\/p><\/li><li data-start=\"3374\" data-end=\"3448\"><p data-start=\"3376\" data-end=\"3448\"><strong data-start=\"3376\" data-end=\"3447\">Opciones de multilenguaje y compatibilidad con navegadores modernos<\/strong>.<\/p><\/li><li data-start=\"3449\" data-end=\"3540\"><p data-start=\"3451\" data-end=\"3540\"><strong data-start=\"3451\" data-end=\"3496\">Animaciones suaves y navegaci\u00f3n intuitiva<\/strong>, para una experiencia de usuario impecable.<\/p><\/li><\/ul><h3 data-start=\"3542\" data-end=\"3607\"><strong data-start=\"3546\" data-end=\"3607\">\u00bfQui\u00e9n deber\u00eda usar KingGO Hotel Booking Joomla Template?<\/strong><\/h3><p data-start=\"3609\" data-end=\"3679\">KingGO Hotel Booking Joomla Template est\u00e1 dise\u00f1ado especialmente para:<\/p><ul data-start=\"3681\" data-end=\"4111\"><li data-start=\"3681\" data-end=\"3746\"><p data-start=\"3683\" data-end=\"3746\"><strong data-start=\"3683\" data-end=\"3745\">Hoteles boutique, hostales, caba\u00f1as y alojamientos rurales<\/strong>.<\/p><\/li><li data-start=\"3747\" data-end=\"3830\"><p data-start=\"3749\" data-end=\"3830\"><strong data-start=\"3749\" data-end=\"3783\">Resorts y complejos tur\u00edsticos<\/strong> que desean destacar sus servicios y ubicaci\u00f3n.<\/p><\/li><li data-start=\"3831\" data-end=\"3927\"><p data-start=\"3833\" data-end=\"3927\"><strong data-start=\"3833\" data-end=\"3873\">Casas de hu\u00e9spedes y bed &amp; breakfast<\/strong> que buscan una presencia web profesional y funcional.<\/p><\/li><li data-start=\"3928\" data-end=\"4019\"><p data-start=\"3930\" data-end=\"4019\"><strong data-start=\"3930\" data-end=\"4018\">Empresas de alojamiento que quieren independencia total y control sobre sus reservas<\/strong>.<\/p><\/li><li data-start=\"4020\" data-end=\"4111\"><p data-start=\"4022\" data-end=\"4111\"><strong data-start=\"4022\" data-end=\"4110\">Desarrolladores o agencias web que construyen sitios Joomla para negocios tur\u00edsticos<\/strong>.<\/p><\/li><\/ul><p data-start=\"4113\" data-end=\"4231\">Es una plantilla ideal para quienes desean maximizar sus reservas directas y ofrecer una experiencia online memorable.<\/p><h3 data-start=\"4233\" data-end=\"4294\"><strong data-start=\"4237\" data-end=\"4294\">\u00bfPor qu\u00e9 elegir KingGO Hotel Booking Joomla Template?<\/strong><\/h3><p data-start=\"4296\" data-end=\"4582\">KingGO Hotel Booking Joomla Template destaca por su dise\u00f1o atractivo, su enfoque orientado a la conversi\u00f3n y su facilidad de uso. Est\u00e1 pensada para que los hoteles y alojamientos puedan tener un sitio profesional, optimizado y enfocado en captar reservas sin depender de intermediarios.<\/p><p data-start=\"4584\" data-end=\"4759\">Su estructura clara, sus m\u00f3dulos predise\u00f1ados y su rendimiento t\u00e9cnico hacen que sea una herramienta eficaz para cualquier negocio de hospitalidad que desee destacar en l\u00ednea.<\/p><h3 data-start=\"4761\" data-end=\"4779\"><strong data-start=\"4765\" data-end=\"4779\">Conclusion<\/strong><\/h3><p data-start=\"4781\" data-end=\"5137\">KingGO Hotel Booking Joomla Template es la soluci\u00f3n ideal para alojamientos tur\u00edsticos que desean crear un sitio web profesional, intuitivo y preparado para captar reservas directas. Su dise\u00f1o moderno, su enfoque en la experiencia del cliente y sus funciones integradas la convierten en una excelente elecci\u00f3n para hoteles que quieren marcar la diferencia.<\/p><p data-start=\"5139\" data-end=\"5350\">Si buscas aumentar tus reservas, mejorar tu presencia online y ofrecer una navegaci\u00f3n impecable en cualquier dispositivo, KingGO Hotel Booking Joomla Template es la plantilla Joomla perfecta para tu negocio.<\/p>\t\t\t\t\t\t\t\t<\/div>\n\t\t\t\t<\/div>\n\t\t\t\t\t<\/div>\n\t\t\t\t<\/div>\n\t\t\t\t<\/div>","protected":false},"excerpt":{"rendered":"<p>KingGO Hotel Booking Joomla Template KingGO Hotel Booking Joomla Template es una plantilla profesional desarrollada para Joomla que est\u00e1 espec\u00edficamente<\/p>","protected":false},"featured_media":82828,"comment_status":"closed","ping_status":"closed","template":"","meta":{"_acf_changed":false},"product_brand":[],"product_cat":[604],"product_tag":[419],"class_list":{"0":"post-82940","1":"product","2":"type-product","3":"status-publish","4":"has-post-thumbnail","6":"product_cat-joomla-themes","7":"product_tag-temas-para-hoteles-y-residenciales","8":"pa_autores-templatemonster","10":"first","11":"instock","12":"sale","13":"downloadable","14":"virtual","15":"sold-individually","16":"purchasable","17":"product-type-simple"},"acf":[],"_links":{"self":[{"href":"https:\/\/wpclub.pro\/en\/wp-json\/wp\/v2\/product\/82940","targetHints":{"allow":["GET"]}}],"collection":[{"href":"https:\/\/wpclub.pro\/en\/wp-json\/wp\/v2\/product"}],"about":[{"href":"https:\/\/wpclub.pro\/en\/wp-json\/wp\/v2\/types\/product"}],"replies":[{"embeddable":true,"href":"https:\/\/wpclub.pro\/en\/wp-json\/wp\/v2\/comments?post=82940"}],"version-history":[{"count":0,"href":"https:\/\/wpclub.pro\/en\/wp-json\/wp\/v2\/product\/82940\/revisions"}],"wp:featuredmedia":[{"embeddable":true,"href":"https:\/\/wpclub.pro\/en\/wp-json\/wp\/v2\/media\/82828"}],"wp:attachment":[{"href":"https:\/\/wpclub.pro\/en\/wp-json\/wp\/v2\/media?parent=82940"}],"wp:term":[{"taxonomy":"product_brand","embeddable":true,"href":"https:\/\/wpclub.pro\/en\/wp-json\/wp\/v2\/product_brand?post=82940"},{"taxonomy":"product_cat","embeddable":true,"href":"https:\/\/wpclub.pro\/en\/wp-json\/wp\/v2\/product_cat?post=82940"},{"taxonomy":"product_tag","embeddable":true,"href":"https:\/\/wpclub.pro\/en\/wp-json\/wp\/v2\/product_tag?post=82940"}],"curies":[{"name":"wp","href":"https:\/\/api.w.org\/{rel}","templated":true}]}}