{"id":83110,"date":"2025-06-11T16:31:43","date_gmt":"2025-06-11T20:31:43","guid":{"rendered":"https:\/\/wpclub.pro\/?post_type=product&#038;p=83110"},"modified":"2025-08-22T20:09:47","modified_gmt":"2025-08-23T00:09:47","slug":"fizzfit-minimal-and-multipurpose-fitness","status":"publish","type":"product","link":"https:\/\/wpclub.pro\/en\/item\/fizzfit-minimal-and-multipurpose-fitness\/","title":{"rendered":"FizzFit Minimal and Multipurpose Fitness and Gym Shopify Theme 1.1.4"},"content":{"rendered":"<div data-elementor-type=\"product-post\" data-elementor-id=\"83110\" class=\"elementor elementor-83110\" data-elementor-post-type=\"product\">\n\t\t\t\t<div class=\"wd-negative-gap elementor-element elementor-element-31f37c0e e-flex e-con-boxed e-con e-parent\" data-id=\"31f37c0e\" data-element_type=\"container\" data-e-type=\"container\">\n\t\t\t\t\t<div class=\"e-con-inner\">\n\t\t\t\t<div class=\"elementor-element elementor-element-f4f563e color-scheme-inherit text-left elementor-widget elementor-widget-text-editor\" data-id=\"f4f563e\" data-element_type=\"widget\" data-e-type=\"widget\" data-widget_type=\"text-editor.default\">\n\t\t\t\t<div class=\"elementor-widget-container\">\n\t\t\t\t\t\t\t\t\t<h2 data-start=\"344\" data-end=\"423\"><strong data-start=\"348\" data-end=\"423\">FizzFit Minimal and Multipurpose Fitness and Gym Shopify Theme<\/strong><\/h2><p data-start=\"425\" data-end=\"788\">FizzFit Minimal and Multipurpose Fitness and Gym Shopify Theme es una plantilla premium desarrollada para crear tiendas Shopify enfocadas en el mundo del fitness, deporte, salud y bienestar. Su dise\u00f1o limpio, moderno y altamente funcional est\u00e1 pensado para marcas deportivas, gimnasios, tiendas de suplementos, ropa deportiva, equipamiento de entrenamiento y m\u00e1s.<\/p><p data-start=\"790\" data-end=\"1075\">FizzFit Minimal and Multipurpose Fitness and Gym Shopify Theme combina una est\u00e9tica visual minimalista con funcionalidades robustas, ofreciendo una experiencia de usuario fluida y profesional, ideal para potenciar la venta de productos relacionados con el deporte y la vida activa.<\/p><h3 data-start=\"1077\" data-end=\"1164\"><strong data-start=\"1081\" data-end=\"1164\">\u00bfPara qu\u00e9 sirve FizzFit Minimal and Multipurpose Fitness and Gym Shopify Theme?<\/strong><\/h3><p data-start=\"1166\" data-end=\"1377\">FizzFit Minimal and Multipurpose Fitness and Gym Shopify Theme sirve para lanzar y administrar tiendas Shopify dirigidas a p\u00fablicos interesados en el deporte, el fitness y el entrenamiento f\u00edsico. Es ideal para:<\/p><ul data-start=\"1379\" data-end=\"1717\"><li data-start=\"1379\" data-end=\"1439\"><p data-start=\"1381\" data-end=\"1439\">Vender ropa deportiva, calzado, accesorios o equipamiento.<\/p><\/li><li data-start=\"1440\" data-end=\"1505\"><p data-start=\"1442\" data-end=\"1505\">Comercializar suplementos, prote\u00ednas y productos nutricionales.<\/p><\/li><li data-start=\"1506\" data-end=\"1584\"><p data-start=\"1508\" data-end=\"1584\">Crear una tienda para gimnasios, estudios fitness o entrenadores personales.<\/p><\/li><li data-start=\"1585\" data-end=\"1652\"><p data-start=\"1587\" data-end=\"1652\">Mostrar colecciones de productos con un enfoque limpio y potente.<\/p><\/li><li data-start=\"1653\" data-end=\"1717\"><p data-start=\"1655\" data-end=\"1717\">Transmitir energ\u00eda, dinamismo y confianza a trav\u00e9s del dise\u00f1o.<\/p><\/li><\/ul><h3 data-start=\"1719\" data-end=\"1808\"><strong data-start=\"1723\" data-end=\"1808\">Beneficios de usar FizzFit Minimal and Multipurpose Fitness and Gym Shopify Theme<\/strong><\/h3><p data-start=\"1810\" data-end=\"1998\">Utilizar FizzFit Minimal and Multipurpose Fitness and Gym Shopify Theme trae numerosos beneficios para emprendedores, marcas o centros fitness que desean destacarse en el comercio digital:<\/p><ul data-start=\"2000\" data-end=\"2494\"><li data-start=\"2000\" data-end=\"2077\"><p data-start=\"2002\" data-end=\"2077\"><strong data-start=\"2002\" data-end=\"2029\">Dise\u00f1o moderno y activo<\/strong>, que transmite fuerza, salud y profesionalismo.<\/p><\/li><li data-start=\"2078\" data-end=\"2167\"><p data-start=\"2080\" data-end=\"2167\"><strong data-start=\"2080\" data-end=\"2119\">Carga r\u00e1pida y navegaci\u00f3n intuitiva<\/strong>, pensada para usuarios m\u00f3viles y de escritorio.<\/p><\/li><li data-start=\"2168\" data-end=\"2255\"><p data-start=\"2170\" data-end=\"2255\"><strong data-start=\"2170\" data-end=\"2226\">Compatible con todos los dispositivos y resoluciones<\/strong>, con dise\u00f1o 100% responsive.<\/p><\/li><li data-start=\"2256\" data-end=\"2328\"><p data-start=\"2258\" data-end=\"2328\"><strong data-start=\"2258\" data-end=\"2328\">Est\u00e9tica minimalista que potencia la visibilidad de los productos.<\/strong><\/p><\/li><li data-start=\"2329\" data-end=\"2408\"><p data-start=\"2331\" data-end=\"2408\"><strong data-start=\"2331\" data-end=\"2367\">Optimizado para SEO y conversi\u00f3n<\/strong>, lo que aumenta el tr\u00e1fico y las ventas.<\/p><\/li><li data-start=\"2409\" data-end=\"2494\"><p data-start=\"2411\" data-end=\"2494\"><strong data-start=\"2411\" data-end=\"2494\">Altamente personalizable desde el editor de Shopify sin necesidad de programar.<\/strong><\/p><\/li><\/ul><h3 data-start=\"2496\" data-end=\"2597\"><strong data-start=\"2500\" data-end=\"2597\">Caracter\u00edsticas principales de FizzFit Minimal and Multipurpose Fitness and Gym Shopify Theme<\/strong><\/h3><p data-start=\"2599\" data-end=\"2769\">FizzFit Minimal and Multipurpose Fitness and Gym Shopify Theme incluye todo lo necesario para operar una tienda online enfocada en fitness y deporte de forma profesional:<\/p><ul data-start=\"2771\" data-end=\"3547\"><li data-start=\"2771\" data-end=\"2852\"><p data-start=\"2773\" data-end=\"2852\"><strong data-start=\"2773\" data-end=\"2852\">Dise\u00f1o predise\u00f1ado para homepage, colecciones, productos, blogs y contacto.<\/strong><\/p><\/li><li data-start=\"2853\" data-end=\"2950\"><p data-start=\"2855\" data-end=\"2950\"><strong data-start=\"2855\" data-end=\"2950\">Mega men\u00fa y estructura clara por categor\u00edas (hombre, mujer, accesorios, suplementos, etc.).<\/strong><\/p><\/li><li data-start=\"2951\" data-end=\"3022\"><p data-start=\"2953\" data-end=\"3022\"><strong data-start=\"2953\" data-end=\"3022\">Slider din\u00e1mico para promociones, campa\u00f1as o nuevos lanzamientos.<\/strong><\/p><\/li><li data-start=\"3023\" data-end=\"3094\"><p data-start=\"3025\" data-end=\"3094\"><strong data-start=\"3025\" data-end=\"3094\">Filtros inteligentes por talla, color, precio, marca o categor\u00eda.<\/strong><\/p><\/li><li data-start=\"3095\" data-end=\"3166\"><p data-start=\"3097\" data-end=\"3166\"><strong data-start=\"3097\" data-end=\"3166\">Galer\u00edas de producto con zoom, vista r\u00e1pida y variantes visuales.<\/strong><\/p><\/li><li data-start=\"3167\" data-end=\"3254\"><p data-start=\"3169\" data-end=\"3254\"><strong data-start=\"3169\" data-end=\"3254\">Secciones modulares para testimonios, blog fitness, redes sociales o newsletters.<\/strong><\/p><\/li><li data-start=\"3255\" data-end=\"3339\"><p data-start=\"3257\" data-end=\"3339\"><strong data-start=\"3257\" data-end=\"3339\">Integraci\u00f3n con apps de Shopify para rese\u00f1as, ventas cruzadas, upselling, etc.<\/strong><\/p><\/li><li data-start=\"3340\" data-end=\"3418\"><p data-start=\"3342\" data-end=\"3418\"><strong data-start=\"3342\" data-end=\"3418\">Compatibilidad con sistemas de pago internacionales y monedas m\u00faltiples.<\/strong><\/p><\/li><li data-start=\"3419\" data-end=\"3476\"><p data-start=\"3421\" data-end=\"3476\"><strong data-start=\"3421\" data-end=\"3476\">Dise\u00f1o SEO-friendly con c\u00f3digo limpio y optimizado.<\/strong><\/p><\/li><li data-start=\"3477\" data-end=\"3547\"><p data-start=\"3479\" data-end=\"3547\"><strong data-start=\"3479\" data-end=\"3547\">Soporte para im\u00e1genes de alta resoluci\u00f3n y contenido multimedia.<\/strong><\/p><\/li><\/ul><h3 data-start=\"3549\" data-end=\"3640\"><strong data-start=\"3553\" data-end=\"3640\">\u00bfQui\u00e9n deber\u00eda usar FizzFit Minimal and Multipurpose Fitness and Gym Shopify Theme?<\/strong><\/h3><p data-start=\"3642\" data-end=\"3719\">FizzFit Minimal and Multipurpose Fitness and Gym Shopify Theme es ideal para:<\/p><ul data-start=\"3721\" data-end=\"4123\"><li data-start=\"3721\" data-end=\"3801\"><p data-start=\"3723\" data-end=\"3801\"><strong data-start=\"3723\" data-end=\"3801\">Marcas deportivas que desean una tienda visualmente potente y profesional.<\/strong><\/p><\/li><li data-start=\"3802\" data-end=\"3881\"><p data-start=\"3804\" data-end=\"3881\"><strong data-start=\"3804\" data-end=\"3881\">Due\u00f1os de gimnasios o boxes de entrenamiento que venden productos online.<\/strong><\/p><\/li><li data-start=\"3882\" data-end=\"3967\"><p data-start=\"3884\" data-end=\"3967\"><strong data-start=\"3884\" data-end=\"3967\">Entrenadores personales o influencers fitness que lanzan su l\u00ednea de productos.<\/strong><\/p><\/li><li data-start=\"3968\" data-end=\"4041\"><p data-start=\"3970\" data-end=\"4041\"><strong data-start=\"3970\" data-end=\"4041\">Negocios de ropa deportiva, suplementos, accesorios o equipamiento.<\/strong><\/p><\/li><li data-start=\"4042\" data-end=\"4123\"><p data-start=\"4044\" data-end=\"4123\"><strong data-start=\"4044\" data-end=\"4123\">Agencias que desarrollan tiendas Shopify para clientes en el mundo fitness.<\/strong><\/p><\/li><\/ul><h3 data-start=\"4125\" data-end=\"4212\"><strong data-start=\"4129\" data-end=\"4212\">\u00bfPor qu\u00e9 elegir FizzFit Minimal and Multipurpose Fitness and Gym Shopify Theme?<\/strong><\/h3><p data-start=\"4214\" data-end=\"4521\">FizzFit Minimal and Multipurpose Fitness and Gym Shopify Theme es una soluci\u00f3n vers\u00e1til y especializada para el mercado fitness. Su dise\u00f1o ha sido pensado espec\u00edficamente para captar la atenci\u00f3n de consumidores activos, visualmente exigentes y que valoran la experiencia de compra r\u00e1pida, clara y atractiva.<\/p><p data-start=\"4523\" data-end=\"4705\">Gracias a su enfoque minimalista y funcional, es una de las plantillas m\u00e1s efectivas para destacar productos deportivos sin sobrecargar la interfaz, maximizando as\u00ed las conversiones.<\/p><h3 data-start=\"4707\" data-end=\"4725\"><strong data-start=\"4711\" data-end=\"4725\">Conclusion<\/strong><\/h3><p data-start=\"4727\" data-end=\"5136\">FizzFit Minimal and Multipurpose Fitness and Gym Shopify Theme es la plantilla definitiva para tiendas online relacionadas con el mundo del deporte, el entrenamiento y el bienestar. Su dise\u00f1o profesional, rendimiento optimizado y enfoque en la experiencia del usuario hacen de este theme una herramienta estrat\u00e9gica para emprendedores y marcas que quieren sobresalir en el competitivo mercado fitness digital.<\/p><p data-start=\"5138\" data-end=\"5318\">Si buscas una tienda Shopify visualmente impactante, r\u00e1pida, confiable y pensada para vender, FizzFit Minimal and Multipurpose Fitness and Gym Shopify Theme es tu mejor opci\u00f3n.<\/p>\t\t\t\t\t\t\t\t<\/div>\n\t\t\t\t<\/div>\n\t\t\t\t\t<\/div>\n\t\t\t\t<\/div>\n\t\t\t\t<\/div>","protected":false},"excerpt":{"rendered":"<p>FizzFit Minimal and Multipurpose Fitness and Gym Shopify Theme FizzFit Minimal and Multipurpose Fitness and Gym Shopify Theme es una<\/p>","protected":false},"featured_media":83086,"comment_status":"closed","ping_status":"closed","template":"","meta":{"_acf_changed":false},"product_brand":[],"product_cat":[606],"product_tag":[475],"class_list":{"0":"post-83110","1":"product","2":"type-product","3":"status-publish","4":"has-post-thumbnail","6":"product_cat-shopify-themes","7":"product_tag-temas-para-deportes-y-gimnasios","8":"pa_autores-templatemonster","10":"first","11":"instock","12":"sale","13":"downloadable","14":"virtual","15":"sold-individually","16":"purchasable","17":"product-type-simple"},"acf":[],"_links":{"self":[{"href":"https:\/\/wpclub.pro\/en\/wp-json\/wp\/v2\/product\/83110","targetHints":{"allow":["GET"]}}],"collection":[{"href":"https:\/\/wpclub.pro\/en\/wp-json\/wp\/v2\/product"}],"about":[{"href":"https:\/\/wpclub.pro\/en\/wp-json\/wp\/v2\/types\/product"}],"replies":[{"embeddable":true,"href":"https:\/\/wpclub.pro\/en\/wp-json\/wp\/v2\/comments?post=83110"}],"version-history":[{"count":0,"href":"https:\/\/wpclub.pro\/en\/wp-json\/wp\/v2\/product\/83110\/revisions"}],"wp:featuredmedia":[{"embeddable":true,"href":"https:\/\/wpclub.pro\/en\/wp-json\/wp\/v2\/media\/83086"}],"wp:attachment":[{"href":"https:\/\/wpclub.pro\/en\/wp-json\/wp\/v2\/media?parent=83110"}],"wp:term":[{"taxonomy":"product_brand","embeddable":true,"href":"https:\/\/wpclub.pro\/en\/wp-json\/wp\/v2\/product_brand?post=83110"},{"taxonomy":"product_cat","embeddable":true,"href":"https:\/\/wpclub.pro\/en\/wp-json\/wp\/v2\/product_cat?post=83110"},{"taxonomy":"product_tag","embeddable":true,"href":"https:\/\/wpclub.pro\/en\/wp-json\/wp\/v2\/product_tag?post=83110"}],"curies":[{"name":"wp","href":"https:\/\/api.w.org\/{rel}","templated":true}]}}