{"id":83962,"date":"2025-06-17T15:51:36","date_gmt":"2025-06-17T19:51:36","guid":{"rendered":"https:\/\/wpclub.pro\/?post_type=product&#038;p=83962"},"modified":"2025-06-17T15:54:35","modified_gmt":"2025-06-17T19:54:35","slug":"luxstar-hotel-and-resort-booking-joomla","status":"publish","type":"product","link":"https:\/\/wpclub.pro\/en\/item\/luxstar-hotel-and-resort-booking-joomla\/","title":{"rendered":"LuxStar Hotel and Resort Booking Joomla Template 2.1.1"},"content":{"rendered":"<div data-elementor-type=\"product-post\" data-elementor-id=\"83962\" class=\"elementor elementor-83962\" data-elementor-post-type=\"product\">\n\t\t\t\t<div class=\"wd-negative-gap elementor-element elementor-element-31f37c0e e-flex e-con-boxed e-con e-parent\" data-id=\"31f37c0e\" data-element_type=\"container\" data-e-type=\"container\">\n\t\t\t\t\t<div class=\"e-con-inner\">\n\t\t\t\t<div class=\"elementor-element elementor-element-f4f563e color-scheme-inherit text-left elementor-widget elementor-widget-text-editor\" data-id=\"f4f563e\" data-element_type=\"widget\" data-e-type=\"widget\" data-widget_type=\"text-editor.default\">\n\t\t\t\t<div class=\"elementor-widget-container\">\n\t\t\t\t\t\t\t\t\t<h2 data-start=\"311\" data-end=\"376\"><strong data-start=\"315\" data-end=\"376\">LuxStar Hotel and Resort Booking Joomla Template<\/strong><\/h2><p data-start=\"378\" data-end=\"887\">LuxStar Hotel and Resort Booking Joomla Template es una plantilla profesional y elegante dise\u00f1ada especialmente para hoteles, resorts, casas de hospedaje, villas, hostales y alojamientos tur\u00edsticos que buscan ofrecer una experiencia de reserva en l\u00ednea fluida, visualmente impactante y completamente funcional. Basada en el sistema de gesti\u00f3n de contenidos Joomla, esta plantilla es ideal para negocios que desean destacarse en la industria hotelera con un sitio web moderno, intuitivo y altamente optimizado.<\/p><p data-start=\"889\" data-end=\"1124\">Con un dise\u00f1o orientado al lujo, la comodidad y la conversi\u00f3n, permite presentar servicios de alojamiento con estilo, al mismo tiempo que facilita la reserva directa desde el sitio, aumentando as\u00ed las ventas sin comisiones de terceros.<\/p><h3 data-start=\"1126\" data-end=\"1151\"><strong data-start=\"1130\" data-end=\"1151\">\u00bfDe qu\u00e9 se trata LuxStar Hotel and Resort Booking Joomla Template?<\/strong><\/h3><p data-start=\"1153\" data-end=\"1589\">LuxStar Hotel and Resort Booking Joomla Template ofrece una soluci\u00f3n todo en uno para crear un sitio web hotelero completamente funcional. Incluye m\u00faltiples dise\u00f1os predise\u00f1ados para homepage, habitaciones, servicios, restaurantes, spa, eventos, testimonios, blog y contacto, junto con un sistema de reservas integrado que permite a los visitantes consultar disponibilidad, seleccionar fechas y completar su reserva sin salir del sitio.<\/p><p data-start=\"1591\" data-end=\"1878\">Est\u00e1 construida con SP Page Builder, lo que permite una personalizaci\u00f3n visual sencilla sin necesidad de conocimientos t\u00e9cnicos. Adem\u00e1s, su estructura est\u00e1 preparada para SEO, carga r\u00e1pida y compatibilidad con dispositivos m\u00f3viles, garantizando una excelente experiencia para el usuario.<\/p><h3 data-start=\"1880\" data-end=\"1910\"><strong data-start=\"1884\" data-end=\"1910\">Beneficios principales<\/strong><\/h3><ol data-start=\"1912\" data-end=\"2916\"><li data-start=\"1912\" data-end=\"2121\"><p data-start=\"1915\" data-end=\"2121\"><strong data-start=\"1915\" data-end=\"1957\">Reservas directas y sin intermediarios<\/strong><br data-start=\"1957\" data-end=\"1960\" \/>El sistema de booking integrado permite aceptar reservas en tiempo real desde el sitio web, reduciendo costos de comisi\u00f3n y aumentando el control del proceso.<\/p><\/li><li data-start=\"2123\" data-end=\"2304\"><p data-start=\"2126\" data-end=\"2304\"><strong data-start=\"2126\" data-end=\"2159\">Dise\u00f1o de alto impacto visual<\/strong><br data-start=\"2159\" data-end=\"2162\" \/>Su est\u00e9tica moderna y elegante transmite calidad, profesionalismo y confianza, ideal para hoteles de lujo, resorts o alojamientos boutique.<\/p><\/li><li data-start=\"2306\" data-end=\"2511\"><p data-start=\"2309\" data-end=\"2511\"><strong data-start=\"2309\" data-end=\"2352\">Adaptaci\u00f3n total a dispositivos m\u00f3viles<\/strong><br data-start=\"2352\" data-end=\"2355\" \/>LuxStar Hotel and Resort Booking Joomla Template es completamente responsive, ofreciendo una experiencia perfecta en smartphones, tablets y computadoras.<\/p><\/li><li data-start=\"2513\" data-end=\"2692\"><p data-start=\"2516\" data-end=\"2692\"><strong data-start=\"2516\" data-end=\"2552\">F\u00e1cil personalizaci\u00f3n sin c\u00f3digo<\/strong><br data-start=\"2552\" data-end=\"2555\" \/>Gracias a SP Page Builder, cualquier usuario puede ajustar im\u00e1genes, textos, colores, men\u00fas y secciones sin tocar una l\u00ednea de c\u00f3digo.<\/p><\/li><li data-start=\"2694\" data-end=\"2916\"><p data-start=\"2697\" data-end=\"2916\"><strong data-start=\"2697\" data-end=\"2731\">Optimizaci\u00f3n SEO y rendimiento<\/strong><br data-start=\"2731\" data-end=\"2734\" \/>Esta plantilla ha sido desarrollada con c\u00f3digo limpio, estructura sem\u00e1ntica y tiempos de carga reducidos para mejorar su visibilidad en los buscadores y su experiencia de usuario.<\/p><\/li><\/ol><h3 data-start=\"2918\" data-end=\"2952\"><strong data-start=\"2922\" data-end=\"2952\">Caracter\u00edsticas destacadas de LuxStar Hotel and Resort Booking Joomla Template<\/strong><\/h3><ul data-start=\"2954\" data-end=\"3964\"><li data-start=\"2954\" data-end=\"3053\"><p data-start=\"2956\" data-end=\"3053\">Plantillas predise\u00f1adas para p\u00e1gina de inicio, habitaciones, reservas, servicios, blog y contacto<\/p><\/li><li data-start=\"3054\" data-end=\"3144\"><p data-start=\"3056\" data-end=\"3144\">Sistema de reservas integrado con calendario de disponibilidad y confirmaci\u00f3n por correo<\/p><\/li><li data-start=\"3145\" data-end=\"3224\"><p data-start=\"3147\" data-end=\"3224\">Secci\u00f3n de habitaciones con filtros por tipo, precio, capacidad y comodidades<\/p><\/li><li data-start=\"3225\" data-end=\"3323\"><p data-start=\"3227\" data-end=\"3323\">P\u00e1gina individual para cada habitaci\u00f3n con galer\u00eda, descripci\u00f3n, precios y formulario de reserva<\/p><\/li><li data-start=\"3324\" data-end=\"3418\"><p data-start=\"3326\" data-end=\"3418\">Secciones para destacar spa, piscina, restaurante, gimnasio, eventos y servicios adicionales<\/p><\/li><li data-start=\"3419\" data-end=\"3462\"><p data-start=\"3421\" data-end=\"3462\">Testimonios de hu\u00e9spedes y calificaciones<\/p><\/li><li data-start=\"3463\" data-end=\"3540\"><p data-start=\"3465\" data-end=\"3540\">Blog integrado para publicar noticias, ofertas, consejos de viaje y eventos<\/p><\/li><li data-start=\"3541\" data-end=\"3617\"><p data-start=\"3543\" data-end=\"3617\">Sliders con im\u00e1genes de alta resoluci\u00f3n y efectos de transici\u00f3n atractivos<\/p><\/li><li data-start=\"3618\" data-end=\"3687\"><p data-start=\"3620\" data-end=\"3687\">M\u00f3dulo de suscripci\u00f3n a newsletter para campa\u00f1as de email marketing<\/p><\/li><li data-start=\"3688\" data-end=\"3752\"><p data-start=\"3690\" data-end=\"3752\">Formulario de contacto con mapa, horarios y datos de ubicaci\u00f3n<\/p><\/li><li data-start=\"3753\" data-end=\"3821\"><p data-start=\"3755\" data-end=\"3821\">Multilenguaje y multicurrency para atraer turistas internacionales<\/p><\/li><li data-start=\"3822\" data-end=\"3855\"><p data-start=\"3824\" data-end=\"3855\">Compatible con Joomla 3.x y 4.x<\/p><\/li><li data-start=\"3856\" data-end=\"3910\"><p data-start=\"3858\" data-end=\"3910\">Carga r\u00e1pida y dise\u00f1o preparado para Core Web Vitals<\/p><\/li><li data-start=\"3911\" data-end=\"3964\"><p data-start=\"3913\" data-end=\"3964\">Documentaci\u00f3n completa y soporte t\u00e9cnico disponible<\/p><\/li><\/ul><h3 data-start=\"3966\" data-end=\"4039\"><strong data-start=\"3970\" data-end=\"4039\">\u00bfPor qu\u00e9 elegir LuxStar Hotel and Resort Booking Joomla Template?<\/strong><\/h3><p data-start=\"4041\" data-end=\"4501\">Elegir LuxStar Hotel and Resort Booking Joomla Template es una decisi\u00f3n estrat\u00e9gica para cualquier negocio hotelero que desee destacarse en internet. Su dise\u00f1o profesional, su sistema de reservas f\u00e1cil de usar y su alto nivel de personalizaci\u00f3n hacen que sea ideal tanto para hoteles independientes como para cadenas con m\u00faltiples sedes. Adem\u00e1s, elimina la dependencia de plataformas externas, permitiendo generar reservas directas y fidelizar a los hu\u00e9spedes.<\/p><p data-start=\"4503\" data-end=\"4698\">Es una plantilla pensada para atraer, cautivar y convertir visitantes en clientes, mostrando cada detalle del alojamiento de forma clara y atractiva, mientras facilita todo el proceso de reserva.<\/p><h3 data-start=\"4700\" data-end=\"4718\"><strong data-start=\"4704\" data-end=\"4718\">Conclusion<\/strong><\/h3><p data-start=\"4720\" data-end=\"5215\" data-is-last-node=\"\" data-is-only-node=\"\">LuxStar Hotel and Resort Booking Joomla Template es la soluci\u00f3n definitiva para hoteles y resorts que buscan una presencia online elegante, funcional y efectiva. Con un sistema de reservas propio, un dise\u00f1o adaptable y una estructura orientada al rendimiento y la conversi\u00f3n, esta plantilla permite destacar frente a la competencia, mejorar la experiencia del visitante y maximizar las reservas directas. Ideal para alojamientos que valoran la est\u00e9tica, la eficiencia y la independencia digital.<\/p>\t\t\t\t\t\t\t\t<\/div>\n\t\t\t\t<\/div>\n\t\t\t\t\t<\/div>\n\t\t\t\t<\/div>\n\t\t\t\t<\/div>","protected":false},"excerpt":{"rendered":"<p>LuxStar Hotel and Resort Booking Joomla Template LuxStar Hotel and Resort Booking Joomla Template es una plantilla profesional y elegante<\/p>","protected":false},"featured_media":83912,"comment_status":"closed","ping_status":"closed","template":"","meta":{"_acf_changed":false},"product_brand":[],"product_cat":[604],"product_tag":[419],"class_list":{"0":"post-83962","1":"product","2":"type-product","3":"status-publish","4":"has-post-thumbnail","6":"product_cat-joomla-themes","7":"product_tag-temas-para-hoteles-y-residenciales","8":"pa_autores-templatemonster","10":"first","11":"instock","12":"sale","13":"downloadable","14":"virtual","15":"sold-individually","16":"purchasable","17":"product-type-simple"},"acf":[],"_links":{"self":[{"href":"https:\/\/wpclub.pro\/en\/wp-json\/wp\/v2\/product\/83962","targetHints":{"allow":["GET"]}}],"collection":[{"href":"https:\/\/wpclub.pro\/en\/wp-json\/wp\/v2\/product"}],"about":[{"href":"https:\/\/wpclub.pro\/en\/wp-json\/wp\/v2\/types\/product"}],"replies":[{"embeddable":true,"href":"https:\/\/wpclub.pro\/en\/wp-json\/wp\/v2\/comments?post=83962"}],"version-history":[{"count":0,"href":"https:\/\/wpclub.pro\/en\/wp-json\/wp\/v2\/product\/83962\/revisions"}],"wp:featuredmedia":[{"embeddable":true,"href":"https:\/\/wpclub.pro\/en\/wp-json\/wp\/v2\/media\/83912"}],"wp:attachment":[{"href":"https:\/\/wpclub.pro\/en\/wp-json\/wp\/v2\/media?parent=83962"}],"wp:term":[{"taxonomy":"product_brand","embeddable":true,"href":"https:\/\/wpclub.pro\/en\/wp-json\/wp\/v2\/product_brand?post=83962"},{"taxonomy":"product_cat","embeddable":true,"href":"https:\/\/wpclub.pro\/en\/wp-json\/wp\/v2\/product_cat?post=83962"},{"taxonomy":"product_tag","embeddable":true,"href":"https:\/\/wpclub.pro\/en\/wp-json\/wp\/v2\/product_tag?post=83962"}],"curies":[{"name":"wp","href":"https:\/\/api.w.org\/{rel}","templated":true}]}}