{"id":85073,"date":"2025-06-25T17:46:15","date_gmt":"2025-06-25T21:46:15","guid":{"rendered":"https:\/\/wpclub.pro\/?post_type=product&#038;p=85073"},"modified":"2025-08-25T12:48:35","modified_gmt":"2025-08-25T16:48:35","slug":"ap-agena-recruitment-agency","status":"publish","type":"product","link":"https:\/\/wpclub.pro\/en\/item\/ap-agena-recruitment-agency\/","title":{"rendered":"Ap Agena Recruitment Agency Shopify Theme 1.0.0"},"content":{"rendered":"<div data-elementor-type=\"product-post\" data-elementor-id=\"85073\" class=\"elementor elementor-85073\" data-elementor-post-type=\"product\">\n\t\t\t\t<div class=\"wd-negative-gap elementor-element elementor-element-31f37c0e e-flex e-con-boxed e-con e-parent\" data-id=\"31f37c0e\" data-element_type=\"container\" data-e-type=\"container\">\n\t\t\t\t\t<div class=\"e-con-inner\">\n\t\t\t\t<div class=\"elementor-element elementor-element-f4f563e color-scheme-inherit text-left elementor-widget elementor-widget-text-editor\" data-id=\"f4f563e\" data-element_type=\"widget\" data-e-type=\"widget\" data-widget_type=\"text-editor.default\">\n\t\t\t\t<div class=\"elementor-widget-container\">\n\t\t\t\t\t\t\t\t\t<h2 data-start=\"0\" data-end=\"58\"><strong data-start=\"4\" data-end=\"58\">Ap Agena Recruitment Agency Shopify Theme<\/strong><\/h2><p data-start=\"60\" data-end=\"695\">Ap Agena Recruitment Agency Shopify Theme es un tema premium dise\u00f1ado espec\u00edficamente para agencias de reclutamiento, portales de empleo, consultoras de recursos humanos y empresas de colocaci\u00f3n laboral que utilizan Shopify como plataforma. Aunque Shopify est\u00e1 orientado principalmente al comercio electr\u00f3nico, Ap Agena adapta su estructura y dise\u00f1o para ofrecer una soluci\u00f3n profesional a sitios enfocados en conectar talentos con empleadores. Este theme combina un dise\u00f1o limpio y corporativo con funcionalidades espec\u00edficas para mostrar vacantes, perfiles de candidatos, servicios de consultor\u00eda y formularios de contacto efectivos.<\/p><h3 data-start=\"697\" data-end=\"763\"><strong data-start=\"701\" data-end=\"763\">\u00bfPara qu\u00e9 sirve Ap Agena Recruitment Agency Shopify Theme?<\/strong><\/h3><p data-start=\"765\" data-end=\"1242\">Ap Agena Recruitment Agency Shopify Theme sirve como base visual y funcional para crear un sitio profesional enfocado en la oferta de servicios de reclutamiento y selecci\u00f3n. Permite mostrar empleos disponibles, categor\u00edas de cargos, industrias, detalles de cada vacante, as\u00ed como presentar a tu equipo de consultores, casos de \u00e9xito y testimonios. Tambi\u00e9n es \u00fatil para captar leads de empresas que buscan contratar o de candidatos que desean postular directamente desde la web.<\/p><h3 data-start=\"1244\" data-end=\"1316\"><strong data-start=\"1248\" data-end=\"1316\">Beneficios de utilizar Ap Agena Recruitment Agency Shopify Theme<\/strong><\/h3><ul data-start=\"1318\" data-end=\"2131\"><li data-start=\"1318\" data-end=\"1431\"><p data-start=\"1320\" data-end=\"1431\"><strong data-start=\"1320\" data-end=\"1356\">Dise\u00f1o profesional y corporativo<\/strong>: Transmite confianza y seriedad, clave para el sector de recursos humanos.<\/p><\/li><li data-start=\"1432\" data-end=\"1607\"><p data-start=\"1434\" data-end=\"1607\"><strong data-start=\"1434\" data-end=\"1477\">Adaptado a servicios, no solo productos<\/strong>: Aunque Shopify est\u00e1 orientado a ventas, este theme aprovecha la plataforma para mostrar servicios y vacantes de forma atractiva.<\/p><\/li><li data-start=\"1608\" data-end=\"1693\"><p data-start=\"1610\" data-end=\"1693\"><strong data-start=\"1610\" data-end=\"1632\">Intuitive interface<\/strong>: F\u00e1cil navegaci\u00f3n tanto para empresas como para postulantes.<\/p><\/li><li data-start=\"1694\" data-end=\"1820\"><p data-start=\"1696\" data-end=\"1820\"><strong data-start=\"1696\" data-end=\"1735\">Compatible con dispositivos m\u00f3viles<\/strong>: Dise\u00f1o 100% responsive que asegura una experiencia fluida en smartphones y tablets.<\/p><\/li><li data-start=\"1821\" data-end=\"1913\"><p data-start=\"1823\" data-end=\"1913\"><strong data-start=\"1823\" data-end=\"1843\">SEO Optimization<\/strong>: Preparado para posicionarse en buscadores y atraer tr\u00e1fico org\u00e1nico.<\/p><\/li><li data-start=\"1914\" data-end=\"2014\"><p data-start=\"1916\" data-end=\"2014\"><strong data-start=\"1916\" data-end=\"1934\">Cargas r\u00e1pidas<\/strong>: C\u00f3digo optimizado para brindar velocidad y mejorar la experiencia del usuario.<\/p><\/li><li data-start=\"2015\" data-end=\"2131\"><p data-start=\"2017\" data-end=\"2131\"><strong data-start=\"2017\" data-end=\"2042\">Easy customization<\/strong>: Colores, fuentes, secciones y layouts editables desde el panel sin necesidad de c\u00f3digo.<\/p><\/li><\/ul><h3 data-start=\"2133\" data-end=\"2213\"><strong data-start=\"2137\" data-end=\"2213\">Caracter\u00edsticas principales de Ap Agena Recruitment Agency Shopify Theme<\/strong><\/h3><ul data-start=\"2215\" data-end=\"2875\"><li data-start=\"2215\" data-end=\"2279\"><p data-start=\"2217\" data-end=\"2279\">M\u00f3dulos para mostrar empleos destacados, por categor\u00eda o \u00e1rea.<\/p><\/li><li data-start=\"2280\" data-end=\"2375\"><p data-start=\"2282\" data-end=\"2375\">P\u00e1gina de detalle para cada vacante, con descripci\u00f3n, requisitos y formulario de postulaci\u00f3n.<\/p><\/li><li data-start=\"2376\" data-end=\"2467\"><p data-start=\"2378\" data-end=\"2467\">Secciones para destacar servicios de la agencia: selecci\u00f3n, headhunting, evaluaci\u00f3n, etc.<\/p><\/li><li data-start=\"2468\" data-end=\"2515\"><p data-start=\"2470\" data-end=\"2515\">\u00c1rea de testimonios de empresas y candidatos.<\/p><\/li><li data-start=\"2516\" data-end=\"2562\"><p data-start=\"2518\" data-end=\"2562\">Perfil de consultores y miembros del equipo.<\/p><\/li><li data-start=\"2563\" data-end=\"2600\"><p data-start=\"2565\" data-end=\"2600\">Formularios de contacto integrados.<\/p><\/li><li data-start=\"2601\" data-end=\"2694\"><p data-start=\"2603\" data-end=\"2694\">Blog corporativo para publicar noticias del rubro, consejos de empleo o tendencias de RRHH.<\/p><\/li><li data-start=\"2695\" data-end=\"2769\"><p data-start=\"2697\" data-end=\"2769\">Secciones personalizadas con el constructor de Shopify Online Store 2.0.<\/p><\/li><li data-start=\"2770\" data-end=\"2814\"><p data-start=\"2772\" data-end=\"2814\">Multilenguaje y multicurrency compatibles.<\/p><\/li><li data-start=\"2815\" data-end=\"2875\"><p data-start=\"2817\" data-end=\"2875\">Integraci\u00f3n con redes sociales y boletines de suscripci\u00f3n.<\/p><\/li><\/ul><h3 data-start=\"2877\" data-end=\"2947\"><strong data-start=\"2881\" data-end=\"2947\">\u00bfQui\u00e9n deber\u00eda usar Ap Agena Recruitment Agency Shopify Theme?<\/strong><\/h3><p data-start=\"2949\" data-end=\"3005\">Ap Agena Recruitment Agency Shopify Theme es ideal para:<\/p><ul data-start=\"3007\" data-end=\"3419\"><li data-start=\"3007\" data-end=\"3091\"><p data-start=\"3009\" data-end=\"3091\">Agencias de reclutamiento que quieren presentar su oferta de servicios y vacantes.<\/p><\/li><li data-start=\"3092\" data-end=\"3163\"><p data-start=\"3094\" data-end=\"3163\">Consultoras de recursos humanos con enfoque en selecci\u00f3n de personal.<\/p><\/li><li data-start=\"3164\" data-end=\"3242\"><p data-start=\"3166\" data-end=\"3242\">Portales de empleo que desean mostrar oportunidades laborales por categor\u00eda.<\/p><\/li><li data-start=\"3243\" data-end=\"3337\"><p data-start=\"3245\" data-end=\"3337\">Empresas que ofrecen servicios B2B y buscan captar leads a trav\u00e9s de una imagen profesional.<\/p><\/li><li data-start=\"3338\" data-end=\"3419\"><p data-start=\"3340\" data-end=\"3419\">Firmas que combinan servicios presenciales y digitales dentro del \u00e1rea de RRHH.<\/p><\/li><\/ul><h3 data-start=\"3421\" data-end=\"3508\"><strong data-start=\"3425\" data-end=\"3508\">\u00bfPor qu\u00e9 elegir Ap Agena Recruitment Agency Shopify Theme frente a otros temas?<\/strong><\/h3><p data-start=\"3510\" data-end=\"4029\">Ap Agena Recruitment Agency Shopify Theme destaca porque adapta la potencia de Shopify para un uso no convencional: la gesti\u00f3n y promoci\u00f3n de servicios profesionales. Su dise\u00f1o est\u00e1 centrado en generar confianza, atraer empresas y captar candidatos, algo que no se encuentra f\u00e1cilmente en temas pensados exclusivamente para vender productos. Adem\u00e1s, su compatibilidad con Shopify 2.0 permite editar secciones visualmente sin depender de desarrolladores, ofreciendo una soluci\u00f3n s\u00f3lida y flexible para agencias modernas.<\/p><h3 data-start=\"4031\" data-end=\"4049\"><strong data-start=\"4035\" data-end=\"4049\">Conclusion<\/strong><\/h3><p data-start=\"4051\" data-end=\"4577\" data-is-last-node=\"\" data-is-only-node=\"\">Ap Agena Recruitment Agency Shopify Theme es la opci\u00f3n perfecta para agencias de reclutamiento y consultoras de RRHH que desean una presencia digital s\u00f3lida, moderna y confiable. Aprovecha al m\u00e1ximo las funcionalidades de Shopify para presentar servicios, publicar empleos, atraer clientes y facilitar postulaciones. Si tu objetivo es destacar en el competitivo mundo del talento y la selecci\u00f3n, Ap Agena Recruitment Agency Shopify Theme te brinda la estructura, el dise\u00f1o y la usabilidad necesarias para marcar la diferencia.<\/p>\t\t\t\t\t\t\t\t<\/div>\n\t\t\t\t<\/div>\n\t\t\t\t\t<\/div>\n\t\t\t\t<\/div>\n\t\t\t\t<\/div>","protected":false},"excerpt":{"rendered":"<p>Ap Agena Recruitment Agency Shopify Theme Ap Agena Recruitment Agency Shopify Theme es un tema premium dise\u00f1ado espec\u00edficamente para agencias<\/p>","protected":false},"featured_media":85046,"comment_status":"closed","ping_status":"closed","template":"","meta":{"_acf_changed":false},"product_brand":[],"product_cat":[606],"product_tag":[136],"class_list":{"0":"post-85073","1":"product","2":"type-product","3":"status-publish","4":"has-post-thumbnail","6":"product_cat-shopify-themes","7":"product_tag-temas-para-tiendas-ecommerce","8":"pa_autores-templatemonster","10":"first","11":"instock","12":"sale","13":"downloadable","14":"virtual","15":"sold-individually","16":"purchasable","17":"product-type-simple"},"acf":[],"_links":{"self":[{"href":"https:\/\/wpclub.pro\/en\/wp-json\/wp\/v2\/product\/85073","targetHints":{"allow":["GET"]}}],"collection":[{"href":"https:\/\/wpclub.pro\/en\/wp-json\/wp\/v2\/product"}],"about":[{"href":"https:\/\/wpclub.pro\/en\/wp-json\/wp\/v2\/types\/product"}],"replies":[{"embeddable":true,"href":"https:\/\/wpclub.pro\/en\/wp-json\/wp\/v2\/comments?post=85073"}],"version-history":[{"count":0,"href":"https:\/\/wpclub.pro\/en\/wp-json\/wp\/v2\/product\/85073\/revisions"}],"wp:featuredmedia":[{"embeddable":true,"href":"https:\/\/wpclub.pro\/en\/wp-json\/wp\/v2\/media\/85046"}],"wp:attachment":[{"href":"https:\/\/wpclub.pro\/en\/wp-json\/wp\/v2\/media?parent=85073"}],"wp:term":[{"taxonomy":"product_brand","embeddable":true,"href":"https:\/\/wpclub.pro\/en\/wp-json\/wp\/v2\/product_brand?post=85073"},{"taxonomy":"product_cat","embeddable":true,"href":"https:\/\/wpclub.pro\/en\/wp-json\/wp\/v2\/product_cat?post=85073"},{"taxonomy":"product_tag","embeddable":true,"href":"https:\/\/wpclub.pro\/en\/wp-json\/wp\/v2\/product_tag?post=85073"}],"curies":[{"name":"wp","href":"https:\/\/api.w.org\/{rel}","templated":true}]}}