{"id":85097,"date":"2025-06-25T18:01:35","date_gmt":"2025-06-25T22:01:35","guid":{"rendered":"https:\/\/wpclub.pro\/?post_type=product&#038;p=85097"},"modified":"2025-08-21T13:55:09","modified_gmt":"2025-08-21T17:55:09","slug":"dream-construction-joomla-template","status":"publish","type":"product","link":"https:\/\/wpclub.pro\/en\/item\/dream-construction-joomla-template\/","title":{"rendered":"Dream Construction Joomla Template 3.0.6"},"content":{"rendered":"<div data-elementor-type=\"product-post\" data-elementor-id=\"85097\" class=\"elementor elementor-85097\" data-elementor-post-type=\"product\">\n\t\t\t\t<div class=\"wd-negative-gap elementor-element elementor-element-31f37c0e e-flex e-con-boxed e-con e-parent\" data-id=\"31f37c0e\" data-element_type=\"container\" data-e-type=\"container\">\n\t\t\t\t\t<div class=\"e-con-inner\">\n\t\t\t\t<div class=\"elementor-element elementor-element-f4f563e color-scheme-inherit text-left elementor-widget elementor-widget-text-editor\" data-id=\"f4f563e\" data-element_type=\"widget\" data-e-type=\"widget\" data-widget_type=\"text-editor.default\">\n\t\t\t\t<div class=\"elementor-widget-container\">\n\t\t\t\t\t\t\t\t\t<h2 data-start=\"0\" data-end=\"51\"><strong data-start=\"4\" data-end=\"51\">Dream Construction Joomla Template<\/strong><\/h2><p data-start=\"53\" data-end=\"648\">Dream Construction Joomla Template es una plantilla premium dise\u00f1ada espec\u00edficamente para empresas del sector construcci\u00f3n, arquitectura, ingenier\u00eda civil, contratistas, compa\u00f1\u00edas de mantenimiento industrial y desarrolladores inmobiliarios. Esta plantilla para Joomla combina un dise\u00f1o moderno, robusto y profesional con una estructura enfocada en mostrar servicios, proyectos realizados, equipo t\u00e9cnico y formularios de contacto efectivos. Dream Construction Joomla Template ofrece una soluci\u00f3n visual s\u00f3lida y personalizable para posicionar marcas del rubro constructivo en el entorno digital.<\/p><h3 data-start=\"650\" data-end=\"709\"><strong data-start=\"654\" data-end=\"709\">\u00bfPara qu\u00e9 sirve Dream Construction Joomla Template?<\/strong><\/h3><p data-start=\"711\" data-end=\"1295\">Dream Construction Joomla Template sirve como base visual y funcional para crear un sitio web empresarial enfocado en obras civiles, arquitectura, construcci\u00f3n de viviendas, remodelaciones, servicios industriales o gesti\u00f3n de proyectos inmobiliarios. Gracias a sus m\u00f3dulos y secciones predise\u00f1adas, permite destacar servicios t\u00e9cnicos, mostrar portafolios de proyectos, captar solicitudes de cotizaci\u00f3n, presentar al equipo y publicar noticias o avances de obra. Es una soluci\u00f3n integral para cualquier negocio relacionado con la construcci\u00f3n que busca presencia profesional en l\u00ednea.<\/p><h3 data-start=\"1297\" data-end=\"1362\"><strong data-start=\"1301\" data-end=\"1362\">Beneficios de utilizar Dream Construction Joomla Template<\/strong><\/h3><ul data-start=\"1364\" data-end=\"2219\"><li data-start=\"1364\" data-end=\"1482\"><p data-start=\"1366\" data-end=\"1482\"><strong data-start=\"1366\" data-end=\"1398\">Dise\u00f1o profesional y t\u00e9cnico<\/strong>: Perfecto para inspirar confianza en clientes, inversionistas y socios comerciales.<\/p><\/li><li data-start=\"1483\" data-end=\"1602\"><p data-start=\"1485\" data-end=\"1602\"><strong data-start=\"1485\" data-end=\"1513\">Completamente responsive<\/strong>: Optimizado para visualizarse perfectamente en m\u00f3viles, tablets y equipos de escritorio.<\/p><\/li><li data-start=\"1603\" data-end=\"1709\"><p data-start=\"1605\" data-end=\"1709\"><strong data-start=\"1605\" data-end=\"1648\">Cargas r\u00e1pidas y rendimiento optimizado<\/strong>: Mejora la experiencia del usuario y el posicionamiento SEO.<\/p><\/li><li data-start=\"1710\" data-end=\"1843\"><p data-start=\"1712\" data-end=\"1843\"><strong data-start=\"1712\" data-end=\"1746\">Interfaz f\u00e1cil de personalizar<\/strong>: Compatible con los principales constructores visuales de Joomla y opciones de dise\u00f1o modulares.<\/p><\/li><li data-start=\"1844\" data-end=\"1987\"><p data-start=\"1846\" data-end=\"1987\"><strong data-start=\"1846\" data-end=\"1890\">Ideal para mostrar proyectos y servicios<\/strong>: Secciones espec\u00edficas para portafolios, detalles t\u00e9cnicos, maquinaria y procesos constructivos.<\/p><\/li><li data-start=\"1988\" data-end=\"2092\"><p data-start=\"1990\" data-end=\"2092\"><strong data-start=\"1990\" data-end=\"2028\">Preparado para sitios multiling\u00fces<\/strong>: Excelente para empresas con operaciones en distintas regiones.<\/p><\/li><li data-start=\"2093\" data-end=\"2219\"><p data-start=\"2095\" data-end=\"2219\"><strong data-start=\"2095\" data-end=\"2135\">Seguridad y estabilidad garantizadas<\/strong>: Al estar basado en Joomla, ofrece control y confiabilidad en la gesti\u00f3n del sitio.<\/p><\/li><\/ul><h3 data-start=\"2221\" data-end=\"2294\"><strong data-start=\"2225\" data-end=\"2294\">Caracter\u00edsticas principales de Dream Construction Joomla Template<\/strong><\/h3><ul data-start=\"2296\" data-end=\"3053\"><li data-start=\"2296\" data-end=\"2377\"><p data-start=\"2298\" data-end=\"2377\">Dise\u00f1o predise\u00f1ado para constructoras, ingenier\u00edas, arquitectos y contratistas.<\/p><\/li><li data-start=\"2378\" data-end=\"2451\"><p data-start=\"2380\" data-end=\"2451\">P\u00e1gina de inicio con sliders impactantes y llamados a la acci\u00f3n claros.<\/p><\/li><li data-start=\"2452\" data-end=\"2529\"><p data-start=\"2454\" data-end=\"2529\">Secciones para servicios destacados con \u00edconos, descripciones y beneficios.<\/p><\/li><li data-start=\"2530\" data-end=\"2612\"><p data-start=\"2532\" data-end=\"2612\">M\u00f3dulo de portafolio o galer\u00eda para mostrar proyectos terminados o en ejecuci\u00f3n.<\/p><\/li><li data-start=\"2613\" data-end=\"2692\"><p data-start=\"2615\" data-end=\"2692\">P\u00e1gina de \u201cSobre nosotros\u201d con historia, misi\u00f3n, visi\u00f3n y equipo profesional.<\/p><\/li><li data-start=\"2693\" data-end=\"2749\"><p data-start=\"2695\" data-end=\"2749\">Testimonios de clientes y logos de empresas asociadas.<\/p><\/li><li data-start=\"2750\" data-end=\"2819\"><p data-start=\"2752\" data-end=\"2819\">Formularios de contacto y cotizaci\u00f3n personalizados con validaci\u00f3n.<\/p><\/li><li data-start=\"2820\" data-end=\"2892\"><p data-start=\"2822\" data-end=\"2892\">Integraci\u00f3n con Google Maps para mostrar oficinas, obras o sucursales.<\/p><\/li><li data-start=\"2893\" data-end=\"2974\"><p data-start=\"2895\" data-end=\"2974\">Blog para compartir noticias del sector, avances de obra y contenidos t\u00e9cnicos.<\/p><\/li><li data-start=\"2975\" data-end=\"3053\"><p data-start=\"2977\" data-end=\"3053\">Compatible con Joomla 3.x y 4.x (seg\u00fan versi\u00f3n), y con navegadores modernos.<\/p><\/li><\/ul><h3 data-start=\"3055\" data-end=\"3118\"><strong data-start=\"3059\" data-end=\"3118\">\u00bfQui\u00e9n deber\u00eda usar Dream Construction Joomla Template?<\/strong><\/h3><p data-start=\"3120\" data-end=\"3153\">Esta plantilla est\u00e1 pensada para:<\/p><ul data-start=\"3155\" data-end=\"3532\"><li data-start=\"3155\" data-end=\"3212\"><p data-start=\"3157\" data-end=\"3212\">Empresas constructoras y desarrolladoras inmobiliarias.<\/p><\/li><li data-start=\"3213\" data-end=\"3265\"><p data-start=\"3215\" data-end=\"3265\">Oficinas de arquitectura e ingenier\u00eda estructural.<\/p><\/li><li data-start=\"3266\" data-end=\"3318\"><p data-start=\"3268\" data-end=\"3318\">Contratistas generales y empresas de remodelaci\u00f3n.<\/p><\/li><li data-start=\"3319\" data-end=\"3374\"><p data-start=\"3321\" data-end=\"3374\">Proveedores de servicios de mantenimiento industrial.<\/p><\/li><li data-start=\"3375\" data-end=\"3459\"><p data-start=\"3377\" data-end=\"3459\">Negocios que desean mostrar proyectos constructivos, certificaciones o maquinaria.<\/p><\/li><li data-start=\"3460\" data-end=\"3532\"><p data-start=\"3462\" data-end=\"3532\">Consultoras t\u00e9cnicas o empresas que licitan obras p\u00fablicas o privadas.<\/p><\/li><\/ul><h3 data-start=\"3534\" data-end=\"3619\"><strong data-start=\"3538\" data-end=\"3619\">\u00bfPor qu\u00e9 elegir Dream Construction Joomla Template frente a otras plantillas?<\/strong><\/h3><p data-start=\"3621\" data-end=\"4137\">Dream Construction Joomla Template ha sido dise\u00f1ada con un enfoque 100% orientado al rubro constructivo. A diferencia de plantillas gen\u00e9ricas, ofrece estructuras espec\u00edficas para mostrar servicios de obra, proyectos, procesos y equipo t\u00e9cnico, todo con una est\u00e9tica profesional y moderna. Adem\u00e1s, su compatibilidad con Joomla asegura robustez, escalabilidad y facilidad de administraci\u00f3n. La combinaci\u00f3n de rendimiento, dise\u00f1o y funcionalidad convierte a Dream Construction en una opci\u00f3n destacada dentro del sector.<\/p><h3 data-start=\"4139\" data-end=\"4157\"><strong data-start=\"4143\" data-end=\"4157\">Conclusion<\/strong><\/h3><p data-start=\"4159\" data-end=\"4688\" data-is-last-node=\"\" data-is-only-node=\"\">Dream Construction Joomla Template es la elecci\u00f3n perfecta para empresas de construcci\u00f3n que buscan una presencia online s\u00f3lida, cre\u00edble y moderna. Su dise\u00f1o profesional, enfoque en el rubro t\u00e9cnico y estructura bien organizada facilitan la promoci\u00f3n de servicios, la presentaci\u00f3n de proyectos y la captaci\u00f3n de nuevos clientes. Si tu empresa est\u00e1 en el mundo de la construcci\u00f3n y necesitas una herramienta digital efectiva para destacar, Dream Construction Joomla Template es la base ideal para hacerlo con impacto y eficiencia.<\/p>\t\t\t\t\t\t\t\t<\/div>\n\t\t\t\t<\/div>\n\t\t\t\t\t<\/div>\n\t\t\t\t<\/div>\n\t\t\t\t<\/div>","protected":false},"excerpt":{"rendered":"<p>Dream Construction Joomla Template Dream Construction Joomla Template es una plantilla premium dise\u00f1ada espec\u00edficamente para empresas del sector construcci\u00f3n, arquitectura,<\/p>","protected":false},"featured_media":85042,"comment_status":"closed","ping_status":"closed","template":"","meta":{"_acf_changed":false},"product_brand":[],"product_cat":[604],"product_tag":[553],"class_list":{"0":"post-85097","1":"product","2":"type-product","3":"status-publish","4":"has-post-thumbnail","6":"product_cat-joomla-themes","7":"product_tag-temas-para-construccion-y-bienes-raices","8":"pa_autores-templatemonster","10":"first","11":"instock","12":"sale","13":"downloadable","14":"virtual","15":"sold-individually","16":"purchasable","17":"product-type-simple"},"acf":[],"_links":{"self":[{"href":"https:\/\/wpclub.pro\/en\/wp-json\/wp\/v2\/product\/85097","targetHints":{"allow":["GET"]}}],"collection":[{"href":"https:\/\/wpclub.pro\/en\/wp-json\/wp\/v2\/product"}],"about":[{"href":"https:\/\/wpclub.pro\/en\/wp-json\/wp\/v2\/types\/product"}],"replies":[{"embeddable":true,"href":"https:\/\/wpclub.pro\/en\/wp-json\/wp\/v2\/comments?post=85097"}],"version-history":[{"count":0,"href":"https:\/\/wpclub.pro\/en\/wp-json\/wp\/v2\/product\/85097\/revisions"}],"wp:featuredmedia":[{"embeddable":true,"href":"https:\/\/wpclub.pro\/en\/wp-json\/wp\/v2\/media\/85042"}],"wp:attachment":[{"href":"https:\/\/wpclub.pro\/en\/wp-json\/wp\/v2\/media?parent=85097"}],"wp:term":[{"taxonomy":"product_brand","embeddable":true,"href":"https:\/\/wpclub.pro\/en\/wp-json\/wp\/v2\/product_brand?post=85097"},{"taxonomy":"product_cat","embeddable":true,"href":"https:\/\/wpclub.pro\/en\/wp-json\/wp\/v2\/product_cat?post=85097"},{"taxonomy":"product_tag","embeddable":true,"href":"https:\/\/wpclub.pro\/en\/wp-json\/wp\/v2\/product_tag?post=85097"}],"curies":[{"name":"wp","href":"https:\/\/api.w.org\/{rel}","templated":true}]}}