{"id":85930,"date":"2025-07-03T08:42:13","date_gmt":"2025-07-03T12:42:13","guid":{"rendered":"https:\/\/wpclub.pro\/?post_type=product&#038;p=85930"},"modified":"2025-08-21T14:19:54","modified_gmt":"2025-08-21T18:19:54","slug":"carafity-elementor-bamboo-handmade","status":"publish","type":"product","link":"https:\/\/wpclub.pro\/en\/item\/carafity-elementor-bamboo-handmade\/","title":{"rendered":"Carafity Elementor Bamboo Handmade Prestashop Theme 1.0.0"},"content":{"rendered":"<div data-elementor-type=\"product-post\" data-elementor-id=\"85930\" class=\"elementor elementor-85930\" data-elementor-post-type=\"product\">\n\t\t\t\t<div class=\"wd-negative-gap elementor-element elementor-element-31f37c0e e-flex e-con-boxed e-con e-parent\" data-id=\"31f37c0e\" data-element_type=\"container\" data-e-type=\"container\">\n\t\t\t\t\t<div class=\"e-con-inner\">\n\t\t\t\t<div class=\"elementor-element elementor-element-f4f563e color-scheme-inherit text-left elementor-widget elementor-widget-text-editor\" data-id=\"f4f563e\" data-element_type=\"widget\" data-e-type=\"widget\" data-widget_type=\"text-editor.default\">\n\t\t\t\t<div class=\"elementor-widget-container\">\n\t\t\t\t\t\t\t\t\t<h2 data-start=\"0\" data-end=\"64\">Carafity Elementor Bamboo Handmade Prestashop Theme<\/h2><p data-start=\"66\" data-end=\"464\">Carafity Elementor Bamboo Handmade Prestashop Theme es un theme premium dise\u00f1ado para tiendas en l\u00ednea que comercializan productos artesanales, ecol\u00f3gicos, sostenibles o hechos a mano. Inspirado en una est\u00e9tica natural y minimalista, este theme est\u00e1 optimizado para la plataforma PrestaShop y combina perfectamente el poder del maquetador visual Elementor con un dise\u00f1o moderno, c\u00e1lido y funcional.<\/p><p data-start=\"466\" data-end=\"712\">Carafity es ideal para negocios que desean transmitir valores como sostenibilidad, autenticidad y conexi\u00f3n con la naturaleza, presentando productos con una imagen cuidada y un dise\u00f1o adaptado a las expectativas del consumidor consciente y actual.<\/p><h3 data-start=\"714\" data-end=\"786\">\u00bfPara qu\u00e9 sirve Carafity Elementor Bamboo Handmade Prestashop Theme?<\/h3><p data-start=\"788\" data-end=\"1180\">Carafity Elementor Bamboo Handmade Prestashop Theme sirve para construir una tienda online profesional enfocada en productos naturales, ecol\u00f3gicos, artesanales o de estilo boho. Permite mostrar productos de manera limpia y ordenada, crear p\u00e1ginas personalizadas con facilidad gracias a Elementor, y ofrecer una experiencia de compra optimizada para dispositivos m\u00f3viles, tablets y escritorio.<\/p><p data-start=\"1182\" data-end=\"1340\">Es ideal para marcas que buscan destacar tanto por la calidad de sus productos como por una imagen visual coherente con sus valores sostenibles y artesanales.<\/p><h3 data-start=\"1342\" data-end=\"1420\">Beneficios de utilizar Carafity Elementor Bamboo Handmade Prestashop Theme<\/h3><ul data-start=\"1422\" data-end=\"2084\"><li data-start=\"1422\" data-end=\"1567\"><p data-start=\"1424\" data-end=\"1567\"><strong data-start=\"1424\" data-end=\"1480\">Dise\u00f1o visual alineado con el concepto eco-friendly:<\/strong> Colores suaves, tipograf\u00edas limpias y un estilo que evoca naturaleza y sostenibilidad.<\/p><\/li><li data-start=\"1568\" data-end=\"1706\"><p data-start=\"1570\" data-end=\"1706\"><strong data-start=\"1570\" data-end=\"1602\">Edici\u00f3n f\u00e1cil con Elementor:<\/strong> Personaliza tus p\u00e1ginas sin necesidad de saber programar, utilizando el constructor visual m\u00e1s popular.<\/p><\/li><li data-start=\"1707\" data-end=\"1858\"><p data-start=\"1709\" data-end=\"1858\"><strong data-start=\"1709\" data-end=\"1742\">Optimizaci\u00f3n para conversi\u00f3n:<\/strong> Estructura pensada para mostrar productos, categor\u00edas, beneficios y llamados a la acci\u00f3n de forma clara y efectiva.<\/p><\/li><li data-start=\"1859\" data-end=\"1968\"><p data-start=\"1861\" data-end=\"1968\"><strong data-start=\"1861\" data-end=\"1888\">Responsive y adaptable:<\/strong> Ofrece una experiencia de usuario impecable en m\u00f3viles, tablets y computadoras.<\/p><\/li><li data-start=\"1969\" data-end=\"2084\"><p data-start=\"1971\" data-end=\"2084\"><strong data-start=\"1971\" data-end=\"2005\">Ideal para marcas conscientes:<\/strong> Refuerza el mensaje ecol\u00f3gico y artesanal a trav\u00e9s de cada detalle del dise\u00f1o.<\/p><\/li><\/ul><h3 data-start=\"2086\" data-end=\"2160\">Caracter\u00edsticas de Carafity Elementor Bamboo Handmade Prestashop Theme<\/h3><ul data-start=\"2162\" data-end=\"2850\"><li data-start=\"2162\" data-end=\"2213\"><p data-start=\"2164\" data-end=\"2213\">Totalmente compatible con PrestaShop y Elementor.<\/p><\/li><li data-start=\"2214\" data-end=\"2316\"><p data-start=\"2216\" data-end=\"2316\">P\u00e1ginas predise\u00f1adas para \u201cInicio\u201d, \u201cTienda\u201d, \u201cProducto\u201d, \u201cSobre nosotros\u201d, \u201cContacto\u201d, entre otras.<\/p><\/li><li data-start=\"2317\" data-end=\"2396\"><p data-start=\"2319\" data-end=\"2396\">Galer\u00eda de productos con opci\u00f3n de zoom, vista r\u00e1pida y carruseles din\u00e1micos.<\/p><\/li><li data-start=\"2397\" data-end=\"2446\"><p data-start=\"2399\" data-end=\"2446\">Compatibilidad con m\u00faltiples idiomas y monedas.<\/p><\/li><li data-start=\"2447\" data-end=\"2482\"><p data-start=\"2449\" data-end=\"2482\">Dise\u00f1o responsive y retina-ready.<\/p><\/li><li data-start=\"2483\" data-end=\"2528\"><p data-start=\"2485\" data-end=\"2528\">Men\u00fa de navegaci\u00f3n avanzado con mega men\u00fas.<\/p><\/li><li data-start=\"2529\" data-end=\"2576\"><p data-start=\"2531\" data-end=\"2576\">Integraci\u00f3n con redes sociales y newsletters.<\/p><\/li><li data-start=\"2577\" data-end=\"2639\"><p data-start=\"2579\" data-end=\"2639\">Soporte para reviews de productos y testimonios de clientes.<\/p><\/li><li data-start=\"2640\" data-end=\"2702\"><p data-start=\"2642\" data-end=\"2702\">Estructura optimizada para SEO t\u00e9cnico y velocidad de carga.<\/p><\/li><li data-start=\"2703\" data-end=\"2784\"><p data-start=\"2705\" data-end=\"2784\">Colores, tipograf\u00edas y estilos f\u00e1cilmente modificables desde el panel del tema.<\/p><\/li><li data-start=\"2785\" data-end=\"2850\"><p data-start=\"2787\" data-end=\"2850\">Secci\u00f3n de blog integrada para contenido editorial o educativo.<\/p><\/li><\/ul><h3 data-start=\"2852\" data-end=\"2928\">\u00bfQui\u00e9n deber\u00eda usar Carafity Elementor Bamboo Handmade Prestashop Theme?<\/h3><p data-start=\"2930\" data-end=\"2996\">Carafity Elementor Bamboo Handmade Prestashop Theme es ideal para:<\/p><ul data-start=\"2998\" data-end=\"3462\"><li data-start=\"2998\" data-end=\"3077\"><p data-start=\"3000\" data-end=\"3077\">Tiendas online de productos artesanales, hechos a mano o de producci\u00f3n local.<\/p><\/li><li data-start=\"3078\" data-end=\"3200\"><p data-start=\"3080\" data-end=\"3200\">Negocios que venden cosm\u00e9tica natural, velas, productos de bamb\u00fa, textiles org\u00e1nicos, decoraci\u00f3n ecol\u00f3gica, entre otros.<\/p><\/li><li data-start=\"3201\" data-end=\"3277\"><p data-start=\"3203\" data-end=\"3277\">Marcas que se posicionan como sostenibles, \u00e9ticas y con enfoque ambiental.<\/p><\/li><li data-start=\"3278\" data-end=\"3371\"><p data-start=\"3280\" data-end=\"3371\">Emprendedores del mundo eco-friendly que desean una imagen visual alineada con sus valores.<\/p><\/li><li data-start=\"3372\" data-end=\"3462\"><p data-start=\"3374\" data-end=\"3462\">Dise\u00f1adores o desarrolladores que crean eCommerce para marcas artesanales o conscientes.<\/p><\/li><\/ul><h3 data-start=\"3464\" data-end=\"3536\">\u00bfPor qu\u00e9 elegir Carafity Elementor Bamboo Handmade Prestashop Theme?<\/h3><p data-start=\"3538\" data-end=\"3954\">Elegir Carafity Elementor Bamboo Handmade Prestashop Theme es apostar por un dise\u00f1o que no solo luce bien, sino que transmite un mensaje claro de cuidado por el entorno y autenticidad. A diferencia de themes gen\u00e9ricos, Carafity ha sido dise\u00f1ado con detalle para reflejar la est\u00e9tica y el prop\u00f3sito de marcas sostenibles, al mismo tiempo que ofrece funcionalidad avanzada, velocidad y personalizaci\u00f3n visual completa.<\/p><p data-start=\"3956\" data-end=\"4136\">Adem\u00e1s, al integrar Elementor, brinda una experiencia de edici\u00f3n accesible y potente, lo que facilita la construcci\u00f3n de una tienda \u00fanica, sin depender de desarrolladores externos.<\/p><h3 data-start=\"4138\" data-end=\"4152\">Conclusion<\/h3><p data-start=\"4154\" data-end=\"4738\" data-is-last-node=\"\" data-is-only-node=\"\">Carafity Elementor Bamboo Handmade Prestashop Theme es la soluci\u00f3n perfecta para marcas que venden productos con prop\u00f3sito y desean destacar en el mundo digital con una tienda online atractiva, funcional y alineada con valores sostenibles. Su dise\u00f1o natural, su compatibilidad con Elementor y su enfoque en la experiencia del usuario lo convierten en una herramienta poderosa para construir una presencia digital aut\u00e9ntica, profesional y lista para convertir visitantes en clientes conscientes. Si tu tienda vende m\u00e1s que productos \u2014vende valores\u2014, Carafity es el theme ideal para ti.<\/p>\t\t\t\t\t\t\t\t<\/div>\n\t\t\t\t<\/div>\n\t\t\t\t\t<\/div>\n\t\t\t\t<\/div>\n\t\t\t\t<\/div>","protected":false},"excerpt":{"rendered":"<p>Carafity Elementor Bamboo Handmade Prestashop Theme Carafity Elementor Bamboo Handmade Prestashop Theme es un theme premium dise\u00f1ado para tiendas en<\/p>","protected":false},"featured_media":85934,"comment_status":"closed","ping_status":"closed","template":"","meta":{"_acf_changed":false},"product_brand":[],"product_cat":[603],"product_tag":[144],"class_list":{"0":"post-85930","1":"product","2":"type-product","3":"status-publish","4":"has-post-thumbnail","6":"product_cat-prestashop-themes","7":"product_tag-temas-para-interiores-y-manualidades","8":"pa_autores-templatemonster","10":"first","11":"instock","12":"sale","13":"downloadable","14":"virtual","15":"sold-individually","16":"purchasable","17":"product-type-simple"},"acf":[],"_links":{"self":[{"href":"https:\/\/wpclub.pro\/en\/wp-json\/wp\/v2\/product\/85930","targetHints":{"allow":["GET"]}}],"collection":[{"href":"https:\/\/wpclub.pro\/en\/wp-json\/wp\/v2\/product"}],"about":[{"href":"https:\/\/wpclub.pro\/en\/wp-json\/wp\/v2\/types\/product"}],"replies":[{"embeddable":true,"href":"https:\/\/wpclub.pro\/en\/wp-json\/wp\/v2\/comments?post=85930"}],"version-history":[{"count":0,"href":"https:\/\/wpclub.pro\/en\/wp-json\/wp\/v2\/product\/85930\/revisions"}],"wp:featuredmedia":[{"embeddable":true,"href":"https:\/\/wpclub.pro\/en\/wp-json\/wp\/v2\/media\/85934"}],"wp:attachment":[{"href":"https:\/\/wpclub.pro\/en\/wp-json\/wp\/v2\/media?parent=85930"}],"wp:term":[{"taxonomy":"product_brand","embeddable":true,"href":"https:\/\/wpclub.pro\/en\/wp-json\/wp\/v2\/product_brand?post=85930"},{"taxonomy":"product_cat","embeddable":true,"href":"https:\/\/wpclub.pro\/en\/wp-json\/wp\/v2\/product_cat?post=85930"},{"taxonomy":"product_tag","embeddable":true,"href":"https:\/\/wpclub.pro\/en\/wp-json\/wp\/v2\/product_tag?post=85930"}],"curies":[{"name":"wp","href":"https:\/\/api.w.org\/{rel}","templated":true}]}}