{"id":85975,"date":"2025-07-03T09:09:31","date_gmt":"2025-07-03T13:09:31","guid":{"rendered":"https:\/\/wpclub.pro\/?post_type=product&#038;p=85975"},"modified":"2025-07-03T09:27:45","modified_gmt":"2025-07-03T13:27:45","slug":"cobalt-responsive-architect-and-creatives","status":"publish","type":"product","link":"https:\/\/wpclub.pro\/en\/item\/cobalt-responsive-architect-and-creatives\/","title":{"rendered":"Cobalt Responsive Architect and Creatives Joomla Template 1.0"},"content":{"rendered":"<div data-elementor-type=\"product-post\" data-elementor-id=\"85975\" class=\"elementor elementor-85975\" data-elementor-post-type=\"product\">\n\t\t\t\t<div class=\"wd-negative-gap elementor-element elementor-element-31f37c0e e-flex e-con-boxed e-con e-parent\" data-id=\"31f37c0e\" data-element_type=\"container\" data-e-type=\"container\">\n\t\t\t\t\t<div class=\"e-con-inner\">\n\t\t\t\t<div class=\"elementor-element elementor-element-f4f563e color-scheme-inherit text-left elementor-widget elementor-widget-text-editor\" data-id=\"f4f563e\" data-element_type=\"widget\" data-e-type=\"widget\" data-widget_type=\"text-editor.default\">\n\t\t\t\t<div class=\"elementor-widget-container\">\n\t\t\t\t\t\t\t\t\t<h2 data-start=\"0\" data-end=\"70\"><strong>Cobalt Responsive Architect and Creatives Joomla Template<\/strong><\/h2><p data-start=\"72\" data-end=\"509\">Cobalt Responsive Architect and Creatives Joomla Template es una plantilla premium dise\u00f1ada especialmente para arquitectos, estudios de dise\u00f1o, firmas de construcci\u00f3n, interioristas, ingenieros creativos y profesionales visuales que utilizan Joomla como plataforma. Con un enfoque minimalista, moderno y altamente visual, Cobalt permite presentar proyectos, portafolios, servicios y perfiles profesionales de manera elegante y funcional.<\/p><p data-start=\"511\" data-end=\"752\">Esta plantilla destaca por su dise\u00f1o responsivo, su compatibilidad con las \u00faltimas versiones de Joomla, y sus potentes herramientas de personalizaci\u00f3n que permiten crear sitios web sofisticados sin necesidad de conocimientos de programaci\u00f3n.<\/p><h3 data-start=\"754\" data-end=\"832\">\u00bfPara qu\u00e9 sirve Cobalt Responsive Architect and Creatives Joomla Template?<\/h3><p data-start=\"834\" data-end=\"1229\">Cobalt sirve para construir sitios web profesionales para arquitectos y creativos que desean mostrar sus trabajos con una est\u00e9tica limpia, enfocada en im\u00e1genes de alta calidad, galer\u00edas de proyectos, descripciones de servicios y secciones corporativas. Tambi\u00e9n es ideal para estudios de arquitectura que desean captar nuevos clientes mostrando su experiencia, estilo de dise\u00f1o y enfoque t\u00e9cnico.<\/p><p data-start=\"1231\" data-end=\"1394\">Gracias a su estructura adaptable, tambi\u00e9n se puede usar para portfolios de dise\u00f1o gr\u00e1fico, estudios de arte visual, desarrolladores creativos o peque\u00f1as agencias.<\/p><h3 data-start=\"1396\" data-end=\"1480\">Beneficios de utilizar Cobalt Responsive Architect and Creatives Joomla Template<\/h3><ul data-start=\"1482\" data-end=\"2145\"><li data-start=\"1482\" data-end=\"1602\"><p data-start=\"1484\" data-end=\"1602\"><strong data-start=\"1484\" data-end=\"1516\">Dise\u00f1o limpio y profesional:<\/strong> Transmite confianza, orden y sofisticaci\u00f3n, ideal para atraer clientes de alto nivel.<\/p><\/li><li data-start=\"1603\" data-end=\"1733\"><p data-start=\"1605\" data-end=\"1733\"><strong data-start=\"1605\" data-end=\"1634\">Completamente responsivo:<\/strong> Se adapta a cualquier tipo de dispositivo y pantalla, ofreciendo una experiencia visual coherente.<\/p><\/li><li data-start=\"1734\" data-end=\"1872\"><p data-start=\"1736\" data-end=\"1872\"><strong data-start=\"1736\" data-end=\"1776\">Presentaci\u00f3n destacada de proyectos:<\/strong> Ideal para mostrar im\u00e1genes grandes, galer\u00edas, planos y detalles t\u00e9cnicos de manera organizada.<\/p><\/li><li data-start=\"1873\" data-end=\"2007\"><p data-start=\"1875\" data-end=\"2007\"><strong data-start=\"1875\" data-end=\"1901\">F\u00e1cil de personalizar:<\/strong> Incluye un potente panel de administraci\u00f3n con opciones para cambiar colores, tipograf\u00edas, layouts y m\u00e1s.<\/p><\/li><li data-start=\"2008\" data-end=\"2145\"><p data-start=\"2010\" data-end=\"2145\"><strong data-start=\"2010\" data-end=\"2048\">Optimizado para rendimiento y SEO:<\/strong> Asegura tiempos de carga r\u00e1pidos y una estructura que favorece el posicionamiento en buscadores.<\/p><\/li><\/ul><h3 data-start=\"2147\" data-end=\"2227\">Caracter\u00edsticas de Cobalt Responsive Architect and Creatives Joomla Template<\/h3><ul data-start=\"2229\" data-end=\"2875\"><li data-start=\"2229\" data-end=\"2270\"><p data-start=\"2231\" data-end=\"2270\">Compatible con Joomla 3.x y Joomla 4.x.<\/p><\/li><li data-start=\"2271\" data-end=\"2311\"><p data-start=\"2273\" data-end=\"2311\">Dise\u00f1o 100% responsive y retina-ready.<\/p><\/li><li data-start=\"2312\" data-end=\"2425\"><p data-start=\"2314\" data-end=\"2425\">M\u00faltiples layouts predise\u00f1ados para p\u00e1ginas como Inicio, Proyectos, Sobre Nosotros, Servicios, Blog y Contacto.<\/p><\/li><li data-start=\"2426\" data-end=\"2473\"><p data-start=\"2428\" data-end=\"2473\">Galer\u00edas de im\u00e1genes y portfolios filtrables.<\/p><\/li><li data-start=\"2474\" data-end=\"2540\"><p data-start=\"2476\" data-end=\"2540\">Integraci\u00f3n con SP Page Builder para edici\u00f3n visual drag &amp; drop.<\/p><\/li><li data-start=\"2541\" data-end=\"2610\"><p data-start=\"2543\" data-end=\"2610\">Soporte para Google Maps, formularios de contacto y redes sociales.<\/p><\/li><li data-start=\"2611\" data-end=\"2688\"><p data-start=\"2613\" data-end=\"2688\">Tipograf\u00edas de Google Fonts y opciones avanzadas de personalizaci\u00f3n visual.<\/p><\/li><li data-start=\"2689\" data-end=\"2734\"><p data-start=\"2691\" data-end=\"2734\">Optimizaci\u00f3n para SEO y velocidad de carga.<\/p><\/li><li data-start=\"2735\" data-end=\"2799\"><p data-start=\"2737\" data-end=\"2799\">C\u00f3digo limpio y bien estructurado, ideal para desarrolladores.<\/p><\/li><li data-start=\"2800\" data-end=\"2875\"><p data-start=\"2802\" data-end=\"2875\">Soporte multiling\u00fce y compatibilidad con extensiones populares de Joomla.<\/p><\/li><\/ul><h3 data-start=\"2877\" data-end=\"2959\">\u00bfQui\u00e9n deber\u00eda usar Cobalt Responsive Architect and Creatives Joomla Template?<\/h3><p data-start=\"2961\" data-end=\"2982\">Cobalt es ideal para:<\/p><ul data-start=\"2984\" data-end=\"3404\"><li data-start=\"2984\" data-end=\"3082\"><p data-start=\"2986\" data-end=\"3082\">Estudios de arquitectura que desean mostrar su portafolio de proyectos y atraer nuevos clientes.<\/p><\/li><li data-start=\"3083\" data-end=\"3159\"><p data-start=\"3085\" data-end=\"3159\">Dise\u00f1adores de interiores, urbanistas, paisajistas o ingenieros creativos.<\/p><\/li><li data-start=\"3160\" data-end=\"3248\"><p data-start=\"3162\" data-end=\"3248\">Agencias de dise\u00f1o gr\u00e1fico o visual que quieren una presentaci\u00f3n sobria y profesional.<\/p><\/li><li data-start=\"3249\" data-end=\"3328\"><p data-start=\"3251\" data-end=\"3328\">Freelancers que necesitan un portfolio visual impactante y f\u00e1cil de mantener.<\/p><\/li><li data-start=\"3329\" data-end=\"3404\"><p data-start=\"3331\" data-end=\"3404\">Desarrolladores Joomla que crean sitios para firmas t\u00e9cnicas o creativas.<\/p><\/li><\/ul><h3 data-start=\"3406\" data-end=\"3484\">\u00bfPor qu\u00e9 elegir Cobalt Responsive Architect and Creatives Joomla Template?<\/h3><p data-start=\"3486\" data-end=\"3774\">Elegir Cobalt significa apostar por una plantilla especializada que combina est\u00e9tica y funcionalidad. A diferencia de templates gen\u00e9ricos, Cobalt est\u00e1 cuidadosamente dise\u00f1ada para reflejar el profesionalismo de arquitectos y creativos, destacando el portafolio como eje central del sitio.<\/p><p data-start=\"3776\" data-end=\"4036\">Adem\u00e1s, su compatibilidad con SP Page Builder, sus layouts predise\u00f1ados y sus opciones de personalizaci\u00f3n lo convierten en una herramienta eficiente tanto para quienes desean resultados r\u00e1pidos como para desarrolladores que buscan escalabilidad y flexibilidad.<\/p><h3 data-start=\"4038\" data-end=\"4052\">Conclusion<\/h3><p data-start=\"4054\" data-end=\"4532\" data-is-last-node=\"\" data-is-only-node=\"\">Cobalt Responsive Architect and Creatives Joomla Template es la soluci\u00f3n ideal para arquitectos, dise\u00f1adores y estudios creativos que desean una presencia digital de alto nivel. Su dise\u00f1o elegante, sus funciones orientadas al portafolio y su integraci\u00f3n total con Joomla lo convierten en una plantilla poderosa, confiable y visualmente impactante. Si buscas destacar tu trabajo con profesionalismo y estilo, Cobalt es la elecci\u00f3n perfecta para tu pr\u00f3ximo proyecto web en Joomla.<\/p>\t\t\t\t\t\t\t\t<\/div>\n\t\t\t\t<\/div>\n\t\t\t\t\t<\/div>\n\t\t\t\t<\/div>\n\t\t\t\t<\/div>","protected":false},"excerpt":{"rendered":"<p>Cobalt Responsive Architect and Creatives Joomla Template Cobalt Responsive Architect and Creatives Joomla Template es una plantilla premium dise\u00f1ada especialmente<\/p>","protected":false},"featured_media":85939,"comment_status":"closed","ping_status":"closed","template":"","meta":{"_acf_changed":false},"product_brand":[],"product_cat":[604],"product_tag":[420,553],"class_list":{"0":"post-85975","1":"product","2":"type-product","3":"status-publish","4":"has-post-thumbnail","6":"product_cat-joomla-themes","7":"product_tag-temas-para-agencias-digitales-y-creativas","8":"product_tag-temas-para-construccion-y-bienes-raices","9":"pa_autores-templatemonster","11":"first","12":"instock","13":"sale","14":"downloadable","15":"virtual","16":"sold-individually","17":"purchasable","18":"product-type-simple"},"acf":[],"_links":{"self":[{"href":"https:\/\/wpclub.pro\/en\/wp-json\/wp\/v2\/product\/85975","targetHints":{"allow":["GET"]}}],"collection":[{"href":"https:\/\/wpclub.pro\/en\/wp-json\/wp\/v2\/product"}],"about":[{"href":"https:\/\/wpclub.pro\/en\/wp-json\/wp\/v2\/types\/product"}],"replies":[{"embeddable":true,"href":"https:\/\/wpclub.pro\/en\/wp-json\/wp\/v2\/comments?post=85975"}],"version-history":[{"count":0,"href":"https:\/\/wpclub.pro\/en\/wp-json\/wp\/v2\/product\/85975\/revisions"}],"wp:featuredmedia":[{"embeddable":true,"href":"https:\/\/wpclub.pro\/en\/wp-json\/wp\/v2\/media\/85939"}],"wp:attachment":[{"href":"https:\/\/wpclub.pro\/en\/wp-json\/wp\/v2\/media?parent=85975"}],"wp:term":[{"taxonomy":"product_brand","embeddable":true,"href":"https:\/\/wpclub.pro\/en\/wp-json\/wp\/v2\/product_brand?post=85975"},{"taxonomy":"product_cat","embeddable":true,"href":"https:\/\/wpclub.pro\/en\/wp-json\/wp\/v2\/product_cat?post=85975"},{"taxonomy":"product_tag","embeddable":true,"href":"https:\/\/wpclub.pro\/en\/wp-json\/wp\/v2\/product_tag?post=85975"}],"curies":[{"name":"wp","href":"https:\/\/api.w.org\/{rel}","templated":true}]}}