{"id":85987,"date":"2025-07-03T09:31:19","date_gmt":"2025-07-03T13:31:19","guid":{"rendered":"https:\/\/wpclub.pro\/?post_type=product&#038;p=85987"},"modified":"2025-08-22T19:48:33","modified_gmt":"2025-08-22T23:48:33","slug":"stamford-photography-portfolio-and-blog","status":"publish","type":"product","link":"https:\/\/wpclub.pro\/en\/item\/stamford-photography-portfolio-and-blog\/","title":{"rendered":"Stamford Photography Portfolio And Blog Joomla Template 1.0"},"content":{"rendered":"<div data-elementor-type=\"product-post\" data-elementor-id=\"85987\" class=\"elementor elementor-85987\" data-elementor-post-type=\"product\">\n\t\t\t\t<div class=\"wd-negative-gap elementor-element elementor-element-31f37c0e e-flex e-con-boxed e-con e-parent\" data-id=\"31f37c0e\" data-element_type=\"container\" data-e-type=\"container\">\n\t\t\t\t\t<div class=\"e-con-inner\">\n\t\t\t\t<div class=\"elementor-element elementor-element-f4f563e color-scheme-inherit text-left elementor-widget elementor-widget-text-editor\" data-id=\"f4f563e\" data-element_type=\"widget\" data-e-type=\"widget\" data-widget_type=\"text-editor.default\">\n\t\t\t\t<div class=\"elementor-widget-container\">\n\t\t\t\t\t\t\t\t\t<h2 data-start=\"0\" data-end=\"68\"><strong>Stamford Photography Portfolio and Blog Joomla Template<\/strong><\/h2><p data-start=\"70\" data-end=\"519\">Stamford Photography Portfolio and Blog Joomla Template es una plantilla premium dise\u00f1ada especialmente para fot\u00f3grafos, vide\u00f3grafos, artistas visuales, creadores de contenido y bloggers que utilizan Joomla como plataforma para construir su presencia digital. Con un dise\u00f1o limpio, minimalista y visualmente impactante, Stamford est\u00e1 pensada para destacar las im\u00e1genes, portafolios creativos y publicaciones de blog de manera elegante y profesional.<\/p><p data-start=\"521\" data-end=\"751\">Esta plantilla ofrece una combinaci\u00f3n perfecta entre estilo visual y funcionalidad, permitiendo mostrar trabajos, contar historias y conectar con audiencias a trav\u00e9s de una experiencia inmersiva y adaptada a cualquier dispositivo.<\/p><h3 data-start=\"753\" data-end=\"829\">\u00bfPara qu\u00e9 sirve Stamford Photography Portfolio and Blog Joomla Template?<\/h3><p data-start=\"831\" data-end=\"1221\">Stamford sirve para crear sitios web enfocados en la fotograf\u00eda, el arte visual y la expresi\u00f3n creativa, con secciones dedicadas a galer\u00edas, portfolios, blogs personales o profesionales, y p\u00e1ginas informativas sobre el artista o su estudio. Tambi\u00e9n permite integrar formularios de contacto, servicios, testimonios y enlaces sociales para facilitar la comunicaci\u00f3n con clientes o seguidores.<\/p><p data-start=\"1223\" data-end=\"1400\">Es ideal para fot\u00f3grafos profesionales, freelancers, creativos digitales, bloggers visuales y agencias boutique que desean presentar su trabajo de forma impactante y organizada.<\/p><h3 data-start=\"1402\" data-end=\"1484\">Beneficios de utilizar Stamford Photography Portfolio and Blog Joomla Template<\/h3><ul data-start=\"1486\" data-end=\"2146\"><li data-start=\"1486\" data-end=\"1609\"><p data-start=\"1488\" data-end=\"1609\"><strong data-start=\"1488\" data-end=\"1521\">Dise\u00f1o centrado en la imagen:<\/strong> Destaca tu trabajo con galer\u00edas amplias, fondos blancos y una estructura visual limpia.<\/p><\/li><li data-start=\"1610\" data-end=\"1765\"><p data-start=\"1612\" data-end=\"1765\"><strong data-start=\"1612\" data-end=\"1647\">Ideal para storytelling visual:<\/strong> Combinaci\u00f3n perfecta entre portafolio y blog para quienes desean compartir tanto sus obras como las historias detr\u00e1s.<\/p><\/li><li data-start=\"1766\" data-end=\"1888\"><p data-start=\"1768\" data-end=\"1888\"><strong data-start=\"1768\" data-end=\"1797\">Completamente responsive:<\/strong> Se adapta perfectamente a m\u00f3viles, tablets y pantallas grandes, sin perder calidad visual.<\/p><\/li><li data-start=\"1889\" data-end=\"2029\"><p data-start=\"1891\" data-end=\"2029\"><strong data-start=\"1891\" data-end=\"1926\">R\u00e1pido y f\u00e1cil de personalizar:<\/strong> Puedes cambiar colores, tipograf\u00edas, secciones y distribuci\u00f3n sin necesidad de conocimientos t\u00e9cnicos.<\/p><\/li><li data-start=\"2030\" data-end=\"2146\"><p data-start=\"2032\" data-end=\"2146\"><strong data-start=\"2032\" data-end=\"2068\">Optimizado para velocidad y SEO:<\/strong> Garantiza tiempos de carga r\u00e1pidos y buena indexaci\u00f3n en motores de b\u00fasqueda.<\/p><\/li><\/ul><h3 data-start=\"2148\" data-end=\"2226\">Caracter\u00edsticas de Stamford Photography Portfolio and Blog Joomla Template<\/h3><ul data-start=\"2228\" data-end=\"2998\"><li data-start=\"2228\" data-end=\"2273\"><p data-start=\"2230\" data-end=\"2273\">Compatible con <strong data-start=\"2245\" data-end=\"2272\">Joomla 3.x y Joomla 4.x<\/strong>.<\/p><\/li><li data-start=\"2274\" data-end=\"2381\"><p data-start=\"2276\" data-end=\"2381\">Plantillas predise\u00f1adas para \u201cInicio\u201d, \u201cPortafolio\u201d, \u201cGaler\u00eda\u201d, \u201cSobre m\u00ed\/nosotros\u201d, \u201cBlog\u201d y \u201cContacto\u201d.<\/p><\/li><li data-start=\"2382\" data-end=\"2478\"><p data-start=\"2384\" data-end=\"2478\">Galer\u00edas filtrables con soporte para efectos de lightbox y visualizaci\u00f3n en pantalla completa.<\/p><\/li><li data-start=\"2479\" data-end=\"2547\"><p data-start=\"2481\" data-end=\"2547\">Blog visual con formatos de entrada para im\u00e1genes, videos y texto.<\/p><\/li><li data-start=\"2548\" data-end=\"2615\"><p data-start=\"2550\" data-end=\"2615\">Soporte para SP Page Builder para edici\u00f3n visual por drag &amp; drop.<\/p><\/li><li data-start=\"2616\" data-end=\"2688\"><p data-start=\"2618\" data-end=\"2688\">Dise\u00f1o tipogr\u00e1fico elegante con enfoque en legibilidad y presentaci\u00f3n.<\/p><\/li><li data-start=\"2689\" data-end=\"2769\"><p data-start=\"2691\" data-end=\"2769\">Opciones de personalizaci\u00f3n desde el panel de administraci\u00f3n sin tocar c\u00f3digo.<\/p><\/li><li data-start=\"2770\" data-end=\"2841\"><p data-start=\"2772\" data-end=\"2841\">Integraci\u00f3n con redes sociales y formularios de contacto funcionales.<\/p><\/li><li data-start=\"2842\" data-end=\"2925\"><p data-start=\"2844\" data-end=\"2925\">Compatible con extensiones multiling\u00fces y optimizado para sitios internacionales.<\/p><\/li><li data-start=\"2926\" data-end=\"2998\"><p data-start=\"2928\" data-end=\"2998\">Animaciones suaves y experiencia de navegaci\u00f3n centrada en el usuario.<\/p><\/li><\/ul><h3 data-start=\"3000\" data-end=\"3080\">\u00bfQui\u00e9n deber\u00eda usar Stamford Photography Portfolio and Blog Joomla Template?<\/h3><p data-start=\"3082\" data-end=\"3109\">Stamford est\u00e1 pensado para:<\/p><ul data-start=\"3111\" data-end=\"3600\"><li data-start=\"3111\" data-end=\"3210\"><p data-start=\"3113\" data-end=\"3210\"><strong data-start=\"3113\" data-end=\"3141\">Fot\u00f3grafos profesionales<\/strong> que desean mostrar sus proyectos y colecciones de forma profesional.<\/p><\/li><li data-start=\"3211\" data-end=\"3306\"><p data-start=\"3213\" data-end=\"3306\"><strong data-start=\"3213\" data-end=\"3234\">Bloggers visuales<\/strong> que combinan fotograf\u00eda con relatos, reflexiones o cr\u00f3nicas personales.<\/p><\/li><li data-start=\"3307\" data-end=\"3398\"><p data-start=\"3309\" data-end=\"3398\"><strong data-start=\"3309\" data-end=\"3342\">Estudios creativos y agencias<\/strong> que ofrecen servicios de imagen, video o dise\u00f1o visual.<\/p><\/li><li data-start=\"3399\" data-end=\"3500\"><p data-start=\"3401\" data-end=\"3500\"><strong data-start=\"3401\" data-end=\"3422\">Artistas visuales<\/strong> que quieren destacar su obra con una presentaci\u00f3n limpia y sin distracciones.<\/p><\/li><li data-start=\"3501\" data-end=\"3600\"><p data-start=\"3503\" data-end=\"3600\"><strong data-start=\"3503\" data-end=\"3538\">Freelancers del sector creativo<\/strong> que buscan un sitio web elegante para atraer nuevos clientes.<\/p><\/li><\/ul><h3 data-start=\"3602\" data-end=\"3678\">\u00bfPor qu\u00e9 elegir Stamford Photography Portfolio and Blog Joomla Template?<\/h3><p data-start=\"3680\" data-end=\"4003\">Stamford destaca por su enfoque art\u00edstico, su dise\u00f1o centrado en la imagen y su facilidad de uso en Joomla. A diferencia de plantillas multiprop\u00f3sito, esta ha sido creada pensando espec\u00edficamente en las necesidades de fot\u00f3grafos y creativos: grandes galer\u00edas, narrativa visual y una est\u00e9tica sobria que realza cada trabajo.<\/p><p data-start=\"4005\" data-end=\"4243\">Su integraci\u00f3n con SP Page Builder, su compatibilidad con las \u00faltimas versiones de Joomla y su dise\u00f1o optimizado para SEO y velocidad hacen de Stamford una herramienta completa y profesional para crear un portafolio visualmente memorable.<\/p><h3 data-start=\"4245\" data-end=\"4259\">Conclusion<\/h3><p data-start=\"4261\" data-end=\"4746\" data-is-last-node=\"\" data-is-only-node=\"\">Stamford Photography Portfolio and Blog Joomla Template es la elecci\u00f3n ideal para fot\u00f3grafos y creativos que desean construir un sitio web elegante, visualmente potente y enfocado en destacar su trabajo. Con un dise\u00f1o limpio, secciones predise\u00f1adas y funcionalidades adaptadas al mundo visual, Stamford te permite mostrar tu talento al mundo con una plataforma s\u00f3lida, moderna y lista para crecer. Si buscas una plantilla que ponga tu arte en el centro, Stamford es la opci\u00f3n perfecta.<\/p>\t\t\t\t\t\t\t\t<\/div>\n\t\t\t\t<\/div>\n\t\t\t\t\t<\/div>\n\t\t\t\t<\/div>\n\t\t\t\t<\/div>","protected":false},"excerpt":{"rendered":"<p>Stamford Photography Portfolio and Blog Joomla Template Stamford Photography Portfolio and Blog Joomla Template es una plantilla premium dise\u00f1ada especialmente<\/p>","protected":false},"featured_media":85937,"comment_status":"closed","ping_status":"closed","template":"","meta":{"_acf_changed":false},"product_brand":[],"product_cat":[604],"product_tag":[146],"class_list":{"0":"post-85987","1":"product","2":"type-product","3":"status-publish","4":"has-post-thumbnail","6":"product_cat-joomla-themes","7":"product_tag-temas-para-portafolios-y-cv","8":"pa_autores-templatemonster","10":"first","11":"instock","12":"sale","13":"downloadable","14":"virtual","15":"sold-individually","16":"purchasable","17":"product-type-simple"},"acf":[],"_links":{"self":[{"href":"https:\/\/wpclub.pro\/en\/wp-json\/wp\/v2\/product\/85987","targetHints":{"allow":["GET"]}}],"collection":[{"href":"https:\/\/wpclub.pro\/en\/wp-json\/wp\/v2\/product"}],"about":[{"href":"https:\/\/wpclub.pro\/en\/wp-json\/wp\/v2\/types\/product"}],"replies":[{"embeddable":true,"href":"https:\/\/wpclub.pro\/en\/wp-json\/wp\/v2\/comments?post=85987"}],"version-history":[{"count":0,"href":"https:\/\/wpclub.pro\/en\/wp-json\/wp\/v2\/product\/85987\/revisions"}],"wp:featuredmedia":[{"embeddable":true,"href":"https:\/\/wpclub.pro\/en\/wp-json\/wp\/v2\/media\/85937"}],"wp:attachment":[{"href":"https:\/\/wpclub.pro\/en\/wp-json\/wp\/v2\/media?parent=85987"}],"wp:term":[{"taxonomy":"product_brand","embeddable":true,"href":"https:\/\/wpclub.pro\/en\/wp-json\/wp\/v2\/product_brand?post=85987"},{"taxonomy":"product_cat","embeddable":true,"href":"https:\/\/wpclub.pro\/en\/wp-json\/wp\/v2\/product_cat?post=85987"},{"taxonomy":"product_tag","embeddable":true,"href":"https:\/\/wpclub.pro\/en\/wp-json\/wp\/v2\/product_tag?post=85987"}],"curies":[{"name":"wp","href":"https:\/\/api.w.org\/{rel}","templated":true}]}}