{"id":86877,"date":"2025-07-10T15:53:48","date_gmt":"2025-07-10T19:53:48","guid":{"rendered":"https:\/\/wpclub.pro\/?post_type=product&#038;p=86877"},"modified":"2025-08-21T14:19:54","modified_gmt":"2025-08-21T18:19:54","slug":"sculpt-handmade-art-and-gallery-store","status":"publish","type":"product","link":"https:\/\/wpclub.pro\/en\/item\/sculpt-handmade-art-and-gallery-store\/","title":{"rendered":"Sculpt Handmade Art and Gallery Store Prestashop Theme 1.0.0"},"content":{"rendered":"<div data-elementor-type=\"product-post\" data-elementor-id=\"86877\" class=\"elementor elementor-86877\" data-elementor-post-type=\"product\">\n\t\t\t\t<div class=\"wd-negative-gap elementor-element elementor-element-31f37c0e e-flex e-con-boxed e-con e-parent\" data-id=\"31f37c0e\" data-element_type=\"container\" data-e-type=\"container\">\n\t\t\t\t\t<div class=\"e-con-inner\">\n\t\t\t\t<div class=\"elementor-element elementor-element-f4f563e color-scheme-inherit text-left elementor-widget elementor-widget-text-editor\" data-id=\"f4f563e\" data-element_type=\"widget\" data-e-type=\"widget\" data-widget_type=\"text-editor.default\">\n\t\t\t\t<div class=\"elementor-widget-container\">\n\t\t\t\t\t\t\t\t\t<h2 data-start=\"0\" data-end=\"67\">Sculpt Handmade Art and Gallery Store PrestaShop Theme<\/h2><p data-start=\"69\" data-end=\"483\">Sculpt Handmade Art and Gallery Store PrestaShop Theme es un tema premium especialmente dise\u00f1ado para tiendas online dedicadas al arte, productos hechos a mano, escultura, cer\u00e1mica, pinturas y galer\u00edas creativas. Este theme, desarrollado para la plataforma PrestaShop, combina una est\u00e9tica minimalista y art\u00edstica con una estructura flexible, pensada para resaltar la belleza y singularidad de cada pieza en venta.<\/p><p data-start=\"485\" data-end=\"683\">Con un dise\u00f1o moderno, elegante y completamente responsive, Sculpt es ideal para emprendedores, artistas y galer\u00edas que desean mostrar su trabajo o vender obras \u00fanicas de forma profesional en l\u00ednea.<\/p><h3 data-start=\"685\" data-end=\"760\">\u00bfPara qu\u00e9 sirve Sculpt Handmade Art and Gallery Store PrestaShop Theme?<\/h3><p data-start=\"762\" data-end=\"1130\">Sculpt Handmade Art and Gallery Store PrestaShop Theme sirve para crear tiendas digitales enfocadas en productos artesanales, arte visual, obras decorativas, esculturas u objetos de colecci\u00f3n. Permite exhibir productos art\u00edsticos con im\u00e1genes de alta calidad, descripciones detalladas y una navegaci\u00f3n intuitiva que resalta el valor est\u00e9tico y emocional de cada pieza.<\/p><p data-start=\"1132\" data-end=\"1304\">Este tema facilita la venta directa, la organizaci\u00f3n del cat\u00e1logo por estilos o categor\u00edas art\u00edsticas, y el posicionamiento como una tienda boutique de alto valor creativo.<\/p><h3 data-start=\"1306\" data-end=\"1387\">Beneficios de utilizar Sculpt Handmade Art and Gallery Store PrestaShop Theme<\/h3><ul data-start=\"1389\" data-end=\"1876\"><li data-start=\"1389\" data-end=\"1477\"><p data-start=\"1391\" data-end=\"1477\"><strong data-start=\"1391\" data-end=\"1426\">Dise\u00f1o art\u00edstico y profesional:<\/strong> Ideal para destacar piezas \u00fanicas y hechas a mano.<\/p><\/li><li data-start=\"1478\" data-end=\"1568\"><p data-start=\"1480\" data-end=\"1568\"><strong data-start=\"1480\" data-end=\"1517\">Experiencia de usuario inmersiva:<\/strong> Navegaci\u00f3n fluida que pone el foco en el producto.<\/p><\/li><li data-start=\"1569\" data-end=\"1675\"><p data-start=\"1571\" data-end=\"1675\"><strong data-start=\"1571\" data-end=\"1597\">F\u00e1cil personalizaci\u00f3n:<\/strong> Permite adaptar colores, tipograf\u00edas y estructura sin conocimientos t\u00e9cnicos.<\/p><\/li><li data-start=\"1676\" data-end=\"1778\"><p data-start=\"1678\" data-end=\"1778\"><strong data-start=\"1678\" data-end=\"1712\">Optimizado para m\u00f3viles y SEO:<\/strong> Carga r\u00e1pida, dise\u00f1o responsive y estructura amigable con Google.<\/p><\/li><li data-start=\"1779\" data-end=\"1876\"><p data-start=\"1781\" data-end=\"1876\"><strong data-start=\"1781\" data-end=\"1815\">Ideal para vender arte online:<\/strong> Crea una tienda elegante que transmite valor y exclusividad.<\/p><\/li><\/ul><h3 data-start=\"1878\" data-end=\"1955\">Caracter\u00edsticas de Sculpt Handmade Art and Gallery Store PrestaShop Theme<\/h3><ul data-start=\"1957\" data-end=\"2769\"><li data-start=\"1957\" data-end=\"2017\"><p data-start=\"1959\" data-end=\"2017\">Compatibilidad completa con PrestaShop 1.7.x y superiores.<\/p><\/li><li data-start=\"2018\" data-end=\"2084\"><p data-start=\"2020\" data-end=\"2084\">Dise\u00f1o limpio, minimalista y centrado en la imagen del producto.<\/p><\/li><li data-start=\"2085\" data-end=\"2151\"><p data-start=\"2087\" data-end=\"2151\">M\u00faltiples dise\u00f1os de homepage predise\u00f1ados listos para importar.<\/p><\/li><li data-start=\"2152\" data-end=\"2231\"><p data-start=\"2154\" data-end=\"2231\">Secciones para productos destacados, nuevas colecciones y obras en promoci\u00f3n.<\/p><\/li><li data-start=\"2232\" data-end=\"2315\"><p data-start=\"2234\" data-end=\"2315\">Mega men\u00fa personalizable para organizar categor\u00edas por estilo, t\u00e9cnica o artista.<\/p><\/li><li data-start=\"2316\" data-end=\"2391\"><p data-start=\"2318\" data-end=\"2391\">Sliders visuales impactantes para mostrar obras o colecciones destacadas.<\/p><\/li><li data-start=\"2392\" data-end=\"2461\"><p data-start=\"2394\" data-end=\"2461\">Carruseles de productos, testimonios y entradas de blog integradas.<\/p><\/li><li data-start=\"2462\" data-end=\"2533\"><p data-start=\"2464\" data-end=\"2533\">Filtros avanzados por categor\u00eda, precio, autor, t\u00e9cnica o materiales.<\/p><\/li><li data-start=\"2534\" data-end=\"2579\"><p data-start=\"2536\" data-end=\"2579\">Compatible con m\u00faltiples idiomas y monedas.<\/p><\/li><li data-start=\"2580\" data-end=\"2630\"><p data-start=\"2582\" data-end=\"2630\">Integraci\u00f3n con redes sociales y blog art\u00edstico.<\/p><\/li><li data-start=\"2631\" data-end=\"2685\"><p data-start=\"2633\" data-end=\"2685\">C\u00f3digo optimizado para rendimiento, velocidad y SEO.<\/p><\/li><li data-start=\"2686\" data-end=\"2769\"><p data-start=\"2688\" data-end=\"2769\">Panel de administraci\u00f3n intuitivo para gestionar todos los aspectos de la tienda.<\/p><\/li><\/ul><h3 data-start=\"2771\" data-end=\"2850\">\u00bfQui\u00e9n deber\u00eda usar Sculpt Handmade Art and Gallery Store PrestaShop Theme?<\/h3><p data-start=\"2852\" data-end=\"2877\">Este theme es ideal para:<\/p><ul data-start=\"2879\" data-end=\"3255\"><li data-start=\"2879\" data-end=\"2966\"><p data-start=\"2881\" data-end=\"2966\">Artistas que desean vender esculturas, cer\u00e1micas, ilustraciones o piezas decorativas.<\/p><\/li><li data-start=\"2967\" data-end=\"3036\"><p data-start=\"2969\" data-end=\"3036\">Galer\u00edas de arte que quieren llevar su cat\u00e1logo al entorno digital.<\/p><\/li><li data-start=\"3037\" data-end=\"3119\"><p data-start=\"3039\" data-end=\"3119\">Emprendedores que comercializan productos hechos a mano con alto valor est\u00e9tico.<\/p><\/li><li data-start=\"3120\" data-end=\"3172\"><p data-start=\"3122\" data-end=\"3172\">Tiendas boutique de objetos art\u00edsticos o de autor.<\/p><\/li><li data-start=\"3173\" data-end=\"3255\"><p data-start=\"3175\" data-end=\"3255\">Marcas que promueven el dise\u00f1o independiente, la sostenibilidad o el arte local.<\/p><\/li><\/ul><h3 data-start=\"3257\" data-end=\"3332\">\u00bfPor qu\u00e9 elegir Sculpt Handmade Art and Gallery Store PrestaShop Theme?<\/h3><p data-start=\"3334\" data-end=\"3700\">Sculpt Handmade Art and Gallery Store PrestaShop Theme est\u00e1 dise\u00f1ado espec\u00edficamente para tiendas que venden arte, no es un tema gen\u00e9rico adaptado. Esto significa que cada secci\u00f3n, tipograf\u00eda, espacio en blanco y disposici\u00f3n de elementos est\u00e1n pensados para destacar piezas visuales, transmitir exclusividad y captar la atenci\u00f3n del comprador que valora la est\u00e9tica.<\/p><p data-start=\"3702\" data-end=\"3969\">Adem\u00e1s, ofrece total compatibilidad con PrestaShop, soporte multilenguaje, facilidad de uso y una estructura optimizada para destacar en buscadores. Si buscas una presencia online que combine elegancia, minimalismo y funcionalidad, Sculpt es una opci\u00f3n sobresaliente.<\/p><h3 data-start=\"3971\" data-end=\"3985\">Conclusion<\/h3><p data-start=\"3987\" data-end=\"4480\" data-is-last-node=\"\" data-is-only-node=\"\">Sculpt Handmade Art and Gallery Store PrestaShop Theme es el aliado perfecto para artistas, artesanos y galer\u00edas que desean vender sus creaciones en l\u00ednea con una imagen profesional y refinada. Su dise\u00f1o moderno, funciones espec\u00edficas para el mundo del arte y optimizaci\u00f3n t\u00e9cnica lo convierten en una elecci\u00f3n estrat\u00e9gica para destacar productos \u00fanicos y emocionales. Si tu tienda ofrece creatividad, dise\u00f1o y autenticidad, este theme elevar\u00e1 tu presencia digital al nivel que tu arte merece.<\/p>\t\t\t\t\t\t\t\t<\/div>\n\t\t\t\t<\/div>\n\t\t\t\t\t<\/div>\n\t\t\t\t<\/div>\n\t\t\t\t<\/div>","protected":false},"excerpt":{"rendered":"<p>Sculpt Handmade Art and Gallery Store PrestaShop Theme Sculpt Handmade Art and Gallery Store PrestaShop Theme es un tema premium<\/p>","protected":false},"featured_media":86868,"comment_status":"closed","ping_status":"closed","template":"","meta":{"_acf_changed":false},"product_brand":[],"product_cat":[603],"product_tag":[],"class_list":{"0":"post-86877","1":"product","2":"type-product","3":"status-publish","4":"has-post-thumbnail","6":"product_cat-prestashop-themes","7":"pa_autores-templatemonster","9":"first","10":"instock","11":"sale","12":"downloadable","13":"virtual","14":"sold-individually","15":"purchasable","16":"product-type-simple"},"acf":[],"_links":{"self":[{"href":"https:\/\/wpclub.pro\/en\/wp-json\/wp\/v2\/product\/86877","targetHints":{"allow":["GET"]}}],"collection":[{"href":"https:\/\/wpclub.pro\/en\/wp-json\/wp\/v2\/product"}],"about":[{"href":"https:\/\/wpclub.pro\/en\/wp-json\/wp\/v2\/types\/product"}],"replies":[{"embeddable":true,"href":"https:\/\/wpclub.pro\/en\/wp-json\/wp\/v2\/comments?post=86877"}],"version-history":[{"count":0,"href":"https:\/\/wpclub.pro\/en\/wp-json\/wp\/v2\/product\/86877\/revisions"}],"wp:featuredmedia":[{"embeddable":true,"href":"https:\/\/wpclub.pro\/en\/wp-json\/wp\/v2\/media\/86868"}],"wp:attachment":[{"href":"https:\/\/wpclub.pro\/en\/wp-json\/wp\/v2\/media?parent=86877"}],"wp:term":[{"taxonomy":"product_brand","embeddable":true,"href":"https:\/\/wpclub.pro\/en\/wp-json\/wp\/v2\/product_brand?post=86877"},{"taxonomy":"product_cat","embeddable":true,"href":"https:\/\/wpclub.pro\/en\/wp-json\/wp\/v2\/product_cat?post=86877"},{"taxonomy":"product_tag","embeddable":true,"href":"https:\/\/wpclub.pro\/en\/wp-json\/wp\/v2\/product_tag?post=86877"}],"curies":[{"name":"wp","href":"https:\/\/api.w.org\/{rel}","templated":true}]}}