{"id":87332,"date":"2025-07-15T15:52:52","date_gmt":"2025-07-15T19:52:52","guid":{"rendered":"https:\/\/wpclub.pro\/?post_type=product&#038;p=87332"},"modified":"2025-07-15T15:59:44","modified_gmt":"2025-07-15T19:59:44","slug":"coffking-coffee-chocolate-and-bakery","status":"publish","type":"product","link":"https:\/\/wpclub.pro\/en\/item\/coffking-coffee-chocolate-and-bakery\/","title":{"rendered":"Coffking Coffee Chocolate and Bakery PrestaShop Theme 2.1.0"},"content":{"rendered":"<div data-elementor-type=\"product-post\" data-elementor-id=\"87332\" class=\"elementor elementor-87332\" data-elementor-post-type=\"product\">\n\t\t\t\t<div class=\"wd-negative-gap elementor-element elementor-element-31f37c0e e-flex e-con-boxed e-con e-parent\" data-id=\"31f37c0e\" data-element_type=\"container\" data-e-type=\"container\">\n\t\t\t\t\t<div class=\"e-con-inner\">\n\t\t\t\t<div class=\"elementor-element elementor-element-f4f563e color-scheme-inherit text-left elementor-widget elementor-widget-text-editor\" data-id=\"f4f563e\" data-element_type=\"widget\" data-e-type=\"widget\" data-widget_type=\"text-editor.default\">\n\t\t\t\t<div class=\"elementor-widget-container\">\n\t\t\t\t\t\t\t\t\t<h2 data-start=\"151\" data-end=\"217\">Coffking Coffee Chocolate and Bakery PrestaShop Theme<\/h2><p data-start=\"219\" data-end=\"771\">Coffking Coffee Chocolate and Bakery PrestaShop Theme es una plantilla premium dise\u00f1ada espec\u00edficamente para tiendas online de caf\u00e9, chocolate, panader\u00eda, pasteler\u00eda y productos gourmet. Su est\u00e9tica c\u00e1lida, profesional y moderna se combina con una estructura de alto rendimiento y compatibilidad total con PrestaShop, ofreciendo una experiencia de compra atractiva y eficiente tanto en desktop como en dispositivos m\u00f3viles. Este theme es ideal para destacar productos artesanales y gourmet con un enfoque visual refinado y optimizado para conversiones.<\/p><h3 data-start=\"773\" data-end=\"847\">\u00bfPara qu\u00e9 sirve Coffking Coffee Chocolate and Bakery PrestaShop Theme?<\/h3><p data-start=\"849\" data-end=\"1410\">Coffking Coffee Chocolate and Bakery PrestaShop Theme sirve como base para construir una tienda online profesional orientada al sector de la alimentaci\u00f3n especializada. Est\u00e1 desarrollado para facilitar la creaci\u00f3n de cat\u00e1logos elegantes, exhibir productos premium y generar una experiencia de usuario envolvente, ideal para negocios que comercializan caf\u00e9, reposter\u00eda, chocolates artesanales, productos de panader\u00eda o regalos gourmet. Gracias a su compatibilidad con PrestaShop, permite gestionar pedidos, inventario, m\u00e9todos de pago y m\u00e1s, con total facilidad.<\/p><h3 data-start=\"1412\" data-end=\"1492\">Beneficios de utilizar Coffking Coffee Chocolate and Bakery PrestaShop Theme<\/h3><ul data-start=\"1494\" data-end=\"1965\"><li data-start=\"1494\" data-end=\"1576\"><p data-start=\"1496\" data-end=\"1576\">Dise\u00f1o visualmente atractivo que realza la presentaci\u00f3n de productos artesanales<\/p><\/li><li data-start=\"1577\" data-end=\"1654\"><p data-start=\"1579\" data-end=\"1654\">Experiencia de navegaci\u00f3n fluida y r\u00e1pida tanto en escritorio como en m\u00f3vil<\/p><\/li><li data-start=\"1655\" data-end=\"1735\"><p data-start=\"1657\" data-end=\"1735\">Optimizaci\u00f3n SEO incorporada para posicionamiento org\u00e1nico desde el primer d\u00eda<\/p><\/li><li data-start=\"1736\" data-end=\"1812\"><p data-start=\"1738\" data-end=\"1812\">Mayor tasa de conversi\u00f3n gracias a sus bloques visuales bien estructurados<\/p><\/li><li data-start=\"1813\" data-end=\"1892\"><p data-start=\"1815\" data-end=\"1892\">Personalizaci\u00f3n sencilla para adaptarse a diferentes marcas y estilos gourmet<\/p><\/li><li data-start=\"1893\" data-end=\"1965\"><p data-start=\"1895\" data-end=\"1965\">Compatible con m\u00faltiples idiomas y monedas para ventas internacionales<\/p><\/li><\/ul><h3 data-start=\"1967\" data-end=\"2043\">Caracter\u00edsticas de Coffking Coffee Chocolate and Bakery PrestaShop Theme<\/h3><ul data-start=\"2045\" data-end=\"2709\"><li data-start=\"2045\" data-end=\"2117\"><p data-start=\"2047\" data-end=\"2117\">Dise\u00f1o responsive y retina ready compatible con todos los dispositivos<\/p><\/li><li data-start=\"2118\" data-end=\"2208\"><p data-start=\"2120\" data-end=\"2208\">P\u00e1gina de inicio personalizable con banners, sliders y secciones de productos destacados<\/p><\/li><li data-start=\"2209\" data-end=\"2281\"><p data-start=\"2211\" data-end=\"2281\">Plantillas predise\u00f1adas para categor\u00edas, productos, carrito y checkout<\/p><\/li><li data-start=\"2282\" data-end=\"2339\"><p data-start=\"2284\" data-end=\"2339\">Men\u00fa de navegaci\u00f3n intuitivo con soporte para mega men\u00fa<\/p><\/li><li data-start=\"2340\" data-end=\"2421\"><p data-start=\"2342\" data-end=\"2421\">M\u00f3dulos integrados para promociones, rese\u00f1as, newsletter y productos destacados<\/p><\/li><li data-start=\"2422\" data-end=\"2478\"><p data-start=\"2424\" data-end=\"2478\">Compatible con PrestaShop 1.7.x y versiones superiores<\/p><\/li><li data-start=\"2479\" data-end=\"2533\"><p data-start=\"2481\" data-end=\"2533\">C\u00f3digo limpio y ligero para tiempos de carga \u00f3ptimos<\/p><\/li><li data-start=\"2534\" data-end=\"2589\"><p data-start=\"2536\" data-end=\"2589\">Integraci\u00f3n con redes sociales y botones de compartir<\/p><\/li><li data-start=\"2590\" data-end=\"2674\"><p data-start=\"2592\" data-end=\"2674\">Opciones de configuraci\u00f3n desde el panel de administraci\u00f3n sin necesidad de c\u00f3digo<\/p><\/li><li data-start=\"2675\" data-end=\"2709\"><p data-start=\"2677\" data-end=\"2709\">Preparado para RTL y multiling\u00fce<\/p><\/li><\/ul><h3 data-start=\"2711\" data-end=\"2789\">\u00bfQui\u00e9n deber\u00eda usar Coffking Coffee Chocolate and Bakery PrestaShop Theme?<\/h3><p data-start=\"2791\" data-end=\"3227\">Este theme est\u00e1 dise\u00f1ado para emprendedores, negocios locales y marcas gourmet que deseen vender sus productos en l\u00ednea con una imagen profesional. Es ideal para tiendas de caf\u00e9, chocolater\u00edas, panader\u00edas, pasteler\u00edas, tiendas de regalos o ecommerce de productos artesanales y gourmet. Tambi\u00e9n es perfecto para desarrolladores y agencias que buscan una soluci\u00f3n visualmente refinada para proyectos relacionados con alimentaci\u00f3n premium.<\/p><h3 data-start=\"3229\" data-end=\"3303\">\u00bfPor qu\u00e9 elegir Coffking Coffee Chocolate and Bakery PrestaShop Theme?<\/h3><p data-start=\"3305\" data-end=\"3839\">Coffking Coffee Chocolate and Bakery PrestaShop Theme ofrece una combinaci\u00f3n ideal de dise\u00f1o de alta calidad, rendimiento t\u00e9cnico y usabilidad, lo que lo convierte en una elecci\u00f3n acertada para cualquier tienda de productos gourmet. Su dise\u00f1o est\u00e1 especialmente pensado para transmitir calidez, autenticidad y elegancia, cualidades esenciales en el mercado del caf\u00e9 y la reposter\u00eda. Adem\u00e1s, al estar optimizado para PrestaShop, garantiza escalabilidad, soporte t\u00e9cnico y compatibilidad con todos los m\u00f3dulos esenciales del ecosistema.<\/p><h3 data-start=\"3841\" data-end=\"3855\">Conclusion<\/h3><p data-start=\"3857\" data-end=\"4339\" data-is-last-node=\"\" data-is-only-node=\"\">Coffking Coffee Chocolate and Bakery PrestaShop Theme es la opci\u00f3n perfecta para quienes buscan construir una tienda online especializada en caf\u00e9, chocolates, panader\u00eda o productos gourmet. Su dise\u00f1o cuidado, funcionalidades profesionales y facilidad de personalizaci\u00f3n lo convierten en una herramienta poderosa para destacar en un mercado competitivo. Si tu negocio necesita una imagen elegante, moderna y lista para vender desde el primer clic, este theme es la elecci\u00f3n adecuada.<\/p>\t\t\t\t\t\t\t\t<\/div>\n\t\t\t\t<\/div>\n\t\t\t\t\t<\/div>\n\t\t\t\t<\/div>\n\t\t\t\t<\/div>","protected":false},"excerpt":{"rendered":"<p>Coffking Coffee Chocolate and Bakery PrestaShop Theme Coffking Coffee Chocolate and Bakery PrestaShop Theme es una plantilla premium dise\u00f1ada espec\u00edficamente<\/p>","protected":false},"featured_media":87337,"comment_status":"closed","ping_status":"closed","template":"","meta":{"_acf_changed":false},"product_brand":[],"product_cat":[603],"product_tag":[497,136],"class_list":{"0":"post-87332","1":"product","2":"type-product","3":"status-publish","4":"has-post-thumbnail","6":"product_cat-prestashop-themes","7":"product_tag-temas-para-bares-y-restaurantes","8":"product_tag-temas-para-tiendas-ecommerce","9":"pa_autores-templatemonster","11":"first","12":"instock","13":"sale","14":"downloadable","15":"virtual","16":"sold-individually","17":"purchasable","18":"product-type-simple"},"acf":[],"_links":{"self":[{"href":"https:\/\/wpclub.pro\/en\/wp-json\/wp\/v2\/product\/87332","targetHints":{"allow":["GET"]}}],"collection":[{"href":"https:\/\/wpclub.pro\/en\/wp-json\/wp\/v2\/product"}],"about":[{"href":"https:\/\/wpclub.pro\/en\/wp-json\/wp\/v2\/types\/product"}],"replies":[{"embeddable":true,"href":"https:\/\/wpclub.pro\/en\/wp-json\/wp\/v2\/comments?post=87332"}],"version-history":[{"count":0,"href":"https:\/\/wpclub.pro\/en\/wp-json\/wp\/v2\/product\/87332\/revisions"}],"wp:featuredmedia":[{"embeddable":true,"href":"https:\/\/wpclub.pro\/en\/wp-json\/wp\/v2\/media\/87337"}],"wp:attachment":[{"href":"https:\/\/wpclub.pro\/en\/wp-json\/wp\/v2\/media?parent=87332"}],"wp:term":[{"taxonomy":"product_brand","embeddable":true,"href":"https:\/\/wpclub.pro\/en\/wp-json\/wp\/v2\/product_brand?post=87332"},{"taxonomy":"product_cat","embeddable":true,"href":"https:\/\/wpclub.pro\/en\/wp-json\/wp\/v2\/product_cat?post=87332"},{"taxonomy":"product_tag","embeddable":true,"href":"https:\/\/wpclub.pro\/en\/wp-json\/wp\/v2\/product_tag?post=87332"}],"curies":[{"name":"wp","href":"https:\/\/api.w.org\/{rel}","templated":true}]}}