{"id":87353,"date":"2025-07-15T16:03:31","date_gmt":"2025-07-15T20:03:31","guid":{"rendered":"https:\/\/wpclub.pro\/?post_type=product&#038;p=87353"},"modified":"2025-07-15T16:08:05","modified_gmt":"2025-07-15T20:08:05","slug":"troxing-medicine-drug-and-pharmacy-prestashop","status":"publish","type":"product","link":"https:\/\/wpclub.pro\/en\/item\/troxing-medicine-drug-and-pharmacy-prestashop\/","title":{"rendered":"Troxing Medicine Drug and Pharmacy Prestashop Theme 2.1.0"},"content":{"rendered":"<div data-elementor-type=\"product-post\" data-elementor-id=\"87353\" class=\"elementor elementor-87353\" data-elementor-post-type=\"product\">\n\t\t\t\t<div class=\"wd-negative-gap elementor-element elementor-element-31f37c0e e-flex e-con-boxed e-con e-parent\" data-id=\"31f37c0e\" data-element_type=\"container\" data-e-type=\"container\">\n\t\t\t\t\t<div class=\"e-con-inner\">\n\t\t\t\t<div class=\"elementor-element elementor-element-f4f563e color-scheme-inherit text-left elementor-widget elementor-widget-text-editor\" data-id=\"f4f563e\" data-element_type=\"widget\" data-e-type=\"widget\" data-widget_type=\"text-editor.default\">\n\t\t\t\t<div class=\"elementor-widget-container\">\n\t\t\t\t\t\t\t\t\t<h2 data-start=\"162\" data-end=\"226\">Troxing Medicine Drug and Pharmacy PrestaShop Theme<\/h2><p data-start=\"228\" data-end=\"726\">Troxing Medicine Drug and Pharmacy PrestaShop Theme es una plantilla moderna y especializada para tiendas online del sector farmac\u00e9utico, m\u00e9dico y de salud. Est\u00e1 dise\u00f1ada espec\u00edficamente para farmacias, botiquines digitales, tiendas de suplementos, productos m\u00e9dicos y parafarmacia. Su dise\u00f1o limpio, profesional y enfocado en la confianza del consumidor, lo convierte en una soluci\u00f3n ideal para vender productos relacionados con el bienestar y la salud en una plataforma confiable como PrestaShop.<\/p><h3 data-start=\"728\" data-end=\"800\">\u00bfPara qu\u00e9 sirve Troxing Medicine Drug and Pharmacy PrestaShop Theme?<\/h3><p data-start=\"802\" data-end=\"1356\">Troxing Medicine Drug and Pharmacy PrestaShop Theme sirve como base para crear una tienda online enfocada en la venta de medicamentos, suplementos, productos de cuidado personal, equipos m\u00e9dicos y art\u00edculos de salud en general. Proporciona una experiencia de navegaci\u00f3n clara y accesible para todo tipo de usuarios, garantizando que los productos se presenten con informaci\u00f3n precisa, filtros intuitivos y procesos de compra seguros. Es una soluci\u00f3n completa para negocios que desean operar en el rubro farmac\u00e9utico con una presencia digital profesional.<\/p><h3 data-start=\"1358\" data-end=\"1436\">Beneficios de utilizar Troxing Medicine Drug and Pharmacy PrestaShop Theme<\/h3><ul data-start=\"1438\" data-end=\"1914\"><li data-start=\"1438\" data-end=\"1512\"><p data-start=\"1440\" data-end=\"1512\">Aumenta la confianza del cliente gracias a su dise\u00f1o claro y profesional<\/p><\/li><li data-start=\"1513\" data-end=\"1588\"><p data-start=\"1515\" data-end=\"1588\">Facilita la navegaci\u00f3n y la b\u00fasqueda de productos de salud y medicamentos<\/p><\/li><li data-start=\"1589\" data-end=\"1642\"><p data-start=\"1591\" data-end=\"1642\">Optimiza el rendimiento SEO desde el primer momento<\/p><\/li><li data-start=\"1643\" data-end=\"1732\"><p data-start=\"1645\" data-end=\"1732\">Mejora la conversi\u00f3n al destacar promociones, categor\u00edas clave y productos recomendados<\/p><\/li><li data-start=\"1733\" data-end=\"1831\"><p data-start=\"1735\" data-end=\"1831\">Compatible con m\u00faltiples dispositivos, garantizando una experiencia fluida en m\u00f3vil y escritorio<\/p><\/li><li data-start=\"1832\" data-end=\"1914\"><p data-start=\"1834\" data-end=\"1914\">Permite adaptar el sitio a diferentes idiomas y monedas para venta internacional<\/p><\/li><\/ul><h3 data-start=\"1916\" data-end=\"1990\">Caracter\u00edsticas de Troxing Medicine Drug and Pharmacy PrestaShop Theme<\/h3><ul data-start=\"1992\" data-end=\"2723\"><li data-start=\"1992\" data-end=\"2064\"><p data-start=\"1994\" data-end=\"2064\">Dise\u00f1o responsive y retina ready compatible con todos los dispositivos<\/p><\/li><li data-start=\"2065\" data-end=\"2160\"><p data-start=\"2067\" data-end=\"2160\">Home page personalizable con banners, sliders, categor\u00edas destacadas y productos en promoci\u00f3n<\/p><\/li><li data-start=\"2161\" data-end=\"2244\"><p data-start=\"2163\" data-end=\"2244\">M\u00f3dulo de b\u00fasqueda avanzada para encontrar productos por nombre, categor\u00eda o tipo<\/p><\/li><li data-start=\"2245\" data-end=\"2291\"><p data-start=\"2247\" data-end=\"2291\">Compatible con PrestaShop 1.7.x y superiores<\/p><\/li><li data-start=\"2292\" data-end=\"2381\"><p data-start=\"2294\" data-end=\"2381\">P\u00e1ginas de producto con soporte para im\u00e1genes, descripci\u00f3n t\u00e9cnica, rese\u00f1as y variantes<\/p><\/li><li data-start=\"2382\" data-end=\"2424\"><p data-start=\"2384\" data-end=\"2424\">Soporte para m\u00faltiples idiomas y monedas<\/p><\/li><li data-start=\"2425\" data-end=\"2515\"><p data-start=\"2427\" data-end=\"2515\">Secciones integradas para testimonios, suscripci\u00f3n al bolet\u00edn, contacto y redes sociales<\/p><\/li><li data-start=\"2516\" data-end=\"2573\"><p data-start=\"2518\" data-end=\"2573\">Preparado para navegaci\u00f3n r\u00e1pida con mega men\u00fa incluido<\/p><\/li><li data-start=\"2574\" data-end=\"2656\"><p data-start=\"2576\" data-end=\"2656\">C\u00f3digo optimizado para tiempos de carga reducidos y mejor experiencia de usuario<\/p><\/li><li data-start=\"2657\" data-end=\"2723\"><p data-start=\"2659\" data-end=\"2723\">Integraci\u00f3n con m\u00f3dulos esenciales para marketing y fidelizaci\u00f3n<\/p><\/li><\/ul><h3 data-start=\"2725\" data-end=\"2801\">\u00bfQui\u00e9n deber\u00eda usar Troxing Medicine Drug and Pharmacy PrestaShop Theme?<\/h3><p data-start=\"2803\" data-end=\"3203\">Este theme es perfecto para farmacias online, distribuidores de medicamentos, tiendas de suplementos alimenticios, parafarmacias, cl\u00ednicas que venden productos de salud o empresas que deseen ofrecer una experiencia de compra confiable y profesional en el sector m\u00e9dico. Tambi\u00e9n es una excelente opci\u00f3n para agencias que buscan una soluci\u00f3n s\u00f3lida y especializada para clientes del rubro farmac\u00e9utico.<\/p><h3 data-start=\"3205\" data-end=\"3277\">\u00bfPor qu\u00e9 elegir Troxing Medicine Drug and Pharmacy PrestaShop Theme?<\/h3><p data-start=\"3279\" data-end=\"3754\">Troxing Medicine Drug and Pharmacy PrestaShop Theme destaca por su enfoque visual limpio, funcionalidad especializada para el sector salud y compatibilidad total con PrestaShop. Su dise\u00f1o transmite seguridad y profesionalismo, caracter\u00edsticas fundamentales en el comercio electr\u00f3nico farmac\u00e9utico. Adem\u00e1s, su f\u00e1cil personalizaci\u00f3n, velocidad de carga y estructura optimizada para SEO lo convierten en una inversi\u00f3n inteligente para cualquier negocio que opere en este \u00e1mbito.<\/p><h3 data-start=\"3756\" data-end=\"3770\">Conclusion<\/h3><p data-start=\"3772\" data-end=\"4275\" data-is-last-node=\"\" data-is-only-node=\"\">Troxing Medicine Drug and Pharmacy PrestaShop Theme es la soluci\u00f3n definitiva para farmacias y tiendas de salud que desean establecer una presencia online s\u00f3lida, confiable y efectiva. Con un dise\u00f1o moderno, caracter\u00edsticas enfocadas en la experiencia del usuario y total compatibilidad con PrestaShop, este theme ofrece todo lo necesario para destacar en un mercado altamente competitivo. Si tu negocio est\u00e1 en el sector m\u00e9dico o farmac\u00e9utico, esta plantilla es la opci\u00f3n ideal para crecer y convertir.<\/p>\t\t\t\t\t\t\t\t<\/div>\n\t\t\t\t<\/div>\n\t\t\t\t\t<\/div>\n\t\t\t\t<\/div>\n\t\t\t\t<\/div>","protected":false},"excerpt":{"rendered":"<p>Troxing Medicine Drug and Pharmacy PrestaShop Theme Troxing Medicine Drug and Pharmacy PrestaShop Theme es una plantilla moderna y especializada<\/p>","protected":false},"featured_media":87344,"comment_status":"closed","ping_status":"closed","template":"","meta":{"_acf_changed":false},"product_brand":[],"product_cat":[603],"product_tag":[200,136],"class_list":{"0":"post-87353","1":"product","2":"type-product","3":"status-publish","4":"has-post-thumbnail","6":"product_cat-prestashop-themes","7":"product_tag-temas-para-salud-y-medicina","8":"product_tag-temas-para-tiendas-ecommerce","9":"pa_autores-templatemonster","11":"first","12":"instock","13":"sale","14":"downloadable","15":"virtual","16":"sold-individually","17":"purchasable","18":"product-type-simple"},"acf":[],"_links":{"self":[{"href":"https:\/\/wpclub.pro\/en\/wp-json\/wp\/v2\/product\/87353","targetHints":{"allow":["GET"]}}],"collection":[{"href":"https:\/\/wpclub.pro\/en\/wp-json\/wp\/v2\/product"}],"about":[{"href":"https:\/\/wpclub.pro\/en\/wp-json\/wp\/v2\/types\/product"}],"replies":[{"embeddable":true,"href":"https:\/\/wpclub.pro\/en\/wp-json\/wp\/v2\/comments?post=87353"}],"version-history":[{"count":0,"href":"https:\/\/wpclub.pro\/en\/wp-json\/wp\/v2\/product\/87353\/revisions"}],"wp:featuredmedia":[{"embeddable":true,"href":"https:\/\/wpclub.pro\/en\/wp-json\/wp\/v2\/media\/87344"}],"wp:attachment":[{"href":"https:\/\/wpclub.pro\/en\/wp-json\/wp\/v2\/media?parent=87353"}],"wp:term":[{"taxonomy":"product_brand","embeddable":true,"href":"https:\/\/wpclub.pro\/en\/wp-json\/wp\/v2\/product_brand?post=87353"},{"taxonomy":"product_cat","embeddable":true,"href":"https:\/\/wpclub.pro\/en\/wp-json\/wp\/v2\/product_cat?post=87353"},{"taxonomy":"product_tag","embeddable":true,"href":"https:\/\/wpclub.pro\/en\/wp-json\/wp\/v2\/product_tag?post=87353"}],"curies":[{"name":"wp","href":"https:\/\/api.w.org\/{rel}","templated":true}]}}