{"id":87362,"date":"2025-07-15T16:08:51","date_gmt":"2025-07-15T20:08:51","guid":{"rendered":"https:\/\/wpclub.pro\/?post_type=product&#038;p=87362"},"modified":"2025-08-21T14:12:42","modified_gmt":"2025-08-21T18:12:42","slug":"multipurpose-best-shopify-furniture-and-home","status":"publish","type":"product","link":"https:\/\/wpclub.pro\/en\/item\/multipurpose-best-shopify-furniture-and-home\/","title":{"rendered":"Multipurpose Best Shopify Furniture and Home Decor 6.0.2"},"content":{"rendered":"<div data-elementor-type=\"product-post\" data-elementor-id=\"87362\" class=\"elementor elementor-87362\" data-elementor-post-type=\"product\">\n\t\t\t\t<div class=\"wd-negative-gap elementor-element elementor-element-31f37c0e e-flex e-con-boxed e-con e-parent\" data-id=\"31f37c0e\" data-element_type=\"container\" data-e-type=\"container\">\n\t\t\t\t\t<div class=\"e-con-inner\">\n\t\t\t\t<div class=\"elementor-element elementor-element-f4f563e color-scheme-inherit text-left elementor-widget elementor-widget-text-editor\" data-id=\"f4f563e\" data-element_type=\"widget\" data-e-type=\"widget\" data-widget_type=\"text-editor.default\">\n\t\t\t\t<div class=\"elementor-widget-container\">\n\t\t\t\t\t\t\t\t\t<h2 data-start=\"158\" data-end=\"221\">Multipurpose Best Shopify Furniture and Home Decor<\/h2><p data-start=\"223\" data-end=\"721\">Multipurpose Best Shopify Furniture and Home Decor es una plantilla premium dise\u00f1ada para tiendas Shopify que venden muebles, decoraci\u00f3n para el hogar, art\u00edculos de interiorismo y productos relacionados con el estilo de vida. Esta plantilla vers\u00e1til combina dise\u00f1o moderno, funcionalidad avanzada y facilidad de uso, permitiendo a marcas y emprendedores del sector hogar construir una tienda online elegante, profesional y completamente adaptada a las necesidades actuales del comercio electr\u00f3nico.<\/p><h3 data-start=\"723\" data-end=\"794\">\u00bfPara qu\u00e9 sirve Multipurpose Best Shopify Furniture and Home Decor?<\/h3><p data-start=\"796\" data-end=\"1316\">Multipurpose Best Shopify Furniture and Home Decor sirve para crear tiendas online especializadas en la venta de mobiliario, decoraci\u00f3n, iluminaci\u00f3n, textiles para el hogar, accesorios decorativos y art\u00edculos para ambientes interiores o exteriores. Est\u00e1 pensada para facilitar la navegaci\u00f3n del cliente, exhibir productos de forma visualmente atractiva y agilizar todo el proceso de compra. Gracias a su compatibilidad total con Shopify, permite gestionar f\u00e1cilmente inventario, pedidos, promociones y pasarelas de pago.<\/p><h3 data-start=\"1318\" data-end=\"1395\">Beneficios de utilizar Multipurpose Best Shopify Furniture and Home Decor<\/h3><ul data-start=\"1397\" data-end=\"1869\"><li data-start=\"1397\" data-end=\"1468\"><p data-start=\"1399\" data-end=\"1468\">Mejora inmediata de la apariencia profesional y est\u00e9tica de la tienda<\/p><\/li><li data-start=\"1469\" data-end=\"1568\"><p data-start=\"1471\" data-end=\"1568\">Incremento en la tasa de conversi\u00f3n gracias a su dise\u00f1o optimizado para la experiencia de usuario<\/p><\/li><li data-start=\"1569\" data-end=\"1639\"><p data-start=\"1571\" data-end=\"1639\">Adaptabilidad total a distintos nichos dentro del hogar y decoraci\u00f3n<\/p><\/li><li data-start=\"1640\" data-end=\"1713\"><p data-start=\"1642\" data-end=\"1713\">Velocidad de carga r\u00e1pida y navegaci\u00f3n fluida en todos los dispositivos<\/p><\/li><li data-start=\"1714\" data-end=\"1778\"><p data-start=\"1716\" data-end=\"1778\">Personalizaci\u00f3n f\u00e1cil sin necesidad de conocimientos de c\u00f3digo<\/p><\/li><li data-start=\"1779\" data-end=\"1869\"><p data-start=\"1781\" data-end=\"1869\">Integraci\u00f3n con funcionalidades clave como rese\u00f1as, venta cruzada, filtros y newsletters<\/p><\/li><\/ul><h3 data-start=\"1871\" data-end=\"1944\">Caracter\u00edsticas de Multipurpose Best Shopify Furniture and Home Decor<\/h3><ul data-start=\"1946\" data-end=\"2672\"><li data-start=\"1946\" data-end=\"2018\"><p data-start=\"1948\" data-end=\"2018\">Dise\u00f1o responsive y retina ready que se adapta a cualquier dispositivo<\/p><\/li><li data-start=\"2019\" data-end=\"2109\"><p data-start=\"2021\" data-end=\"2109\">Plantillas predise\u00f1adas para p\u00e1gina de inicio, categor\u00edas, productos, carrito y checkout<\/p><\/li><li data-start=\"2110\" data-end=\"2197\"><p data-start=\"2112\" data-end=\"2197\">Mega men\u00fa avanzado para navegaci\u00f3n organizada por tipo de producto, estilo o ambiente<\/p><\/li><li data-start=\"2198\" data-end=\"2265\"><p data-start=\"2200\" data-end=\"2265\">Sistema de filtrado por categor\u00eda, color, precio o disponibilidad<\/p><\/li><li data-start=\"2266\" data-end=\"2341\"><p data-start=\"2268\" data-end=\"2341\">Galer\u00edas de productos con zoom, etiquetas de oferta, sliders y carruseles<\/p><\/li><li data-start=\"2342\" data-end=\"2383\"><p data-start=\"2344\" data-end=\"2383\">Compatible con Shopify Online Store 2.0<\/p><\/li><li data-start=\"2384\" data-end=\"2460\"><p data-start=\"2386\" data-end=\"2460\">Integraci\u00f3n con apps de rese\u00f1as, popups, upsell, cross-sell y fidelizaci\u00f3n<\/p><\/li><li data-start=\"2461\" data-end=\"2536\"><p data-start=\"2463\" data-end=\"2536\">P\u00e1ginas de blog y lookbooks para contenidos editoriales o inspiracionales<\/p><\/li><li data-start=\"2537\" data-end=\"2629\"><p data-start=\"2539\" data-end=\"2629\">Configuraci\u00f3n de colores, tipograf\u00edas y estructura visual desde el panel de administraci\u00f3n<\/p><\/li><li data-start=\"2630\" data-end=\"2672\"><p data-start=\"2632\" data-end=\"2672\">Soporte para m\u00faltiples idiomas y monedas<\/p><\/li><\/ul><h3 data-start=\"2674\" data-end=\"2749\">\u00bfQui\u00e9n deber\u00eda usar Multipurpose Best Shopify Furniture and Home Decor?<\/h3><p data-start=\"2751\" data-end=\"3117\">Este theme es ideal para tiendas de muebles, estudios de interiorismo, marcas de decoraci\u00f3n, arquitectos, dise\u00f1adores de espacios, as\u00ed como para emprendedores que desean iniciar un ecommerce orientado al hogar. Tambi\u00e9n es perfecto para quienes buscan una soluci\u00f3n de dise\u00f1o lista para usar, sin sacrificar est\u00e9tica ni funcionalidades esenciales para vender en l\u00ednea.<\/p><h3 data-start=\"3119\" data-end=\"3190\">\u00bfPor qu\u00e9 elegir Multipurpose Best Shopify Furniture and Home Decor?<\/h3><p data-start=\"3192\" data-end=\"3672\">Multipurpose Best Shopify Furniture and Home Decor ha sido creado para quienes entienden que el dise\u00f1o y la experiencia visual son factores decisivos en la industria del mobiliario y la decoraci\u00f3n. Esta plantilla no solo resalta los productos con elegancia, sino que tambi\u00e9n ofrece una arquitectura t\u00e9cnica preparada para crecer y escalar. Su flexibilidad, dise\u00f1o visual y rendimiento lo convierten en una elecci\u00f3n estrat\u00e9gica para cualquier negocio del hogar que busque destacar.<\/p><h3 data-start=\"3674\" data-end=\"3688\">Conclusion<\/h3><p data-start=\"3690\" data-end=\"4214\" data-is-last-node=\"\" data-is-only-node=\"\">Multipurpose Best Shopify Furniture and Home Decor es la soluci\u00f3n perfecta para tiendas que desean proyectar una imagen profesional, moderna y enfocada en la experiencia del cliente. Su dise\u00f1o pensado para la conversi\u00f3n, su compatibilidad total con Shopify y sus amplias opciones de personalizaci\u00f3n lo convierten en un aliado imprescindible para negocios dedicados al mobiliario, decoraci\u00f3n y estilo de vida. Si buscas impactar visualmente y vender de forma efectiva, esta plantilla es la opci\u00f3n ideal para tu tienda online.<\/p>\t\t\t\t\t\t\t\t<\/div>\n\t\t\t\t<\/div>\n\t\t\t\t\t<\/div>\n\t\t\t\t<\/div>\n\t\t\t\t<\/div>","protected":false},"excerpt":{"rendered":"<p>Multipurpose Best Shopify Furniture and Home Decor Multipurpose Best Shopify Furniture and Home Decor es una plantilla premium dise\u00f1ada para<\/p>","protected":false},"featured_media":87343,"comment_status":"closed","ping_status":"closed","template":"","meta":{"_acf_changed":false},"product_brand":[],"product_cat":[606],"product_tag":[144],"class_list":{"0":"post-87362","1":"product","2":"type-product","3":"status-publish","4":"has-post-thumbnail","6":"product_cat-shopify-themes","7":"product_tag-temas-para-interiores-y-manualidades","8":"pa_autores-templatemonster","10":"first","11":"instock","12":"sale","13":"downloadable","14":"virtual","15":"sold-individually","16":"purchasable","17":"product-type-simple"},"acf":[],"_links":{"self":[{"href":"https:\/\/wpclub.pro\/en\/wp-json\/wp\/v2\/product\/87362","targetHints":{"allow":["GET"]}}],"collection":[{"href":"https:\/\/wpclub.pro\/en\/wp-json\/wp\/v2\/product"}],"about":[{"href":"https:\/\/wpclub.pro\/en\/wp-json\/wp\/v2\/types\/product"}],"replies":[{"embeddable":true,"href":"https:\/\/wpclub.pro\/en\/wp-json\/wp\/v2\/comments?post=87362"}],"version-history":[{"count":0,"href":"https:\/\/wpclub.pro\/en\/wp-json\/wp\/v2\/product\/87362\/revisions"}],"wp:featuredmedia":[{"embeddable":true,"href":"https:\/\/wpclub.pro\/en\/wp-json\/wp\/v2\/media\/87343"}],"wp:attachment":[{"href":"https:\/\/wpclub.pro\/en\/wp-json\/wp\/v2\/media?parent=87362"}],"wp:term":[{"taxonomy":"product_brand","embeddable":true,"href":"https:\/\/wpclub.pro\/en\/wp-json\/wp\/v2\/product_brand?post=87362"},{"taxonomy":"product_cat","embeddable":true,"href":"https:\/\/wpclub.pro\/en\/wp-json\/wp\/v2\/product_cat?post=87362"},{"taxonomy":"product_tag","embeddable":true,"href":"https:\/\/wpclub.pro\/en\/wp-json\/wp\/v2\/product_tag?post=87362"}],"curies":[{"name":"wp","href":"https:\/\/api.w.org\/{rel}","templated":true}]}}