{"id":87386,"date":"2025-07-15T16:23:09","date_gmt":"2025-07-15T20:23:09","guid":{"rendered":"https:\/\/wpclub.pro\/?post_type=product&#038;p=87386"},"modified":"2025-08-21T13:59:43","modified_gmt":"2025-08-21T17:59:43","slug":"nurjahan-architecture-and-interior-joomla","status":"publish","type":"product","link":"https:\/\/wpclub.pro\/en\/item\/nurjahan-architecture-and-interior-joomla\/","title":{"rendered":"Nurjahan Architecture and Interior Joomla Template 3.0.2"},"content":{"rendered":"<div data-elementor-type=\"wp-post\" data-elementor-id=\"87386\" class=\"elementor elementor-87386\">\n\t\t\t\t<div class=\"wd-negative-gap elementor-element elementor-element-31f37c0e e-flex e-con-boxed e-con e-parent\" data-id=\"31f37c0e\" data-element_type=\"container\" data-e-type=\"container\">\n\t\t\t\t\t<div class=\"e-con-inner\">\n\t\t\t\t<div class=\"elementor-element elementor-element-f4f563e color-scheme-inherit text-left elementor-widget elementor-widget-text-editor\" data-id=\"f4f563e\" data-element_type=\"widget\" data-e-type=\"widget\" data-widget_type=\"text-editor.default\">\n\t\t\t\t<div class=\"elementor-widget-container\">\n\t\t\t\t\t\t\t\t\t<h2 data-start=\"188\" data-end=\"251\">Nurjahan Architecture and Interior Joomla Template<\/h2><p data-start=\"253\" data-end=\"688\">Nurjahan Architecture and Interior Joomla Template es una plantilla premium dise\u00f1ada espec\u00edficamente para sitios web de arquitectura, dise\u00f1o de interiores, estudios creativos, firmas de construcci\u00f3n y empresas de remodelaci\u00f3n. Basada en Joomla, esta plantilla ofrece un dise\u00f1o moderno, elegante y funcional que permite a los profesionales del dise\u00f1o exhibir sus proyectos, servicios y portafolios con una est\u00e9tica pulida y profesional.<\/p><h3 data-start=\"690\" data-end=\"761\">\u00bfPara qu\u00e9 sirve Nurjahan Architecture and Interior Joomla Template?<\/h3><p data-start=\"763\" data-end=\"1163\">Nurjahan Architecture and Interior Joomla Template sirve para crear una presencia online impactante para arquitectos, dise\u00f1adores de interiores y empresas relacionadas con el sector construcci\u00f3n. Permite mostrar proyectos en detalle, ofrecer servicios de forma clara, gestionar un portafolio visual atractivo y generar confianza en los visitantes mediante un dise\u00f1o que refleja calidad y creatividad.<\/p><h3 data-start=\"1165\" data-end=\"1242\">Beneficios de utilizar Nurjahan Architecture and Interior Joomla Template<\/h3><ul data-start=\"1244\" data-end=\"1635\"><li data-start=\"1244\" data-end=\"1296\"><p data-start=\"1246\" data-end=\"1296\">Proyecci\u00f3n de una imagen profesional y sofisticada<\/p><\/li><li data-start=\"1297\" data-end=\"1379\"><p data-start=\"1299\" data-end=\"1379\">Aumento de la confianza del cliente gracias al dise\u00f1o enfocado en calidad visual<\/p><\/li><li data-start=\"1380\" data-end=\"1442\"><p data-start=\"1382\" data-end=\"1442\">Estructura adaptable a estudios peque\u00f1os, medianos o grandes<\/p><\/li><li data-start=\"1443\" data-end=\"1505\"><p data-start=\"1445\" data-end=\"1505\">Totalmente responsive, ideal para m\u00f3viles y pantallas retina<\/p><\/li><li data-start=\"1506\" data-end=\"1548\"><p data-start=\"1508\" data-end=\"1548\">Optimizada para SEO y velocidad de carga<\/p><\/li><li data-start=\"1549\" data-end=\"1635\"><p data-start=\"1551\" data-end=\"1635\">Panel de personalizaci\u00f3n intuitivo para adaptar contenido sin conocimientos t\u00e9cnicos<\/p><\/li><\/ul><h3 data-start=\"1637\" data-end=\"1710\">Caracter\u00edsticas de Nurjahan Architecture and Interior Joomla Template<\/h3><ul data-start=\"1712\" data-end=\"2383\"><li data-start=\"1712\" data-end=\"1766\"><p data-start=\"1714\" data-end=\"1766\">Dise\u00f1o responsive con enfoque minimalista y elegante<\/p><\/li><li data-start=\"1767\" data-end=\"1839\"><p data-start=\"1769\" data-end=\"1839\">Secciones predise\u00f1adas para proyectos, servicios, testimonios y equipo<\/p><\/li><li data-start=\"1840\" data-end=\"1896\"><p data-start=\"1842\" data-end=\"1896\">Galer\u00eda de portafolio con filtros y animaciones suaves<\/p><\/li><li data-start=\"1897\" data-end=\"1965\"><p data-start=\"1899\" data-end=\"1965\">Tipograf\u00edas modernas y bien equilibradas para facilitar la lectura<\/p><\/li><li data-start=\"1966\" data-end=\"2018\"><p data-start=\"1968\" data-end=\"2018\">Compatibilidad con las \u00faltimas versiones de Joomla<\/p><\/li><li data-start=\"2019\" data-end=\"2086\"><p data-start=\"2021\" data-end=\"2086\">Men\u00fa avanzado, navegaci\u00f3n fluida y llamadas a la acci\u00f3n efectivas<\/p><\/li><li data-start=\"2087\" data-end=\"2165\"><p data-start=\"2089\" data-end=\"2165\">P\u00e1gina de inicio con slider hero, bloques informativos y vitrinas destacadas<\/p><\/li><li data-start=\"2166\" data-end=\"2230\"><p data-start=\"2168\" data-end=\"2230\">Formulario de contacto funcional y mapa de ubicaci\u00f3n integrado<\/p><\/li><li data-start=\"2231\" data-end=\"2308\"><p data-start=\"2233\" data-end=\"2308\">Soporte para m\u00faltiples idiomas y estructura lista para internacionalizaci\u00f3n<\/p><\/li><li data-start=\"2309\" data-end=\"2383\"><p data-start=\"2311\" data-end=\"2383\">C\u00f3digo limpio, bien comentado y preparado para futuras personalizaciones<\/p><\/li><\/ul><h3 data-start=\"2385\" data-end=\"2460\">\u00bfQui\u00e9n deber\u00eda usar Nurjahan Architecture and Interior Joomla Template?<\/h3><p data-start=\"2462\" data-end=\"2808\">Nurjahan Architecture and Interior Joomla Template es ideal para arquitectos independientes, firmas de arquitectura, dise\u00f1adores de interiores, empresas de renovaci\u00f3n de espacios, estudios de dise\u00f1o, agencias creativas y profesionales del sector inmobiliario que deseen presentar su trabajo de forma profesional, moderna y visualmente impactante.<\/p><h3 data-start=\"2810\" data-end=\"2881\">\u00bfPor qu\u00e9 elegir Nurjahan Architecture and Interior Joomla Template?<\/h3><p data-start=\"2883\" data-end=\"3301\">Elegir Nurjahan Architecture and Interior Joomla Template es optar por una soluci\u00f3n dise\u00f1ada desde cero para comunicar excelencia visual y t\u00e9cnica. Su est\u00e9tica contempor\u00e1nea y su estructura l\u00f3gica permiten que cada elemento del sitio web trabaje a favor de la experiencia del usuario y la conversi\u00f3n de visitantes en clientes. Adem\u00e1s, su compatibilidad con Joomla asegura estabilidad, facilidad de uso y escalabilidad.<\/p><h3 data-start=\"3303\" data-end=\"3317\">Conclusion<\/h3><p data-start=\"3319\" data-end=\"3724\" data-is-last-node=\"\" data-is-only-node=\"\">Nurjahan Architecture and Interior Joomla Template es la elecci\u00f3n perfecta para profesionales y empresas del mundo del dise\u00f1o arquitect\u00f3nico e interiorismo que desean una web elegante, funcional y completamente alineada con las tendencias visuales actuales. Si buscas destacar en un sector competitivo con una presencia online impecable, esta plantilla te ofrece las herramientas necesarias para lograrlo.<\/p>\t\t\t\t\t\t\t\t<\/div>\n\t\t\t\t<\/div>\n\t\t\t\t\t<\/div>\n\t\t\t\t<\/div>\n\t\t\t\t<\/div>","protected":false},"excerpt":{"rendered":"<p>Nurjahan Architecture and Interior Joomla Template Nurjahan Architecture and Interior Joomla Template es una plantilla premium dise\u00f1ada espec\u00edficamente para sitios<\/p>","protected":false},"featured_media":87339,"comment_status":"closed","ping_status":"closed","template":"","meta":{"_acf_changed":false},"product_brand":[],"product_cat":[604],"product_tag":[553],"class_list":{"0":"post-87386","1":"product","2":"type-product","3":"status-publish","4":"has-post-thumbnail","6":"product_cat-joomla-themes","7":"product_tag-temas-para-construccion-y-bienes-raices","8":"pa_autores-templatemonster","10":"first","11":"instock","12":"sale","13":"downloadable","14":"virtual","15":"sold-individually","16":"purchasable","17":"product-type-simple"},"acf":[],"_links":{"self":[{"href":"https:\/\/wpclub.pro\/en\/wp-json\/wp\/v2\/product\/87386","targetHints":{"allow":["GET"]}}],"collection":[{"href":"https:\/\/wpclub.pro\/en\/wp-json\/wp\/v2\/product"}],"about":[{"href":"https:\/\/wpclub.pro\/en\/wp-json\/wp\/v2\/types\/product"}],"replies":[{"embeddable":true,"href":"https:\/\/wpclub.pro\/en\/wp-json\/wp\/v2\/comments?post=87386"}],"version-history":[{"count":0,"href":"https:\/\/wpclub.pro\/en\/wp-json\/wp\/v2\/product\/87386\/revisions"}],"wp:featuredmedia":[{"embeddable":true,"href":"https:\/\/wpclub.pro\/en\/wp-json\/wp\/v2\/media\/87339"}],"wp:attachment":[{"href":"https:\/\/wpclub.pro\/en\/wp-json\/wp\/v2\/media?parent=87386"}],"wp:term":[{"taxonomy":"product_brand","embeddable":true,"href":"https:\/\/wpclub.pro\/en\/wp-json\/wp\/v2\/product_brand?post=87386"},{"taxonomy":"product_cat","embeddable":true,"href":"https:\/\/wpclub.pro\/en\/wp-json\/wp\/v2\/product_cat?post=87386"},{"taxonomy":"product_tag","embeddable":true,"href":"https:\/\/wpclub.pro\/en\/wp-json\/wp\/v2\/product_tag?post=87386"}],"curies":[{"name":"wp","href":"https:\/\/api.w.org\/{rel}","templated":true}]}}