{"id":87829,"date":"2025-08-06T15:23:10","date_gmt":"2025-08-06T19:23:10","guid":{"rendered":"https:\/\/wpclub.pro\/?post_type=product&#038;p=87829"},"modified":"2025-08-25T14:28:22","modified_gmt":"2025-08-25T18:28:22","slug":"funnelkit-automations-pro","status":"publish","type":"product","link":"https:\/\/wpclub.pro\/en\/item\/funnelkit-automations-pro\/","title":{"rendered":"FunnelKit Automations Pro 3.6.5"},"content":{"rendered":"<div data-elementor-type=\"product-post\" data-elementor-id=\"87829\" class=\"elementor elementor-87829\" data-elementor-post-type=\"product\">\n\t\t\t\t<div class=\"wd-negative-gap elementor-element elementor-element-64a25c6f e-flex e-con-boxed e-con e-parent\" data-id=\"64a25c6f\" data-element_type=\"container\" data-e-type=\"container\">\n\t\t\t\t\t<div class=\"e-con-inner\">\n\t\t\t\t<div class=\"elementor-element elementor-element-641669ed color-scheme-inherit text-left elementor-widget elementor-widget-text-editor\" data-id=\"641669ed\" data-element_type=\"widget\" data-e-type=\"widget\" data-widget_type=\"text-editor.default\">\n\t\t\t\t<div class=\"elementor-widget-container\">\n\t\t\t\t\t\t\t\t\t<h2 data-start=\"133\" data-end=\"171\">FunnelKit Automations Pro<\/h2><p data-start=\"173\" data-end=\"551\">FunnelKit Automations Pro es un potente plugin de automatizaci\u00f3n de marketing para WordPress y WooCommerce que permite crear flujos de trabajo inteligentes basados en el comportamiento del usuario. Esta herramienta lleva la automatizaci\u00f3n al siguiente nivel al integrar correos electr\u00f3nicos, SMS, condiciones, acciones y datos din\u00e1micos en una plataforma visual y f\u00e1cil de usar.<\/p><h3 data-start=\"553\" data-end=\"599\">\u00bfPara qu\u00e9 sirve FunnelKit Automations Pro?<\/h3><p data-start=\"601\" data-end=\"957\">Automations Pro sirve para dise\u00f1ar campa\u00f1as automatizadas que se activan seg\u00fan las acciones de tus visitantes o clientes, como compras, carritos abandonados, registros, o interacciones en formularios. Es ideal para aumentar conversiones, fidelizar clientes, recuperar ventas perdidas y optimizar todo el embudo de ventas en tu tienda WooCommerce.<\/p><h3 data-start=\"959\" data-end=\"1011\">Beneficios de utilizar FunnelKit Automations Pro<\/h3><ul data-start=\"1013\" data-end=\"1501\"><li data-start=\"1013\" data-end=\"1098\"><p data-start=\"1015\" data-end=\"1098\">Automatiza campa\u00f1as de marketing personalizadas y potentes sin necesidad de c\u00f3digo.<\/p><\/li><li data-start=\"1099\" data-end=\"1177\"><p data-start=\"1101\" data-end=\"1177\">Aumenta los ingresos con secuencias de recuperaci\u00f3n de carritos abandonados.<\/p><\/li><li data-start=\"1178\" data-end=\"1254\"><p data-start=\"1180\" data-end=\"1254\">Mejora la retenci\u00f3n de clientes con correos post-compra y recomendaciones.<\/p><\/li><li data-start=\"1255\" data-end=\"1337\"><p data-start=\"1257\" data-end=\"1337\">Ahorra tiempo con flujos de trabajo reutilizables y segmentaciones inteligentes.<\/p><\/li><li data-start=\"1338\" data-end=\"1425\"><p data-start=\"1340\" data-end=\"1425\">Mejora la tasa de apertura y clic con mensajes din\u00e1micos adaptados al comportamiento.<\/p><\/li><li data-start=\"1426\" data-end=\"1501\"><p data-start=\"1428\" data-end=\"1501\">Integraci\u00f3n nativa con WooCommerce, Elementor, LearnDash, WPForms, y m\u00e1s.<\/p><\/li><\/ul><h3 data-start=\"1503\" data-end=\"1551\">Caracter\u00edsticas de FunnelKit Automations Pro<\/h3><ul data-start=\"1553\" data-end=\"2173\"><li data-start=\"1553\" data-end=\"1613\"><p data-start=\"1555\" data-end=\"1613\">Constructor visual de automatizaciones tipo drag-and-drop.<\/p><\/li><li data-start=\"1614\" data-end=\"1708\"><p data-start=\"1616\" data-end=\"1708\">Acciones personalizadas como enviar correos, SMS, webhooks, asignaci\u00f3n de etiquetas o roles.<\/p><\/li><li data-start=\"1709\" data-end=\"1812\"><p data-start=\"1711\" data-end=\"1812\">Condiciones avanzadas y segmentaciones basadas en comportamiento, productos, categor\u00edas, fechas, etc.<\/p><\/li><li data-start=\"1813\" data-end=\"1914\"><p data-start=\"1815\" data-end=\"1914\">Plantillas listas para campa\u00f1as comunes como carritos abandonados, bienvenida, cumplea\u00f1os y upsell.<\/p><\/li><li data-start=\"1915\" data-end=\"1995\"><p data-start=\"1917\" data-end=\"1995\">Compatible con correos transaccionales y de marketing desde tu propio dominio.<\/p><\/li><li data-start=\"1996\" data-end=\"2066\"><p data-start=\"1998\" data-end=\"2066\">M\u00f3dulo de anal\u00edtica detallada: aperturas, clics, conversiones y m\u00e1s.<\/p><\/li><li data-start=\"2067\" data-end=\"2127\"><p data-start=\"2069\" data-end=\"2127\">Soporte multisitio y compatibilidad con plugins populares.<\/p><\/li><li data-start=\"2128\" data-end=\"2173\"><p data-start=\"2130\" data-end=\"2173\">Webhooks para integraciones externas y CRM.<\/p><\/li><\/ul><h3 data-start=\"2175\" data-end=\"2225\">\u00bfQui\u00e9n deber\u00eda usar FunnelKit Automations Pro?<\/h3><p data-start=\"2227\" data-end=\"2506\">Automations Pro es perfecto para tiendas WooCommerce, marketers digitales, creadores de contenido, coaches, educadores online y cualquier empresa que necesite automatizar procesos de marketing, seguimiento y retenci\u00f3n sin depender de plataformas externas de alto costo.<\/p><h3 data-start=\"2508\" data-end=\"2554\">\u00bfPor qu\u00e9 elegir FunnelKit Automations Pro?<\/h3><p data-start=\"2556\" data-end=\"2932\">Porque Automations Pro te da control total sobre tus automatizaciones directamente en WordPress, sin depender de servicios externos como Mailchimp, ActiveCampaign o Zapier. Su integraci\u00f3n profunda con WooCommerce y su interfaz visual te permiten lanzar campa\u00f1as complejas en minutos, mejorando la experiencia del cliente y aumentando tus ingresos con menos esfuerzo.<\/p><h3 data-start=\"2934\" data-end=\"2948\">Conclusion<\/h3><p data-start=\"2950\" data-end=\"3314\" data-is-last-node=\"\" data-is-only-node=\"\">FunnelKit Automations Pro es la soluci\u00f3n definitiva para automatizar y escalar tu estrategia de marketing en WordPress y WooCommerce. Potente, flexible y f\u00e1cil de usar, te ayuda a construir relaciones duraderas con tus clientes y maximizar cada oportunidad de venta. Si buscas eficiencia, personalizaci\u00f3n y resultados, FunnelKit Automations Pro es tu mejor aliado.<\/p>\t\t\t\t\t\t\t\t<\/div>\n\t\t\t\t<\/div>\n\t\t\t\t\t<\/div>\n\t\t\t\t<\/div>\n\t\t\t\t<\/div>","protected":false},"excerpt":{"rendered":"<p>FunnelKit Automations Pro FunnelKit Automations Pro es un potente plugin de automatizaci\u00f3n de marketing para WordPress y WooCommerce que permite<\/p>","protected":false},"featured_media":87833,"comment_status":"closed","ping_status":"closed","template":"","meta":{"_acf_changed":false},"product_brand":[],"product_cat":[67],"product_tag":[418],"class_list":{"0":"post-87829","1":"product","2":"type-product","3":"status-publish","4":"has-post-thumbnail","6":"product_cat-wordpress-plugins","7":"product_tag-plugins-para-marketing-digital","8":"pa_autores-funnelkit","10":"first","11":"instock","12":"sale","13":"downloadable","14":"virtual","15":"sold-individually","16":"purchasable","17":"product-type-simple"},"acf":[],"_links":{"self":[{"href":"https:\/\/wpclub.pro\/en\/wp-json\/wp\/v2\/product\/87829","targetHints":{"allow":["GET"]}}],"collection":[{"href":"https:\/\/wpclub.pro\/en\/wp-json\/wp\/v2\/product"}],"about":[{"href":"https:\/\/wpclub.pro\/en\/wp-json\/wp\/v2\/types\/product"}],"replies":[{"embeddable":true,"href":"https:\/\/wpclub.pro\/en\/wp-json\/wp\/v2\/comments?post=87829"}],"version-history":[{"count":0,"href":"https:\/\/wpclub.pro\/en\/wp-json\/wp\/v2\/product\/87829\/revisions"}],"wp:featuredmedia":[{"embeddable":true,"href":"https:\/\/wpclub.pro\/en\/wp-json\/wp\/v2\/media\/87833"}],"wp:attachment":[{"href":"https:\/\/wpclub.pro\/en\/wp-json\/wp\/v2\/media?parent=87829"}],"wp:term":[{"taxonomy":"product_brand","embeddable":true,"href":"https:\/\/wpclub.pro\/en\/wp-json\/wp\/v2\/product_brand?post=87829"},{"taxonomy":"product_cat","embeddable":true,"href":"https:\/\/wpclub.pro\/en\/wp-json\/wp\/v2\/product_cat?post=87829"},{"taxonomy":"product_tag","embeddable":true,"href":"https:\/\/wpclub.pro\/en\/wp-json\/wp\/v2\/product_tag?post=87829"}],"curies":[{"name":"wp","href":"https:\/\/api.w.org\/{rel}","templated":true}]}}