{"id":90064,"date":"2025-08-11T16:45:59","date_gmt":"2025-08-11T20:45:59","guid":{"rendered":"https:\/\/wpclub.pro\/?post_type=product&#038;p=90064"},"modified":"2025-08-23T16:55:54","modified_gmt":"2025-08-23T20:55:54","slug":"yootheme-nioh-studio-wordpress-theme","status":"publish","type":"product","link":"https:\/\/wpclub.pro\/en\/item\/yootheme-nioh-studio-wordpress-theme\/","title":{"rendered":"YOOTheme Nioh Studio WordPress Theme 4.5.24"},"content":{"rendered":"<div data-elementor-type=\"product-post\" data-elementor-id=\"90064\" class=\"elementor elementor-90064\" data-elementor-post-type=\"product\">\n\t\t\t\t<div class=\"wd-negative-gap elementor-element elementor-element-66dae4ff e-flex e-con-boxed e-con e-parent\" data-id=\"66dae4ff\" data-element_type=\"container\" data-e-type=\"container\">\n\t\t\t\t\t<div class=\"e-con-inner\">\n\t\t\t\t<div class=\"elementor-element elementor-element-4716bdc8 color-scheme-inherit text-left elementor-widget elementor-widget-text-editor\" data-id=\"4716bdc8\" data-element_type=\"widget\" data-e-type=\"widget\" data-widget_type=\"text-editor.default\">\n\t\t\t\t<div class=\"elementor-widget-container\">\n\t\t\t\t\t\t\t\t\t<h2>YOOTheme Nioh Studio WordPress Theme<\/h2>\n<p>YOOtheme Nioh es un tema WordPress moderno y vers\u00e1til,&nbsp;<span style=\"font-size: 16px; background-color: rgb(247, 247, 247); text-align: left; white-space-collapse: preserve;\">es perfecto para gimnasios y sitios web m\u00e9dicos o de atenci\u00f3n m\u00e9dica, donde puedes presentar tus servicios, listas de precios y horarios, adem\u00e1s del propio estudio<\/span><span style=\"font-size: 16px;\">. Con YOOtheme Nioh, puedes crear un sitio web que no solo sea visualmente impresionante, sino tambi\u00e9n altamente eficiente y adaptable a tus necesidades espec\u00edficas.<\/span><\/p>\n<h3>\u00bfQu\u00e9 es YOOtheme Nioh?<\/h3>\n<p>YOOtheme Nioh es un tema premium para WordPress que ofrece un dise\u00f1o contempor\u00e1neo y din\u00e1mico, combinado con una funcionalidad robusta y flexible. Desarrollado por el equipo de YOOtheme, este tema est\u00e1 dise\u00f1ado para satisfacer las demandas de estudios creativos y agencias que buscan un tema que sea a la vez atractivo y funcional, facilitando la creaci\u00f3n de sitios web que dejan una impresi\u00f3n duradera.<\/p>\n<h3>Beneficios de YOOtheme Nioh<\/h3>\n<ol>\n<li>\n<p><strong>Dise\u00f1o Responsive<\/strong>: Asegura que tu sitio web se vea perfecto en todos los dispositivos, desde desktops hasta m\u00f3viles, ofreciendo una experiencia de usuario \u00f3ptima en cualquier pantalla.<\/p>\n<\/li>\n<li>\n<p><strong>Personalizaci\u00f3n Extensa<\/strong>: Ofrece una amplia gama de opciones de personalizaci\u00f3n, permiti\u00e9ndote adaptar cada aspecto del tema a tus necesidades espec\u00edficas sin necesidad de conocimientos avanzados de codificaci\u00f3n.<\/p>\n<\/li>\n<li>\n<p><strong>Compatibilidad con Plugins<\/strong>: Se integra perfectamente con una amplia variedad de plugins populares, facilitando la adici\u00f3n de funcionalidades adicionales a tu sitio web.<\/p>\n<\/li>\n<li>\n<p><strong>Velocidad y Rendimiento<\/strong>: Optimizado para ofrecer tiempos de carga r\u00e1pidos y un rendimiento excelente, mejorando la experiencia del usuario y los rankings de SEO.<\/p>\n<\/li>\n<li>\n<p><strong>Soporte y Actualizaciones<\/strong>: Recibe soporte continuo y actualizaciones regulares, asegurando que tu sitio web siempre est\u00e9 al d\u00eda con las \u00faltimas tendencias y tecnolog\u00edas.<\/p>\n<\/li>\n<\/ol>\n<h3>Caracter\u00edsticas Destacadas<\/h3>\n<ul>\n<li>\n<p><strong>Constructor de P\u00e1ginas Integrado<\/strong>: Utiliza el constructor de p\u00e1ginas integrado para crear dise\u00f1os \u00fanicos y personalizados sin necesidad de codificaci\u00f3n.<\/p>\n<\/li>\n<li>\n<p><strong>Opciones de Tipograf\u00eda Extensas<\/strong>: Elige entre una amplia variedad de fuentes tipogr\u00e1ficas para ajustar el estilo de tu sitio web a tus preferencias.<\/p>\n<\/li>\n<li>\n<p><strong>Colores y Paletas Personalizables<\/strong>: Personaliza los colores y paletas de tu sitio web con facilidad, asegurando que refleje tu marca de manera coherente.<\/p>\n<\/li>\n<li>\n<p><strong>Compatibilidad Multiling\u00fce<\/strong>: Dise\u00f1ado para ser compatible con plugins multiling\u00fces, facilitando la creaci\u00f3n de sitios web en m\u00faltiples idiomas.<\/p>\n<\/li>\n<li>\n<p><strong>SEO Optimization<\/strong>: Incluye caracter\u00edsticas optimizadas para SEO, ayud\u00e1ndote a mejorar tu visibilidad en los motores de b\u00fasqueda.<\/p>\n<\/li>\n<li>\n<p><strong>Dise\u00f1o Innovador y Din\u00e1mico<\/strong>: Nioh presenta un dise\u00f1o innovador y din\u00e1mico que se adapta perfectamente a estudios creativos y agencias, proporcionando una apariencia moderna y vibrante.<\/p>\n<\/li>\n<li>\n<p><strong>Facilidad de Uso<\/strong>: Su interfaz intuitiva y su dise\u00f1o minimalista hacen que Nioh sea f\u00e1cil de usar, incluso para aquellos que no tienen experiencia previa en la gesti\u00f3n de sitios web.<\/p>\n<\/li>\n<li>\n<p><strong>Portafolio de Proyectos<\/strong>: Incluye opciones avanzadas para mostrar tu portafolio de proyectos, con filtros y layouts personalizables para destacar tu trabajo de la mejor manera posible.<\/p>\n<\/li>\n<\/ul>\n<h3>Conclusion<\/h3>\n<p>YOOtheme Nioh es m\u00e1s que un simple tema; es una plataforma completa que te permite crear sitios web que son tan visualmente impresionantes como funcionales. Con sus numerosas caracter\u00edsticas y beneficios, YOOtheme Nioh se posiciona como una soluci\u00f3n ideal para estudios creativos y agencias que buscan un tema que les permita destacar en el mundo digital. Integra YOOtheme Nioh hoy y descubre c\u00f3mo puedes llevar tu sitio web al siguiente nivel.<\/p>\t\t\t\t\t\t\t\t<\/div>\n\t\t\t\t<\/div>\n\t\t\t\t\t<\/div>\n\t\t\t\t<\/div>\n\t\t\t\t<\/div>","protected":false},"excerpt":{"rendered":"<p>YOOTheme Nioh Studio WordPress Theme YOOtheme Nioh es un tema WordPress moderno y vers\u00e1til,\u00a0es perfecto para gimnasios y sitios web<\/p>","protected":false},"featured_media":90068,"comment_status":"closed","ping_status":"closed","template":"","meta":{"_acf_changed":false},"product_brand":[],"product_cat":[15],"product_tag":[475],"class_list":{"0":"post-90064","1":"product","2":"type-product","3":"status-publish","4":"has-post-thumbnail","6":"product_cat-wordpress-themes","7":"product_tag-temas-para-deportes-y-gimnasios","8":"pa_autores-yootheme","10":"first","11":"instock","12":"sale","13":"downloadable","14":"virtual","15":"sold-individually","16":"purchasable","17":"product-type-simple"},"acf":[],"_links":{"self":[{"href":"https:\/\/wpclub.pro\/en\/wp-json\/wp\/v2\/product\/90064","targetHints":{"allow":["GET"]}}],"collection":[{"href":"https:\/\/wpclub.pro\/en\/wp-json\/wp\/v2\/product"}],"about":[{"href":"https:\/\/wpclub.pro\/en\/wp-json\/wp\/v2\/types\/product"}],"replies":[{"embeddable":true,"href":"https:\/\/wpclub.pro\/en\/wp-json\/wp\/v2\/comments?post=90064"}],"version-history":[{"count":0,"href":"https:\/\/wpclub.pro\/en\/wp-json\/wp\/v2\/product\/90064\/revisions"}],"wp:featuredmedia":[{"embeddable":true,"href":"https:\/\/wpclub.pro\/en\/wp-json\/wp\/v2\/media\/90068"}],"wp:attachment":[{"href":"https:\/\/wpclub.pro\/en\/wp-json\/wp\/v2\/media?parent=90064"}],"wp:term":[{"taxonomy":"product_brand","embeddable":true,"href":"https:\/\/wpclub.pro\/en\/wp-json\/wp\/v2\/product_brand?post=90064"},{"taxonomy":"product_cat","embeddable":true,"href":"https:\/\/wpclub.pro\/en\/wp-json\/wp\/v2\/product_cat?post=90064"},{"taxonomy":"product_tag","embeddable":true,"href":"https:\/\/wpclub.pro\/en\/wp-json\/wp\/v2\/product_tag?post=90064"}],"curies":[{"name":"wp","href":"https:\/\/api.w.org\/{rel}","templated":true}]}}