{"id":90314,"date":"2025-08-13T10:52:38","date_gmt":"2025-08-13T14:52:38","guid":{"rendered":"https:\/\/wpclub.pro\/?post_type=product&#038;p=90314"},"modified":"2025-08-23T16:48:58","modified_gmt":"2025-08-23T20:48:58","slug":"yootheme-jack-baker-wordpress-theme","status":"publish","type":"product","link":"https:\/\/wpclub.pro\/en\/item\/yootheme-jack-baker-wordpress-theme\/","title":{"rendered":"YOOTheme Jack Baker WordPress Theme 4.5.24"},"content":{"rendered":"<div data-elementor-type=\"product-post\" data-elementor-id=\"90314\" class=\"elementor elementor-90314\" data-elementor-post-type=\"product\">\n\t\t\t\t<div class=\"wd-negative-gap elementor-element elementor-element-66dae4ff e-flex e-con-boxed e-con e-parent\" data-id=\"66dae4ff\" data-element_type=\"container\" data-e-type=\"container\">\n\t\t\t\t\t<div class=\"e-con-inner\">\n\t\t\t\t<div class=\"elementor-element elementor-element-4716bdc8 color-scheme-inherit text-left elementor-widget elementor-widget-text-editor\" data-id=\"4716bdc8\" data-element_type=\"widget\" data-e-type=\"widget\" data-widget_type=\"text-editor.default\">\n\t\t\t\t<div class=\"elementor-widget-container\">\n\t\t\t\t\t\t\t\t\t<h2>YOOTheme Jack Baker WordPress Theme<\/h2><p class=\"chakra-text css-1ltj640\">YOOtheme Jack Baker es un tema WordPress elegante y vers\u00e1til, dise\u00f1ado espec\u00edficamente para fot\u00f3grafos, artistas visuales y profesionales creativos que buscan una plataforma para exhibir su trabajo de manera impactante y profesional. Con YOOtheme Jack Baker, puedes crear un sitio web que no solo resalte tus im\u00e1genes y proyectos, sino que tambi\u00e9n ofrezca una experiencia de usuario fluida y memorable para tus visitantes.<\/p><h3>\u00bfQu\u00e9 es YOOtheme Jack Baker?<\/h3><p class=\"chakra-text css-1ltj640\">YOOtheme Jack Baker es un tema premium para WordPress construido con el potente constructor de p\u00e1ginas YOOtheme Pro.<\/p><p class=\"chakra-text css-1ltj640\">Este tema est\u00e1 meticulosamente dise\u00f1ado para satisfacer las necesidades espec\u00edficas de profesionales visuales que requieren una presentaci\u00f3n impecable de su portafolio, permitiendo exhibir productos en galer\u00edas de im\u00e1genes, portafolios y estudios de caso de manera efectiva y est\u00e9ticamente agradable.<\/p><h3>Beneficios de YOOtheme Jack Baker<\/h3><ol><li><p class=\"chakra-text css-1ltj640\"><strong class=\"chakra-text css-0\">Dise\u00f1o Responsive y Optimizado para Im\u00e1genes<\/strong>: Asegura que tus fotograf\u00edas y proyectos creativos se muestren perfectamente en todos los dispositivos, desde desktops hasta m\u00f3viles, sin comprometer la calidad visual.<\/p><\/li><li><p class=\"chakra-text css-1ltj640\"><strong class=\"chakra-text css-0\">Implementaci\u00f3n R\u00e1pida<\/strong>: Con m\u00e1s de 14 plantillas listas para usar, puedes tener un sitio web profesional funcionando en cuesti\u00f3n de horas, no d\u00edas.<\/p><\/li><li><p class=\"chakra-text css-1ltj640\"><strong class=\"chakra-text css-0\">Personalizaci\u00f3n Sin Esfuerzo<\/strong>: Ofrece m\u00faltiples variaciones de estilo que puedes cambiar con un solo clic, permiti\u00e9ndote adaptar r\u00e1pidamente la apariencia de tu sitio a diferentes proyectos o clientes.<\/p><\/li><li><p class=\"chakra-text css-1ltj640\"><strong class=\"chakra-text css-0\">Integraci\u00f3n Perfecta con YOOtheme Pro<\/strong>: Aprovecha al m\u00e1ximo todas las capacidades del constructor de p\u00e1ginas sin conflictos comunes que suelen ocurrir con otros temas.<\/p><\/li><li><p class=\"chakra-text css-1ltj640\"><strong class=\"chakra-text css-0\">Enfoque en la Experiencia Visual<\/strong>: Dise\u00f1ado espec\u00edficamente para priorizar la presentaci\u00f3n de im\u00e1genes de alta calidad, con espaciado, tipograf\u00eda y elementos que no compiten con tu trabajo creativo.<\/p><\/li><\/ol><h3>Caracter\u00edsticas Destacadas<\/h3><ul><li><p class=\"chakra-text css-1ltj640\"><strong class=\"chakra-text css-0\">Galer\u00edas de Im\u00e1genes Profesionales<\/strong>: Crea exhibiciones visuales impresionantes con opciones avanzadas para mostrar tu trabajo en formatos que resaltan cada detalle de tus creaciones.<\/p><\/li><li><p class=\"chakra-text css-1ltj640\"><strong class=\"chakra-text css-0\">M\u00faltiples Variaciones de Estilo<\/strong>: Jack Baker incluye m\u00e1s de 6 variaciones de estilo completamente personalizables que puedes alternar con un solo clic, adaptando r\u00e1pidamente tu sitio a diferentes necesidades o proyectos.<\/p><\/li><li><p class=\"chakra-text css-1ltj640\"><strong class=\"chakra-text css-0\">Plantillas Especializadas para Portafolios<\/strong>: M\u00e1s de 14 dise\u00f1os preconstruidos espec\u00edficamente para diferentes tipos de portafolios creativos, desde fotograf\u00eda comercial hasta arte conceptual.<\/p><\/li><li><p class=\"chakra-text css-1ltj640\"><strong class=\"chakra-text css-0\">Constructor de P\u00e1ginas Integrado<\/strong>: Utiliza el poderoso constructor de p\u00e1ginas YOOtheme Pro para personalizar cada elemento de tu sitio sin necesidad de conocimientos avanzados de programaci\u00f3n.<\/p><\/li><li><p class=\"chakra-text css-1ltj640\"><strong class=\"chakra-text css-0\">Optimizaci\u00f3n para Velocidad<\/strong>: Dise\u00f1ado con un enfoque en el rendimiento, asegurando que tus im\u00e1genes de alta resoluci\u00f3n se carguen r\u00e1pidamente sin comprometer la experiencia del usuario.<\/p><\/li><li><p class=\"chakra-text css-1ltj640\"><strong class=\"chakra-text css-0\">Tipograf\u00eda Cuidadosamente Seleccionada<\/strong>: Fuentes que complementan tu trabajo visual sin competir con \u00e9l, con opciones para ajustar tama\u00f1os y espaciado para m\u00e1xima legibilidad.<\/p><\/li><li><p class=\"chakra-text css-1ltj640\"><strong class=\"chakra-text css-0\">Colores y Paletas Personalizables<\/strong>: Define esquemas de color que reflejen tu marca personal mientras mantienen un enfoque en tus im\u00e1genes.<\/p><\/li><li><p class=\"chakra-text css-1ltj640\"><strong class=\"chakra-text css-0\">Secciones para Estudios de Caso<\/strong>: Espacio dedicado para presentar proyectos completos con narrativas detalladas que explican tu proceso creativo y resultados.<\/p><\/li><li><p class=\"chakra-text css-1ltj640\"><strong class=\"chakra-text css-0\">Integraci\u00f3n con Redes Sociales<\/strong>: Muestra tu presencia en plataformas visuales como Instagram de manera elegante y profesional.<\/p><\/li><li><p class=\"chakra-text css-1ltj640\"><strong class=\"chakra-text css-0\">Blog para Contenido Complementario<\/strong>: \u00c1rea especializada para compartir tu proceso creativo, consejos profesionales y noticias, posicion\u00e1ndote como experto en tu campo.<\/p><\/li><li><p class=\"chakra-text css-1ltj640\"><strong class=\"chakra-text css-0\">Dise\u00f1o Minimalista con Enfoque en el Contenido<\/strong>: Un enfoque limpio que permite que tu trabajo sea el protagonista absoluto, sin distracciones innecesarias.<\/p><\/li><li><p class=\"chakra-text css-1ltj640\"><strong class=\"chakra-text css-0\">Support for High-Resolution Images<\/strong>: Optimizado para mostrar fotograf\u00edas y arte digital en la m\u00e1xima calidad posible, crucial para profesionales visuales.<\/p><\/li><\/ul><h3>Conclusion<\/h3><p class=\"chakra-text css-1ltj640\">YOOtheme Jack Baker es m\u00e1s que un simple tema; es una soluci\u00f3n completa dise\u00f1ada espec\u00edficamente para el \u00e9xito de fot\u00f3grafos y creativos visuales en la era digital. En un campo donde la presentaci\u00f3n visual es absolutamente cr\u00edtica, Jack Baker te proporciona las herramientas necesarias para exhibir tu trabajo de la manera m\u00e1s impactante posible, sin sacrificar la funcionalidad o la facilidad de uso.<\/p><p class=\"chakra-text css-1ltj640\">Con sus plantillas especializadas y enfoque en la exhibici\u00f3n de im\u00e1genes, YOOtheme Jack Baker se posiciona como la elecci\u00f3n ideal para profesionales visuales serios que buscan una presencia en l\u00ednea que haga justicia a su talento y dedicaci\u00f3n. Implementa YOOtheme Jack Baker hoy y descubre c\u00f3mo un tema dise\u00f1ado espec\u00edficamente para creativos visuales puede transformar tu capacidad para atraer clientes, exhibir tu trabajo y construir una carrera exitosa alrededor de tu pasi\u00f3n creativa.<\/p>\t\t\t\t\t\t\t\t<\/div>\n\t\t\t\t<\/div>\n\t\t\t\t\t<\/div>\n\t\t\t\t<\/div>\n\t\t\t\t<\/div>","protected":false},"excerpt":{"rendered":"<p>YOOTheme Jack Baker WordPress Theme YOOtheme Jack Baker es un tema WordPress elegante y vers\u00e1til, dise\u00f1ado espec\u00edficamente para fot\u00f3grafos, artistas<\/p>","protected":false},"featured_media":90326,"comment_status":"closed","ping_status":"closed","template":"","meta":{"_acf_changed":false},"product_brand":[],"product_cat":[15],"product_tag":[202],"class_list":{"0":"post-90314","1":"product","2":"type-product","3":"status-publish","4":"has-post-thumbnail","6":"product_cat-wordpress-themes","7":"product_tag-temas-para-fotografia-y-arte","8":"pa_autores-yootheme","10":"first","11":"instock","12":"sale","13":"downloadable","14":"virtual","15":"sold-individually","16":"purchasable","17":"product-type-simple"},"acf":[],"_links":{"self":[{"href":"https:\/\/wpclub.pro\/en\/wp-json\/wp\/v2\/product\/90314","targetHints":{"allow":["GET"]}}],"collection":[{"href":"https:\/\/wpclub.pro\/en\/wp-json\/wp\/v2\/product"}],"about":[{"href":"https:\/\/wpclub.pro\/en\/wp-json\/wp\/v2\/types\/product"}],"replies":[{"embeddable":true,"href":"https:\/\/wpclub.pro\/en\/wp-json\/wp\/v2\/comments?post=90314"}],"version-history":[{"count":0,"href":"https:\/\/wpclub.pro\/en\/wp-json\/wp\/v2\/product\/90314\/revisions"}],"wp:featuredmedia":[{"embeddable":true,"href":"https:\/\/wpclub.pro\/en\/wp-json\/wp\/v2\/media\/90326"}],"wp:attachment":[{"href":"https:\/\/wpclub.pro\/en\/wp-json\/wp\/v2\/media?parent=90314"}],"wp:term":[{"taxonomy":"product_brand","embeddable":true,"href":"https:\/\/wpclub.pro\/en\/wp-json\/wp\/v2\/product_brand?post=90314"},{"taxonomy":"product_cat","embeddable":true,"href":"https:\/\/wpclub.pro\/en\/wp-json\/wp\/v2\/product_cat?post=90314"},{"taxonomy":"product_tag","embeddable":true,"href":"https:\/\/wpclub.pro\/en\/wp-json\/wp\/v2\/product_tag?post=90314"}],"curies":[{"name":"wp","href":"https:\/\/api.w.org\/{rel}","templated":true}]}}