{"id":90336,"date":"2025-08-13T11:11:46","date_gmt":"2025-08-13T15:11:46","guid":{"rendered":"https:\/\/wpclub.pro\/?post_type=product&#038;p=90336"},"modified":"2025-08-21T12:15:44","modified_gmt":"2025-08-21T16:15:44","slug":"yootheme-gravity-tower-wordpress-theme","status":"publish","type":"product","link":"https:\/\/wpclub.pro\/en\/item\/yootheme-gravity-tower-wordpress-theme\/","title":{"rendered":"YOOTheme Gravity Tower WordPress Theme 4.5.24"},"content":{"rendered":"<div data-elementor-type=\"wp-post\" data-elementor-id=\"90336\" class=\"elementor elementor-90336\">\n\t\t\t\t<div class=\"wd-negative-gap elementor-element elementor-element-66dae4ff e-flex e-con-boxed e-con e-parent\" data-id=\"66dae4ff\" data-element_type=\"container\" data-e-type=\"container\">\n\t\t\t\t\t<div class=\"e-con-inner\">\n\t\t\t\t<div class=\"elementor-element elementor-element-4716bdc8 color-scheme-inherit text-left elementor-widget elementor-widget-text-editor\" data-id=\"4716bdc8\" data-element_type=\"widget\" data-e-type=\"widget\" data-widget_type=\"text-editor.default\">\n\t\t\t\t<div class=\"elementor-widget-container\">\n\t\t\t\t\t\t\t\t\t<h2>YOOTheme Gravity Tower WordPress Theme<\/h2><p class=\"chakra-text css-1ltj640\">YOOtheme Gravity Tower es un tema WordPress robusto y profesional, dise\u00f1ado espec\u00edficamente para empresas de construcci\u00f3n, firmas de arquitectura e ingenieros estructurales que buscan un sitio web que combine fuerza visual con funcionalidad t\u00e9cnica avanzada. Con YOOtheme Gravity Tower, puedes crear una presencia en l\u00ednea que no solo demuestre tu expertise en construcci\u00f3n y dise\u00f1o estructural, sino que tambi\u00e9n convierta visitantes en proyectos concretos mediante una presentaci\u00f3n impecable de tus capacidades y proyectos anteriores.<\/p><h3>\u00bfQu\u00e9 es YOOtheme Gravity Tower?<\/h3><p class=\"chakra-text css-1ltj640\">YOOtheme Gravity Tower es un tema premium para WordPress construido con el potente constructor de p\u00e1ginas YOOtheme Pro. Este tema est\u00e1 meticulosamente dise\u00f1ado para satisfacer las necesidades espec\u00edficas de empresas en el sector de la construcci\u00f3n y la ingenier\u00eda que requieren una presentaci\u00f3n profesional de sus proyectos, capacidades t\u00e9cnicas y experiencia en el campo, todo en un dise\u00f1o que refleja la solidez, precisi\u00f3n y ambici\u00f3n caracter\u00edstica de la industria de la construcci\u00f3n.<\/p><h3>Beneficios de YOOtheme Gravity Tower<\/h3><ol><li><p class=\"chakra-text css-1ltj640\"><strong class=\"chakra-text css-0\">Dise\u00f1o Responsive y Profesional<\/strong>: Asegura que tu sitio web se vea perfecto en todos los dispositivos, desde desktops hasta m\u00f3viles, ofreciendo una experiencia de usuario \u00f3ptima para clientes potenciales que buscan servicios de construcci\u00f3n y dise\u00f1o estructural.<\/p><\/li><li><p class=\"chakra-text css-1ltj640\"><strong class=\"chakra-text css-0\">Presentaci\u00f3n T\u00e9cnica Avanzada<\/strong>: Permite mostrar planos, especificaciones t\u00e9cnicas y detalles de construcci\u00f3n con claridad y profesionalismo, crucial para ganar la confianza de clientes exigentes.<\/p><\/li><li><p class=\"chakra-text css-1ltj640\"><strong class=\"chakra-text css-0\">Implementaci\u00f3n R\u00e1pida<\/strong>: Con plantillas preconstruidas optimizadas para el sector de la construcci\u00f3n, puedes tener un sitio web profesional funcionando en cuesti\u00f3n de horas, no d\u00edas.<\/p><\/li><li><p class=\"chakra-text css-1ltj640\"><strong class=\"chakra-text css-0\">Personalizaci\u00f3n Especializada<\/strong>: Ofrece opciones espec\u00edficas para destacar tus capacidades t\u00e9cnicas, maquinaria especializada y metodolog\u00edas de construcci\u00f3n sin necesidad de conocimientos avanzados de programaci\u00f3n.<\/p><\/li><li><p class=\"chakra-text css-1ltj640\"><strong class=\"chakra-text css-0\">Integraci\u00f3n con Herramientas de la Industria<\/strong>: Se integra perfectamente con plugins y sistemas utilizados com\u00fanmente en la industria de la construcci\u00f3n para gesti\u00f3n de proyectos y presentaci\u00f3n t\u00e9cnica.<\/p><\/li><\/ol><h3>Key Features<\/h3><ul><li><p class=\"chakra-text css-1ltj640\"><strong class=\"chakra-text css-0\">Galer\u00edas de Proyectos Arquitect\u00f3nicos<\/strong>: Dise\u00f1os especializados para mostrar tus proyectos de construcci\u00f3n con im\u00e1genes antes y despu\u00e9s, planos t\u00e9cnicos y descripciones detalladas de los desaf\u00edos superados.<\/p><\/li><li><p class=\"chakra-text css-1ltj640\"><strong class=\"chakra-text css-0\">Secciones para Especificaciones T\u00e9cnicas<\/strong>: Espacio dedicado para presentar capacidades t\u00e9cnicas, maquinaria especializada y metodolog\u00edas de construcci\u00f3n con precisi\u00f3n y claridad.<\/p><\/li><li><p class=\"chakra-text css-1ltj640\"><strong class=\"chakra-text css-0\">Dise\u00f1o que Refleja Solidez y Profesionalismo<\/strong>: Gravity Tower presenta un estilo que evoca fuerza, estabilidad y precisi\u00f3n, elementos esenciales para transmitir confianza en la industria de la construcci\u00f3n.<\/p><\/li><li><p class=\"chakra-text css-1ltj640\"><strong class=\"chakra-text css-0\">Integrated Page Builder<\/strong>: Utiliza el poderoso constructor de p\u00e1ginas YOOtheme Pro para personalizar cada elemento de tu sitio sin necesidad de conocimientos avanzados de programaci\u00f3n.<\/p><\/li><li><p class=\"chakra-text css-1ltj640\"><strong class=\"chakra-text css-0\">Opciones de Tipograf\u00eda Claras y Legibles<\/strong>: Fuentes dise\u00f1adas espec\u00edficamente para m\u00e1xima legibilidad, importante para comunicar informaci\u00f3n t\u00e9cnica con claridad.<\/p><\/li><li><p class=\"chakra-text css-1ltj640\"><strong class=\"chakra-text css-0\">Colores y Paletas que Reflejan la Industria<\/strong>: Define esquemas de color que evocan materiales de construcci\u00f3n, profesionalismo y solidez, con opciones para adaptarse a tu identidad corporativa.<\/p><\/li><li><p class=\"chakra-text css-1ltj640\"><strong class=\"chakra-text css-0\">Secciones para Certificaciones y Cumplimiento<\/strong>: Dise\u00f1os especializados para destacar tus certificaciones, cumplimiento de normativas y est\u00e1ndares de seguridad, elementos cruciales para ganar licitaciones y proyectos.<\/p><\/li><li><p class=\"chakra-text css-1ltj640\"><strong class=\"chakra-text css-0\">Integraci\u00f3n con Sistemas de Gesti\u00f3n de Proyectos<\/strong>: Compatibilidad con herramientas utilizadas en la industria para mostrar el progreso de proyectos en tiempo real a clientes interesados.<\/p><\/li><li><p class=\"chakra-text css-1ltj640\"><strong class=\"chakra-text css-0\">Blog para Contenido T\u00e9cnico<\/strong>: \u00c1rea especializada para publicar art\u00edculos sobre tendencias en construcci\u00f3n, innovaciones t\u00e9cnicas y estudios de caso, posicion\u00e1ndote como experto en tu campo.<\/p><\/li><li><p class=\"chakra-text css-1ltj640\"><strong class=\"chakra-text css-0\">Secciones de Testimonios de Clientes Importantes<\/strong>: Dise\u00f1os para mostrar testimonios de clientes corporativos y proyectos gubernamentales, construyendo credibilidad con nuevos clientes potenciales.<\/p><\/li><li><p class=\"chakra-text css-1ltj640\"><strong class=\"chakra-text css-0\">Presentaci\u00f3n de Equipo T\u00e9cnico<\/strong>: Muestra a tu equipo de ingenieros y arquitectos con perfiles profesionales que destacan sus credenciales y experiencia espec\u00edfica.<\/p><\/li><li><p class=\"chakra-text css-1ltj640\"><strong class=\"chakra-text css-0\">Optimizaci\u00f3n para B\u00fasquedas Locales<\/strong>: Caracter\u00edsticas espec\u00edficas para mejorar tu visibilidad en b\u00fasquedas relacionadas con servicios de construcci\u00f3n en tu \u00e1rea geogr\u00e1fica espec\u00edfica.<\/p><\/li><\/ul><h3>Conclusion<\/h3><p class=\"chakra-text css-1ltj640\">YOOtheme Gravity Tower es m\u00e1s que un simple tema; es una soluci\u00f3n completa dise\u00f1ada espec\u00edficamente para el \u00e9xito de empresas en el sector de la construcci\u00f3n, arquitectura e ingenier\u00eda en la era digital. En una industria donde la confianza, la experiencia demostrable y la presentaci\u00f3n profesional son absolutamente cr\u00edticas para ganar proyectos, Gravity Tower te proporciona las herramientas necesarias para exhibir tu trabajo con la seriedad y precisi\u00f3n que merece.<\/p><p class=\"chakra-text css-1ltj640\">Con sus plantillas especializadas y enfoque en la presentaci\u00f3n t\u00e9cnica, YOOtheme Gravity Tower se posiciona como la elecci\u00f3n ideal para profesionales de la construcci\u00f3n que buscan una presencia en l\u00ednea que refleje la solidez y calidad de sus estructuras f\u00edsicas. Implementa YOOtheme Gravity Tower hoy y descubre c\u00f3mo un tema dise\u00f1ado espec\u00edficamente para tu industria puede transformar tu capacidad para atraer clientes, exhibir tus proyectos m\u00e1s impresionantes y construir un negocio exitoso en el competitivo mundo de la construcci\u00f3n y la ingenier\u00eda.<\/p>\t\t\t\t\t\t\t\t<\/div>\n\t\t\t\t<\/div>\n\t\t\t\t\t<\/div>\n\t\t\t\t<\/div>\n\t\t\t\t<\/div>","protected":false},"excerpt":{"rendered":"<p>YOOTheme Gravity Tower WordPress Theme YOOtheme Gravity Tower es un tema WordPress robusto y profesional, dise\u00f1ado espec\u00edficamente para empresas de<\/p>","protected":false},"featured_media":90340,"comment_status":"closed","ping_status":"closed","template":"","meta":{"_acf_changed":false},"product_brand":[],"product_cat":[15],"product_tag":[553],"class_list":{"0":"post-90336","1":"product","2":"type-product","3":"status-publish","4":"has-post-thumbnail","6":"product_cat-wordpress-themes","7":"product_tag-temas-para-construccion-y-bienes-raices","8":"pa_autores-yootheme","10":"first","11":"instock","12":"sale","13":"downloadable","14":"virtual","15":"sold-individually","16":"purchasable","17":"product-type-simple"},"acf":[],"_links":{"self":[{"href":"https:\/\/wpclub.pro\/en\/wp-json\/wp\/v2\/product\/90336","targetHints":{"allow":["GET"]}}],"collection":[{"href":"https:\/\/wpclub.pro\/en\/wp-json\/wp\/v2\/product"}],"about":[{"href":"https:\/\/wpclub.pro\/en\/wp-json\/wp\/v2\/types\/product"}],"replies":[{"embeddable":true,"href":"https:\/\/wpclub.pro\/en\/wp-json\/wp\/v2\/comments?post=90336"}],"version-history":[{"count":0,"href":"https:\/\/wpclub.pro\/en\/wp-json\/wp\/v2\/product\/90336\/revisions"}],"wp:featuredmedia":[{"embeddable":true,"href":"https:\/\/wpclub.pro\/en\/wp-json\/wp\/v2\/media\/90340"}],"wp:attachment":[{"href":"https:\/\/wpclub.pro\/en\/wp-json\/wp\/v2\/media?parent=90336"}],"wp:term":[{"taxonomy":"product_brand","embeddable":true,"href":"https:\/\/wpclub.pro\/en\/wp-json\/wp\/v2\/product_brand?post=90336"},{"taxonomy":"product_cat","embeddable":true,"href":"https:\/\/wpclub.pro\/en\/wp-json\/wp\/v2\/product_cat?post=90336"},{"taxonomy":"product_tag","embeddable":true,"href":"https:\/\/wpclub.pro\/en\/wp-json\/wp\/v2\/product_tag?post=90336"}],"curies":[{"name":"wp","href":"https:\/\/api.w.org\/{rel}","templated":true}]}}