{"id":9793,"date":"2024-01-22T10:58:14","date_gmt":"2024-01-22T13:58:14","guid":{"rendered":"https:\/\/wpclub.pro\/producto\/smart-cleanup-tools\/"},"modified":"2024-10-03T12:49:04","modified_gmt":"2024-10-03T15:49:04","slug":"smart-cleanup-tools-plugin","status":"publish","type":"product","link":"https:\/\/wpclub.pro\/en\/item\/smart-cleanup-tools-plugin\/","title":{"rendered":"Smart Cleanup Tools Plugin 5.3"},"content":{"rendered":"<p>] css=\u00bb.vc_custom_1629733467375{margin-right: 15px !important;padding-top: 30px !important;padding-right: 30px !important;padding-bottom: 30px !important;padding-left: 30px !important;background-color: #f4f4f4 !important;border-radius: 5px !important;}\u00bb width=\u00bb1\/1&#8243; mobile_bg_img_hidden=\u00bbno\u00bb tablet_bg_img_hidden=\u00bbno\u00bb woodmart_parallax=\u00bb0&#8243; woodmart_sticky_column=\u00bbfalse\u00bb parallax_scroll=\u00bbno\u00bb mobile_reset_margin=\u00bbno\u00bb tablet_reset_margin=\u00bbno\u00bb]_text woodmart_inline=\u00bbno\u00bb text_larger=\u00bbno\u00bb]<\/p>\n<h2>Smart Cleanup Tools Plugin<\/h2>\n<p>Smart Cleanup Tools es un complemento potente y f\u00e1cil de usar para la limpieza de bases de datos con un total de 37 herramientas de limpieza, reinicio y eliminaci\u00f3n.\u00a0Con este complemento, puede eliminar datos que ya no est\u00e1n en uso o que no son necesarios.<\/p>\n<p>Adem\u00e1s, puede ayudarlo a restaurar la sobrecarga de la base de datos y acelerar las operaciones de la base de datos.\u00a0El complemento es compatible con WordPress multisitio y tiene pocas herramientas dise\u00f1adas para la administraci\u00f3n de la red.<\/p>\n<h4><strong>Limpieza r\u00e1pida: limpieza completa con un clic<\/strong><\/h4>\n<p>El panel principal de Smart Cleanup Tools muestra la herramienta de limpieza r\u00e1pida con una descripci\u00f3n general de las herramientas activas, los registros encontrados para la eliminaci\u00f3n y el tama\u00f1o estimado que se recuperar\u00e1. La limpieza r\u00e1pida utiliza todas las herramientas de limpieza. Si desea revisar todo antes de la limpieza, abra el panel Limpieza para obtener una lista de todas las herramientas disponibles.<\/p>\n<h4><strong>Herramientas de limpieza:<\/strong><\/h4>\n<p>Smart Cleanup Tools contiene 21 herramientas de limpieza que pueden eliminar la mayor\u00eda de los datos obsoletos o hu\u00e9rfanos en la base de datos de WordPress.\u00a0Puede ver los registros estimados que eliminar\u00e1 cada herramienta.\u00a0Tambi\u00e9n puede deshabilitar cada herramienta desde el panel de configuraci\u00f3n del complemento.<\/p>\n<p>Lista de herramientas de limpieza<\/p>\n<ul>\n<li>Eliminar sesiones de WooCommerce en la tabla de opciones (v4.5)<\/li>\n<li>Eliminar registros de t\u00e9rminos hu\u00e9rfanos (v3.2)<\/li>\n<li>Quitar oEmbed postmeta registros almacenados en cach\u00e9 (v3.1)<\/li>\n<li>Eliminar registros de relaciones hu\u00e9rfanas (v3.0)<\/li>\n<li>Eliminar registros transitorios caducados (tambi\u00e9n en modo multisitio) (v2.5)<\/li>\n<li>Eliminar registros de publicaciones de borrador autom\u00e1tico<\/li>\n<li>Eliminar registros de publicaciones descartadas<\/li>\n<li>Eliminar registros de publicaciones con spam<\/li>\n<li>Eliminar registros de revisiones de publicaciones publicadas<\/li>\n<li>Eliminar registros de revisiones de publicaciones hu\u00e9rfanas<\/li>\n<li>Eliminar registros de comentarios desechados<\/li>\n<li>Eliminar registros de comentarios spam<\/li>\n<li>Eliminar postmetaregistros hu\u00e9rfanos<\/li>\n<li>Eliminar metaregistros de comentarios hu\u00e9rfanos<\/li>\n<li>Eliminar registros de comentarios hu\u00e9rfanos<\/li>\n<li>Eliminar cach\u00e9 de fuentes RSS<\/li>\n<li>Eliminar metaregistros de usuario vac\u00edos<\/li>\n<li>Eliminar registros transitorios (tambi\u00e9n en modo multisitio)<\/li>\n<li>Eliminar la sobrecarga de la base de datos (tambi\u00e9n en modo multisitio)<\/li>\n<\/ul>\n<h4><strong>Herramientas de eliminaci\u00f3n:<\/strong><\/h4>\n<p>Las herramientas de eliminaci\u00f3n de Smart Cleanup Tools, pueden eliminar datos que podr\u00edan estar todav\u00eda en uso pero que ya no se necesitan. Puede eliminar archivos adjuntos, publicaciones, comentarios o t\u00e9rminos seg\u00fan diferentes criterios. Antes de usar estas herramientas, siempre debe tener una copia de seguridad lista.<\/p>\n<h4><strong>Lista de herramientas de eliminaci\u00f3n<\/strong><\/h4>\n<ul>\n<li>Eliminar registros de comentarios no aprobados (4.7)<\/li>\n<li>Eliminar postmeta registros sin valor (v4.4)<\/li>\n<li>Eliminar metaregistros de comentarios sin valor (v4.4)<\/li>\n<li>Eliminar borradores de registros de publicaciones (v4.3)<\/li>\n<li>Eliminar archivos adjuntos con archivos faltantes (v4.0)<\/li>\n<li>Eliminar archivos adjuntos con publicaciones principales faltantes (v4.0)<\/li>\n<li>Eliminar archivos adjuntos que no est\u00e1n adjuntos (v4.0)<\/li>\n<li>Eliminar publicaciones de tipos de publicaciones faltantes (v4.0)<\/li>\n<li>Eliminar los t\u00e9rminos de taxonom\u00edas faltantes (v4.0)<\/li>\n<li>Eliminar los t\u00e9rminos de taxonom\u00eda no asignados que faltan (v4.0)<\/li>\n<li>Eliminar todos los t\u00e9rminos de taxonom\u00eda disponibles que faltan (v4.0)<\/li>\n<li>Eliminar los registros de comentarios de Akismet (v2.5)<\/li>\n<li>Eliminar datos de agente de usuario para todos los comentarios<\/li>\n<li>Eliminar comentarios de pingback<\/li>\n<\/ul>\n<h4><strong>Restablecer herramientas:\u00a0<\/strong><\/h4>\n<p>Con las herramientas de reinicio de Smart Cleanup Tools, puede eliminar algunos datos de la base de datos y se volver\u00e1n a crear a los valores predeterminados. Eliminar widgets de las barras laterales es \u00fatil cuando se cambian temas, y actualizar las reglas de reescritura es \u00fatil cuando se tienen problemas con los enlaces permanentes.<\/p>\n<h4><strong>Lista de herramientas de reinicio<\/strong><\/h4>\n<ul>\n<li>Eliminar todos los bloqueos de edici\u00f3n posterior (v4.1)<\/li>\n<li>Restablecer todas las barras laterales<\/li>\n<li>Restablecer reglas de reescritura<\/li>\n<li>Restablecer datos y estad\u00edsticas de complementos (tambi\u00e9n en modo multisitio)<\/li>\n<\/ul>\n<h3 id=\"item-description__other-features\">Otras caracter\u00edsticas de Smart Cleanup Tools Plugin<\/h3>\n<ul>\n<li>Men\u00fa de la barra de herramientas de WordPress con acceso r\u00e1pido y opciones de limpieza<\/li>\n<li>Herramientas para exportar e importar configuraciones de complementos y trabajos programados<\/li>\n<li>Deshabilite las herramientas que no desea usar de los paneles de limpieza y reinicio<\/li>\n<li>Registre todas las consultas SQL ejecutadas durante el registro de limpieza en el archivo<\/li>\n<li>Registre todas las consultas SQL ejecutadas durante la ejecuci\u00f3n de la limpieza en el archivo<\/li>\n<li>Registro de trabajo con ejecuciones normales y programadas<\/li>\n<li>Recopila datos estad\u00edsticos para cada herramienta utilizada<\/li>\n<li>Recopila estad\u00edsticas globales para el espacio de base de datos guardado<\/li>\n<li>Utiliza AJAX para ejecutar la operaci\u00f3n de limpieza<\/li>\n<li>Admite traducci\u00f3n e incluye archivo POT<\/li>\n<\/ul>\n<p>&nbsp;<\/p>\n<p>\u00a1Obtenga ahora Smart Cleanup Tools Plugin![\/vc_column_text][\/vc_column][\/vc_row] css=\u00bb.vc_custom_1629733150529{margin-top: 30px !important;}\u00bb mobile_bg_img_hidden=\u00bbno\u00bb tablet_bg_img_hidden=\u00bbno\u00bb woodmart_parallax=\u00bb0&#8243; woodmart_gradient_switch=\u00bbno\u00bb row_reverse_mobile=\u00bb0&#8243; row_reverse_tablet=\u00bb0&#8243; woodmart_disable_overflow=\u00bb0&#8243;] css=\u00bb.vc_custom_1629733167411{background-color: #f4f4f4 !important;border-radius: 5px !important;}\u00bb mobile_bg_img_hidden=\u00bbno\u00bb tablet_bg_img_hidden=\u00bbno\u00bb woodmart_parallax=\u00bb0&#8243; woodmart_sticky_column=\u00bbfalse\u00bb parallax_scroll=\u00bbno\u00bb mobile_reset_margin=\u00bbno\u00bb tablet_reset_margin=\u00bbno\u00bb]_text woodmart_inline=\u00bbno\u00bb text_larger=\u00bbno\u00bb]<\/p>\n<p style=\"text-align: center;\">Los productos publicados en el sitio son distribuimos bajo licenciamiento <a href=\"https:\/\/www.gnu.org\/licenses\/licenses.es.html\" target=\"_blank\" rel=\"noopener\" data-schema-attribute=\"\"><strong>GPL \/ GNU<\/strong><\/a>. Recuerda siempre revisar nuestros <strong><a href=\"https:\/\/wpclub.pro\/terminos-de-uso\/\" target=\"_blank\" rel=\"noopener\" data-schema-attribute=\"\">T\u00e9rminos de Uso<\/a><\/strong> y <strong><a href=\"https:\/\/wpclub.pro\/politica-de-privacidad\/\" target=\"_blank\" rel=\"noopener\" data-schema-attribute=\"\">Pol\u00edtica de Privacidad<\/a><\/strong>.<\/p>\n<p>[\/vc_column_text][\/vc_column][\/vc_row]<\/p>\n","protected":false},"excerpt":{"rendered":"<p>] css=\u00bb.vc_custom_1629733467375{margin-right: 15px !important;padding-top: 30px !important;padding-right: 30px !important;padding-bottom: 30px !important;padding-left: 30px !important;background-color: #f4f4f4 !important;border-radius: 5px !important;}\u00bb width=\u00bb1\/1&#8243; mobile_bg_img_hidden=\u00bbno\u00bb tablet_bg_img_hidden=\u00bbno\u00bb woodmart_parallax=\u00bb0&#8243;<\/p>","protected":false},"featured_media":9794,"comment_status":"closed","ping_status":"closed","template":"","meta":{"_acf_changed":false},"product_brand":[],"product_cat":[67],"product_tag":[123],"class_list":{"0":"post-9793","1":"product","2":"type-product","3":"status-publish","4":"has-post-thumbnail","6":"product_cat-wordpress-plugins","7":"product_tag-plugins-para-seguridad-y-optimizacion-web","8":"pa_autores-codecanyon","10":"first","11":"instock","12":"sale","13":"downloadable","14":"virtual","15":"sold-individually","16":"purchasable","17":"product-type-simple"},"acf":[],"_links":{"self":[{"href":"https:\/\/wpclub.pro\/en\/wp-json\/wp\/v2\/product\/9793","targetHints":{"allow":["GET"]}}],"collection":[{"href":"https:\/\/wpclub.pro\/en\/wp-json\/wp\/v2\/product"}],"about":[{"href":"https:\/\/wpclub.pro\/en\/wp-json\/wp\/v2\/types\/product"}],"replies":[{"embeddable":true,"href":"https:\/\/wpclub.pro\/en\/wp-json\/wp\/v2\/comments?post=9793"}],"version-history":[{"count":0,"href":"https:\/\/wpclub.pro\/en\/wp-json\/wp\/v2\/product\/9793\/revisions"}],"wp:featuredmedia":[{"embeddable":true,"href":"https:\/\/wpclub.pro\/en\/wp-json\/wp\/v2\/media\/9794"}],"wp:attachment":[{"href":"https:\/\/wpclub.pro\/en\/wp-json\/wp\/v2\/media?parent=9793"}],"wp:term":[{"taxonomy":"product_brand","embeddable":true,"href":"https:\/\/wpclub.pro\/en\/wp-json\/wp\/v2\/product_brand?post=9793"},{"taxonomy":"product_cat","embeddable":true,"href":"https:\/\/wpclub.pro\/en\/wp-json\/wp\/v2\/product_cat?post=9793"},{"taxonomy":"product_tag","embeddable":true,"href":"https:\/\/wpclub.pro\/en\/wp-json\/wp\/v2\/product_tag?post=9793"}],"curies":[{"name":"wp","href":"https:\/\/api.w.org\/{rel}","templated":true}]}}